{"id":194,"date":"2015-10-11T12:36:02","date_gmt":"2015-10-11T12:36:02","guid":{"rendered":"http:\/\/blogg.folkuniversitetet.nu\/itkorkort\/?page_id=194"},"modified":"2016-05-14T07:12:36","modified_gmt":"2016-05-14T07:12:36","slug":"mailvu","status":"publish","type":"page","link":"https:\/\/blogg.folkuniversitetet.nu\/itkorkort\/ljud\/mailvu\/","title":{"rendered":"Mailvu"},"content":{"rendered":"<p><a href=\"http:\/\/blogg.folkuniversitetet.nu\/itkorkort\/files\/2015\/10\/Spela-in-en-video-p\u00e5-mailvu.pdf\">Spela in en video p\u00e5 mailvu<\/a><\/p>\n<p>Mailvu \u00e4r ett webbaserat program d\u00e4r man spelar in sig med b\u00e5de webbkamera och mikrofon.<\/p>\n<p>F\u00f6rdelar:<br \/>\n+ Man beh\u00f6ver inte ladda ner n\u00e5got<br \/>\n+\u00a0Man beh\u00f6ver ingen inloggning<br \/>\n+ Ljudfilen tar inget utrymme p\u00e5 bloggen<\/p>\n<p>Nackdelar:<br \/>\n&#8211; Man har bara en l\u00e4nk, ingen fil som man kan spara<br \/>\n&#8211; Ljudet f\u00f6rsvinner efter n\u00e5gra m\u00e5nader<br \/>\n&#8211; Man kan inte redigera ljudet<\/p>\n","protected":false},"excerpt":{"rendered":"<p>Spela in en video p\u00e5 mailvu Mailvu \u00e4r ett webbaserat program d\u00e4r man spelar in sig med b\u00e5de webbkamera och mikrofon. F\u00f6rdelar: + Man beh\u00f6ver inte ladda ner n\u00e5got +\u00a0Man beh\u00f6ver ingen inloggning + Ljudfilen tar inget utrymme p\u00e5 bloggen Nackdelar: &#8211; Man har bara en l\u00e4nk, ingen fil som man kan spara &#8211; Ljudet &hellip; <a href=\"https:\/\/blogg.folkuniversitetet.nu\/itkorkort\/ljud\/mailvu\/\" class=\"more-link\">Forts\u00e4tt l\u00e4sa <span class=\"screen-reader-text\">Mailvu<\/span><\/a><\/p>\n","protected":false},"author":10,"featured_media":0,"parent":24,"menu_order":0,"comment_status":"closed","ping_status":"closed","template":"","meta":{"footnotes":""},"class_list":["post-194","page","type-page","status-publish","hentry"],"_links":{"self":[{"href":"https:\/\/blogg.folkuniversitetet.nu\/itkorkort\/wp-json\/wp\/v2\/pages\/194","targetHints":{"allow":["GET"]}}],"collection":[{"href":"https:\/\/blogg.folkuniversitetet.nu\/itkorkort\/wp-json\/wp\/v2\/pages"}],"about":[{"href":"https:\/\/blogg.folkuniversitetet.nu\/itkorkort\/wp-json\/wp\/v2\/types\/page"}],"author":[{"embeddable":true,"href":"https:\/\/blogg.folkuniversitetet.nu\/itkorkort\/wp-json\/wp\/v2\/users\/10"}],"replies":[{"embeddable":true,"href":"https:\/\/blogg.folkuniversitetet.nu\/itkorkort\/wp-json\/wp\/v2\/comments?post=194"}],"version-history":[{"count":6,"href":"https:\/\/blogg.folkuniversitetet.nu\/itkorkort\/wp-json\/wp\/v2\/pages\/194\/revisions"}],"predecessor-version":[{"id":444,"href":"https:\/\/blogg.folkuniversitetet.nu\/itkorkort\/wp-json\/wp\/v2\/pages\/194\/revisions\/444"}],"up":[{"embeddable":true,"href":"https:\/\/blogg.folkuniversitetet.nu\/itkorkort\/wp-json\/wp\/v2\/pages\/24"}],"wp:attachment":[{"href":"https:\/\/blogg.folkuniversitetet.nu\/itkorkort\/wp-json\/wp\/v2\/media?parent=194"}],"curies":[{"name":"wp","href":"https:\/\/api.w.org\/{rel}","templated":true}]}}