{"id":146,"date":"2015-09-04T07:52:21","date_gmt":"2015-09-04T07:52:21","guid":{"rendered":"http:\/\/blogg.folkuniversitetet.nu\/itkorkort\/?page_id=146"},"modified":"2018-09-30T09:08:07","modified_gmt":"2018-09-30T09:08:07","slug":"blogg-8-sidor","status":"publish","type":"page","link":"https:\/\/blogg.folkuniversitetet.nu\/itkorkort\/blogg\/blogg-8-sidor\/","title":{"rendered":"Blogg 8 &#8211; Sidor"},"content":{"rendered":"<p>I motsats till inl\u00e4gg som \u00e4r mer l\u00e4mplig f\u00f6r dynamiskt inneh\u00e5ll som nyheter, \u00e4r sidor l\u00e4mpligare f\u00f6r statiskt inneh\u00e5ll (inneh\u00e5ll som inte kommer att \u00e4ndras ofta). En sida \u00e4r vanligtvis associerad med en flik i en menyrad.<\/p>\n<p><strong>\r\n<div class=\"wpmudev-videos-shortcode\">\r\n\t\t\t\t\t\t<div class=\"wpmudev_video\" style=\"max-width:500px; max-height:281px;\">\r\n\t\t\t\t<iframe loading=\"lazy\" src=\"https:\/\/wpmudev.com\/video\/pages-v-posts?id=199641&expire=1777762231&signature=250402e537daf5b2964050ffe76f0e09e05da9c0\" frameborder=\"0\" width=\"500\" height=\"281\" webkitAllowFullScreen mozallowfullscreen allowFullScreen><\/iframe>\t\t\t<\/div>\r\n\t\t\t<\/div><\/strong><\/p>\n<p>F\u00f6r att skapa en sida, h\u00e5ll muspekaren \u00f6ver \u201dsidor\u201d i admin-panelen och klicka p\u00e5 &#8221;L\u00e4gg till ny&#8221;. L\u00e4gg till en sidtitel och inneh\u00e5ll. <strong>Obs. <\/strong>Alla instruktionerna f\u00f6r l\u00e4nkar, bilder och inb\u00e4ddning under &#8221;Inl\u00e4gg&#8221; g\u00e4ller \u00e4ven f\u00f6r sidor.<\/p>\n<p>Det finns n\u00e5gra ytterligare faktorer att t\u00e4nka p\u00e5: sida hierarki och layout.<\/p>\n<p><a href=\"http:\/\/blogg.folkuniversitetet.nu\/itkorkort\/files\/2015\/09\/Blog-panel-8.1.png\"><img loading=\"lazy\" decoding=\"async\" class=\"alignleft wp-image-147 size-full\" src=\"http:\/\/blogg.folkuniversitetet.nu\/itkorkort\/files\/2015\/09\/Blog-panel-8.1.png\" alt=\"Blog panel 8.1\" width=\"298\" height=\"275\" \/><\/a>Sidor kan ha undersidor, som i sin tur kan ha undersidor. Sidor utan en f\u00f6r\u00e4lder visas i menyraden.<\/p>\n<p>Du kan ocks\u00e5 v\u00e4lja sidans position (ordning) inom en meny.<\/p>\n<p>&nbsp;<\/p>\n<p>Alla mallar har ett antal olika sidlayouter. Normalt ska det finnas &#8221;standard layout&#8221;, en layout f\u00f6r ett bildgalleri och kanske en layout utan ett sidof\u00e4lt. Se dina alternativ av den valda stilmallen.<\/p>\n<p>N\u00e4r du arbetar med sidor kan du ocks\u00e5 ha l\u00e4nkar till sidor p\u00e5 din egen webbplats. Se ovan i avsnittet &#8221;L\u00e4nkar&#8221; &#8211; &#8221;L\u00e4nk till befintligt inneh\u00e5ll&#8221;. Ist\u00e4llet f\u00f6r att anv\u00e4nda en extern l\u00e4nk, v\u00e4lj en sida i listrutan med tillg\u00e4ngliga interna sidor.<\/p>\n<p>Sidorna kan \u00e4ven l\u00f6senordsskyddas p\u00e5 samma s\u00e4tt som inl\u00e4gg kan skyddas ( via &#8221; Publicera &#8221; -panelen ). Om en f\u00f6r\u00e4lder-sida \u00e4r skyddad med ett l\u00f6senord, och det finns undersidor, kommer undersidorna ocks\u00e5 att skyddas s\u00e5 l\u00e4nge som undersidor bara kan n\u00e5s via den l\u00f6senordsskyddade ordnade sidan. Undersidorna kommer d\u00e4rf\u00f6r inte att beh\u00f6va vara individuellt skyddade.<\/p>\n<p>Ett omr\u00e5de d\u00e4r L\u00f6senordsskyddade sidor kan vara till nytta \u00e4r om en l\u00e4rare har m\u00e5nga klass-sidor som m\u00e5ste h\u00e5llas \u00e5tskilda. Till exempel kan en l\u00e4rare ha f\u00f6r\u00e4ldrasidor f\u00f6r A2, B1 och B2 klasser. Varje sida kan l\u00f6senordsskyddas vilket begr\u00e4nsar \u00e5tkomst till eleverna i en viss klass.<\/p>\n<p><strong>Obs:<\/strong> Det har uppt\u00e4ckts att Ipads, under vissa f\u00f6rh\u00e5llanden, inte kan komma \u00e5t alla l\u00f6senord &#8211; skyddade sidor. Detta \u00e4r vanligtvis ett temaproblem och kan i allm\u00e4nhet l\u00f6sas genom att definiera en &#8221;Primary Menu&#8221;, (se avsnittet om menyerna), eller genom att v\u00e4lja ett annat tema.<\/p>\n<p><strong>Kommentarer<\/strong> \u00e4r, generellt sett, mer relevanta f\u00f6r inl\u00e4gg \u00e4n f\u00f6r sidor. F\u00f6r att ta bort m\u00f6jligheten att kommentera en sida, se till att f\u00f6ljande rutor (som finns l\u00e4ngst ner p\u00e5 sidan) \u00e4r omarkerade.<strong>\u00a0<\/strong><\/p>\n<p><strong>Trackbacks and Pingbacks<\/strong><\/p>\n<p>Trackbacks och pingbacks talar om att n\u00e5gon har l\u00e4nkat till din blogg p\u00e5 sin egen blogg. De kan vara praktiska, men de kan ocks\u00e5 vara irriterande.<\/p>\n<p>H\u00e4r \u00e4r n\u00e5gra anv\u00e4ndbara <a href=\"http:\/\/make.wordpress.org\/support\/user-manual\/building-your-wordpress-community\/trackbacks-and-pingbacks\/\">dokumentation\u00a0om trackbacks och pingbacks.<\/a><\/p>\n<p>&nbsp;<\/p>\n","protected":false},"excerpt":{"rendered":"<p>I motsats till inl\u00e4gg som \u00e4r mer l\u00e4mplig f\u00f6r dynamiskt inneh\u00e5ll som nyheter, \u00e4r sidor l\u00e4mpligare f\u00f6r statiskt inneh\u00e5ll (inneh\u00e5ll som inte kommer att \u00e4ndras ofta). En sida \u00e4r vanligtvis associerad med en flik i en menyrad. F\u00f6r att skapa en sida, h\u00e5ll muspekaren \u00f6ver \u201dsidor\u201d i admin-panelen och klicka p\u00e5 &#8221;L\u00e4gg till ny&#8221;. L\u00e4gg &hellip; <a href=\"https:\/\/blogg.folkuniversitetet.nu\/itkorkort\/blogg\/blogg-8-sidor\/\" class=\"more-link\">Forts\u00e4tt l\u00e4sa <span class=\"screen-reader-text\">Blogg 8 &#8211; Sidor<\/span><\/a><\/p>\n","protected":false},"author":2,"featured_media":0,"parent":22,"menu_order":0,"comment_status":"closed","ping_status":"closed","template":"","meta":{"footnotes":""},"class_list":["post-146","page","type-page","status-publish","hentry"],"_links":{"self":[{"href":"https:\/\/blogg.folkuniversitetet.nu\/itkorkort\/wp-json\/wp\/v2\/pages\/146","targetHints":{"allow":["GET"]}}],"collection":[{"href":"https:\/\/blogg.folkuniversitetet.nu\/itkorkort\/wp-json\/wp\/v2\/pages"}],"about":[{"href":"https:\/\/blogg.folkuniversitetet.nu\/itkorkort\/wp-json\/wp\/v2\/types\/page"}],"author":[{"embeddable":true,"href":"https:\/\/blogg.folkuniversitetet.nu\/itkorkort\/wp-json\/wp\/v2\/users\/2"}],"replies":[{"embeddable":true,"href":"https:\/\/blogg.folkuniversitetet.nu\/itkorkort\/wp-json\/wp\/v2\/comments?post=146"}],"version-history":[{"count":8,"href":"https:\/\/blogg.folkuniversitetet.nu\/itkorkort\/wp-json\/wp\/v2\/pages\/146\/revisions"}],"predecessor-version":[{"id":166,"href":"https:\/\/blogg.folkuniversitetet.nu\/itkorkort\/wp-json\/wp\/v2\/pages\/146\/revisions\/166"}],"up":[{"embeddable":true,"href":"https:\/\/blogg.folkuniversitetet.nu\/itkorkort\/wp-json\/wp\/v2\/pages\/22"}],"wp:attachment":[{"href":"https:\/\/blogg.folkuniversitetet.nu\/itkorkort\/wp-json\/wp\/v2\/media?parent=146"}],"curies":[{"name":"wp","href":"https:\/\/api.w.org\/{rel}","templated":true}]}}