{"id":105,"date":"2015-09-02T07:57:32","date_gmt":"2015-09-02T07:57:32","guid":{"rendered":"http:\/\/blogg.folkuniversitetet.nu\/itkorkort\/?page_id=105"},"modified":"2015-09-02T07:58:04","modified_gmt":"2015-09-02T07:58:04","slug":"blogg-5-lankar","status":"publish","type":"page","link":"https:\/\/blogg.folkuniversitetet.nu\/itkorkort\/blogg\/blogg-5-lankar\/","title":{"rendered":"Blogg 5 &#8211; L\u00e4nkar"},"content":{"rendered":"<p>Internet \u00e4r ett n\u00e4tverk av triljoner l\u00e4nkar. En l\u00e4nk \u00e4r i grunden bara en pekare till n\u00e5gon annanstans p\u00e5 internet. N\u00e4r du klickar p\u00e5 en l\u00e4nk, \u00f6verf\u00f6rs kontrollen till den nya adressen, antingen i samma aktiva f\u00f6nster eller ett nytt f\u00f6nster.<\/p>\n<p><a href=\"http:\/\/blogg.folkuniversitetet.nu\/itkorkort\/files\/2015\/09\/Blog-panel-5.1.png\"><img loading=\"lazy\" decoding=\"async\" class=\"alignnone wp-image-107 size-full\" src=\"http:\/\/blogg.folkuniversitetet.nu\/itkorkort\/files\/2015\/09\/Blog-panel-5.1.png\" alt=\"Blog panel 5.1\" width=\"778\" height=\"509\" srcset=\"https:\/\/blogg.folkuniversitetet.nu\/itkorkort\/files\/2015\/09\/Blog-panel-5.1.png 778w, https:\/\/blogg.folkuniversitetet.nu\/itkorkort\/files\/2015\/09\/Blog-panel-5.1-300x196.png 300w\" sizes=\"auto, (max-width: 778px) 100vw, 778px\" \/><\/a><\/p>\n<p>F\u00f6r att skapa en l\u00e4nk i din text, markera den text som du vill ha som l\u00e4nkens &#8221;ankare&#8221; och klicka p\u00e5 kedjeikonen i editor panelen. En l\u00e5da med l\u00e4nk detaljer kommer att presenteras. (Den brutna kedjeikonen anv\u00e4nds f\u00f6r att ta bort en l\u00e4nk fr\u00e5n ankartexten).<\/p>\n<p><span id=\"result_box\" class=\"\" lang=\"sv\"><span class=\"hps\"><a href=\"http:\/\/blogg.folkuniversitetet.nu\/itkorkort\/files\/2015\/09\/Blog-panel-5.2.png\"><img loading=\"lazy\" decoding=\"async\" class=\"alignleft wp-image-108 size-medium\" src=\"http:\/\/blogg.folkuniversitetet.nu\/itkorkort\/files\/2015\/09\/Blog-panel-5.2-300x300.png\" alt=\"Blog panel 5.2\" width=\"300\" height=\"300\" srcset=\"https:\/\/blogg.folkuniversitetet.nu\/itkorkort\/files\/2015\/09\/Blog-panel-5.2-300x300.png 300w, https:\/\/blogg.folkuniversitetet.nu\/itkorkort\/files\/2015\/09\/Blog-panel-5.2-150x150.png 150w, https:\/\/blogg.folkuniversitetet.nu\/itkorkort\/files\/2015\/09\/Blog-panel-5.2.png 497w\" sizes=\"auto, (max-width: 300px) 100vw, 300px\" \/><\/a>L\u00e4gg<\/span> <span class=\"hps\">URLen och<\/span> <span class=\"hps\">kryssa<\/span> <span class=\"hps\">i rutan om<\/span> <span class=\"hps\">du<\/span> <span class=\"hps\">vill att sidan ska<\/span> <span class=\"hps\">\u00f6ppnas i ett<\/span> <span class=\"hps\">nytt f\u00f6nster.<\/span> <\/span><\/p>\n<p><span id=\"result_box\" class=\"\" lang=\"sv\"><span class=\"hps\">I st\u00e4llet f\u00f6r<\/span> <span class=\"hps\">en<\/span> <span class=\"hps\">extern webbadress<\/span>, <span class=\"hps\">kan<\/span> <span class=\"hps\">du<\/span> <span class=\"hps\">ocks\u00e5 l\u00e4nka till<\/span> <span class=\"hps\">ditt eget inneh\u00e5ll.<\/span><\/span><\/p>\n<p>&nbsp;<\/p>\n<p><strong><br \/>\n<\/strong><\/p>\n<p><strong>\u00a0<\/strong><\/p>\n<p><strong>\r\n<div class=\"wpmudev-videos-shortcode\">\r\n\t\t\t\t\t\t<div class=\"wpmudev_video\" style=\"max-width:500px; max-height:281px;\">\r\n\t\t\t\t<iframe loading=\"lazy\" src=\"https:\/\/wpmudev.com\/video\/hyperlinks?id=199641&expire=1777762215&signature=e9eed0b342159929232cc21b3d54789fd047fbe4\" frameborder=\"0\" width=\"500\" height=\"281\" webkitAllowFullScreen mozallowfullscreen allowFullScreen><\/iframe>\t\t\t<\/div>\r\n\t\t\t<\/div><\/strong><\/p>\n","protected":false},"excerpt":{"rendered":"<p>Internet \u00e4r ett n\u00e4tverk av triljoner l\u00e4nkar. En l\u00e4nk \u00e4r i grunden bara en pekare till n\u00e5gon annanstans p\u00e5 internet. N\u00e4r du klickar p\u00e5 en l\u00e4nk, \u00f6verf\u00f6rs kontrollen till den nya adressen, antingen i samma aktiva f\u00f6nster eller ett nytt f\u00f6nster. F\u00f6r att skapa en l\u00e4nk i din text, markera den text som du vill &hellip; <a href=\"https:\/\/blogg.folkuniversitetet.nu\/itkorkort\/blogg\/blogg-5-lankar\/\" class=\"more-link\">Forts\u00e4tt l\u00e4sa <span class=\"screen-reader-text\">Blogg 5 &#8211; L\u00e4nkar<\/span><\/a><\/p>\n","protected":false},"author":2,"featured_media":0,"parent":22,"menu_order":0,"comment_status":"closed","ping_status":"closed","template":"","meta":{"footnotes":""},"class_list":["post-105","page","type-page","status-publish","hentry"],"_links":{"self":[{"href":"https:\/\/blogg.folkuniversitetet.nu\/itkorkort\/wp-json\/wp\/v2\/pages\/105","targetHints":{"allow":["GET"]}}],"collection":[{"href":"https:\/\/blogg.folkuniversitetet.nu\/itkorkort\/wp-json\/wp\/v2\/pages"}],"about":[{"href":"https:\/\/blogg.folkuniversitetet.nu\/itkorkort\/wp-json\/wp\/v2\/types\/page"}],"author":[{"embeddable":true,"href":"https:\/\/blogg.folkuniversitetet.nu\/itkorkort\/wp-json\/wp\/v2\/users\/2"}],"replies":[{"embeddable":true,"href":"https:\/\/blogg.folkuniversitetet.nu\/itkorkort\/wp-json\/wp\/v2\/comments?post=105"}],"version-history":[{"count":2,"href":"https:\/\/blogg.folkuniversitetet.nu\/itkorkort\/wp-json\/wp\/v2\/pages\/105\/revisions"}],"predecessor-version":[{"id":109,"href":"https:\/\/blogg.folkuniversitetet.nu\/itkorkort\/wp-json\/wp\/v2\/pages\/105\/revisions\/109"}],"up":[{"embeddable":true,"href":"https:\/\/blogg.folkuniversitetet.nu\/itkorkort\/wp-json\/wp\/v2\/pages\/22"}],"wp:attachment":[{"href":"https:\/\/blogg.folkuniversitetet.nu\/itkorkort\/wp-json\/wp\/v2\/media?parent=105"}],"curies":[{"name":"wp","href":"https:\/\/api.w.org\/{rel}","templated":true}]}}