{"id":922,"date":"2016-02-10T07:39:02","date_gmt":"2016-02-10T07:39:02","guid":{"rendered":"http:\/\/blogg.folkuniversitetet.nu\/ioanvi\/?page_id=922"},"modified":"2016-02-10T09:21:59","modified_gmt":"2016-02-10T09:21:59","slug":"pa-super-market-text","status":"publish","type":"page","link":"https:\/\/blogg.folkuniversitetet.nu\/ioanvi\/grekiskafortsattningskurs\/pa-super-market-text\/","title":{"rendered":"I super market\/ text"},"content":{"rendered":"<p><iframe loading=\"lazy\" title=\"\u03a0\u03ad\u03c0\u03c0\u03b1   \u03a0\u03ac\u03bc\u03b5 \u03b3\u03b9\u03b1 \u03c8\u03ce\u03bd\u03b9\u03b1\" width=\"640\" height=\"360\" src=\"https:\/\/www.youtube.com\/embed\/xkvhF8yMwCU?feature=oembed\" frameborder=\"0\" allow=\"accelerometer; autoplay; clipboard-write; encrypted-media; gyroscope; picture-in-picture; web-share\" referrerpolicy=\"strict-origin-when-cross-origin\" allowfullscreen><\/iframe><\/p>\n<p style=\"text-align: left\"><span style=\"color: #cc99ff\">Lyssna p\u00e5 texten nedan!<\/span><\/p>\n<audio class=\"wp-audio-shortcode\" id=\"audio-922-1\" preload=\"none\" style=\"width: 100%;\" controls=\"controls\"><source type=\"audio\/mpeg\" src=\"http:\/\/blogg.folkuniversitetet.nu\/ioanvi\/files\/2016\/02\/stopantopolio.mp3?_=1\" \/><a href=\"http:\/\/blogg.folkuniversitetet.nu\/ioanvi\/files\/2016\/02\/stopantopolio.mp3\">http:\/\/blogg.folkuniversitetet.nu\/ioanvi\/files\/2016\/02\/stopantopolio.mp3<\/a><\/audio>\n<p style=\"text-align: center\"><span style=\"color: #000080\"><strong>\u03a3\u03c4\u03bf \u03c0\u03b1\u03bd\u03c4\u03bf\u03c0\u03c9\u03bb\u03b5\u03af\u03bf<\/strong><strong>\/ <\/strong>sto pantopolio\/ i livsmedelsaff\u00e4ren<\/span><\/p>\n<p><span style=\"color: #000080\"><strong>\u0397 \u03ba\u03c5\u03c1\u03af\u03b1 \u039c\u03ac\u03b3\u03b4\u03b1 \u03c0\u03b7\u03b3\u03b1\u03af\u03bd\u03b5\u03b9 \u03ba\u03ac\u03b8\u03b5 \u03bc\u03ad\u03c1\u03b1 \u03c3\u03c4\u03bf \u03c0\u03b1\u03bd\u03c4\u03bf\u03c0\u03c9\u03bb\u03b5\u03af\u03bf<\/strong>.\/I kiria Magda pij\u00e4ni kathe mera sto pantopolio.\/ Fru Magda g\u00e5r varje dag till livsmedelsaff\u00e4ren.<\/span><\/p>\n<p><span style=\"color: #000080\">_<strong>\u039a\u03b1\u03bb\u03b7\u03bc\u03ad\u03c1\u03b1.<\/strong><\/span><\/p>\n<p><span style=\"color: #000080\"><strong>_\u039a\u03b1\u03bb\u03b7\u03bc\u03ad\u03c1\u03b1. \u03a4\u03b9 \u03b8\u03ad\u03bb\u03b5\u03c4\u03b5;<\/strong><\/span><\/p>\n<p><span style=\"color: #000080\"><strong>_\u0388\u03bd\u03b1 \u03ba\u03b9\u03bb\u03cc \u03c4\u03c5\u03c1\u03af<\/strong>.\/ Ena kilo tiri.\/ Ett kilo ost<\/span><\/p>\n<p><span style=\"color: #000080\"><strong>_\u03a6\u03ad\u03c4\u03b1;<\/strong><\/span><\/p>\n<p><span style=\"color: #000080\"><strong>_\u038c\u03c7\u03b9, \u03b4\u03b5\u03bd \u03b8\u03ad\u03bb\u03c9 \u03c6\u03ad\u03c4\u03b1. \u0398\u03ad\u03bb\u03c9 \u03bc\u03b9\u03c3\u03cc \u03ba\u03b9\u03bb\u03cc <em>\u03b3\u03c1\u03b1\u03b2\u03b9\u03ad\u03c1\u03b1 <\/em>\u03ba\u03b1\u03b9 \u03bc\u03b9\u03c3\u03cc \u03ba\u03b9\u03bb\u03cc <em>\u03bc\u03b1\u03bd\u03bf\u03cd\u03c1\u03b9 \u039c\u0395\u0392\u0393\u0391\u039b<\/em>.\/<\/strong> Ochi, den thel\u00e5 feta. Thel\u00e5 miso kilo <em>graviera<\/em> k\u00e4 miso kilo <em>manuri<\/em>.\/ Nej, jag vill inte ha feta. Jag vill ha halv kilo <em>graviera<\/em> och halv kilo <em>manuri MEVGAL<\/em>.\u00a0<\/span><\/p>\n<p><span style=\"color: #000080\"><strong>_ \u0388\u03c7\u03c9 \u03ba\u03b1\u03bb\u03ae \u03c6\u03ad\u03c4\u03b1 <em>\u0394\u03a9\u0394\u03a9\u039d\u0397\u03a3.<\/em> \u0398\u03ad\u03bb\u03b5\u03c4\u03b5 \u03bd\u03b1 \u03b4\u03bf\u03ba\u03b9\u03bc\u03ac\u03c3\u03b5\u03c4\u03b5 \u03ad\u03bd\u03b1 \u03ba\u03bf\u03bc\u03bc\u03b1\u03c4\u03ac\u03ba\u03b9;<\/strong> \/ Ech\u00e5 kali feta DODONIS. Thelete na dokimasete ena kommataki?\/ Jag har god feta<em> DODONIS<\/em>. Vill ni smaka en liten bit?<\/span><\/p>\n<p><span style=\"color: #000080\"><strong>_ \u0395\u03bd\u03c4\u03ac\u03be\u03b5\u03b9! \u0395\u03c5\u03c7\u03b1\u03c1\u03af\u03c3\u03c4\u03c9\u03c2!\/<\/strong> Entaxi! Efcharist\u00e5s!\/ Ok. G\u00e4rna!<\/span><\/p>\n<p><span style=\"color: #000080\"><strong>_<\/strong><strong>Oriste!<\/strong><\/span><\/p>\n<p><span style=\"color: #000080\">_<strong>mmmm.. \u03b5\u03af\u03bd\u03b1\u03b9 \u03c0\u03bf\u03bb\u03cd \u03bd\u03cc\u03c3\u03c4\u03b9\u03bc\u03bf. \u0392\u03ac\u03bb\u03c4\u03b5 \u03bc\u03bf\u03c5 \u03ba\u03b1\u03b9 \u03ad\u03bd\u03b1 \u03c4\u03ad\u03c4\u03b1\u03c1\u03c4\u03bf \u03c6\u03ad\u03c4\u03b1!<\/strong> \/mmm\u2026. In\u00e4 poli nostimo! Valte mu k\u00e4 ena tetarto feta!\/ mm.. Den \u00e4r mycket god! Sl\u00e5 in f\u00f6r mig en kvart feta med!<\/span><\/p>\n<p><span style=\"color: #000080\"><strong>_\u039f\u03c1\u03af\u03c3\u03c4\u03b5! \u03a4\u03af\u03c0\u03bf\u03c4\u03b5 \u03ac\u03bb\u03bb\u03bf;\/<\/strong> Oriste! Tipote allo?\/ Vars\u00e5god! N\u00e5got annat?<\/span><\/p>\n<p><span style=\"color: #000080\"><strong>_\u039d\u03b1\u03b9! \u039a\u03b1\u03b9 \u03ad\u03bd\u03b1 \u03c4\u03ad\u03c4\u03b1\u03c1\u03c4\u03bf \u03b3\u03b1\u03bb\u03bf\u03c0\u03bf\u03cd\u03bb\u03b1 \u03c3\u03b5 \u03c6\u03ad\u03c4\u03b5\u03c2. \u03a0\u03cc\u03c3\u03bf \u03ba\u03ac\u03bd\u03b5\u03b9 \u03c4\u03bf \u03ba\u03b9\u03bb\u03cc;\/<\/strong> N\u00e4! K\u00e4 ena tetarto galopula se fetes. Poso kani to kilo?\/ Ja! Och en kvart kalkun i skivor. Vad kostar kilot?<\/span><\/p>\n<p><span style=\"color: #000080\"><strong>_7 \u03b5\u03c5\u03c1\u03ce. <\/strong><\/span><\/p>\n<p><span style=\"color: #000080\"><strong>_\u0395\u03bd\u03c4\u03ac\u03be\u03b5\u03b9!\/<\/strong> Entaxi!<\/span><\/p>\n<p><span style=\"color: #000080\"><strong>_\u039d\u03b1 \u03b2\u03ac\u03bb\u03c9;\/<\/strong> Na val\u00e5?\/ Ska jag sl\u00e5 in?<\/span><\/p>\n<p><span style=\"color: #000080\">_<strong>\u039d\u03b1\u03b9!<\/strong><\/span><\/p>\n<p><span style=\"color: #000080\"><strong>_\u039f\u03c1\u03af\u03c3\u03c4\u03b5!<\/strong><\/span><\/p>\n<p><span style=\"color: #000080\"><strong>_\u0395\u03c5\u03c7\u03b1\u03c1\u03b9\u03c3\u03c4\u03ce! <\/strong><\/span><\/p>\n<p><span style=\"color: #000080\"><strong>_ \u03a0\u03cc\u03c3\u03bf \u03ba\u03ac\u03bd\u03bf\u03c5\u03bd \u03cc\u03bb\u03b1 \u03bc\u03b1\u03b6\u03af;\/ <\/strong>Poso kanun ola mazi?\/ Vad kostar alltihop?<\/span><\/p>\n<p><span style=\"color: #000080\"><strong>_ 30 \u03b5\u03c5\u03c1\u03ce.\u00a0\u00a0\u00a0\u00a0 \u00a0\u00a0\u00a0\u00a0\u00a0\u00a0\u00a0\u00a0\u00a0\u00a0\u00a0\u00a0\u00a0\u00a0\u00a0\u00a0\u00a0\u00a0\u00a0\u00a0\u00a0\u00a0\u00a0\u00a0\u00a0\u00a0\u00a0\u00a0\u00a0\u00a0\u00a0\u00a0\u00a0\u00a0\u00a0\u00a0\u00a0\u00a0\u00a0\u00a0\u00a0\u00a0\u00a0\u00a0\u00a0\u00a0 <\/strong><\/span><\/p>\n<p><span style=\"color: #000080\"><strong>_ \u039f\u03c1\u03af\u03c3\u03c4\u03b5! \u0393\u03b5\u03b9\u03b1 \u03c3\u03b1\u03c2!<\/strong><\/span><\/p>\n<p><a href=\"http:\/\/blogg.folkuniversitetet.nu\/ioanvi\/files\/2016\/02\/223451_1575528363081_2851500_n.jpg\" rel=\"attachment wp-att-928\"><img loading=\"lazy\" decoding=\"async\" class=\"size-medium wp-image-928 aligncenter\" src=\"http:\/\/blogg.folkuniversitetet.nu\/ioanvi\/files\/2016\/02\/223451_1575528363081_2851500_n-300x225.jpg\" alt=\"223451_1575528363081_2851500_n\" width=\"300\" height=\"225\" srcset=\"https:\/\/blogg.folkuniversitetet.nu\/ioanvi\/files\/2016\/02\/223451_1575528363081_2851500_n-300x225.jpg 300w, https:\/\/blogg.folkuniversitetet.nu\/ioanvi\/files\/2016\/02\/223451_1575528363081_2851500_n.jpg 720w\" sizes=\"auto, (max-width: 300px) 100vw, 300px\" \/><\/a><\/p>\n<p>&nbsp;<\/p>\n<p style=\"text-align: center\"><strong>Ordlista! <span style=\"color: #cc99ff\">Lyssna!\u00a0<\/span><\/strong><\/p>\n<audio class=\"wp-audio-shortcode\" id=\"audio-922-2\" preload=\"none\" style=\"width: 100%;\" controls=\"controls\"><source type=\"audio\/mpeg\" src=\"http:\/\/blogg.folkuniversitetet.nu\/ioanvi\/files\/2016\/02\/ordstopantopolio.mp3?_=2\" \/><a href=\"http:\/\/blogg.folkuniversitetet.nu\/ioanvi\/files\/2016\/02\/ordstopantopolio.mp3\">http:\/\/blogg.folkuniversitetet.nu\/ioanvi\/files\/2016\/02\/ordstopantopolio.mp3<\/a><\/audio>\n<p><span style=\"color: #993366\"><strong>\u03ad\u03bd\u03b1 \u03ba\u03b9\u03bb\u03cc<\/strong>\/ena kilo<\/span><\/p>\n<p><span style=\"color: #993366\"><strong>\u03bc\u03b9\u03c3\u03cc \u03ba\u03b9\u03bb\u03cc<\/strong>\/ miso kilo<\/span><\/p>\n<p><span style=\"color: #993366\"><strong>\u03c4\u03c1\u03af\u03b1 \u03ba\u03b9\u03bb\u03ac<\/strong>\/ tria kila<\/span><\/p>\n<p><span style=\"color: #993366\"><strong>\u03ad\u03bd\u03b1 \u03c4\u03ad\u03c4\u03b1\u03c1\u03c4\u03bf<\/strong>\/ ena tetarto<\/span><\/p>\n<p><span style=\"color: #993366\"><strong>30 \u03b3\u03c1\u03b1\u03bc\u03bc\u03ac\u03c1\u03b9\u03b1<\/strong>\/ 30 gramaria<\/span><\/p>\n<p><span style=\"color: #993366\"><strong>\u03c4\u03af\u03c0\u03bf\u03c4\u03b5 \u03ac\u03bb\u03bb\u03bf;\/<\/strong> tipote allo?<\/span><\/p>\n<p><span style=\"color: #993366\"><strong>\u03c0\u03cc\u03c3\u03bf \u03ba\u03ac\u03bd\u03b5\u03b9 \u03c4\u03bf \u03ba\u03b9\u03bb\u03cc;\/<\/strong> poso kani to kilo?\/ vad kostar kilot?<\/span><\/p>\n<p><span style=\"color: #993366\"><strong>\u03c0\u03cc\u03c3\u03bf \u03c0\u03ac\u03b5\u03b9 \u03c4\u03bf \u03ba\u03b9\u03bb\u03cc;\/<\/strong> poso pai to kilo?\/ vad blir (kostar) kilot?<\/span><\/p>\n<p><span style=\"color: #993366\"><strong>\u03bd\u03b1 \u03b2\u03ac\u03bb\u03c9&#8230;;\/<\/strong> na val\u00e5&#8230;?\/ ska jag sl\u00e5 in?<\/span><\/p>\n<p><span style=\"color: #993366\"><strong>\u03b2\u03ac\u03bb\u03c4\u03b5 \u03bc\u03bf\u03c5&#8230;.!\/<\/strong> valte mou&#8230;!\/ sl\u00e5 in f\u00f6r mig!\u00a0<\/span><\/p>\n<p><span style=\"color: #993366\"><strong>\u03b8\u03ad\u03bb\u03b5\u03c4\u03b5 \u03bd\u03b1 \u03b4\u03bf\u03ba\u03b9\u03bc\u03ac\u03c3\u03b5\u03c4\u03b5;\/<\/strong> Thelete na dokimasete?\/ vill ni smaka?<\/span><\/p>\n<p><span style=\"color: #993366\"><strong>\u03bc\u03c0\u03bf\u03c1\u03ce \u03bd\u03b1 \u03b4\u03bf\u03ba\u03b9\u03bc\u03ac\u03c3\u03c9;\/<\/strong> mpor\u00e5 na dokimas\u00e5?\/ f\u00e5r jag smaka?<\/span><\/p>\n<p><span style=\"color: #993366\"><strong>\u03b5\u03c5\u03c7\u03b1\u03c1\u03b9\u03c3\u03c4\u03ce<\/strong>\/efcharist\u00e5\/ tack<\/span><\/p>\n<p><span style=\"color: #993366\"><strong>\u03b5\u03c5\u03c7\u03b1\u03c1\u03af\u03c3\u03c4\u03c9\u03c2<\/strong>\/ efcharist\u00e5s\/ g\u00e4rna<\/span><\/p>\n<p><span style=\"color: #993366\"><strong>\u03c8\u03c9\u03bd\u03af\u03b6\u03c9<\/strong>\/ ps\u00e5niz\u00e5\/ handlar<\/span><\/p>\n<p style=\"text-align: center\"><a href=\"http:\/\/blogg.folkuniversitetet.nu\/ioanvi\/files\/2016\/02\/224926_1575549963621_4783185_n.jpg\" rel=\"attachment wp-att-932\"><img loading=\"lazy\" decoding=\"async\" class=\"alignnone size-medium wp-image-932\" src=\"http:\/\/blogg.folkuniversitetet.nu\/ioanvi\/files\/2016\/02\/224926_1575549963621_4783185_n-300x225.jpg\" alt=\"224926_1575549963621_4783185_n\" width=\"300\" height=\"225\" srcset=\"https:\/\/blogg.folkuniversitetet.nu\/ioanvi\/files\/2016\/02\/224926_1575549963621_4783185_n-300x225.jpg 300w, https:\/\/blogg.folkuniversitetet.nu\/ioanvi\/files\/2016\/02\/224926_1575549963621_4783185_n.jpg 720w\" sizes=\"auto, (max-width: 300px) 100vw, 300px\" \/><\/a><\/p>\n<p style=\"text-align: center\"><strong>Svara p\u00e5 fr\u00e5gorna! <span style=\"color: #cc99ff\">Lyssna!\u00a0<\/span><\/strong><\/p>\n<audio class=\"wp-audio-shortcode\" id=\"audio-922-3\" preload=\"none\" style=\"width: 100%;\" controls=\"controls\"><source type=\"audio\/mpeg\" src=\"http:\/\/blogg.folkuniversitetet.nu\/ioanvi\/files\/2016\/02\/fr\u00e5gorstopantopolio.mp3?_=3\" \/><a href=\"http:\/\/blogg.folkuniversitetet.nu\/ioanvi\/files\/2016\/02\/fr\u00e5gorstopantopolio.mp3\">http:\/\/blogg.folkuniversitetet.nu\/ioanvi\/files\/2016\/02\/fr\u00e5gorstopantopolio.mp3<\/a><\/audio>\n<p><span style=\"color: #008000\"><strong>\u03a0\u03bf\u03cd \u03c0\u03b7\u03b3\u03b1\u03af\u03bd\u03b5\u03b9 \u03b7 \u03ba\u03c5\u03c1\u03af\u03b1 \u039c\u03ac\u03b3\u03b4\u03b1 \u03ba\u03ac\u03b8\u03b5 \u03bc\u03ad\u03c1\u03b1;\/ <\/strong>Pu pig\u00e4ni i kiria Magda kathe mera?\/ vart g\u00e5r fru Magda varje dag?<\/span><\/p>\n<p><span style=\"color: #008000\"><strong>\u03a4\u03b9 \u03c8\u03c9\u03bd\u03af\u03b6\u03b5\u03b9 \u03b7 \u03ba\u03c5\u03c1\u03af\u03b1 \u039c\u03ac\u03b3\u03b4\u03b1; \u03a0\u03cc\u03c3\u03bf \u03ba\u03ac\u03bd\u03bf\u03c5\u03bd \u03cc\u03bb\u03b1 \u03bc\u03b1\u03b6\u03af;\/ <\/strong>Ti ps\u00e5nizi i kiria Magda? Poso kanun ola mazi?\/ Vad handlar fru Magda? Vad kostar alltihop?<\/span><\/p>\n<p><span style=\"color: #008000\"><strong>\u03a4\u03b9 \u03b4\u03bf\u03ba\u03b9\u03bc\u03ac\u03b6\u03b5\u03b9 \u03b7 \u03ba\u03c5\u03c1\u03af\u03b1 \u039c\u03ac\u03b3\u03b4\u03b1;\/ <\/strong>Ti dokimazi i kiria Magda?\/ Vad smakar fru Magda?<\/span><\/p>\n<p><span style=\"color: #008000\"><strong>\u03a0\u03cc\u03c3\u03bf \u03ba\u03ac\u03bd\u03b5\u03b9 \u03ad\u03bd\u03b1 \u03ba\u03b9\u03bb\u03cc \u03b3\u03b1\u03bb\u03bf\u03c0\u03bf\u03cd\u03bb\u03b1 \u03c3\u03b5 \u03c6\u03ad\u03c4\u03b5\u03c2;\/ <\/strong>Poso kani ena kilo galopula se fetes?\/ Vad kostar ett kilo kalkun i skivor?<\/span><\/p>\n<p><span style=\"color: #008000\"><strong>\u0395\u03c3\u03cd \u03c4\u03b9 \u03c8\u03c9\u03bd\u03af\u03b6\u03b5\u03b9\u03c2 \u03c3\u03c4\u03bf super market?\/<\/strong> Esi ti ps\u00e5nizis sto super market?\/ Vad handlar du i super market?<\/span><\/p>\n<p><a href=\"http:\/\/blogg.folkuniversitetet.nu\/ioanvi\/files\/2016\/02\/217351_1575529923120_7771900_n.jpg\" rel=\"attachment wp-att-937\"><img loading=\"lazy\" decoding=\"async\" class=\"size-medium wp-image-937 aligncenter\" src=\"http:\/\/blogg.folkuniversitetet.nu\/ioanvi\/files\/2016\/02\/217351_1575529923120_7771900_n-300x225.jpg\" alt=\"217351_1575529923120_7771900_n\" width=\"300\" height=\"225\" srcset=\"https:\/\/blogg.folkuniversitetet.nu\/ioanvi\/files\/2016\/02\/217351_1575529923120_7771900_n-300x225.jpg 300w, https:\/\/blogg.folkuniversitetet.nu\/ioanvi\/files\/2016\/02\/217351_1575529923120_7771900_n.jpg 720w\" sizes=\"auto, (max-width: 300px) 100vw, 300px\" \/><\/a><\/p>\n","protected":false},"excerpt":{"rendered":"<p>Lyssna p\u00e5 texten nedan! \u03a3\u03c4\u03bf \u03c0\u03b1\u03bd\u03c4\u03bf\u03c0\u03c9\u03bb\u03b5\u03af\u03bf\/ sto pantopolio\/ i livsmedelsaff\u00e4ren \u0397 \u03ba\u03c5\u03c1\u03af\u03b1 \u039c\u03ac\u03b3\u03b4\u03b1 \u03c0\u03b7\u03b3\u03b1\u03af\u03bd\u03b5\u03b9 \u03ba\u03ac\u03b8\u03b5 \u03bc\u03ad\u03c1\u03b1 \u03c3\u03c4\u03bf \u03c0\u03b1\u03bd\u03c4\u03bf\u03c0\u03c9\u03bb\u03b5\u03af\u03bf.\/I kiria Magda pij\u00e4ni kathe mera sto pantopolio.\/ Fru Magda g\u00e5r varje dag till livsmedelsaff\u00e4ren. _\u039a\u03b1\u03bb\u03b7\u03bc\u03ad\u03c1\u03b1. _\u039a\u03b1\u03bb\u03b7\u03bc\u03ad\u03c1\u03b1. \u03a4\u03b9 \u03b8\u03ad\u03bb\u03b5\u03c4\u03b5; _\u0388\u03bd\u03b1 \u03ba\u03b9\u03bb\u03cc \u03c4\u03c5\u03c1\u03af.\/ Ena &hellip; <a href=\"https:\/\/blogg.folkuniversitetet.nu\/ioanvi\/grekiskafortsattningskurs\/pa-super-market-text\/\">Forts\u00e4tt l\u00e4sa <span class=\"meta-nav\">&rarr;<\/span><\/a><\/p>\n","protected":false},"author":71,"featured_media":0,"parent":472,"menu_order":0,"comment_status":"closed","ping_status":"closed","template":"","meta":{"footnotes":""},"class_list":["post-922","page","type-page","status-publish","hentry"],"_links":{"self":[{"href":"https:\/\/blogg.folkuniversitetet.nu\/ioanvi\/wp-json\/wp\/v2\/pages\/922","targetHints":{"allow":["GET"]}}],"collection":[{"href":"https:\/\/blogg.folkuniversitetet.nu\/ioanvi\/wp-json\/wp\/v2\/pages"}],"about":[{"href":"https:\/\/blogg.folkuniversitetet.nu\/ioanvi\/wp-json\/wp\/v2\/types\/page"}],"author":[{"embeddable":true,"href":"https:\/\/blogg.folkuniversitetet.nu\/ioanvi\/wp-json\/wp\/v2\/users\/71"}],"replies":[{"embeddable":true,"href":"https:\/\/blogg.folkuniversitetet.nu\/ioanvi\/wp-json\/wp\/v2\/comments?post=922"}],"version-history":[{"count":18,"href":"https:\/\/blogg.folkuniversitetet.nu\/ioanvi\/wp-json\/wp\/v2\/pages\/922\/revisions"}],"predecessor-version":[{"id":975,"href":"https:\/\/blogg.folkuniversitetet.nu\/ioanvi\/wp-json\/wp\/v2\/pages\/922\/revisions\/975"}],"up":[{"embeddable":true,"href":"https:\/\/blogg.folkuniversitetet.nu\/ioanvi\/wp-json\/wp\/v2\/pages\/472"}],"wp:attachment":[{"href":"https:\/\/blogg.folkuniversitetet.nu\/ioanvi\/wp-json\/wp\/v2\/media?parent=922"}],"curies":[{"name":"wp","href":"https:\/\/api.w.org\/{rel}","templated":true}]}}