{"id":731,"date":"2015-12-01T10:39:31","date_gmt":"2015-12-01T10:39:31","guid":{"rendered":"http:\/\/blogg.folkuniversitetet.nu\/ioanvi\/?page_id=731"},"modified":"2015-12-01T10:39:31","modified_gmt":"2015-12-01T10:39:31","slug":"veckodagar","status":"publish","type":"page","link":"https:\/\/blogg.folkuniversitetet.nu\/ioanvi\/grekiskanyborjarkurs\/veckodagar\/","title":{"rendered":"Veckodagar"},"content":{"rendered":"<p>&nbsp;<\/p>\n<p><a href=\"http:\/\/blogg.folkuniversitetet.nu\/ioanvi\/files\/2015\/12\/10277084_291648104327501_1637797742173194126_n.jpg\"><img loading=\"lazy\" decoding=\"async\" class=\"size-medium wp-image-732 aligncenter\" src=\"http:\/\/blogg.folkuniversitetet.nu\/ioanvi\/files\/2015\/12\/10277084_291648104327501_1637797742173194126_n-224x300.jpg\" alt=\"10277084_291648104327501_1637797742173194126_n\" width=\"224\" height=\"300\" srcset=\"https:\/\/blogg.folkuniversitetet.nu\/ioanvi\/files\/2015\/12\/10277084_291648104327501_1637797742173194126_n-224x300.jpg 224w, https:\/\/blogg.folkuniversitetet.nu\/ioanvi\/files\/2015\/12\/10277084_291648104327501_1637797742173194126_n.jpg 717w\" sizes=\"auto, (max-width: 224px) 100vw, 224px\" \/><\/a><\/p>\n<audio class=\"wp-audio-shortcode\" id=\"audio-731-1\" preload=\"none\" style=\"width: 100%;\" controls=\"controls\"><source type=\"audio\/mpeg\" src=\"http:\/\/blogg.folkuniversitetet.nu\/ioanvi\/files\/2015\/12\/veckodagar.mp3?_=1\" \/><a href=\"http:\/\/blogg.folkuniversitetet.nu\/ioanvi\/files\/2015\/12\/veckodagar.mp3\">http:\/\/blogg.folkuniversitetet.nu\/ioanvi\/files\/2015\/12\/veckodagar.mp3<\/a><\/audio>\n<p><span style=\"color: #000080\">\u0394\u03b5\u03c5\u03c4\u03ad\u03c1\u03b1<\/span>=<span style=\"color: #008000\">deftera<\/span>\/ m\u00e5ndag<\/p>\n<p><span style=\"color: #000080\">\u03a4\u03c1\u03af\u03c4\u03b7<\/span>= <span style=\"color: #008000\">triti<\/span>\/ tisdag<\/p>\n<p><span style=\"color: #000080\">\u03a4\u03b5\u03c4\u03ac\u03c1\u03c4\u03b7<\/span>=<span style=\"color: #008000\"> tetarti<\/span>\/ onsdag<\/p>\n<p><span style=\"color: #000080\">\u03a0\u03ad\u03bc\u03c0\u03c4\u03b7<\/span>=<span style=\"color: #008000\">pempti<\/span>\/ torsdag<\/p>\n<p><span style=\"color: #000080\">\u03a0\u03b1\u03c1\u03b1\u03c3\u03ba\u03b5\u03c5\u03ae<\/span>=<span style=\"color: #008000\">paraskevi<\/span>\/ fredag<\/p>\n<p><span style=\"color: #000080\">\u03a3\u03ac\u03b2\u03b2\u03b1\u03c4\u03bf<\/span>= <span style=\"color: #008000\">savato<\/span>\/ \u00f6rdag<\/p>\n<p><span style=\"color: #000080\">\u039a\u03c5\u03c1\u03b9\u03b1\u03ba\u03ae<\/span>=<span style=\"color: #008000\"> kirjiaki<\/span>\/ s\u00f6ndag<\/p>\n<p><span style=\"color: #ff00ff\"><em>OBS! F\u00f6rsta bokstaven ska vara stor n\u00e4r man stavar veckodarna p\u00e5 grekiska.<\/em><\/span><\/p>\n<p><a href=\"http:\/\/blogg.folkuniversitetet.nu\/ioanvi\/files\/2015\/12\/10288723_291649557660689_4390474217139574130_n.jpg\"><img loading=\"lazy\" decoding=\"async\" class=\"size-medium wp-image-733 aligncenter\" src=\"http:\/\/blogg.folkuniversitetet.nu\/ioanvi\/files\/2015\/12\/10288723_291649557660689_4390474217139574130_n-224x300.jpg\" alt=\"10288723_291649557660689_4390474217139574130_n\" width=\"224\" height=\"300\" srcset=\"https:\/\/blogg.folkuniversitetet.nu\/ioanvi\/files\/2015\/12\/10288723_291649557660689_4390474217139574130_n-224x300.jpg 224w, https:\/\/blogg.folkuniversitetet.nu\/ioanvi\/files\/2015\/12\/10288723_291649557660689_4390474217139574130_n.jpg 717w\" sizes=\"auto, (max-width: 224px) 100vw, 224px\" \/><\/a><\/p>\n","protected":false},"excerpt":{"rendered":"<p>&nbsp; \u0394\u03b5\u03c5\u03c4\u03ad\u03c1\u03b1=deftera\/ m\u00e5ndag \u03a4\u03c1\u03af\u03c4\u03b7= triti\/ tisdag \u03a4\u03b5\u03c4\u03ac\u03c1\u03c4\u03b7= tetarti\/ onsdag \u03a0\u03ad\u03bc\u03c0\u03c4\u03b7=pempti\/ torsdag \u03a0\u03b1\u03c1\u03b1\u03c3\u03ba\u03b5\u03c5\u03ae=paraskevi\/ fredag \u03a3\u03ac\u03b2\u03b2\u03b1\u03c4\u03bf= savato\/ \u00f6rdag \u039a\u03c5\u03c1\u03b9\u03b1\u03ba\u03ae= kirjiaki\/ s\u00f6ndag OBS! F\u00f6rsta bokstaven ska vara stor n\u00e4r man stavar veckodarna p\u00e5 grekiska.<\/p>\n","protected":false},"author":71,"featured_media":0,"parent":477,"menu_order":0,"comment_status":"closed","ping_status":"closed","template":"","meta":{"footnotes":""},"class_list":["post-731","page","type-page","status-publish","hentry"],"_links":{"self":[{"href":"https:\/\/blogg.folkuniversitetet.nu\/ioanvi\/wp-json\/wp\/v2\/pages\/731","targetHints":{"allow":["GET"]}}],"collection":[{"href":"https:\/\/blogg.folkuniversitetet.nu\/ioanvi\/wp-json\/wp\/v2\/pages"}],"about":[{"href":"https:\/\/blogg.folkuniversitetet.nu\/ioanvi\/wp-json\/wp\/v2\/types\/page"}],"author":[{"embeddable":true,"href":"https:\/\/blogg.folkuniversitetet.nu\/ioanvi\/wp-json\/wp\/v2\/users\/71"}],"replies":[{"embeddable":true,"href":"https:\/\/blogg.folkuniversitetet.nu\/ioanvi\/wp-json\/wp\/v2\/comments?post=731"}],"version-history":[{"count":1,"href":"https:\/\/blogg.folkuniversitetet.nu\/ioanvi\/wp-json\/wp\/v2\/pages\/731\/revisions"}],"predecessor-version":[{"id":735,"href":"https:\/\/blogg.folkuniversitetet.nu\/ioanvi\/wp-json\/wp\/v2\/pages\/731\/revisions\/735"}],"up":[{"embeddable":true,"href":"https:\/\/blogg.folkuniversitetet.nu\/ioanvi\/wp-json\/wp\/v2\/pages\/477"}],"wp:attachment":[{"href":"https:\/\/blogg.folkuniversitetet.nu\/ioanvi\/wp-json\/wp\/v2\/media?parent=731"}],"curies":[{"name":"wp","href":"https:\/\/api.w.org\/{rel}","templated":true}]}}