{"id":714,"date":"2015-12-01T10:14:08","date_gmt":"2015-12-01T10:14:08","guid":{"rendered":"http:\/\/blogg.folkuniversitetet.nu\/ioanvi\/?page_id=714"},"modified":"2016-01-11T10:18:36","modified_gmt":"2016-01-11T10:18:36","slug":"verb-n-presens","status":"publish","type":"page","link":"https:\/\/blogg.folkuniversitetet.nu\/ioanvi\/grekiskanyborjarkurs\/verb-n-presens\/","title":{"rendered":"Verb (n) PRESENS"},"content":{"rendered":"<p style=\"text-align: center\"><a href=\"http:\/\/blogg.folkuniversitetet.nu\/ioanvi\/files\/2015\/12\/11889554_478198485672461_4156310645151807993_n.jpg\"><img loading=\"lazy\" decoding=\"async\" class=\"alignnone size-medium wp-image-720\" src=\"http:\/\/blogg.folkuniversitetet.nu\/ioanvi\/files\/2015\/12\/11889554_478198485672461_4156310645151807993_n-300x169.jpg\" alt=\"11889554_478198485672461_4156310645151807993_n\" width=\"300\" height=\"169\" srcset=\"https:\/\/blogg.folkuniversitetet.nu\/ioanvi\/files\/2015\/12\/11889554_478198485672461_4156310645151807993_n-300x169.jpg 300w, https:\/\/blogg.folkuniversitetet.nu\/ioanvi\/files\/2015\/12\/11889554_478198485672461_4156310645151807993_n.jpg 960w\" sizes=\"auto, (max-width: 300px) 100vw, 300px\" \/><\/a><\/p>\n<p style=\"text-align: left\">Verben i grekiska \u00e4r uppdelade i olika kategorier d\u00e4r delkategorier ocks\u00e5 ing\u00e5r. Varje kategori inneb\u00e4r ett konkret s\u00e4tt enligt dess alla verb som h\u00f6r till samma kategori b\u00f6jer sig. Nedan presenteras katerogierna (*<em>n\u00e5gra kategoerier till saknas men vi pratar om dem senare vid kursen)<\/em>:<\/p>\n<ol>\n<li style=\"text-align: left\"><strong>Aktiv form, konjugation A:<\/strong> t ex <strong>\u03c0\u03af\u03bd\u03c9<\/strong> (se nedan!).Verb som har<span style=\"text-decoration: underline\"> obetonad<\/span> \u00e4ndelse -\u03c9 h\u00f6r till denna kategori.<\/li>\n<li style=\"text-align: left\"><strong>Aktiv form, konjugation A, undatag: <\/strong>t ex<strong> \u03c4\u03c1\u03ce\u03c9 <\/strong>(se nedan!)<\/li>\n<li style=\"text-align: left\"><strong>Aktiv form, konjugation B, grupp 1:<\/strong> t ex <strong>\u03c7\u03c4\u03c5\u03c0\u03ce<\/strong> (se nedan!).\u00a0Verb som har <span style=\"text-decoration: underline\">betonad<\/span> \u00e4ndelse -\u03c9 h\u00f6r till denna kategori.<\/li>\n<li style=\"text-align: left\"><strong>Aktiv form, konjugation B, grupp 2:<\/strong>\u00a0t ex <span style=\"color: #000000\"><b>\u03c0\u03c1\u03bf\u03c3\u03c0\u03b1\u03b8\u03ce<\/b><\/span>\u00a0(se nedan!).\u00a0Verb som har <span style=\"text-decoration: underline\">betonad<\/span> \u00e4ndelse -\u03c9 h\u00f6r till denna kategori.<\/li>\n<li style=\"text-align: left\"><strong>Passiv form, konjugation A:\u00a0<\/strong>t ex <span style=\"color: #000000\"><b>\u03ba\u03ac\u03b8\u03bf\u03bc\u03b1\u03b9<\/b><\/span>\u00a0(se nedan!).Verb som har<span style=\"text-decoration: underline\"> obetonad<\/span> \u00e4ndelse -\u03bf\u03bc\u03b1\u03b9 h\u00f6r till denna kategori.<\/li>\n<\/ol>\n<p style=\"text-align: center\"><span style=\"color: #ff00ff\"><strong>A K T I V \u00a0 \u00a0F O R M<\/strong><\/span><\/p>\n<p><span style=\"color: #ff00ff\"><strong><em>(Konjugation A)<\/em><\/strong><\/span><\/p>\n<audio class=\"wp-audio-shortcode\" id=\"audio-714-1\" preload=\"none\" style=\"width: 100%;\" controls=\"controls\"><source type=\"audio\/mpeg\" src=\"http:\/\/blogg.folkuniversitetet.nu\/ioanvi\/files\/2015\/12\/pin\u00e5.mp3?_=1\" \/><a href=\"http:\/\/blogg.folkuniversitetet.nu\/ioanvi\/files\/2015\/12\/pin\u00e5.mp3\">http:\/\/blogg.folkuniversitetet.nu\/ioanvi\/files\/2015\/12\/pin\u00e5.mp3<\/a><\/audio>\n<p><span style=\"color: #000080\">\u03c0\u03af\u03bd<strong>\u03c9 \u00a0 \u00a0 \u00a0 \u00a0 \u00a0 \u00a0 \u00a0 \u00a0 \u00a0 \u00a0 <span style=\"color: #000000\">\u00a0 <\/span><\/strong><span style=\"color: #000000\"><span style=\"color: #008000\">\u00a0pin<strong>\u00e5<\/strong> \u00a0 <\/span>\u00a0 \u00a0 \u00a0 \u00a0 jag dricker<\/span><\/span><\/p>\n<p><span style=\"color: #000080\">\u03c0\u03af\u03bd<strong>\u03b5\u03b9\u03c2 \u00a0 \u00a0 \u00a0 \u00a0 \u00a0 \u00a0 \u00a0 \u00a0 \u00a0<\/strong><span style=\"color: #000000\"> \u00a0 <span style=\"color: #008000\">pin<strong>is \u00a0<\/strong><\/span> \u00a0 \u00a0 \u00a0 \u00a0 du dricker<\/span><\/span><\/p>\n<p><span style=\"color: #000080\">\u03c0\u03af\u03bd<strong>\u03b5\u03b9 \u00a0 \u00a0 \u00a0 \u00a0 \u00a0 \u00a0 \u00a0 \u00a0 \u00a0 \u00a0 \u00a0<\/strong> <span style=\"color: #000000\"><span style=\"color: #008000\">pin<strong>i \u00a0<\/strong><\/span> \u00a0 \u00a0 \u00a0 \u00a0 \u00a0han, hon, den, det dricker<\/span><\/span><\/p>\n<p><span style=\"color: #000080\">\u03c0\u03af\u03bd<strong>\u03bf\u03c5\u03bc\u03b5 \u00a0 \u00a0 \u00a0 \u00a0 \u00a0 \u00a0<span style=\"color: #000000\"> \u00a0 <span style=\"color: #008000\">\u00a0<\/span><\/span><\/strong><span style=\"color: #000000\"><span style=\"color: #008000\"> pin<\/span><strong><span style=\"color: #008000\">ume<\/span> \u00a0<\/strong> \u00a0 vi dricker<\/span><\/span><\/p>\n<p><span style=\"color: #000080\">\u03c0\u03af\u03bd<strong>\u03b5\u03c4\u03b5 \u00a0 \u00a0 \u00a0 \u00a0 \u00a0 \u00a0 \u00a0 \u00a0 \u00a0 <\/strong><span style=\"color: #008000\">\u00a0pin<strong>ete<\/strong> <\/span>\u00a0 \u00a0 \u00a0 <span style=\"color: #000000\">\u00a0 ni dricker<\/span><\/span><\/p>\n<p><span style=\"color: #000080\">\u03c0\u03af\u03bd<strong>\u03bf\u03c5\u03bd \u00a0 \u00a0 \u00a0 \u00a0 \u00a0 \u00a0 \u00a0 \u00a0 \u00a0<\/strong> \u00a0<span style=\"color: #008000\">pin<strong>un<\/strong><\/span> \u00a0 \u00a0 \u00a0<span style=\"color: #000000\"> de dricker<\/span><\/span><\/p>\n<p><span style=\"text-decoration: underline;color: #ff00ff\">OBS! N\u00e5gra (bara ett f\u00e5tal verb) b\u00f6js p\u00e5 ett avvikande s\u00e4tt. L\u00e4s och lyssna nedan!<\/span><\/p>\n<audio class=\"wp-audio-shortcode\" id=\"audio-714-2\" preload=\"none\" style=\"width: 100%;\" controls=\"controls\"><source type=\"audio\/mpeg\" src=\"http:\/\/blogg.folkuniversitetet.nu\/ioanvi\/files\/2015\/12\/Tr\u00e5\u00e5K\u00e4\u00e5.mp3?_=2\" \/><a href=\"http:\/\/blogg.folkuniversitetet.nu\/ioanvi\/files\/2015\/12\/Tr\u00e5\u00e5K\u00e4\u00e5.mp3\">http:\/\/blogg.folkuniversitetet.nu\/ioanvi\/files\/2015\/12\/Tr\u00e5\u00e5K\u00e4\u00e5.mp3<\/a><\/audio>\n<p><span style=\"color: #000080\">\u03c4\u03c1\u03ce<strong>\u03c9<\/strong>\u00a0<\/span> \u00a0 \u00a0 \u00a0 \u00a0<span style=\"color: #008000\">tr\u00e5<strong>\u00e5<\/strong> \u00a0 \u00a0<\/span> \u00a0 \u00a0 \u00a0 \u00a0 \u00a0 \u00a0 \u00a0 \u00a0 jag \u00e4ter\u00a0\u00a0\u00a0\u00a0\u00a0\u00a0\u00a0\u00a0\u00a0\u00a0\u00a0\u00a0\u00a0\u00a0<span style=\"color: #000080\"> \u03ba\u03b1\u03af<strong>\u03c9<\/strong><\/span><strong><span style=\"color: #000080\">\u00a0\u00a0\u00a0<\/span>\u00a0\u00a0\u00a0\u00a0\u00a0\u00a0\u00a0\u00a0\u00a0\u00a0\u00a0<span style=\"color: #008000\">\u00a0\u00a0\u00a0<\/span><\/strong><span style=\"color: #008000\">\u00a0 k\u00e4<strong>\u00e5<\/strong> \u00a0 \u00a0<\/span> \u00a0 \u00a0 \u00a0 \u00a0 jag br\u00e4nner<\/p>\n<p><span style=\"color: #000080\">\u03c4\u03c1\u03c9<strong>\u03c2<\/strong><strong>\u00a0<\/strong>\u00a0 \u00a0<\/span> \u00a0 \u00a0<span style=\"color: #008000\"> \u00a0tr\u00e5<strong>s<\/strong> \u00a0 \u00a0 \u00a0 \u00a0 \u00a0<\/span> \u00a0 \u00a0 \u00a0 \u00a0 \u00a0 \u00a0du \u00e4ter \u00a0 \u00a0 \u00a0 \u00a0 \u00a0 \u00a0 \u00a0<span style=\"color: #000080\"> \u03ba\u03b1\u03b9<strong>\u03c2<\/strong><\/span><strong><span style=\"color: #000080\"> \u00a0<\/span> \u00a0 \u00a0 \u00a0 \u00a0 \u00a0 \u00a0 <span style=\"color: #008000\">\u00a0 \u00a0<\/span><\/strong><span style=\"color: #008000\">\u00a0 k\u00e4<strong>s \u00a0<\/strong><\/span> \u00a0 \u00a0 \u00a0 \u00a0 \u00a0 du br\u00e4nner<\/p>\n<p><span style=\"color: #000080\">\u03c4\u03c1\u03ce<strong>\u03b5\u03b9<\/strong>\u00a0<\/span> \u00a0 \u00a0 \u00a0 <span style=\"color: #008000\">tr\u00e5<strong>i \u00a0<\/strong> \u00a0 \u00a0 \u00a0 \u00a0<\/span> \u00a0 \u00a0 \u00a0 \u00a0 \u00a0 \u00a0 han \u00e4ter \u00a0 \u00a0 \u00a0 \u00a0 \u00a0 \u00a0<span style=\"color: #000080\"> \u03ba\u03b1\u03af<strong>\u03b5\u03b9<\/strong><\/span><strong><span style=\"color: #000080\">\u00a0 \u00a0 \u00a0<\/span> \u00a0 \u00a0 \u00a0 \u00a0 \u00a0 <span style=\"color: #008000\">\u00a0 \u00a0<\/span><\/strong><span style=\"color: #008000\">k\u00e4<strong>i<\/strong> \u00a0<\/span> \u00a0 \u00a0 \u00a0 \u00a0 \u00a0 han br\u00e4nner<\/p>\n<p><span style=\"color: #000080\">\u03c4\u03c1\u03ce<strong>\u03bc\u03b5<\/strong>\u00a0<\/span> \u00a0 \u00a0 <span style=\"color: #008000\">\u00a0tr\u00e5<strong>me \u00a0<\/strong> \u00a0<\/span> \u00a0 \u00a0 \u00a0 \u00a0 \u00a0 \u00a0 \u00a0vi \u00e4ter \u00a0 \u00a0 \u00a0 \u00a0 \u00a0 \u00a0 <span style=\"color: #000080\">\u00a0 \u03ba\u03b1\u03af<strong>\u03bc\u03b5<\/strong><\/span><strong><span style=\"color: #000080\"> \u00a0 \u00a0<\/span> \u00a0 \u00a0 \u00a0 \u00a0 \u00a0 \u00a0 <span style=\"color: #008000\">\u00a0<\/span><\/strong><span style=\"color: #008000\">\u00a0k\u00e4<\/span><strong><span style=\"color: #008000\">me<\/span> \u00a0<\/strong> \u00a0 \u00a0 \u00a0 \u00a0vi br\u00e4nner<\/p>\n<p><span style=\"color: #000080\">\u03c4\u03c1\u03ce<strong>\u03c4\u03b5<\/strong><\/span>\u00a0 \u00a0 \u00a0 \u00a0<span style=\"color: #008000\"> tr\u00e5<\/span><strong><span style=\"color: #000000\">te <\/span>\u00a0<\/strong> \u00a0 \u00a0 \u00a0 \u00a0 \u00a0 \u00a0 \u00a0 \u00a0 \u00a0 ni \u00e4ter \u00a0 \u00a0 \u00a0 \u00a0 \u00a0 \u00a0 <span style=\"color: #000080\">\u00a0 \u03ba\u03b1\u03af<strong>\u03c4\u03b5<\/strong><\/span><strong><span style=\"color: #000080\">\u00a0<\/span> \u00a0 \u00a0 \u00a0 \u00a0 \u00a0 \u00a0 \u00a0 \u00a0 <\/strong><span style=\"color: #008000\">k\u00e4<strong>te\u00a0\u00a0<\/strong> \u00a0<\/span> \u00a0 \u00a0 \u00a0 \u00a0 ni br\u00e4nner<\/p>\n<p><span style=\"color: #800080\">\u03c4\u03c1\u03ce<strong>\u03bd\u03b5<\/strong>\u00a0<\/span> \u00a0 \u00a0 \u00a0<span style=\"color: #008000\"> tr\u00e5<strong>ne \u00a0<\/strong><\/span> \u00a0 \u00a0 \u00a0 \u00a0 \u00a0 \u00a0 \u00a0 \u00a0 de \u00e4ter \u00a0 \u00a0 \u00a0 \u00a0 \u00a0 \u00a0 <span style=\"color: #000080\">\u00a0\u03ba\u03b1\u03af<strong>\u03bd\u03b5<\/strong><\/span><strong><span style=\"color: #000080\">\u00a0 \u00a0<\/span> \u00a0 \u00a0 \u00a0 \u00a0 \u00a0 \u00a0 <\/strong>\u00a0<span style=\"color: #008000\">k\u00e4<\/span><strong><span style=\"color: #008000\">ne \u00a0<\/span> \u00a0 \u00a0 \u00a0 \u00a0 \u00a0<\/strong>\u00a0de br\u00e4nner<\/p>\n<p><a href=\"http:\/\/blogg.folkuniversitetet.nu\/ioanvi\/files\/2015\/12\/11888120_478198429005800_355116918665440110_n.jpg\"><img loading=\"lazy\" decoding=\"async\" class=\"size-medium wp-image-723 aligncenter\" src=\"http:\/\/blogg.folkuniversitetet.nu\/ioanvi\/files\/2015\/12\/11888120_478198429005800_355116918665440110_n-300x165.jpg\" alt=\"11888120_478198429005800_355116918665440110_n\" width=\"300\" height=\"165\" srcset=\"https:\/\/blogg.folkuniversitetet.nu\/ioanvi\/files\/2015\/12\/11888120_478198429005800_355116918665440110_n-300x165.jpg 300w, https:\/\/blogg.folkuniversitetet.nu\/ioanvi\/files\/2015\/12\/11888120_478198429005800_355116918665440110_n.jpg 960w\" sizes=\"auto, (max-width: 300px) 100vw, 300px\" \/><\/a><\/p>\n<p style=\"text-align: left\"><span style=\"color: #ff00ff\"><strong><em>(Konjugation B)<\/em><\/strong><\/span><\/p>\n<p style=\"text-align: left\"><em><span style=\"text-decoration: underline\">Grupp 1\u00a0<\/span><\/em><\/p>\n<audio class=\"wp-audio-shortcode\" id=\"audio-714-3\" preload=\"none\" style=\"width: 100%;\" controls=\"controls\"><source type=\"audio\/mpeg\" src=\"http:\/\/blogg.folkuniversitetet.nu\/ioanvi\/files\/2015\/12\/\u03c7\u03c4\u03c5\u03c0\u03ce.mp3?_=3\" \/><a href=\"http:\/\/blogg.folkuniversitetet.nu\/ioanvi\/files\/2015\/12\/\u03c7\u03c4\u03c5\u03c0\u03ce.mp3\">http:\/\/blogg.folkuniversitetet.nu\/ioanvi\/files\/2015\/12\/\u03c7\u03c4\u03c5\u03c0\u03ce.mp3<\/a><\/audio>\n<p style=\"text-align: left\"><span style=\"color: #800080\">\u03c7\u03c4\u03c5\u03c0<strong>\u03ce<\/strong>\u00a0 \u00a0<\/span> \u00a0 \u00a0 \u00a0 \u00a0 \u00a0<span style=\"color: #008000\"> \u00a0 \u00a0 chtip<\/span><strong><span style=\"color: #008000\">\u00e5 \u00a0<\/span> \u00a0 \u00a0 \u00a0 \u00a0\u00a0<\/strong>jag sl\u00e5r<\/p>\n<p style=\"text-align: left\"><span style=\"color: #800080\">\u03c7\u03c4\u03c5\u03c0<strong>\u03ac\u03c2 \u00a0<\/strong><\/span>\u00a0 \u00a0 \u00a0 \u00a0 \u00a0 \u00a0 <span style=\"color: #008000\">\u00a0 chtip<\/span><strong><span style=\"color: #008000\">as<\/span> \u00a0 \u00a0 \u00a0 \u00a0 <\/strong>du sl\u00e5r<\/p>\n<p style=\"text-align: left\"><span style=\"color: #800080\">\u03c7\u03c4\u03c5\u03c0<strong>\u03ac<\/strong>\u00a0<\/span> \u00a0 \u00a0 \u00a0 \u00a0 \u00a0 \u00a0 \u00a0 <span style=\"color: #008000\">\u00a0 chtip<\/span><strong><span style=\"color: #008000\">a<\/span> \u00a0 \u00a0 \u00a0 \u00a0 \u00a0<\/strong>\u00a0 han sl\u00e5r<\/p>\n<p style=\"text-align: left\"><span style=\"color: #800080\">\u03c7\u03c4\u03c5\u03c0<strong>\u03bf\u03cd\u03bc\u03b5<\/strong> \u00a0<\/span> \u00a0 \u00a0 \u00a0 <span style=\"color: #008000\">\u00a0chtip<\/span><strong><span style=\"color: #008000\">ume<\/span> \u00a0 \u00a0\u00a0<\/strong>vi sl\u00e5r<\/p>\n<p style=\"text-align: left\"><span style=\"color: #800080\">\u03c7\u03c4\u03c5\u03c0<strong>\u03ac\u03c4\u03b5 \u00a0<\/strong><\/span> \u00a0 \u00a0 \u00a0 \u00a0 \u00a0 <span style=\"color: #008000\">chtip<\/span><strong><span style=\"color: #008000\">ate<\/span> \u00a0 \u00a0 \u00a0 \u00a0\u00a0<\/strong>ni sl\u00e5r<\/p>\n<p style=\"text-align: left\"><span style=\"color: #800080\">\u03c7\u03c4\u03c5\u03c0<strong>\u03bf\u03cd\u03bd(\u03b5) \u00a0<\/strong><\/span>\u00a0 \u00a0 <span style=\"color: #008000\">\u00a0chtip<\/span><strong><span style=\"color: #008000\">un(e)<\/span> \u00a0 \u00a0<\/strong>de sl\u00e5r<\/p>\n<p style=\"text-align: left\"><em><span style=\"text-decoration: underline\">Grupp 2<\/span><\/em><\/p>\n<audio class=\"wp-audio-shortcode\" id=\"audio-714-4\" preload=\"none\" style=\"width: 100%;\" controls=\"controls\"><source type=\"audio\/mpeg\" src=\"http:\/\/blogg.folkuniversitetet.nu\/ioanvi\/files\/2015\/12\/\u03c0\u03c1\u03bf\u03c3\u03c0\u03b1\u03b8\u03ce.mp3?_=4\" \/><a href=\"http:\/\/blogg.folkuniversitetet.nu\/ioanvi\/files\/2015\/12\/\u03c0\u03c1\u03bf\u03c3\u03c0\u03b1\u03b8\u03ce.mp3\">http:\/\/blogg.folkuniversitetet.nu\/ioanvi\/files\/2015\/12\/\u03c0\u03c1\u03bf\u03c3\u03c0\u03b1\u03b8\u03ce.mp3<\/a><\/audio>\n<p style=\"text-align: left\"><span style=\"color: #800080\">\u03c0\u03c1\u03bf\u03c3\u03c0\u03b1\u03b8<strong>\u03ce \u00a0 \u00a0 \u00a0 \u00a0 \u00a0 \u00a0 \u00a0 \u00a0<\/strong><span style=\"color: #008000\">prospath<strong>\u00e5 \u00a0 \u00a0 \u00a0 \u00a0 \u00a0 \u00a0<\/strong><span style=\"color: #000000\">jag f\u00f6rs\u00f6ker<\/span><\/span><\/span><\/p>\n<p style=\"text-align: left\"><span style=\"color: #800080\">\u03c0\u03c1\u03bf\u03c3\u03c0\u03b1\u03b8<strong>\u03b5\u03af\u03c2 \u00a0 \u00a0 \u00a0 \u00a0 \u00a0 \u00a0 <\/strong><span style=\"color: #008000\">prospath<strong>is \u00a0 \u00a0 \u00a0 \u00a0 \u00a0\u00a0<\/strong><span style=\"color: #000000\">du f\u00f6rs\u00f6ker<\/span><\/span><\/span><\/p>\n<p style=\"text-align: left\"><span style=\"color: #800080\">\u03c0\u03c1\u03bf\u03c3\u03c0\u03b1\u03b8<strong>\u03b5\u03af \u00a0 \u00a0 \u00a0 \u00a0 \u00a0 \u00a0 \u00a0\u00a0<\/strong><span style=\"color: #008000\">prospath<strong>i \u00a0 \u00a0 \u00a0 \u00a0 \u00a0 \u00a0 \u00a0<\/strong><span style=\"color: #000000\">han f\u00f6rs\u00f6ker<\/span><\/span><\/span><\/p>\n<p style=\"text-align: left\"><span style=\"color: #800080\">\u03c0\u03c1\u03bf\u03c3\u03c0\u03b1\u03b8<strong>\u03bf\u03cd\u03bc\u03b5 \u00a0 \u00a0 \u00a0 \u00a0<\/strong><span style=\"color: #008000\">prospath<strong>ume \u00a0 \u00a0 \u00a0 \u00a0<\/strong><span style=\"color: #000000\">vi f\u00f6rs\u00f6ker<\/span><\/span><\/span><\/p>\n<p style=\"text-align: left\"><span style=\"color: #800080\">\u03c0\u03c1\u03bf\u03c3\u03c0\u03b1\u03b8<strong>\u03b5\u03af\u03c4\u03b5 \u00a0 \u00a0 \u00a0 \u00a0\u00a0<\/strong><span style=\"color: #008000\">prospath<strong>ite \u00a0 \u00a0 \u00a0 \u00a0 \u00a0 \u00a0\u00a0<\/strong><span style=\"color: #000000\">ni f\u00f6rs\u00f6ker<\/span><\/span><\/span><\/p>\n<p style=\"text-align: left\"><span style=\"color: #800080\">\u03c0\u03c1\u03bf\u03c3\u03c0\u03b1\u03b8<strong>\u03bf\u03cd\u03bd(\u03b5)<\/strong>\u00a0 \u00a0 <span style=\"color: #008000\">prospath<strong>un(e) \u00a0 \u00a0 \u00a0\u00a0<\/strong><span style=\"color: #000000\">de f\u00f6rs\u00f6ker<\/span><\/span><\/span><\/p>\n<p style=\"text-align: center\"><a href=\"http:\/\/blogg.folkuniversitetet.nu\/ioanvi\/files\/2015\/12\/1918736_521730077985968_7328635559654432469_n.jpg\"><img loading=\"lazy\" decoding=\"async\" class=\"alignnone size-medium wp-image-781\" src=\"http:\/\/blogg.folkuniversitetet.nu\/ioanvi\/files\/2015\/12\/1918736_521730077985968_7328635559654432469_n-300x300.jpg\" alt=\"1918736_521730077985968_7328635559654432469_n\" width=\"300\" height=\"300\" srcset=\"https:\/\/blogg.folkuniversitetet.nu\/ioanvi\/files\/2015\/12\/1918736_521730077985968_7328635559654432469_n-300x300.jpg 300w, https:\/\/blogg.folkuniversitetet.nu\/ioanvi\/files\/2015\/12\/1918736_521730077985968_7328635559654432469_n-150x150.jpg 150w, https:\/\/blogg.folkuniversitetet.nu\/ioanvi\/files\/2015\/12\/1918736_521730077985968_7328635559654432469_n.jpg 960w\" sizes=\"auto, (max-width: 300px) 100vw, 300px\" \/><\/a><\/p>\n<p style=\"text-align: center\"><span style=\"color: #ff00ff\"><strong>P A S S I V \u00a0 \u00a0F O R M<\/strong><\/span><\/p>\n<p><span style=\"color: #ff00ff\"><strong><em>(Konjugation A)<\/em><\/strong><\/span><\/p>\n<audio class=\"wp-audio-shortcode\" id=\"audio-714-5\" preload=\"none\" style=\"width: 100%;\" controls=\"controls\"><source type=\"audio\/mpeg\" src=\"http:\/\/blogg.folkuniversitetet.nu\/ioanvi\/files\/2015\/12\/kathom\u00e4.mp3?_=5\" \/><a href=\"http:\/\/blogg.folkuniversitetet.nu\/ioanvi\/files\/2015\/12\/kathom\u00e4.mp3\">http:\/\/blogg.folkuniversitetet.nu\/ioanvi\/files\/2015\/12\/kathom\u00e4.mp3<\/a><\/audio>\n<p><span style=\"color: #800080\">\u03ba\u03ac\u03b8<strong>\u03bf\u03bc\u03b1\u03b9<\/strong><\/span><strong><span style=\"color: #800080\">\u00a0\u00a0\u00a0\u00a0<\/span>\u00a0\u00a0\u00a0\u00a0\u00a0\u00a0\u00a0<span style=\"color: #008000\">\u00a0\u00a0 <\/span><\/strong><span style=\"color: #008000\">kath<strong>om\u00e4\u00a0<\/strong><\/span>\u00a0 \u00a0\u00a0\u00a0\u00a0\u00a0 jag\u00a0sitter<\/p>\n<p><span style=\"color: #000080\">\u03ba\u03ac\u03b8<strong>\u03b5\u03c3\u03b1\u03b9<\/strong><\/span><strong><span style=\"color: #000080\"> \u00a0<\/span> \u00a0 \u00a0 \u00a0 \u00a0 \u00a0<\/strong><span style=\"color: #008000\"> kath<strong>es\u00e4\u00a0<\/strong>\u00a0<\/span>\u00a0\u00a0\u00a0\u00a0\u00a0\u00a0\u00a0\u00a0\u00a0\u00a0 du sitter<\/p>\n<p><span style=\"color: #000080\">\u03ba\u03ac\u03b8<strong>\u03b5\u03c4\u03b1\u03b9<\/strong><\/span><strong><span style=\"color: #000080\"> \u00a0<\/span> \u00a0 \u00a0 \u00a0 \u00a0 \u00a0<\/strong><span style=\"color: #008000\">\u00a0kath<strong>et\u00e4\u00a0\u00a0<\/strong>\u00a0<\/span>\u00a0\u00a0\u00a0\u00a0\u00a0\u00a0\u00a0\u00a0\u00a0\u00a0 han\/hon sitter<\/p>\n<p><span style=\"color: #000080\">\u03ba\u03b1\u03b8<strong>\u03cc\u03bc\u03b1\u03c3\u03c4\u03b5<\/strong><\/span><strong> \u00a0 \u00a0 <span style=\"color: #008000\">\u00a0<\/span><\/strong><span style=\"color: #008000\">kath<\/span><strong><span style=\"color: #008000\">omaste<\/span>\u00a0<\/strong>\u00a0\u00a0\u00a0\u00a0 vi sitter<\/p>\n<p><span style=\"color: #000080\">\u03ba\u03ac\u03b8<strong>\u03b5\u03c3\u03c4\u03b5<\/strong><\/span><strong><span style=\"color: #000080\">\u00a0 \u00a0<\/span> \u00a0 \u00a0 \u00a0 <span style=\"color: #008000\">\u00a0<\/span><\/strong><span style=\"color: #008000\">kath<strong>este\u00a0\u00a0<\/strong>\u00a0\u00a0\u00a0<\/span>\u00a0\u00a0\u00a0\u00a0\u00a0\u00a0\u00a0\u00a0 \u00a0ni sitter<\/p>\n<p>\u03ba\u03ac<span style=\"color: #000080\">\u03b8<strong>\u03bf\u03bd\u03c4\u03b1\u03b9<\/strong><\/span><strong><span style=\"color: #000080\"> \u00a0<\/span> \u00a0 \u00a0 \u00a0<\/strong><span style=\"color: #008000\">\u00a0kath<strong>ont\u00e4\u00a0<\/strong>\u00a0\u00a0<\/span>\u00a0\u00a0\u00a0\u00a0\u00a0\u00a0\u00a0\u00a0 de sitter<\/p>\n","protected":false},"excerpt":{"rendered":"<p>Verben i grekiska \u00e4r uppdelade i olika kategorier d\u00e4r delkategorier ocks\u00e5 ing\u00e5r. Varje kategori inneb\u00e4r ett konkret s\u00e4tt enligt dess alla verb som h\u00f6r till samma kategori b\u00f6jer sig. Nedan presenteras katerogierna (*n\u00e5gra kategoerier till saknas men vi pratar om &hellip; <a href=\"https:\/\/blogg.folkuniversitetet.nu\/ioanvi\/grekiskanyborjarkurs\/verb-n-presens\/\">Forts\u00e4tt l\u00e4sa <span class=\"meta-nav\">&rarr;<\/span><\/a><\/p>\n","protected":false},"author":71,"featured_media":0,"parent":477,"menu_order":0,"comment_status":"closed","ping_status":"closed","template":"","meta":{"footnotes":""},"class_list":["post-714","page","type-page","status-publish","hentry"],"_links":{"self":[{"href":"https:\/\/blogg.folkuniversitetet.nu\/ioanvi\/wp-json\/wp\/v2\/pages\/714","targetHints":{"allow":["GET"]}}],"collection":[{"href":"https:\/\/blogg.folkuniversitetet.nu\/ioanvi\/wp-json\/wp\/v2\/pages"}],"about":[{"href":"https:\/\/blogg.folkuniversitetet.nu\/ioanvi\/wp-json\/wp\/v2\/types\/page"}],"author":[{"embeddable":true,"href":"https:\/\/blogg.folkuniversitetet.nu\/ioanvi\/wp-json\/wp\/v2\/users\/71"}],"replies":[{"embeddable":true,"href":"https:\/\/blogg.folkuniversitetet.nu\/ioanvi\/wp-json\/wp\/v2\/comments?post=714"}],"version-history":[{"count":19,"href":"https:\/\/blogg.folkuniversitetet.nu\/ioanvi\/wp-json\/wp\/v2\/pages\/714\/revisions"}],"predecessor-version":[{"id":783,"href":"https:\/\/blogg.folkuniversitetet.nu\/ioanvi\/wp-json\/wp\/v2\/pages\/714\/revisions\/783"}],"up":[{"embeddable":true,"href":"https:\/\/blogg.folkuniversitetet.nu\/ioanvi\/wp-json\/wp\/v2\/pages\/477"}],"wp:attachment":[{"href":"https:\/\/blogg.folkuniversitetet.nu\/ioanvi\/wp-json\/wp\/v2\/media?parent=714"}],"curies":[{"name":"wp","href":"https:\/\/api.w.org\/{rel}","templated":true}]}}