{"id":699,"date":"2015-12-01T09:29:35","date_gmt":"2015-12-01T09:29:35","guid":{"rendered":"http:\/\/blogg.folkuniversitetet.nu\/ioanvi\/?page_id=699"},"modified":"2015-12-01T09:49:59","modified_gmt":"2015-12-01T09:49:59","slug":"dagbok-text","status":"publish","type":"page","link":"https:\/\/blogg.folkuniversitetet.nu\/ioanvi\/grekiskanyborjarkurs\/dagbok-text\/","title":{"rendered":"Dagbok\/ text"},"content":{"rendered":"<div id=\"attachment_703\" style=\"width: 310px\" class=\"wp-caption aligncenter\"><a href=\"http:\/\/blogg.folkuniversitetet.nu\/ioanvi\/files\/2015\/12\/PICT0861.jpg\"><img loading=\"lazy\" decoding=\"async\" aria-describedby=\"caption-attachment-703\" class=\"size-medium wp-image-703\" src=\"http:\/\/blogg.folkuniversitetet.nu\/ioanvi\/files\/2015\/12\/PICT0861-300x225.jpg\" alt=\"Digital StillCamera\" width=\"300\" height=\"225\" srcset=\"https:\/\/blogg.folkuniversitetet.nu\/ioanvi\/files\/2015\/12\/PICT0861-300x225.jpg 300w, https:\/\/blogg.folkuniversitetet.nu\/ioanvi\/files\/2015\/12\/PICT0861-1024x768.jpg 1024w\" sizes=\"auto, (max-width: 300px) 100vw, 300px\" \/><\/a><p id=\"caption-attachment-703\" class=\"wp-caption-text\">Digital StillCamera<\/p><\/div>\n<audio class=\"wp-audio-shortcode\" id=\"audio-699-1\" preload=\"none\" style=\"width: 100%;\" controls=\"controls\"><source type=\"audio\/mpeg\" src=\"http:\/\/blogg.folkuniversitetet.nu\/ioanvi\/files\/2015\/12\/DagbokDel1.mp3?_=1\" \/><a href=\"http:\/\/blogg.folkuniversitetet.nu\/ioanvi\/files\/2015\/12\/DagbokDel1.mp3\">http:\/\/blogg.folkuniversitetet.nu\/ioanvi\/files\/2015\/12\/DagbokDel1.mp3<\/a><\/audio>\n<p style=\"text-align: center\"><strong>\u0397\u03bc\u03b5\u03c1\u03bf\u03bb\u03cc\u03b3\u03b9\u03bf!\u00a0<\/strong>Dagbok<\/p>\n<p><strong><span style=\"color: #000080\">\u039c\u03b5 \u03bb\u03ad\u03bd\u03b5 \u039c\u03b1\u03c1\u03af\u03b1.<\/span>\/\u00a0<\/strong><em>Jag\u00a0heter\u00a0Maria!<\/em><\/p>\n<p><span style=\"color: #008000\">Me lene Maria.<\/span><\/p>\n<p><strong><span style=\"color: #0000ff\"><span style=\"color: #000080\">\u0394\u03bf\u03c5\u03bb\u03b5\u03cd\u03c9 \u03c3\u03b5 \u03ad\u03bd\u03b1 bar \u03c3\u03c4\u03b7\u03bd \u03c0\u03b1\u03c1\u03b1\u03bb\u03af\u03b1 \u03ba\u03ac\u03b8\u03b5 \u03ba\u03b1\u03bb\u03bf\u03ba\u03b1\u03af\u03c1\u03b9<\/span>.<\/span>\/<\/strong><em>Jag jobbar p\u00e5 enbar vid stranden varje sommar.<\/em><\/p>\n<p><span style=\"color: #008000\">Dulev\u00e5 se ena bar stin paralia kathe kalok\u00e4ri.<\/span><\/p>\n<p><span style=\"color: #000080\"><strong>\u03a3\u03b7\u03ba\u03ce\u03bd\u03bf\u03bc\u03b1\u03b9<\/strong><strong>\u00a0<\/strong><strong>\u03c3\u03c4\u03b9\u03c2<\/strong><strong>\u00a06.00 <\/strong><strong>\u03ba\u03ac\u03b8\u03b5<\/strong><strong>\u00a0<\/strong><strong>\u03c0\u03c1\u03c9\u03af<\/strong><\/span><strong><span style=\"color: #000080\">.<\/span>\/\u00a0<\/strong><em>Jag stiger upp vid 6.00 varje morgon!<\/em><\/p>\n<p><span style=\"color: #008000\">Sikonom\u00e4 stis 6.00 kathe pr\u00e5i.<\/span><\/p>\n<p><span style=\"color: #000080\"><strong>\u03a0\u03af\u03bd\u03c9<\/strong><strong>\u00a0<\/strong><strong>\u03ad\u03bd\u03b1<\/strong><strong>\u00a0<\/strong><strong>\u03c0\u03bf\u03c4\u03ae\u03c1\u03b9<\/strong><strong>\u00a0<\/strong><\/span><strong><span style=\"color: #000080\">\u03b3\u03ac\u03bb\u03b1.<\/span> \/<\/strong><em>Jag dricker ett glas mj\u00f6lk.<\/em><\/p>\n<p><span style=\"color: #008000\">Pin\u00e5 ena potiri gala<\/span><\/p>\n<p><strong><span style=\"color: #000080\">\u03ba\u03b1\u03b9 \u03c4\u03c1\u03ce\u03c9 \u03bc\u03b9\u03b1 \u03c6\u03ad\u03c4\u03b1 \u03c8\u03c9\u03bc\u03af \u03bc\u03b5 \u03bc\u03b1\u03c1\u03bc\u03b5\u03bb\u03ac\u03b4\u03b1.<\/span>\/<\/strong><em>och jag \u00e4ter en skiva br\u00f6d med marmelad<\/em><\/p>\n<p><span style=\"color: #008000\">k\u00e4 tr\u00e5\u00e5 mia feta marmelada.\u00a0<\/span><\/p>\n<p><span style=\"color: #000080\"><strong>\u039c\u03b5\u03c4\u03ac<\/strong><strong>\u00a0<\/strong><strong>\u03c0\u03b7\u03b3\u03b1\u03af\u03bd\u03c9<\/strong><strong>\u00a0<\/strong><strong>\u03c3\u03c4\u03b7\u03bd<\/strong><strong>\u00a0<\/strong><strong>\u03b4\u03bf\u03c5\u03bb\u03b5\u03b9\u03ac<\/strong><\/span><strong><span style=\"color: #000080\">.<\/span> \/\u00a0<\/strong><em>Sedan g\u00e5r jag till jobbet.<\/em><\/p>\n<p><span style=\"color: #008000\">Meta pij\u00e4n\u00e5 stin dulia.\u00a0<\/span><\/p>\n<p><a href=\"http:\/\/blogg.folkuniversitetet.nu\/ioanvi\/files\/2015\/12\/PICT0875.jpg\"><img loading=\"lazy\" decoding=\"async\" class=\"size-medium wp-image-704 aligncenter\" src=\"http:\/\/blogg.folkuniversitetet.nu\/ioanvi\/files\/2015\/12\/PICT0875-225x300.jpg\" alt=\"PICT0875\" width=\"225\" height=\"300\" srcset=\"https:\/\/blogg.folkuniversitetet.nu\/ioanvi\/files\/2015\/12\/PICT0875-225x300.jpg 225w, https:\/\/blogg.folkuniversitetet.nu\/ioanvi\/files\/2015\/12\/PICT0875-768x1024.jpg 768w\" sizes=\"auto, (max-width: 225px) 100vw, 225px\" \/><\/a><\/p>\n<audio class=\"wp-audio-shortcode\" id=\"audio-699-2\" preload=\"none\" style=\"width: 100%;\" controls=\"controls\"><source type=\"audio\/mpeg\" src=\"http:\/\/blogg.folkuniversitetet.nu\/ioanvi\/files\/2015\/12\/dagbokDel2.mp3?_=2\" \/><a href=\"http:\/\/blogg.folkuniversitetet.nu\/ioanvi\/files\/2015\/12\/dagbokDel2.mp3\">http:\/\/blogg.folkuniversitetet.nu\/ioanvi\/files\/2015\/12\/dagbokDel2.mp3<\/a><\/audio>\n<p><span style=\"color: #000080\"><strong>\u03a6\u03c4\u03b9\u03ac\u03c7\u03bd\u03c9 \u03ad\u03bd\u03b1\u03bd \u03ba\u03b1\u03c6\u03ad \u03b3\u03b9\u03b1 \u03bc\u03ad\u03bd\u03b1 \u03ba\u03b1\u03b9 \u03b3\u03b9\u03b1 \u03c4\u03b7\u03bd \u03c6\u03af\u03bb\u03b7 \u03bc\u03bf\u03c5, \u03c4\u03b7\u03bd \u0395\u03bb\u03ad\u03bd\u03b7<\/strong><\/span><em><span style=\"color: #000080\">.<\/span>\/\u00a0<\/em><em>Jag fixar ett kaffe till mig och till min kompis, Heleni.<\/em><\/p>\n<p><span style=\"color: #008000\">Ftiachn\u00e5 enan kafe gia mena k\u00e4 gia tin fili mu, tin Eleni.\u00a0<\/span><\/p>\n<p><strong><span style=\"color: #000080\">\u03a4\u03b1 \u03bb\u03ad\u03bc\u03b5 \u03b3\u03b9\u03b1 \u03bb\u03af\u03b3\u03bf.<\/span>\/\u00a0<\/strong><em>Vi\u00a0pratar\u00a0en\u00a0stund.<\/em><\/p>\n<p><span style=\"color: #008000\">Ta leme gia ligo.<\/span><\/p>\n<div id=\"attachment_705\" style=\"width: 310px\" class=\"wp-caption aligncenter\"><a href=\"http:\/\/blogg.folkuniversitetet.nu\/ioanvi\/files\/2015\/12\/PICT0869.jpg\"><img loading=\"lazy\" decoding=\"async\" aria-describedby=\"caption-attachment-705\" class=\"size-medium wp-image-705\" src=\"http:\/\/blogg.folkuniversitetet.nu\/ioanvi\/files\/2015\/12\/PICT0869-300x225.jpg\" alt=\"Digital StillCamera\" width=\"300\" height=\"225\" srcset=\"https:\/\/blogg.folkuniversitetet.nu\/ioanvi\/files\/2015\/12\/PICT0869-300x225.jpg 300w, https:\/\/blogg.folkuniversitetet.nu\/ioanvi\/files\/2015\/12\/PICT0869-1024x768.jpg 1024w\" sizes=\"auto, (max-width: 300px) 100vw, 300px\" \/><\/a><p id=\"caption-attachment-705\" class=\"wp-caption-text\">Digital StillCamera<\/p><\/div>\n<audio class=\"wp-audio-shortcode\" id=\"audio-699-3\" preload=\"none\" style=\"width: 100%;\" controls=\"controls\"><source type=\"audio\/mpeg\" src=\"http:\/\/blogg.folkuniversitetet.nu\/ioanvi\/files\/2015\/12\/dagbokDel3.mp3?_=3\" \/><a href=\"http:\/\/blogg.folkuniversitetet.nu\/ioanvi\/files\/2015\/12\/dagbokDel3.mp3\">http:\/\/blogg.folkuniversitetet.nu\/ioanvi\/files\/2015\/12\/dagbokDel3.mp3<\/a><\/audio>\n<p><strong><span style=\"color: #000080\">\u0388\u03bd\u03b1\u03c2 \u03c0\u03b5\u03bb\u03ac\u03c4\u03b7\u03c2 \u03ad\u03c1\u03c7\u03b5\u03c4\u03b1\u03b9<\/span> \/<\/strong><em>En\u00a0kund\u00a0kommer<\/em><\/p>\n<p><span style=\"color: #008000\">Enas pelatis erchet\u00e4<\/span><\/p>\n<p><strong><span style=\"color: #000080\">\u03ba\u03b1\u03b9 \u03ba\u03ac\u03b8\u03b5\u03c4\u03b1\u03b9 \u03c3\u03b5 \u03ad\u03bd\u03b1 \u03c4\u03c1\u03b1\u03c0\u03ad\u03b6\u03b9 \u03b4\u03af\u03c0\u03bb\u03b1 \u03c3\u03c4\u03b7 \u03b8\u03ac\u03bb\u03b1\u03c3\u03c3\u03b1.<\/span> \/<\/strong><em>och sitter vid ett bord bredvid havet.<\/em><\/p>\n<p><span style=\"color: #008000\">k\u00e4 kathet\u00e4 se ena trapezi dipla sti thalassa.\u00a0<\/span><\/p>\n<p><strong><span style=\"color: #000080\">\u039a\u03b1\u03b8\u03b1\u03c1\u03af\u03b6\u03c9 \u03c4\u03bf \u03c4\u03c1\u03b1\u03c0\u03ad\u03b6\u03b9 \u03ba\u03b1\u03b9 \u03c0\u03b1\u03af\u03c1\u03bd\u03c9 \u03c0\u03b1\u03c1\u03b1\u03b3\u03b3\u03b5\u03bb\u03af\u03b1.<\/span>\/<\/strong><em>Jag torkar bordet och tar best\u00e4llning.<\/em><\/p>\n<p><span style=\"color: #008000\">Kathariz\u00e5 to trapezi k\u00e4 p\u00e4rn\u00e5 parangelia.<\/span><\/p>\n<div id=\"attachment_706\" style=\"width: 310px\" class=\"wp-caption aligncenter\"><a href=\"http:\/\/blogg.folkuniversitetet.nu\/ioanvi\/files\/2015\/12\/PICT0870.jpg\"><img loading=\"lazy\" decoding=\"async\" aria-describedby=\"caption-attachment-706\" class=\"size-medium wp-image-706\" src=\"http:\/\/blogg.folkuniversitetet.nu\/ioanvi\/files\/2015\/12\/PICT0870-300x225.jpg\" alt=\"Digital StillCamera\" width=\"300\" height=\"225\" srcset=\"https:\/\/blogg.folkuniversitetet.nu\/ioanvi\/files\/2015\/12\/PICT0870-300x225.jpg 300w, https:\/\/blogg.folkuniversitetet.nu\/ioanvi\/files\/2015\/12\/PICT0870-1024x768.jpg 1024w\" sizes=\"auto, (max-width: 300px) 100vw, 300px\" \/><\/a><p id=\"caption-attachment-706\" class=\"wp-caption-text\">Digital StillCamera<\/p><\/div>\n<audio class=\"wp-audio-shortcode\" id=\"audio-699-4\" preload=\"none\" style=\"width: 100%;\" controls=\"controls\"><source type=\"audio\/mpeg\" src=\"http:\/\/blogg.folkuniversitetet.nu\/ioanvi\/files\/2015\/12\/dagbokDel4.mp3?_=4\" \/><a href=\"http:\/\/blogg.folkuniversitetet.nu\/ioanvi\/files\/2015\/12\/dagbokDel4.mp3\">http:\/\/blogg.folkuniversitetet.nu\/ioanvi\/files\/2015\/12\/dagbokDel4.mp3<\/a><\/audio>\n<p><span style=\"color: #000080\"><strong>\u03a3\u03ae\u03bc\u03b5\u03c1\u03b1<\/strong><strong>\u00a0<\/strong><strong>\u03ad\u03c7\u03b5\u03b9<\/strong><strong>\u00a0<\/strong><strong>\u03c0\u03bf\u03bb\u03bb\u03ae<\/strong><strong>\u00a0<\/strong><strong>\u03b6\u03ad\u03c3\u03c4\u03b7<\/strong><\/span><strong><span style=\"color: #000080\">.<\/span>\/<\/strong><em>\u00a0Idag \u00e4r det mycket varmt!<\/em><\/p>\n<p><span style=\"color: #008000\">Simera echi poli zesti.<\/span><\/p>\n<p><span style=\"color: #000080\"><strong>\u039f<\/strong><strong>\u00a0<\/strong><strong>\u03ae\u03bb\u03b9\u03bf\u03c2<\/strong><strong>\u00a0<\/strong><strong>\u03ba\u03b1\u03af\u03b5\u03b9<\/strong><\/span><strong><span style=\"color: #000080\">\u2026!<\/span>\/ <\/strong><em>Solen br\u00e4nner\u2026!<\/em><\/p>\n<p><span style=\"color: #008000\">O ilios k\u00e4i&#8230;!<\/span><\/p>\n<p><strong><span style=\"color: #000080\">\u039c\u03b5\u03c4\u03ac \u03c4\u03b7 \u03b4\u03bf\u03c5\u03bb\u03b5\u03b9\u03ac \u03b8\u03b1 \u03ba\u03ac\u03bd\u03c9 \u03bc\u03b9\u03b1 \u03b2\u03bf\u03c5\u03c4\u03b9\u03ac \u03c3\u03c4\u03b7 \u03b8\u03ac\u03bb\u03b1\u03c3\u03c3\u03b1!<\/span> \/<\/strong><em>Efter jobbet tar jag ett dopp i havet.<\/em><\/p>\n<p><span style=\"color: #008000\">\u00a0Meta ti dulia tha kan\u00e5 mia vutia sti thalassa.\u00a0<\/span><\/p>\n<p><em>\u00a0<\/em><\/p>\n<p><iframe loading=\"lazy\" title=\"\u039c\u03b9\u03c7\u03ac\u03bb\u03b7\u03c2 \u03a7\u03b1\u03c4\u03b6\u03b7\u03b3\u03b9\u03ac\u03bd\u03bd\u03b7\u03c2- \u03a4\u03bf \u03ba\u03b1\u03bb\u03bf\u03ba\u03b1\u03af\u03c1\u03b9 \u03bc\u03bf\u03c5\" width=\"640\" height=\"480\" src=\"https:\/\/www.youtube.com\/embed\/FLMmvZNHRAE?feature=oembed\" frameborder=\"0\" allow=\"accelerometer; autoplay; clipboard-write; encrypted-media; gyroscope; picture-in-picture; web-share\" referrerpolicy=\"strict-origin-when-cross-origin\" allowfullscreen><\/iframe><\/p>\n<p><em>\u00a0<\/em><\/p>\n<p><em>\u00a0<\/em><\/p>\n","protected":false},"excerpt":{"rendered":"<p>\u0397\u03bc\u03b5\u03c1\u03bf\u03bb\u03cc\u03b3\u03b9\u03bf!\u00a0Dagbok \u039c\u03b5 \u03bb\u03ad\u03bd\u03b5 \u039c\u03b1\u03c1\u03af\u03b1.\/\u00a0Jag\u00a0heter\u00a0Maria! Me lene Maria. \u0394\u03bf\u03c5\u03bb\u03b5\u03cd\u03c9 \u03c3\u03b5 \u03ad\u03bd\u03b1 bar \u03c3\u03c4\u03b7\u03bd \u03c0\u03b1\u03c1\u03b1\u03bb\u03af\u03b1 \u03ba\u03ac\u03b8\u03b5 \u03ba\u03b1\u03bb\u03bf\u03ba\u03b1\u03af\u03c1\u03b9.\/Jag jobbar p\u00e5 enbar vid stranden varje sommar. Dulev\u00e5 se ena bar stin paralia kathe kalok\u00e4ri. \u03a3\u03b7\u03ba\u03ce\u03bd\u03bf\u03bc\u03b1\u03b9\u00a0\u03c3\u03c4\u03b9\u03c2\u00a06.00 \u03ba\u03ac\u03b8\u03b5\u00a0\u03c0\u03c1\u03c9\u03af.\/\u00a0Jag stiger upp vid 6.00 varje morgon! Sikonom\u00e4 stis &hellip; <a href=\"https:\/\/blogg.folkuniversitetet.nu\/ioanvi\/grekiskanyborjarkurs\/dagbok-text\/\">Forts\u00e4tt l\u00e4sa <span class=\"meta-nav\">&rarr;<\/span><\/a><\/p>\n","protected":false},"author":71,"featured_media":0,"parent":477,"menu_order":0,"comment_status":"closed","ping_status":"closed","template":"","meta":{"footnotes":""},"class_list":["post-699","page","type-page","status-publish","hentry"],"_links":{"self":[{"href":"https:\/\/blogg.folkuniversitetet.nu\/ioanvi\/wp-json\/wp\/v2\/pages\/699","targetHints":{"allow":["GET"]}}],"collection":[{"href":"https:\/\/blogg.folkuniversitetet.nu\/ioanvi\/wp-json\/wp\/v2\/pages"}],"about":[{"href":"https:\/\/blogg.folkuniversitetet.nu\/ioanvi\/wp-json\/wp\/v2\/types\/page"}],"author":[{"embeddable":true,"href":"https:\/\/blogg.folkuniversitetet.nu\/ioanvi\/wp-json\/wp\/v2\/users\/71"}],"replies":[{"embeddable":true,"href":"https:\/\/blogg.folkuniversitetet.nu\/ioanvi\/wp-json\/wp\/v2\/comments?post=699"}],"version-history":[{"count":6,"href":"https:\/\/blogg.folkuniversitetet.nu\/ioanvi\/wp-json\/wp\/v2\/pages\/699\/revisions"}],"predecessor-version":[{"id":713,"href":"https:\/\/blogg.folkuniversitetet.nu\/ioanvi\/wp-json\/wp\/v2\/pages\/699\/revisions\/713"}],"up":[{"embeddable":true,"href":"https:\/\/blogg.folkuniversitetet.nu\/ioanvi\/wp-json\/wp\/v2\/pages\/477"}],"wp:attachment":[{"href":"https:\/\/blogg.folkuniversitetet.nu\/ioanvi\/wp-json\/wp\/v2\/media?parent=699"}],"curies":[{"name":"wp","href":"https:\/\/api.w.org\/{rel}","templated":true}]}}