{"id":654,"date":"2015-11-22T08:54:08","date_gmt":"2015-11-22T08:54:08","guid":{"rendered":"http:\/\/blogg.folkuniversitetet.nu\/ioanvi\/?page_id=654"},"modified":"2015-11-27T11:27:04","modified_gmt":"2015-11-27T11:27:04","slug":"substantiv-n","status":"publish","type":"page","link":"https:\/\/blogg.folkuniversitetet.nu\/ioanvi\/grekiskanyborjarkurs\/substantiv-n\/","title":{"rendered":"Substantiv (n)"},"content":{"rendered":"<p><strong><u>SUBSTANTIV<\/u><\/strong><\/p>\n<p>Grekiska substantiv \u00e4r uppdelade i tre genus: <strong>maskulinum, femininum<\/strong> och <strong>neutrum<\/strong>.<\/p>\n<p><strong><u>Maskulinum<\/u><\/strong> \u00e4r manliga personer men ocks\u00e5 vissa djur och saker. De maskulina substativen slutar p\u00e5 \u2013<strong>\u03bf\u03c2, &#8211;<\/strong><strong>\u03b1\u03c2<\/strong>, eller <strong>\u2013<\/strong><strong>\u03b7\u03c2<\/strong>. De har best\u00e4md artikel <strong>\u03bf<\/strong> och obest\u00e4md artikel <strong>\u03ad\u03bd\u03b1\u03c2.<\/strong><\/p>\n<table>\n<tbody>\n<tr>\n<td colspan=\"3\" width=\"852\">\n<p style=\"text-align: center\"><strong>MASKULINUM<\/strong><\/p>\n<\/td>\n<\/tr>\n<tr>\n<td width=\"284\"><\/td>\n<td width=\"284\"><strong>Subjektsform<\/strong><\/td>\n<td width=\"284\"><strong>\u00a0<\/strong><\/td>\n<\/tr>\n<tr>\n<td width=\"284\"><strong>Best\u00e4md form<\/strong><\/p>\n<p><strong>Obets\u00e4md form<\/strong><\/td>\n<td width=\"284\">\u03bf \u03c3\u03b5\u03c1\u03b2\u03b9\u03c4\u03cc\u03c1<strong>\u03bf\u03c2<\/strong><\/p>\n<p>\u03ad\u03bd\u03b1\u03c2 \u03c3\u03b5\u03c1\u03b2\u03b9\u03c4\u03cc\u03c1<strong>\u03bf\u03c2<\/strong><\/td>\n<td width=\"284\">o servitor<strong>os<\/strong><\/p>\n<p>enas servitor<strong>os<\/strong><\/td>\n<\/tr>\n<tr>\n<td width=\"284\"><strong>Best\u00e4md form<\/strong><\/p>\n<p><strong>Obets\u00e4md form<\/strong><\/td>\n<td width=\"284\">\u03bf \u03ac\u03bd\u03c4\u03c1<strong>\u03b1\u03c2 <\/strong><\/p>\n<p>\u03ad\u03bd\u03b1\u03c2 \u03ac\u03bd\u03c4\u03c1<strong>\u03b1\u03c2<\/strong><\/td>\n<td width=\"284\">o andr<strong>as<\/strong><\/p>\n<p>enas andr<strong>as<\/strong><\/td>\n<\/tr>\n<tr>\n<td width=\"284\"><strong>Best\u00e4md form<\/strong><\/p>\n<p><strong>Obets\u00e4md form<\/strong><\/td>\n<td width=\"284\">\u03bf \u03b5\u03c0\u03b9\u03b2\u03ac\u03c4<strong>\u03b7\u03c2<\/strong><\/p>\n<p>\u03ad\u03bd\u03b1\u03c2 \u03b5\u03c0\u03b9\u03b2\u03ac\u03c4<strong>\u03b7\u03c2<\/strong><\/td>\n<td width=\"284\">o epivat<strong>is<\/strong><\/p>\n<p>enas epivat<strong>is<\/strong><\/td>\n<\/tr>\n<\/tbody>\n<\/table>\n<p>&nbsp;<\/p>\n<p><strong><u>Femininum<\/u><\/strong> \u00e4r manliga personer men ocks\u00e5 vissa djur och saker. De maskulina substativen slutar p\u00e5 <strong>\u2013<\/strong><strong>\u03b7<\/strong>, eller <strong>&#8211;<\/strong><strong>\u03b1<\/strong>. De har best\u00e4md artikel <strong>\u03b7<\/strong> och obest\u00e4md artikel <strong>\u03bc\u03b9\u03b1<\/strong><strong>.<\/strong><strong>\u00a0<\/strong><\/p>\n<table>\n<tbody>\n<tr>\n<td colspan=\"3\" width=\"852\">\n<p style=\"text-align: center\"><strong>FEMININUM<\/strong><\/p>\n<\/td>\n<\/tr>\n<tr>\n<td width=\"284\"><\/td>\n<td width=\"284\"><strong>Subjektsform<\/strong><\/td>\n<td width=\"284\"><strong>\u00a0<\/strong><\/td>\n<\/tr>\n<tr>\n<td width=\"284\"><strong>Best\u00e4md form<\/strong><\/p>\n<p><strong>Obets\u00e4md form<\/strong><\/td>\n<td width=\"284\">\u03b7 \u03bc\u03c0\u03b1\u03bd\u03ac\u03bd<strong>\u03b1<\/strong><\/p>\n<p>\u03bc\u03b9\u03b1 \u03bc\u03c0\u03b1\u03bd\u03ac\u03bd<strong>\u03b1<\/strong><\/td>\n<td width=\"284\">i banan<strong>a<\/strong><\/p>\n<p>mia banan<strong>a<\/strong><\/td>\n<\/tr>\n<tr>\n<td width=\"284\"><strong>Best\u00e4md form<\/strong><\/p>\n<p><strong>Obets\u00e4md form<\/strong><\/td>\n<td width=\"284\">\u03b7 \u03c4\u03b9\u03bc<strong>\u03ae<\/strong><\/p>\n<p>\u03bc\u03b9\u03b1 \u03c4\u03b9\u03bc<strong>\u03ae<\/strong><\/td>\n<td width=\"284\">i tim<strong>i<\/strong><\/p>\n<p>mia tim<strong>i<\/strong><\/td>\n<\/tr>\n<\/tbody>\n<\/table>\n<p>&nbsp;<\/p>\n<p><strong><u>\u00a0<\/u><\/strong><strong><u>Neutrum<\/u><\/strong> anv\u00e4nds f\u00f6r barn men ocks\u00e5 vissa djur och saker. De <strong>neutra <\/strong>substativen slutar p\u00e5 &#8211;<strong>\u03b9<\/strong><strong> , &#8211;<\/strong><strong>\u03bf<\/strong> eller <strong>&#8211; <\/strong><strong>\u03bc\u03b1<\/strong>. De har best\u00e4md artikel <strong>\u00a0<\/strong><strong>\u03c4\u03bf<\/strong> och obest\u00e4md artikel <strong>\u03ad\u03bd\u03b1<\/strong><strong>.<\/strong><\/p>\n<table>\n<tbody>\n<tr>\n<td colspan=\"3\" width=\"852\">\n<p style=\"text-align: center\"><strong>NEUTRUM<\/strong><\/p>\n<\/td>\n<\/tr>\n<tr>\n<td width=\"284\"><\/td>\n<td width=\"284\"><strong>Subjektsform<\/strong><\/td>\n<td width=\"284\"><strong>\u00a0<\/strong><\/td>\n<\/tr>\n<tr>\n<td width=\"284\"><strong>Best\u00e4md form<\/strong><\/p>\n<p><strong>Obets\u00e4md form<\/strong><\/td>\n<td width=\"284\">\u03c4\u03bf \u03c3\u03c0\u03af\u03c4<strong>\u03b9<\/strong><\/p>\n<p>\u03ad\u03bd\u03b1 \u03c3\u03c0\u03af\u03c4<strong>\u03b9<\/strong><\/td>\n<td width=\"284\">to spit<strong>i<\/strong><\/p>\n<p>ena spit<strong>i<\/strong><\/td>\n<\/tr>\n<tr>\n<td width=\"284\"><strong>Best\u00e4md form<\/strong><\/p>\n<p><strong>Obets\u00e4md form<\/strong><\/td>\n<td width=\"284\">\u03c4\u03bf \u03bc\u03ae\u03bb<strong>\u03bf<\/strong><\/p>\n<p>\u03ad\u03bd\u03b1 \u03bc\u03ae\u03bb<strong>\u03bf<\/strong><\/td>\n<td width=\"284\">to mil<strong>o<\/strong><\/p>\n<p>ena mil<strong>o<\/strong><\/td>\n<\/tr>\n<tr>\n<td width=\"284\"><strong>Best\u00e4md form<\/strong><\/p>\n<p><strong>Obets\u00e4md form<\/strong><\/td>\n<td width=\"284\">\u03c4\u03bf \u03c0\u03c1\u03cc\u03b2\u03bb\u03b7<strong>\u03bc\u03b1<\/strong><\/p>\n<p>\u03ad\u03bd\u03b1 \u03c0\u03c1\u03cc\u03b2\u03bb\u03b7<strong>\u03bc\u03b1<\/strong><\/td>\n<td width=\"284\">to provlim<strong>a<\/strong><\/p>\n<p>ena problim<strong>a<\/strong><\/td>\n<\/tr>\n<\/tbody>\n<\/table>\n<p>************************************************************************************<\/p>\n<p><a href=\"http:\/\/blogg.folkuniversitetet.nu\/ioanvi\/files\/2015\/11\/20111230201.jpg\"><img loading=\"lazy\" decoding=\"async\" class=\"size-medium wp-image-678 aligncenter\" src=\"http:\/\/blogg.folkuniversitetet.nu\/ioanvi\/files\/2015\/11\/20111230201-300x225.jpg\" alt=\"20111230201\" width=\"300\" height=\"225\" srcset=\"https:\/\/blogg.folkuniversitetet.nu\/ioanvi\/files\/2015\/11\/20111230201-300x225.jpg 300w, https:\/\/blogg.folkuniversitetet.nu\/ioanvi\/files\/2015\/11\/20111230201-1024x768.jpg 1024w, https:\/\/blogg.folkuniversitetet.nu\/ioanvi\/files\/2015\/11\/20111230201.jpg 2048w\" sizes=\"auto, (max-width: 300px) 100vw, 300px\" \/><\/a><\/p>\n<p style=\"text-align: center\"><strong><span style=\"color: #333333\"><u>\u00d6vningsbok, kapitel 2, sida 11\/facit\/uttal<\/u><\/span><\/strong><\/p>\n<p style=\"text-align: left\"><strong><em>A. Skriv ut b\u00e5de best\u00e4md och obest\u00e4md artikel f\u00f6r f\u00f6ljande ord.<\/em><\/strong><\/p>\n<audio class=\"wp-audio-shortcode\" id=\"audio-654-1\" preload=\"none\" style=\"width: 100%;\" controls=\"controls\"><source type=\"audio\/mpeg\" src=\"http:\/\/blogg.folkuniversitetet.nu\/ioanvi\/files\/2015\/11\/lyssna1.mp3?_=1\" \/><a href=\"http:\/\/blogg.folkuniversitetet.nu\/ioanvi\/files\/2015\/11\/lyssna1.mp3\">http:\/\/blogg.folkuniversitetet.nu\/ioanvi\/files\/2015\/11\/lyssna1.mp3<\/a><\/audio>\n<table>\n<tbody>\n<tr>\n<td width=\"213\"><span style=\"color: #003300\">\u03bf \u03c0\u03b1\u03c0\u03c0\u03bf\u03cd\u03c2<\/span><\/td>\n<td width=\"213\"><span style=\"color: #003300\">\u03ad\u03bd\u03b1\u03c2 \u03c0\u03b1\u03c0\u03c0\u03bf\u03cd\u03c2<\/span><\/td>\n<td width=\"213\">farfarn el. morfarn<\/td>\n<td width=\"213\">en farfar el. en morfar<\/td>\n<\/tr>\n<tr>\n<td width=\"213\"><span style=\"color: #003300\">\u03bf \u03b1\u03bd\u03b1\u03c0\u03c4\u03ae\u03c1\u03b1\u03c2<\/span><\/td>\n<td width=\"213\"><span style=\"color: #003300\">\u03ad\u03bd\u03b1\u03c2 \u03b1\u03bd\u03b1\u03c0\u03c4\u03ae\u03c1\u03b1\u03c2<\/span><\/td>\n<td width=\"213\">t\u00e4ndaren<\/td>\n<td width=\"213\">en t\u00e4ndare<\/td>\n<\/tr>\n<tr>\n<td width=\"213\"><span style=\"color: #003300\">\u03bf \u03c0\u03b1\u03c4\u03ad\u03c1\u03b1\u03c2<\/span><\/td>\n<td width=\"213\"><span style=\"color: #003300\">\u03ad\u03bd\u03b1\u03c2 \u03c0\u03b1\u03c4\u03ad\u03c1\u03b1\u03c2<\/span><\/td>\n<td width=\"213\">pappan<\/td>\n<td width=\"213\">en pappa<\/td>\n<\/tr>\n<\/tbody>\n<\/table>\n<audio class=\"wp-audio-shortcode\" id=\"audio-654-2\" preload=\"none\" style=\"width: 100%;\" controls=\"controls\"><source type=\"audio\/mpeg\" src=\"http:\/\/blogg.folkuniversitetet.nu\/ioanvi\/files\/2015\/11\/lyssna2.mp3?_=2\" \/><a href=\"http:\/\/blogg.folkuniversitetet.nu\/ioanvi\/files\/2015\/11\/lyssna2.mp3\">http:\/\/blogg.folkuniversitetet.nu\/ioanvi\/files\/2015\/11\/lyssna2.mp3<\/a><\/audio>\n<table>\n<tbody>\n<tr>\n<td width=\"213\"><span style=\"color: #800080\">\u03b7 \u03c0\u03cc\u03c1\u03c4\u03b1<\/span><\/td>\n<td width=\"213\"><span style=\"color: #800080\">\u03bc\u03af\u03b1 \u03c0\u03cc\u03c1\u03c4\u03b1<\/span><\/td>\n<td width=\"213\">d\u00f6rren<\/td>\n<td width=\"213\">en d\u00f6rr<\/td>\n<\/tr>\n<tr>\n<td width=\"213\"><span style=\"color: #993366\">\u03b7 \u03b4\u03b1\u03c3\u03ba\u03ac\u03bb\u03b1<\/span><\/td>\n<td width=\"213\"><span style=\"color: #993366\">\u03bc\u03af\u03b1 \u03b4\u03b1\u03c3\u03ba\u03ac\u03bb\u03b1<\/span><\/td>\n<td width=\"213\">l\u00e4rarinnan<\/td>\n<td width=\"213\">en l\u00e4rarinna<\/td>\n<\/tr>\n<tr>\n<td width=\"213\"><span style=\"color: #993366\">\u03b7 \u03ba\u03b1\u03c1\u03ad\u03ba\u03bb\u03b1<\/span><\/td>\n<td width=\"213\"><span style=\"color: #993366\">\u03bc\u03af\u03b1 \u03ba\u03b1\u03c1\u03ad\u03ba\u03bb\u03b1<\/span><\/td>\n<td width=\"213\">stolen<\/td>\n<td width=\"213\">en stol<\/td>\n<\/tr>\n<tr>\n<td width=\"213\"><span style=\"color: #993366\">\u03b7 \u03b2\u03b1\u03bb\u03af\u03c4\u03c3\u03b1<\/span><\/td>\n<td width=\"213\"><span style=\"color: #993366\">\u03bc\u03af\u03b1 \u03b2\u03b1\u03bb\u03af\u03c4\u03c3\u03b1<\/span><\/td>\n<td width=\"213\">v\u00e4skan<\/td>\n<td width=\"213\">en v\u00e4ska<\/td>\n<\/tr>\n<\/tbody>\n<\/table>\n<audio class=\"wp-audio-shortcode\" id=\"audio-654-3\" preload=\"none\" style=\"width: 100%;\" controls=\"controls\"><source type=\"audio\/mpeg\" src=\"http:\/\/blogg.folkuniversitetet.nu\/ioanvi\/files\/2015\/11\/lyssna3.mp3?_=3\" \/><a href=\"http:\/\/blogg.folkuniversitetet.nu\/ioanvi\/files\/2015\/11\/lyssna3.mp3\">http:\/\/blogg.folkuniversitetet.nu\/ioanvi\/files\/2015\/11\/lyssna3.mp3<\/a><\/audio>\n<table>\n<tbody>\n<tr>\n<td width=\"213\"><span style=\"color: #333399\">\u03c4\u03bf \u03c8\u03ac\u03c1\u03b9<\/span><\/td>\n<td width=\"213\"><span style=\"color: #333399\">\u03ad\u03bd\u03b1 \u03c8\u03ac\u03c1\u03b9<\/span><\/td>\n<td width=\"213\">fisken<\/td>\n<td width=\"213\">en fisk<\/td>\n<\/tr>\n<tr>\n<td width=\"213\"><span style=\"color: #333399\">\u03c4\u03bf \u03ba\u03c1\u03b5\u03b2\u03ac\u03c4\u03b9<\/span><\/td>\n<td width=\"213\"><span style=\"color: #333399\">\u03ad\u03bd\u03b1 \u03ba\u03c1\u03b5\u03b2\u03ac\u03c4\u03b9<\/span><\/td>\n<td width=\"213\">s\u00e4ngen<\/td>\n<td width=\"213\">en s\u00e4ng<\/td>\n<\/tr>\n<tr>\n<td width=\"213\">\u03c4<span style=\"color: #333399\">\u03bf \u03b2\u03b9\u03b2\u03bb\u03af\u03bf<\/span><\/td>\n<td width=\"213\"><span style=\"color: #333399\">\u03ad\u03bd\u03b1 \u03b2\u03b9\u03b2\u03bb\u03af\u03bf<\/span><\/td>\n<td width=\"213\">boken<\/td>\n<td width=\"213\">en bok<\/td>\n<\/tr>\n<tr>\n<td width=\"213\"><span style=\"color: #333399\">\u03c4\u03bf \u03bf\u03cd\u03b6\u03bf<\/span><\/td>\n<td width=\"213\"><span style=\"color: #333399\">\u03ad\u03bd\u03b1 \u03bf\u03cd\u03b6\u03bf<\/span><\/td>\n<td width=\"213\"><\/td>\n<td width=\"213\"><\/td>\n<\/tr>\n<tr>\n<td width=\"213\"><span style=\"color: #333399\">\u03c4\u03bf \u03b3\u03c1\u03ac\u03bc\u03bc\u03b1<\/span><\/td>\n<td width=\"213\"><span style=\"color: #333399\">\u03ad\u03bd\u03b1 \u03b3\u03c1\u03ac\u03bc\u03bc\u03b1<\/span><\/td>\n<td width=\"213\">brevet<\/td>\n<td width=\"213\">ett brev<\/td>\n<\/tr>\n<\/tbody>\n<\/table>\n<p><strong>\u00a0<em>Skriv ut b\u00e5de best\u00e4md och obest\u00e4md artikel f\u00f6r f\u00f6ljande ord.<\/em><\/strong><\/p>\n<audio class=\"wp-audio-shortcode\" id=\"audio-654-4\" preload=\"none\" style=\"width: 100%;\" controls=\"controls\"><source type=\"audio\/mpeg\" src=\"http:\/\/blogg.folkuniversitetet.nu\/ioanvi\/files\/2015\/11\/lyssna4.mp3?_=4\" \/><a href=\"http:\/\/blogg.folkuniversitetet.nu\/ioanvi\/files\/2015\/11\/lyssna4.mp3\">http:\/\/blogg.folkuniversitetet.nu\/ioanvi\/files\/2015\/11\/lyssna4.mp3<\/a><\/audio>\n<table>\n<tbody>\n<tr>\n<td width=\"213\"><span style=\"color: #ff0000\">\u03bf \u03ba\u03b1\u03bd\u03b1\u03c0\u03ad\u03c2*<\/span><\/td>\n<td width=\"213\"><span style=\"color: #ff0000\">\u03ad\u03bd\u03b1\u03c2 \u03ba\u03b1\u03bd\u03b1\u03c0\u03ad\u03c2<\/span><\/td>\n<td width=\"213\">soffan<\/td>\n<td width=\"213\">en soffa<\/td>\n<\/tr>\n<tr>\n<td width=\"213\"><span style=\"color: #003300\">\u03bf \u03b5\u03c1\u03b3\u03ac\u03c4\u03b7\u03c2<\/span><\/td>\n<td width=\"213\"><span style=\"color: #003300\">\u03ad\u03bd\u03b1\u03c2 \u03b5\u03c1\u03b3\u03ac\u03c4\u03b7\u03c2<\/span><\/td>\n<td width=\"213\">arbetaren<\/td>\n<td width=\"213\">en arbetare<\/td>\n<\/tr>\n<tr>\n<td width=\"213\"><span style=\"color: #003300\">\u03bf \u03c6\u03ac\u03ba\u03b5\u03bb\u03bf\u03c2<\/span><\/td>\n<td width=\"213\"><span style=\"color: #003300\">\u03ad\u03bd\u03b1\u03c2 \u03c6\u03ac\u03ba\u03b5\u03bb\u03bf\u03c2<\/span><\/td>\n<td width=\"213\">kuvertet<\/td>\n<td width=\"213\">ett kuvert<\/td>\n<\/tr>\n<tr>\n<td width=\"213\"><span style=\"color: #003300\">\u03bf \u03b3\u03b9\u03b1\u03c4\u03c1\u03cc\u03c2<\/span><\/td>\n<td width=\"213\"><span style=\"color: #003300\">\u03ad\u03bd\u03b1\u03c2 \u03b3\u03b9\u03b1\u03c4\u03c1\u03cc\u03c2<\/span><\/td>\n<td width=\"213\">l\u00e4karen<\/td>\n<td width=\"213\">en l\u00e4kare<\/td>\n<\/tr>\n<\/tbody>\n<\/table>\n<p><em><strong>*OBS!<\/strong><\/em> N\u00e5gra f\u00e5 ord som slutar p\u00e5 \u2013\u03b5\u03c2 kan ocks\u00e5 vara maskulinum. Man l\u00e4r sig dem lexikaliskt, n\u00e4mligen utantill. T ex <em>\u03bf \u03ba\u03b1\u03bd\u03b1\u03c0\u03ad\u03c2<\/em><\/p>\n<audio class=\"wp-audio-shortcode\" id=\"audio-654-5\" preload=\"none\" style=\"width: 100%;\" controls=\"controls\"><source type=\"audio\/mpeg\" src=\"http:\/\/blogg.folkuniversitetet.nu\/ioanvi\/files\/2015\/11\/lyssna5.mp3?_=5\" \/><a href=\"http:\/\/blogg.folkuniversitetet.nu\/ioanvi\/files\/2015\/11\/lyssna5.mp3\">http:\/\/blogg.folkuniversitetet.nu\/ioanvi\/files\/2015\/11\/lyssna5.mp3<\/a><\/audio>\n<table>\n<tbody>\n<tr>\n<td width=\"213\"><span style=\"color: #993366\">\u03b7 \u03c4\u03c1\u03ac\u03c0\u03b5\u03b6\u03b1<\/span><\/td>\n<td width=\"213\"><span style=\"color: #993366\">\u03bc\u03af\u03b1 \u03c4\u03c1\u03ac\u03c0\u03b5\u03b6\u03b1<\/span><\/td>\n<td width=\"213\"><span style=\"color: #000000\">banken<\/span><\/td>\n<td width=\"213\"><span style=\"color: #000000\">en bank<\/span><\/td>\n<\/tr>\n<tr>\n<td width=\"213\"><span style=\"color: #993366\">\u03b7 \u03b2\u03c1\u03cd\u03c3\u03b7<\/span><\/td>\n<td width=\"213\"><span style=\"color: #993366\">\u03bc\u03af\u03b1 \u03b2\u03c1\u03cd\u03c3\u03b7<\/span><\/td>\n<td width=\"213\">kranen<\/td>\n<td width=\"213\">en kran<\/td>\n<\/tr>\n<tr>\n<td width=\"213\"><span style=\"color: #993366\">\u03b7 \u03b2\u03c1\u03bf\u03c7\u03ae*<\/span><\/td>\n<td width=\"213\"><span style=\"color: #993366\">\u03bc\u03af\u03b1 \u03b2\u03c1\u03bf\u03c7\u03ae<\/span><\/td>\n<td width=\"213\">regnet<\/td>\n<td width=\"213\">ett regn<\/td>\n<\/tr>\n<\/tbody>\n<\/table>\n<audio class=\"wp-audio-shortcode\" id=\"audio-654-6\" preload=\"none\" style=\"width: 100%;\" controls=\"controls\"><source type=\"audio\/mpeg\" src=\"http:\/\/blogg.folkuniversitetet.nu\/ioanvi\/files\/2015\/11\/lyssna6.mp3?_=6\" \/><a href=\"http:\/\/blogg.folkuniversitetet.nu\/ioanvi\/files\/2015\/11\/lyssna6.mp3\">http:\/\/blogg.folkuniversitetet.nu\/ioanvi\/files\/2015\/11\/lyssna6.mp3<\/a><\/audio>\n<table>\n<tbody>\n<tr>\n<td width=\"213\"><span style=\"color: #000080\">\u03c4\u03bf \u00a0\u03b2\u03bf\u03c5\u03bd\u03cc<\/span><\/td>\n<td width=\"213\"><span style=\"color: #000080\">\u03ad\u03bd\u03b1 \u03b2\u03bf\u03c5\u03bd\u03cc<\/span><\/td>\n<td width=\"213\">berget<\/td>\n<td width=\"213\">ett berg<\/td>\n<\/tr>\n<tr>\n<td width=\"213\"><span style=\"color: #000080\">\u03c4\u03bf \u03c0\u03b1\u03b9\u03b4\u03af<\/span><\/td>\n<td width=\"213\"><span style=\"color: #000080\">\u03ad\u03bd\u03b1 \u03c0\u03b1\u03b9\u03b4\u03af<\/span><\/td>\n<td width=\"213\">barnet<\/td>\n<td width=\"213\">ett barn<\/td>\n<\/tr>\n<tr>\n<td width=\"213\"><span style=\"color: #000080\">\u03c4\u03bf \u03c3\u03c0\u03af\u03c4\u03b9<\/span><\/td>\n<td width=\"213\"><span style=\"color: #000080\">\u03ad\u03bd\u03b1 \u03c3\u03c0\u03af\u03c4\u03b9<\/span><\/td>\n<td width=\"213\">huset<\/td>\n<td width=\"213\">ett hus<\/td>\n<\/tr>\n<tr>\n<td width=\"213\"><span style=\"color: #000080\">\u03c4\u03bf \u03ad\u03c4\u03bf\u03c2*<\/span><\/td>\n<td width=\"213\"><span style=\"color: #000080\">\u03ad\u03bd\u03b1 \u03ad\u03c4\u03bf\u03c2<\/span><\/td>\n<td width=\"213\">\u00e5ret<\/td>\n<td width=\"213\">ett \u00e5r<\/td>\n<\/tr>\n<\/tbody>\n<\/table>\n<p><em><strong>*OBS!<\/strong><\/em> N\u00e5gra f\u00e5 ord som slutar p\u00e5 \u2013\u03b5\u03c2 kan ocks\u00e5 vara maskulinum. Man l\u00e4r sig dem lexikaliskt, n\u00e4mligen utantill. T ex \u03c4\u03bf \u03ad\u03c4\u03bf\u03c2<\/p>\n<p style=\"text-align: center\"><a href=\"http:\/\/blogg.folkuniversitetet.nu\/ioanvi\/files\/2015\/11\/S5003433-\u0391\u03bd\u03c4\u03af\u03b3\u03c1\u03b1\u03c6\u03bf.jpg\"><img loading=\"lazy\" decoding=\"async\" class=\"alignnone size-medium wp-image-677\" src=\"http:\/\/blogg.folkuniversitetet.nu\/ioanvi\/files\/2015\/11\/S5003433-\u0391\u03bd\u03c4\u03af\u03b3\u03c1\u03b1\u03c6\u03bf-300x225.jpg\" alt=\"S5003433 - \u0391\u03bd\u03c4\u03af\u03b3\u03c1\u03b1\u03c6\u03bf\" width=\"300\" height=\"225\" srcset=\"https:\/\/blogg.folkuniversitetet.nu\/ioanvi\/files\/2015\/11\/S5003433-\u0391\u03bd\u03c4\u03af\u03b3\u03c1\u03b1\u03c6\u03bf-300x225.jpg 300w, https:\/\/blogg.folkuniversitetet.nu\/ioanvi\/files\/2015\/11\/S5003433-\u0391\u03bd\u03c4\u03af\u03b3\u03c1\u03b1\u03c6\u03bf-1024x768.jpg 1024w\" sizes=\"auto, (max-width: 300px) 100vw, 300px\" \/><\/a><\/p>\n<p>&nbsp;<\/p>\n<p>&nbsp;<\/p>\n<p>&nbsp;<\/p>\n","protected":false},"excerpt":{"rendered":"<p>SUBSTANTIV Grekiska substantiv \u00e4r uppdelade i tre genus: maskulinum, femininum och neutrum. Maskulinum \u00e4r manliga personer men ocks\u00e5 vissa djur och saker. De maskulina substativen slutar p\u00e5 \u2013\u03bf\u03c2, &#8211;\u03b1\u03c2, eller \u2013\u03b7\u03c2. De har best\u00e4md artikel \u03bf och obest\u00e4md artikel \u03ad\u03bd\u03b1\u03c2. &hellip; <a href=\"https:\/\/blogg.folkuniversitetet.nu\/ioanvi\/grekiskanyborjarkurs\/substantiv-n\/\">Forts\u00e4tt l\u00e4sa <span class=\"meta-nav\">&rarr;<\/span><\/a><\/p>\n","protected":false},"author":71,"featured_media":0,"parent":477,"menu_order":0,"comment_status":"closed","ping_status":"closed","template":"","meta":{"footnotes":""},"class_list":["post-654","page","type-page","status-publish","hentry"],"_links":{"self":[{"href":"https:\/\/blogg.folkuniversitetet.nu\/ioanvi\/wp-json\/wp\/v2\/pages\/654","targetHints":{"allow":["GET"]}}],"collection":[{"href":"https:\/\/blogg.folkuniversitetet.nu\/ioanvi\/wp-json\/wp\/v2\/pages"}],"about":[{"href":"https:\/\/blogg.folkuniversitetet.nu\/ioanvi\/wp-json\/wp\/v2\/types\/page"}],"author":[{"embeddable":true,"href":"https:\/\/blogg.folkuniversitetet.nu\/ioanvi\/wp-json\/wp\/v2\/users\/71"}],"replies":[{"embeddable":true,"href":"https:\/\/blogg.folkuniversitetet.nu\/ioanvi\/wp-json\/wp\/v2\/comments?post=654"}],"version-history":[{"count":7,"href":"https:\/\/blogg.folkuniversitetet.nu\/ioanvi\/wp-json\/wp\/v2\/pages\/654\/revisions"}],"predecessor-version":[{"id":680,"href":"https:\/\/blogg.folkuniversitetet.nu\/ioanvi\/wp-json\/wp\/v2\/pages\/654\/revisions\/680"}],"up":[{"embeddable":true,"href":"https:\/\/blogg.folkuniversitetet.nu\/ioanvi\/wp-json\/wp\/v2\/pages\/477"}],"wp:attachment":[{"href":"https:\/\/blogg.folkuniversitetet.nu\/ioanvi\/wp-json\/wp\/v2\/media?parent=654"}],"curies":[{"name":"wp","href":"https:\/\/api.w.org\/{rel}","templated":true}]}}