{"id":618,"date":"2015-11-07T11:24:01","date_gmt":"2015-11-07T11:24:01","guid":{"rendered":"http:\/\/blogg.folkuniversitetet.nu\/ioanvi\/?page_id=618"},"modified":"2015-11-07T11:24:01","modified_gmt":"2015-11-07T11:24:01","slug":"pa-jarnvagsstationen-n","status":"publish","type":"page","link":"https:\/\/blogg.folkuniversitetet.nu\/ioanvi\/grekiskanyborjarkurs\/pa-jarnvagsstationen-n\/","title":{"rendered":"P\u00e5 j\u00e4rnv\u00e4gsstationen (N)"},"content":{"rendered":"<audio class=\"wp-audio-shortcode\" id=\"audio-618-1\" preload=\"none\" style=\"width: 100%;\" controls=\"controls\"><source type=\"audio\/mpeg\" src=\"http:\/\/blogg.folkuniversitetet.nu\/ioanvi\/files\/2015\/11\/TRENO.mp3?_=1\" \/><a href=\"http:\/\/blogg.folkuniversitetet.nu\/ioanvi\/files\/2015\/11\/TRENO.mp3\">http:\/\/blogg.folkuniversitetet.nu\/ioanvi\/files\/2015\/11\/TRENO.mp3<\/a><\/audio>\n<p><span style=\"color: #000080\"><strong>\u03a3\u03c4\u03bf\u03bd \u03c3\u03b9\u03b4\u03b7\u03c1\u03bf\u03b4\u03c1\u03bf\u03bc\u03af\u03ba\u03cc \u03c3\u03c4\u03b1\u03b8\u03bc\u03cc.\/<\/strong> Ston sidirodromiko stathmo.\/ P\u00e5 j\u00e4rnv\u00e4gsstationen.<\/span><\/p>\n<p><span style=\"color: #000080\"><strong>\u039f \u039a\u03ce\u03c3\u03c4\u03b1\u03c2 \u03b5\u03af\u03bd\u03b1\u03b9 \u03c3\u03c4\u03bf\u03bd \u03c3\u03b9\u03b4\u03b7\u03c1\u03bf\u03b4\u03c1\u03bf\u03bc\u03af\u03ba\u03cc \u03c3\u03c4\u03b1\u03b8\u03bc\u03cc \u03c4\u03b7\u03c2 \u0391\u03b8\u03ae\u03bd\u03b1\u03c2.<\/strong><\/span><\/p>\n<p><span style=\"color: #000080\"><em>O kostas in\u00e4 ston sidirodromiko stathmo tis Athinas.\/ Kostas \u00e4r p\u00e5 j\u00e4rnv\u00e4gstationen i Aten.<\/em><\/span><\/p>\n<p><span style=\"color: #000080\"><em>\u00a0<\/em><strong>_ \u03a7\u03b1\u03af\u03c1\u03b5\u03c4\u03b5!<\/strong> <em>Ch\u00e4<\/em><em>rete!<\/em><\/span><\/p>\n<p><span style=\"color: #000080\"><strong>_ \u03a7\u03b1\u03af\u03c1\u03b5\u03c4\u03b5!<\/strong><\/span><\/p>\n<p><span style=\"color: #000080\"><strong>_\u0398\u03ad\u03bb\u03c9 \u03ad\u03bd\u03b1 \u03b5\u03b9\u03c3\u03b9\u03c4\u03ae\u03c1\u03b9\u03bf \u03bc\u03b5 \u03b5\u03c0\u03b9\u03c3\u03c4\u03c1\u03bf\u03c6\u03ae \u03b3\u03b9\u03b1 \u039a\u03cc\u03c1\u03b9\u03bd\u03b8\u03bf. \u03a0\u03cc\u03c3\u03bf \u03ba\u03bf\u03c3\u03c4\u03af\u03b6\u03b5\u03b9;\/\u00a0<\/strong><em>Thel\u00e5 ena isitirio me epistrofi gia Korintho. <\/em><em>Poso kostizi?\/Jag vill (ha) en biljett tur och reur till Korinthus. Vad kostar den?<\/em><\/span><\/p>\n<p><span style=\"color: #000080\"><strong>_30 \u03b5\u03c5\u03c1\u03ce.<\/strong><\/span><\/p>\n<p><span style=\"color: #000080\"><strong>_\u039f\u03c1\u03af\u03c3\u03c4\u03b5! \u03a0\u03cc\u03c4\u03b5 \u03c6\u03b5\u03cd\u03b3\u03b5\u03b9 \u03c4\u03bf \u03c4\u03c1\u03ad\u03bd\u03bf;<\/strong> <em>Oriste! <\/em><em>Pote fevgi to treno?\/Vars\u00e5god! N\u00e4r g\u00e5r t\u00e5get?<\/em><\/span><\/p>\n<p><span style=\"color: #000080\">_ 16.45<\/span><\/p>\n<p><span style=\"color: #000080\"><strong>_ \u03a4\u03b9 \u03ce\u03c1\u03b1 \u03c6\u03c4\u03ac\u03bd\u03b5\u03b9 \u03c3\u03c4\u03b7\u03bd \u039a\u03cc\u03c1\u03b9\u03bd\u03b8\u03bf; \u0398\u03ad\u03bb\u03c9 \u03bd\u03b1 \u03b5\u03af\u03bc\u03b1\u03b9 \u03b5\u03ba\u03b5\u03af \u03c3\u03c4\u03b9\u03c2 20.00.\/\u00a0<\/strong>Ti \u00e5ra ftani stin Korintho? Thel\u00e5 na im\u00e4 eki stis 20.00. \/N\u00e4r kommer (det) till Korinthus. Jag vill vara d\u00e4r klockan 20.00.<\/span><\/p>\n<p><span style=\"color: #000080\">_ 19.30<\/span><\/p>\n<p><span style=\"color: #000080\"><strong>_ \u0388\u03c7\u03b5\u03b9 \u03ba\u03b1\u03bd\u03ad\u03bd\u03b1 \u03c4\u03c1\u03ad\u03bd\u03bf \u03b1\u03c0\u03cc \u03c4\u03b7\u03bd \u039a\u03cc\u03c1\u03b9\u03bd\u03b8\u03bf \u03b3\u03b9\u03b1 \u03b5\u03b4\u03ce \u03b1\u03cd\u03c1\u03b9\u03bf \u03c4\u03bf \u03b1\u03c0\u03cc\u03b3\u03b5\u03c5\u03bc\u03b1;\/\u00a0<\/strong><em>\u00a0<\/em><em>Echi kanena treno apo tin Korintho gia ed\u00e5 avrio to apogevma?\/ Finns det n\u00e5got t\u00e5g fr\u00e5n Korithus hit imorgon i eftermiddag?<\/em><\/span><\/p>\n<p><span style=\"color: #000080\"><em>\u00a0<\/em><strong>_ \u039c\u03b9\u03b1 \u03c3\u03c4\u03b9\u03b3\u03bc\u03ae! \u039d\u03b1\u03b9! \u0391\u03c0\u03cc \u03b5\u03ba\u03b5\u03af \u03c6\u03b5\u03cd\u03b3\u03b5\u03b9 \u03c3\u03c4\u03b9\u03c2 18.05 \u03ba\u03b1\u03b9 \u03c6\u03c4\u03ac\u03bd\u03b5\u03b9 \u03b5\u03b4\u03ce \u03c3\u03c4\u03b9\u03c2 20.00<\/strong>.\/\u00a0<em>Mia stigmi. N\u00e4! Apo eki fevgi stis 18.05 k\u00e4 ftani ed\u00e5 stiw 20.00.\/ Ett \u00f6gonblick! Ja! D\u00e4rifr\u00e5n g\u00e5r (det) klockan 18.05 och (det) kommer fram hit klockan 20.00.<\/em><\/span><\/p>\n<p><span style=\"color: #000080\"><strong>_ \u0395\u03c5\u03c7\u03b1\u03c1\u03b9\u03c3\u03c4\u03ce<\/strong><strong> \u03c0\u03bf\u03bb\u03cd<\/strong><strong>!<\/strong><\/span><\/p>\n<p><span style=\"color: #000080\"><strong>_ \u03a0\u03b1\u03c1\u03b1\u03ba\u03b1\u03bb\u03ce<\/strong><strong>!\u00a0<\/strong><\/span><\/p>\n<p>*********************************************************************<\/p>\n<p><strong>Ordlista:<\/strong><\/p>\n<audio class=\"wp-audio-shortcode\" id=\"audio-618-2\" preload=\"none\" style=\"width: 100%;\" controls=\"controls\"><source type=\"audio\/mpeg\" src=\"http:\/\/blogg.folkuniversitetet.nu\/ioanvi\/files\/2015\/11\/TRENOordlista.mp3?_=2\" \/><a href=\"http:\/\/blogg.folkuniversitetet.nu\/ioanvi\/files\/2015\/11\/TRENOordlista.mp3\">http:\/\/blogg.folkuniversitetet.nu\/ioanvi\/files\/2015\/11\/TRENOordlista.mp3<\/a><\/audio>\n<p><span style=\"color: #800080\"><strong>\u03c3\u03c4\u03bf\u03bd<\/strong><strong> \u03c3\u03b9\u03b4\u03b7\u03c1\u03bf\u03b4\u03c1\u03bf\u03bc\u03b9\u03ba\u03cc<\/strong><strong> \u03c3\u03c4\u03b1\u03b8\u03bc\u03cc<\/strong><strong>: <\/strong>p\u00e5 j\u00e4rnv\u00e4gstationen<\/span><\/p>\n<p><span style=\"color: #800080\"><strong>\u03b8\u03ad\u03bb\u03c9<\/strong><strong>: <\/strong>jag vill<\/span><\/p>\n<p><span style=\"color: #800080\"><strong>\u03bc\u03b5<\/strong><strong> \u03b5\u03c0\u03b9\u03c3\u03c4\u03c1\u03bf\u03c6\u03ae<\/strong><strong>: <\/strong>tur och retur<\/span><\/p>\n<p><span style=\"color: #800080\"><strong>\u03c6\u03b5\u03cd\u03b3\u03c9<\/strong><strong>: <\/strong>jag g\u00e5r\/ \u00e5ker<\/span><\/p>\n<p><span style=\"color: #800080\"><strong>\u03c6\u03c4\u03ac\u03bd\u03c9<\/strong><strong>: <\/strong>jag kommer fram<\/span><\/p>\n<p><span style=\"color: #800080\"><strong>\u03b5\u03b4\u03ce:<\/strong>h\u00e4r<\/span><\/p>\n<p><span style=\"color: #800080\"><strong>\u03b5\u03ba\u03b5\u03af:<\/strong>d\u00e4r<\/span><\/p>\n<p><span style=\"color: #800080\"><strong>\u03b1\u03c0\u03cc \u03b5\u03b4\u03ce: <\/strong>h\u00e4rifr\u00e5n<\/span><\/p>\n<p><span style=\"color: #800080\"><strong>\u03b1\u03c0\u03cc \u03b5\u03ba\u03b5\u03af:<\/strong> d\u00e4rifr\u00e5n<\/span><\/p>\n<p><span style=\"color: #800080\"><strong>\u03ba\u03b1\u03bd\u03ad\u03bd\u03b1 \u03c4\u03c1\u03ad\u03bd\u03bf: <\/strong>n\u00e5got t\u00e5g<\/span><\/p>\n<p><span style=\"color: #800080\"><strong>\u03bc\u03b9\u03b1<\/strong><strong> \u03c3\u03c4\u03b9\u03b3\u03bc\u03ae<\/strong>: ett \u00f6gonblick<\/span><\/p>\n<p>*************************************************************************<\/p>\n<p><u>Fr\u00e5gor och svar: OBS! Fr\u00e5<\/u><u>georden!\u00a0<\/u><\/p>\n<audio class=\"wp-audio-shortcode\" id=\"audio-618-3\" preload=\"none\" style=\"width: 100%;\" controls=\"controls\"><source type=\"audio\/mpeg\" src=\"http:\/\/blogg.folkuniversitetet.nu\/ioanvi\/files\/2015\/11\/TRENOfr\u00e5gor.mp3?_=3\" \/><a href=\"http:\/\/blogg.folkuniversitetet.nu\/ioanvi\/files\/2015\/11\/TRENOfr\u00e5gor.mp3\">http:\/\/blogg.folkuniversitetet.nu\/ioanvi\/files\/2015\/11\/TRENOfr\u00e5gor.mp3<\/a><\/audio>\n<p>&nbsp;<\/p>\n<ul>\n<li><span style=\"color: #008000\"><strong>\u03a0\u03bf\u03b9\u03bf\u03c2 <\/strong>\u03b5\u03af\u03bd\u03b1\u03b9 \u03c3\u03c4\u03bf\u03bd \u03a3\u03b9\u03b4\u03b7\u03c1\u03bf\u03b4\u03c1\u03bf\u03bc\u03b9\u03ba\u03cc \u03a3\u03c4\u03b1\u03b8\u03bc\u03cc \u03c4\u03b7\u03c2 \u0391\u03b8\u03ae\u03bd\u03b1\u03c2;\/<em>Pios in\u00e4 ston Sidirodromiko Stathmo tis Athinas?\/<strong>Vem <\/strong>\u00e4r p\u00e5 J\u00e4rnv\u00e4gstationen i Aten?<\/em><\/span><\/li>\n<li><span style=\"color: #008000\"><strong>\u03a0\u03bf\u03cd<\/strong> \u03b5\u03af\u03bd\u03b1\u03b9 \u03bf \u039a\u03ce\u03c3\u03c4\u03b1\u03c2; <em>Pu in\u00e4 o Kostas?\/<strong> Var<\/strong> \u00e4r Kostas?<\/em><\/span><\/li>\n<li><span style=\"color: #008000\"><strong>\u03a0\u03bf\u03cd<\/strong> \u03b8\u03ad\u03bb\u03b5\u03b9 \u03bd\u03b1 \u03c4\u03b1\u03be\u03b9\u03b4\u03ad\u03c8\u03b5\u03b9 \u03bf \u039a\u03ce\u03c3\u03c4\u03b1\u03c2; <em>Pu theli na taksidepsi o Kostas?\/ <strong>Vart<\/strong> vill Kostas resa?<\/em><\/span><\/li>\n<li><span style=\"color: #008000\"><strong>\u039c\u03b5 \u03c4\u03b9<\/strong> \u03b8\u03b1 \u03c4\u03b1\u03be\u03b9\u03b4\u03ad\u03c8\u03b5\u03b9 \u03bf \u039a\u03ce\u03c3\u03c4\u03b1\u03c2; <em>Me ti tha taksidepsi o Kostas?\/ <strong>Vad <\/strong>ska Kostas resa <strong>med<\/strong>?<\/em><\/span><\/li>\n<li><span style=\"color: #008000\"><strong>\u03a0\u03cc\u03c4\u03b5 <\/strong>\u03c6\u03b5\u03cd\u03b3\u03b5\u03b9 \u03c4\u03bf \u03c4\u03c1\u03ad\u03bd\u03bf \u03b1\u03c0\u03cc \u03c4\u03b7\u03bd \u0391\u03b8\u03ae\u03bd\u03b1; <em>Pote fevgi to treno apo tin Athina?\/<strong>N\u00e4r<\/strong> g\u00e5r t\u00e5get fr\u00e5n Aten?<\/em><\/span><\/li>\n<li><span style=\"color: #008000\"><strong>\u03a0\u03cc\u03c4\u03b5<\/strong> \u03c6\u03c4\u03ac\u03bd\u03b5\u03b9 \u03c4\u03bf \u03c4\u03c1\u03ad\u03bd\u03bf \u03c3\u03c4\u03b7\u03bd \u039a\u03cc\u03c1\u03b9\u03bd\u03b8\u03bf;<em>Pote ftani to treno stin Korintho?\/ <\/em><strong><em>N\u00e4<\/em><\/strong><strong><em>r<\/em><\/strong> <em>kommer <\/em><em>t\u00e5<\/em><em>get <\/em><em>fram <\/em><em>till <\/em><em>Korinthus?<\/em><\/span><\/li>\n<li><span style=\"color: #008000\"><strong>\u03a0\u03cc\u03c3\u03bf <\/strong>\u03ba\u03ac\u03bd\u03b5\u03b9 \u03c4\u03bf \u03b5\u03b9\u03c3\u03b9\u03c4\u03ae\u03c1\u03b9\u03bf \u03b1\u03c0\u03cc \u03c4\u03b7\u03bd \u0391\u03b8\u03ae\u03bd\u03b1 \u03b3\u03b9\u03b1 \u03c4\u03b7\u03bd \u039a\u03cc\u03c1\u03b9\u03bd\u03b8\u03bf \u03bc\u03b5 \u03c4\u03c1\u03ad\u03bd\u03bf; <em>Poso kani to isitirio apo tin Athina gia tin Korintho me to treno?\/ <\/em><strong><em>Hur mycket<\/em><\/strong><em> kostar biljetten fr\u00e5n Aten till Korintus med t\u00e5g?<\/em><\/span><\/li>\n<li><span style=\"color: #008000\">\u0388\u03c7\u03b5\u03b9 \u03ba\u03b1\u03bd\u03ad\u03bd\u03b1 \u03c4\u03c1\u03ad\u03bd\u03bf \u03b1\u03c0\u03cc \u03c4\u03b7\u03bd \u039a\u03cc\u03c1\u03b9\u03bd\u03b8\u03bf \u03b3\u03b9\u03b1 \u03c4\u03b7\u03bd \u0391\u03b8\u03ae\u03bd\u03b1; <em>Echi kanena treno apo tin Korintho gia tin Athina?\/ Finns det n\u00e5got t\u00e5g fr\u00e5n Korithus till Aten?<\/em><\/span><\/li>\n<\/ul>\n<p>&nbsp;<\/p>\n<p>&nbsp;<\/p>\n<p>&nbsp;<\/p>\n<p><strong>\u00a0<\/strong><\/p>\n<p><strong>\u00a0<\/strong><\/p>\n<p><strong>\u00a0<\/strong><\/p>\n<p><strong>\u00a0<\/strong><\/p>\n<p><strong>\u00a0<\/strong><\/p>\n","protected":false},"excerpt":{"rendered":"<p>\u03a3\u03c4\u03bf\u03bd \u03c3\u03b9\u03b4\u03b7\u03c1\u03bf\u03b4\u03c1\u03bf\u03bc\u03af\u03ba\u03cc \u03c3\u03c4\u03b1\u03b8\u03bc\u03cc.\/ Ston sidirodromiko stathmo.\/ P\u00e5 j\u00e4rnv\u00e4gsstationen. \u039f \u039a\u03ce\u03c3\u03c4\u03b1\u03c2 \u03b5\u03af\u03bd\u03b1\u03b9 \u03c3\u03c4\u03bf\u03bd \u03c3\u03b9\u03b4\u03b7\u03c1\u03bf\u03b4\u03c1\u03bf\u03bc\u03af\u03ba\u03cc \u03c3\u03c4\u03b1\u03b8\u03bc\u03cc \u03c4\u03b7\u03c2 \u0391\u03b8\u03ae\u03bd\u03b1\u03c2. O kostas in\u00e4 ston sidirodromiko stathmo tis Athinas.\/ Kostas \u00e4r p\u00e5 j\u00e4rnv\u00e4gstationen i Aten. \u00a0_ \u03a7\u03b1\u03af\u03c1\u03b5\u03c4\u03b5! Ch\u00e4rete! _ \u03a7\u03b1\u03af\u03c1\u03b5\u03c4\u03b5! _\u0398\u03ad\u03bb\u03c9 \u03ad\u03bd\u03b1 \u03b5\u03b9\u03c3\u03b9\u03c4\u03ae\u03c1\u03b9\u03bf \u03bc\u03b5 \u03b5\u03c0\u03b9\u03c3\u03c4\u03c1\u03bf\u03c6\u03ae &hellip; <a href=\"https:\/\/blogg.folkuniversitetet.nu\/ioanvi\/grekiskanyborjarkurs\/pa-jarnvagsstationen-n\/\">Forts\u00e4tt l\u00e4sa <span class=\"meta-nav\">&rarr;<\/span><\/a><\/p>\n","protected":false},"author":71,"featured_media":0,"parent":477,"menu_order":0,"comment_status":"closed","ping_status":"closed","template":"","meta":{"footnotes":""},"class_list":["post-618","page","type-page","status-publish","hentry"],"_links":{"self":[{"href":"https:\/\/blogg.folkuniversitetet.nu\/ioanvi\/wp-json\/wp\/v2\/pages\/618","targetHints":{"allow":["GET"]}}],"collection":[{"href":"https:\/\/blogg.folkuniversitetet.nu\/ioanvi\/wp-json\/wp\/v2\/pages"}],"about":[{"href":"https:\/\/blogg.folkuniversitetet.nu\/ioanvi\/wp-json\/wp\/v2\/types\/page"}],"author":[{"embeddable":true,"href":"https:\/\/blogg.folkuniversitetet.nu\/ioanvi\/wp-json\/wp\/v2\/users\/71"}],"replies":[{"embeddable":true,"href":"https:\/\/blogg.folkuniversitetet.nu\/ioanvi\/wp-json\/wp\/v2\/comments?post=618"}],"version-history":[{"count":1,"href":"https:\/\/blogg.folkuniversitetet.nu\/ioanvi\/wp-json\/wp\/v2\/pages\/618\/revisions"}],"predecessor-version":[{"id":619,"href":"https:\/\/blogg.folkuniversitetet.nu\/ioanvi\/wp-json\/wp\/v2\/pages\/618\/revisions\/619"}],"up":[{"embeddable":true,"href":"https:\/\/blogg.folkuniversitetet.nu\/ioanvi\/wp-json\/wp\/v2\/pages\/477"}],"wp:attachment":[{"href":"https:\/\/blogg.folkuniversitetet.nu\/ioanvi\/wp-json\/wp\/v2\/media?parent=618"}],"curies":[{"name":"wp","href":"https:\/\/api.w.org\/{rel}","templated":true}]}}