{"id":584,"date":"2015-11-01T08:02:05","date_gmt":"2015-11-01T08:02:05","guid":{"rendered":"http:\/\/blogg.folkuniversitetet.nu\/ioanvi\/?page_id=584"},"modified":"2015-11-01T08:26:05","modified_gmt":"2015-11-01T08:26:05","slug":"vad-ska-du-gora-imorgontext","status":"publish","type":"page","link":"https:\/\/blogg.folkuniversitetet.nu\/ioanvi\/grekiskafortsattningskurs\/vad-ska-du-gora-imorgontext\/","title":{"rendered":"Vad ska du g\u00f6ra imorgon?\/Text"},"content":{"rendered":"<p><span style=\"text-decoration: underline;color: #ff0000\"><strong>Ordf\u00f6rr\u00e5d:\u00a0<\/strong><\/span><\/p>\n<audio class=\"wp-audio-shortcode\" id=\"audio-584-1\" preload=\"none\" style=\"width: 100%;\" controls=\"controls\"><source type=\"audio\/mpeg\" src=\"http:\/\/blogg.folkuniversitetet.nu\/ioanvi\/files\/2015\/11\/ordf\u00f6rr\u00e5d.mp3?_=1\" \/><a href=\"http:\/\/blogg.folkuniversitetet.nu\/ioanvi\/files\/2015\/11\/ordf\u00f6rr\u00e5d.mp3\">http:\/\/blogg.folkuniversitetet.nu\/ioanvi\/files\/2015\/11\/ordf\u00f6rr\u00e5d.mp3<\/a><\/audio>\n<p><strong><span style=\"color: #008000\">\u03b2\u03bb\u03ad\u03c0\u03c9 \u03c4\u03b7\u03bb\u03b5\u03cc\u03c1\u03b1\u03c3\u03b7\u00a0\u00a0\u00a0\u00a0\u00a0\u00a0\u00a0\u00a0\u00a0\u00a0\u00a0\u00a0\u00a0\u00a0\u00a0\u00a0\u00a0\u00a0\u00a0\u00a0\u00a0\u00a0\u00a0\u00a0 \u03c0\u03b7\u03b3\u03b1\u03af\u03bd\u03c9 \u03c3\u03c4\u03bf \u03c3\u03c7\u03bf\u03bb\u03b5\u03af\u03bf\u00a0\u00a0\u00a0\u00a0\u00a0\u00a0\u00a0\u00a0\u00a0\u00a0\u00a0\u00a0\u00a0\u00a0\u00a0\u00a0\u00a0\u00a0 \u03b1\u03ba\u03bf\u03cd\u03c9 \u03bc\u03bf\u03c5\u03c3\u03b9\u03ba\u03ae<\/span><\/strong><\/p>\n<p><em>jag tittar p\u00e5 TV \u00a0 \u00a0 \u00a0 \u00a0 \u00a0 \u00a0 \u00a0 \u00a0 \u00a0 \u00a0 \u00a0 \u00a0 \u00a0 \u00a0 \u00a0 \u00a0 \u00a0 \u00a0 jag g\u00e5r i skolan \u00a0 \u00a0 \u00a0 \u00a0 \u00a0 \u00a0 \u00a0 \u00a0 \u00a0 \u00a0 \u00a0 \u00a0 \u00a0 \u00a0 \u00a0jag lyssnar p\u00e5 musik<\/em><\/p>\n<p><strong><span style=\"color: #008000\">\u03c0\u03b7\u03b3\u03b1\u03af\u03bd\u03c9 \u03c3\u03b9\u03bd\u03b5\u03bc\u03ac \u00a0 \u00a0 \u00a0 \u00a0 \u00a0 \u00a0 \u00a0 \u00a0 \u00a0 \u00a0 \u00a0 \u00a0 \u00a0 \u00a0 \u00a0 \u00a0 \u00a0 \u00a0 \u00a0 \u00a0 \u03c7\u03bf\u03c1\u03b5\u03cd\u03c9 \u00a0 \u00a0 \u00a0 \u00a0 \u00a0 \u00a0 \u00a0 \u00a0 \u00a0 \u00a0 \u00a0 \u00a0 \u00a0 \u00a0 \u00a0 \u00a0\u03bc\u03b1\u03b8\u03b1\u03af\u03bd\u03c9 \u03b5\u03bb\u03bb\u03b7\u03bd\u03b9\u03ba\u03ac<\/span><\/strong><\/p>\n<p><em>jag g\u00e5r p\u00e5 bio \u00a0 \u00a0 \u00a0 \u00a0 \u00a0 \u00a0 \u00a0 \u00a0 \u00a0 \u00a0 \u00a0 \u00a0 \u00a0 \u00a0 \u00a0 \u00a0 \u00a0 \u00a0 \u00a0 \u00a0 \u00a0jag dansar \u00a0 \u00a0 \u00a0 \u00a0 \u00a0 \u00a0 \u00a0 \u00a0 \u00a0 \u00a0 \u00a0 \u00a0 \u00a0 \u00a0 \u00a0 \u00a0 \u00a0 \u00a0 \u00a0 jag l\u00e4r mig grekiska<\/em><\/p>\n<p><span style=\"color: #008000\"><strong>\u03c8\u03b1\u03c1\u03b5\u03cd\u03c9 \u03c3\u03c4\u03b7\u03bd \u03b8\u03ac\u03bb\u03b1\u03c3\u03c3\u03b1 \u00a0 \u00a0 \u00a0 \u00a0 \u00a0 \u00a0 \u00a0 \u00a0 \u03b4\u03b9\u03b1\u03b2\u03ac\u03b6\u03c9 \u03ad\u03bd\u03b1 \u03b2\u03b9\u03b2\u03bb\u03af\u03bf \u00a0 \u00a0 \u00a0 \u00a0 \u00a0 \u00a0 \u00a0 \u00a0\u03c4\u03b5\u03bb\u03b5\u03b9\u03ce\u03bd\u03c9 \u03c4\u03bf \u03bc\u03ac\u03b8\u03b7\u03bc\u03b1<\/strong><\/span><\/p>\n<p><em>jag fiskar i havet \u00a0 \u00a0 \u00a0 \u00a0 \u00a0 \u00a0 \u00a0 \u00a0 \u00a0 \u00a0 \u00a0 \u00a0 \u00a0 \u00a0 \u00a0 \u00a0 \u00a0 \u00a0 \u00a0jag l\u00e4ser en bok \u00a0 \u00a0 \u00a0 \u00a0 \u00a0 \u00a0 \u00a0 \u00a0 \u00a0 \u00a0 \u00a0 \u00a0 \u00a0 \u00a0 \u00a0 jag slutar lektione<\/em>n<\/p>\n<p><span style=\"color: #008000\"><strong>\u03c3\u03c4\u03c1\u03ce\u03bd\u03c9 \u03c4\u03bf \u03c4\u03c1\u03b1\u03c0\u03ad\u03b6\u03b9 \u00a0 \u00a0 \u00a0 \u00a0 \u00a0 \u00a0 \u00a0 \u00a0 \u00a0 \u00a0 \u00a0 \u00a0\u03c3\u03c4\u03c1\u03ce\u03bd\u03c9 \u03c4\u03bf \u03ba\u03c1\u03b5\u03b2\u03ac\u03c4\u03b9 \u00a0 \u00a0 \u00a0 \u00a0 \u00a0 \u00a0 \u00a0 \u00a0 \u00a0 \u00a0 \u03ba\u03bb\u03b1\u03b4\u03b5\u03cd\u03c9 \u03c4\u03bf \u03b4\u03ad\u03bd\u03c4\u03c1\u03bf<\/strong><\/span><\/p>\n<p><em>jag dukar bordet \u00a0 \u00a0 \u00a0 \u00a0 \u00a0 \u00a0 \u00a0 \u00a0 \u00a0 \u00a0 \u00a0 \u00a0 \u00a0 \u00a0 \u00a0 \u00a0 \u00a0 \u00a0 \u00a0jag b\u00e4ddar s\u00e4ngen \u00a0 \u00a0 \u00a0 \u00a0 \u00a0 \u00a0 \u00a0 \u00a0 \u00a0 \u00a0 \u00a0 \u00a0 \u00a0 \u00a0jag klipper tr\u00e4de<\/em>t<\/p>\n<p><strong><span style=\"color: #008000\">\u03ba\u03b1\u03b8\u03b1\u03c1\u03af\u03b6\u03c9 \u03c4\u03bf \u03c3\u03c0\u03af\u03c4\u03b9 \u00a0 \u00a0 \u00a0 \u00a0 \u00a0 \u00a0 \u00a0 \u00a0 \u00a0 \u00a0 \u00a0 \u00a0 \u00a0\u03bc\u03b1\u03b3\u03b5\u03b9\u03c1\u03b5\u03cd\u03c9 \u03c6\u03b1\u03b3\u03b7\u03c4\u03cc\u00a0\u00a0\u00a0\u00a0\u00a0\u00a0\u00a0\u00a0\u00a0\u00a0\u00a0\u00a0\u00a0\u00a0\u00a0\u00a0\u00a0\u00a0\u00a0\u00a0\u00a0\u00a0 \u03b1\u03bd\u03ac\u03b2\u03c9 \u03c4\u03b7\u03bd \u03bb\u03ac\u03bc\u03c0\u03b1<\/span><\/strong><\/p>\n<p><em>jag st\u00e4dar huset \u00a0 \u00a0 \u00a0 \u00a0 \u00a0 \u00a0 \u00a0 \u00a0 \u00a0 \u00a0 \u00a0 \u00a0 \u00a0 \u00a0 \u00a0 \u00a0 \u00a0 \u00a0 \u00a0 jag lagar mat \u00a0 \u00a0 \u00a0 \u00a0 \u00a0 \u00a0 \u00a0 \u00a0 \u00a0 \u00a0 \u00a0 \u00a0 \u00a0 \u00a0 \u00a0 \u00a0 \u00a0 \u00a0jag t\u00e4nder lampan<\/em><\/p>\n<p>************************************************************************************<\/p>\n<p><strong><span style=\"text-decoration: underline\"><span style=\"color: #ff0000;text-decoration: underline\">L\u00e4s texten och svara p\u00e5 fr\u00e5gorna nedan:<\/span><\/span><\/strong><\/p>\n<p style=\"text-align: center\"><strong><u>Text<\/u><\/strong><strong><u>: \u03a4\u03b9 \u03b8\u03b1 \u03ba\u03ac\u03bd\u03b5\u03b9\u03c2 \u03b1\u03cd\u03c1\u03b9\u03bf; <\/u><\/strong><em><u>Vad ska du g\u00f6ra imorgon?<\/u><\/em><\/p>\n<audio class=\"wp-audio-shortcode\" id=\"audio-584-2\" preload=\"none\" style=\"width: 100%;\" controls=\"controls\"><source type=\"audio\/mpeg\" src=\"http:\/\/blogg.folkuniversitetet.nu\/ioanvi\/files\/2015\/11\/textMaria.mp3?_=2\" \/><a href=\"http:\/\/blogg.folkuniversitetet.nu\/ioanvi\/files\/2015\/11\/textMaria.mp3\">http:\/\/blogg.folkuniversitetet.nu\/ioanvi\/files\/2015\/11\/textMaria.mp3<\/a><\/audio>\n<p><span style=\"color: #0000ff\">\u0393\u03b5\u03b9\u03b1 \u03c3\u03b1\u03c2, \u03bc\u03b5 \u03bb\u03ad\u03bd\u03b5 <strong>\u039c\u03b1\u03c1\u03af\u03b1.\u00a0<\/strong><\/span><span style=\"color: #0000ff\">\u0391\u03cd\u03c1\u03b9\u03bf \u03b4\u03b5\u03bd \u03b4\u03bf\u03c5\u03bb\u03b5\u03cd\u03c9 \u03ba\u03b1\u03b9 \u03b8\u03b1 \u03b5\u03af\u03bc\u03b1\u03b9 \u03c3\u03c4\u03bf \u03c3\u03c0\u03af\u03c4\u03b9.\u00a0<\/span><span style=\"color: #0000ff\">\u0398\u03b1 \u03c0\u03b1\u03af\u03b6\u03c9 \u03bc\u03b5 \u03c4\u03bf\u03bd \u03c3\u03ba\u03cd\u03bb\u03bf, \u03b8\u03b1 \u03b1\u03ba\u03bf\u03cd\u03c9 \u03bc\u03bf\u03c5\u03c3\u03b9\u03ba\u03ae, \u03b8\u03b1 \u03b2\u03bb\u03ad\u03c0\u03c9 \u03c4\u03b7\u03bb\u03b5\u03cc\u03c1\u03b1\u03c3\u03b7.<\/span><\/p>\n<audio class=\"wp-audio-shortcode\" id=\"audio-584-3\" preload=\"none\" style=\"width: 100%;\" controls=\"controls\"><source type=\"audio\/mpeg\" src=\"http:\/\/blogg.folkuniversitetet.nu\/ioanvi\/files\/2015\/11\/textKostas.mp3?_=3\" \/><a href=\"http:\/\/blogg.folkuniversitetet.nu\/ioanvi\/files\/2015\/11\/textKostas.mp3\">http:\/\/blogg.folkuniversitetet.nu\/ioanvi\/files\/2015\/11\/textKostas.mp3<\/a><\/audio>\n<p><span style=\"color: #993366\">\u0393\u03b5\u03b9\u03b1 \u03c3\u03b1\u03c2, \u03bc\u03b5 \u03bb\u03ad\u03bd\u03b5 <strong>\u039a\u03ce\u03c3\u03c4\u03b1.\u00a0<\/strong><\/span><span style=\"color: #993366\">\u0391\u03cd\u03c1\u03b9\u03bf \u03b2\u03c1\u03ac\u03b4\u03c5 \u03b4\u03b5\u03bd \u03b8\u03b1 \u03b5\u03af\u03bc\u03b1\u03b9 \u03c3\u03c4\u03bf \u03c3\u03c0\u03af\u03c4\u03b9.\u00a0<\/span><span style=\"color: #993366\">\u0398\u03b1 \u03c0\u03ac\u03c9 \u03c3\u03b9\u03bd\u03b5\u03bc\u03ac \u03ba\u03b1\u03b9 \u03bc\u03b5\u03c4\u03ac \u03b8\u03b1 \u03c0\u03ac\u03c9 \u03b3\u03b9\u03b1 \u03c6\u03b1\u03b3\u03b7\u03c4\u03cc \u03c3\u03b5 \u03ad\u03bd\u03b1 \u03b5\u03c3\u03c4\u03b9\u03b1\u03c4\u03cc\u03c1\u03b9\u03bf.<\/span><\/p>\n<audio class=\"wp-audio-shortcode\" id=\"audio-584-4\" preload=\"none\" style=\"width: 100%;\" controls=\"controls\"><source type=\"audio\/mpeg\" src=\"http:\/\/blogg.folkuniversitetet.nu\/ioanvi\/files\/2015\/11\/textEleni.mp3?_=4\" \/><a href=\"http:\/\/blogg.folkuniversitetet.nu\/ioanvi\/files\/2015\/11\/textEleni.mp3\">http:\/\/blogg.folkuniversitetet.nu\/ioanvi\/files\/2015\/11\/textEleni.mp3<\/a><\/audio>\n<p><span style=\"color: #008000\">\u0393\u03b5\u03b9\u03b1 \u03c3\u03b1\u03c2, \u03bc\u03b5 \u03bb\u03ad\u03bd\u03b5 <strong>\u0395\u03bb\u03ad\u03bd\u03b7.\u00a0<\/strong><\/span><span style=\"color: #008000\">\u0391\u03cd\u03c1\u03b9\u03bf \u03c4\u03bf \u03c0\u03c1\u03c9\u03af \u03b4\u03b5 \u03b8\u03b1 \u03b5\u03af\u03bc\u03b1\u03b9 \u03c3\u03c4\u03bf \u03c3\u03c0\u03af\u03c4\u03b9.\u00a0<\/span><span style=\"color: #008000\">\u0398\u03b1 \u03c0\u03ac\u03c9 \u03b3\u03b9\u03b1 \u03c8\u03ac\u03c1\u03b5\u03bc\u03b1. \u0398\u03b1 \u03c8\u03b1\u03c1\u03ad\u03c8\u03bf\u03c5\u03bc\u03b5 \u03c3\u03c4\u03b7\u03bd \u03b8\u03ac\u03bb\u03b1\u03c3\u03c3\u03b1 \u03bc\u03b5 \u03ad\u03bd\u03b1\u03bd \u03c6\u03af\u03bb\u03bf \u03bc\u03bf\u03c5.<\/span><\/p>\n<audio class=\"wp-audio-shortcode\" id=\"audio-584-5\" preload=\"none\" style=\"width: 100%;\" controls=\"controls\"><source type=\"audio\/mpeg\" src=\"http:\/\/blogg.folkuniversitetet.nu\/ioanvi\/files\/2015\/11\/textAntreas.mp3?_=5\" \/><a href=\"http:\/\/blogg.folkuniversitetet.nu\/ioanvi\/files\/2015\/11\/textAntreas.mp3\">http:\/\/blogg.folkuniversitetet.nu\/ioanvi\/files\/2015\/11\/textAntreas.mp3<\/a><\/audio>\n<p><span style=\"color: #ff0000\">\u0393\u03b5\u03b9\u03b1 \u03c3\u03b1\u03c2, \u03bc\u03b5 \u03bb\u03ad\u03bd\u03b5 <strong>\u0391\u03bd\u03c4\u03c1\u03ad\u03b1.\u00a0<\/strong><\/span><span style=\"color: #ff0000\">\u0391\u03cd\u03c1\u03b9\u03bf \u03b8\u03b1 \u03b5\u03af\u03bc\u03b1\u03b9 \u03c3\u03c4\u03bf \u03c3\u03c0\u03af\u03c4\u03b9.\u00a0<\/span><span style=\"color: #ff0000\">\u0398\u03b1 \u03ba\u03b1\u03b8\u03b1\u03c1\u03af\u03c3\u03c9 \u03c4\u03b7\u03bd \u03ba\u03bf\u03c5\u03b6\u03af\u03bd\u03b1 , \u03b8\u03b1 \u03ba\u03bb\u03b1\u03b4\u03ad\u03c8\u03c9 \u03c4\u03bf \u03b4\u03ad\u03bd\u03c4\u03c1\u03bf \u03ba\u03b1\u03b9 \u03b8\u03b1 \u03ba\u03cc\u03c8\u03c9 \u03c4\u03bf \u03b3\u03ba\u03b1\u03b6\u03cc\u03bd.<\/span><\/p>\n<p><strong>******************************************************<\/strong><\/p>\n<p style=\"text-align: left\"><span style=\"text-decoration: underline;color: #ff0000\">Vem ska g\u00f6ra vad? Skriv namnet brevid verben!<\/span><\/p>\n<p>\u039c\u03b1\u03c1\u03af\u03b1, \u039a\u03ce\u03c3\u03c4\u03b1\u03c2, \u0395\u03bb\u03ad\u03bd\u03b7, \u0391\u03bd\u03c4\u03c1\u03ad\u03b1\u03c2<\/p>\n<audio class=\"wp-audio-shortcode\" id=\"audio-584-6\" preload=\"none\" style=\"width: 100%;\" controls=\"controls\"><source type=\"audio\/mpeg\" src=\"http:\/\/blogg.folkuniversitetet.nu\/ioanvi\/files\/2015\/11\/\u03c4\u03b9\u03b8\u03b1\u03ba\u03b1\u03bd\u03b5\u03b9\u03c2\u03b5\u03c1\u03c9\u03c4.mp3?_=6\" \/><a href=\"http:\/\/blogg.folkuniversitetet.nu\/ioanvi\/files\/2015\/11\/\u03c4\u03b9\u03b8\u03b1\u03ba\u03b1\u03bd\u03b5\u03b9\u03c2\u03b5\u03c1\u03c9\u03c4.mp3\">http:\/\/blogg.folkuniversitetet.nu\/ioanvi\/files\/2015\/11\/\u03c4\u03b9\u03b8\u03b1\u03ba\u03b1\u03bd\u03b5\u03b9\u03c2\u03b5\u03c1\u03c9\u03c4.mp3<\/a><\/audio>\n<ol>\n<li>\u03b8\u03b1 \u03c0\u03b1\u03af\u03b6\u03c9 \u03bc\u03b5 \u03c4\u03bf\u03bd \u03c3\u03ba\u03cd\u03bb\u03bf<\/li>\n<li>\u03b8\u03b1 \u03c0\u03ac\u03c9 \u03c3\u03b9\u03bd\u03b5\u03bc\u03ac<\/li>\n<li>\u03b8\u03b1 \u03c0\u03ac\u03c9 \u03b3\u03b9\u03b1 \u03c8\u03ac\u03c1\u03b5\u03bc\u03b1<\/li>\n<li>\u03b8\u03b1 \u03ba\u03cc\u03c8\u03c9 \u03c4\u03bf \u03b3\u03ba\u03b1\u03b6\u03cc\u03bd<\/li>\n<li>\u03b8\u03b1 \u03b2\u03bb\u03ad\u03c0\u03c9 \u03c4\u03b7\u03bb\u03b5\u03cc\u03c1\u03b1\u03c3\u03b7<\/li>\n<li>\u03b8\u03b1 \u03ba\u03b1\u03b8\u03b1\u03c1\u03af\u03c3\u03c9 \u03c4\u03b7\u03bd \u03ba\u03bf\u03c5\u03b6\u03af\u03bd\u03b1<\/li>\n<li>\u03b8\u03b1 \u03ba\u03bb\u03b1\u03b4\u03ad\u03c8\u03c9 \u03c4\u03bf \u03b4\u03ad\u03bd\u03c4\u03c1\u03bf<\/li>\n<li>\u03b8\u03b1 \u03b1\u03ba\u03bf\u03cd\u03c9 \u03bc\u03bf\u03c5\u03c3\u03b9\u03ba\u03ae<\/li>\n<li>\u03b8\u03b1 \u03c0\u03ac\u03c9 \u03b3\u03b9\u03b1 \u03c6\u03b1\u03b3\u03b7\u03c4\u03cc \u03c3\u03b5 \u03ad\u03bd\u03b1 \u03b5\u03c3\u03c4\u03b9\u03b1\u03c4\u03cc\u03c1\u03b9\u03bf<\/li>\n<\/ol>\n<p>&nbsp;<\/p>\n","protected":false},"excerpt":{"rendered":"<p>Ordf\u00f6rr\u00e5d:\u00a0 \u03b2\u03bb\u03ad\u03c0\u03c9 \u03c4\u03b7\u03bb\u03b5\u03cc\u03c1\u03b1\u03c3\u03b7\u00a0\u00a0\u00a0\u00a0\u00a0\u00a0\u00a0\u00a0\u00a0\u00a0\u00a0\u00a0\u00a0\u00a0\u00a0\u00a0\u00a0\u00a0\u00a0\u00a0\u00a0\u00a0\u00a0\u00a0 \u03c0\u03b7\u03b3\u03b1\u03af\u03bd\u03c9 \u03c3\u03c4\u03bf \u03c3\u03c7\u03bf\u03bb\u03b5\u03af\u03bf\u00a0\u00a0\u00a0\u00a0\u00a0\u00a0\u00a0\u00a0\u00a0\u00a0\u00a0\u00a0\u00a0\u00a0\u00a0\u00a0\u00a0\u00a0 \u03b1\u03ba\u03bf\u03cd\u03c9 \u03bc\u03bf\u03c5\u03c3\u03b9\u03ba\u03ae jag tittar p\u00e5 TV \u00a0 \u00a0 \u00a0 \u00a0 \u00a0 \u00a0 \u00a0 \u00a0 \u00a0 \u00a0 \u00a0 \u00a0 \u00a0 \u00a0 \u00a0 \u00a0 \u00a0 \u00a0 jag g\u00e5r i skolan \u00a0 \u00a0 \u00a0 \u00a0 \u00a0 \u00a0 &hellip; <a href=\"https:\/\/blogg.folkuniversitetet.nu\/ioanvi\/grekiskafortsattningskurs\/vad-ska-du-gora-imorgontext\/\">Forts\u00e4tt l\u00e4sa <span class=\"meta-nav\">&rarr;<\/span><\/a><\/p>\n","protected":false},"author":71,"featured_media":0,"parent":472,"menu_order":0,"comment_status":"closed","ping_status":"closed","template":"","meta":{"footnotes":""},"class_list":["post-584","page","type-page","status-publish","hentry"],"_links":{"self":[{"href":"https:\/\/blogg.folkuniversitetet.nu\/ioanvi\/wp-json\/wp\/v2\/pages\/584","targetHints":{"allow":["GET"]}}],"collection":[{"href":"https:\/\/blogg.folkuniversitetet.nu\/ioanvi\/wp-json\/wp\/v2\/pages"}],"about":[{"href":"https:\/\/blogg.folkuniversitetet.nu\/ioanvi\/wp-json\/wp\/v2\/types\/page"}],"author":[{"embeddable":true,"href":"https:\/\/blogg.folkuniversitetet.nu\/ioanvi\/wp-json\/wp\/v2\/users\/71"}],"replies":[{"embeddable":true,"href":"https:\/\/blogg.folkuniversitetet.nu\/ioanvi\/wp-json\/wp\/v2\/comments?post=584"}],"version-history":[{"count":7,"href":"https:\/\/blogg.folkuniversitetet.nu\/ioanvi\/wp-json\/wp\/v2\/pages\/584\/revisions"}],"predecessor-version":[{"id":597,"href":"https:\/\/blogg.folkuniversitetet.nu\/ioanvi\/wp-json\/wp\/v2\/pages\/584\/revisions\/597"}],"up":[{"embeddable":true,"href":"https:\/\/blogg.folkuniversitetet.nu\/ioanvi\/wp-json\/wp\/v2\/pages\/472"}],"wp:attachment":[{"href":"https:\/\/blogg.folkuniversitetet.nu\/ioanvi\/wp-json\/wp\/v2\/media?parent=584"}],"curies":[{"name":"wp","href":"https:\/\/api.w.org\/{rel}","templated":true}]}}