{"id":521,"date":"2015-10-13T13:15:04","date_gmt":"2015-10-13T13:15:04","guid":{"rendered":"http:\/\/blogg.folkuniversitetet.nu\/ioanvi\/?page_id=521"},"modified":"2015-10-13T13:19:02","modified_gmt":"2015-10-13T13:19:02","slug":"veckodagar","status":"publish","type":"page","link":"https:\/\/blogg.folkuniversitetet.nu\/ioanvi\/grekiskafortsattningskurs\/veckodagar\/","title":{"rendered":"Veckodagar"},"content":{"rendered":"<p><em>Lyssna hur man uttalar de bl\u00e5m\u00e4rkta orden nedan:<\/em><\/p>\n<audio class=\"wp-audio-shortcode\" id=\"audio-521-1\" preload=\"none\" style=\"width: 100%;\" controls=\"controls\"><source type=\"audio\/mpeg\" src=\"http:\/\/blogg.folkuniversitetet.nu\/ioanvi\/files\/2015\/10\/veckodagar.mp3?_=1\" \/><a href=\"http:\/\/blogg.folkuniversitetet.nu\/ioanvi\/files\/2015\/10\/veckodagar.mp3\">http:\/\/blogg.folkuniversitetet.nu\/ioanvi\/files\/2015\/10\/veckodagar.mp3<\/a><\/audio>\n<p><strong><span style=\"color: #0000ff\">\u03b5\u03b2\u03b4\u03bf\u03bc\u03ac\u03b4\u03b1<\/span><\/strong>= vecka<\/p>\n<p><strong><span style=\"color: #0000ff\">\u03b7\u03bc\u03ad\u03c1\u03b1<\/span><\/strong>= dag eller <strong><span style=\"color: #0000ff\">\u03bc\u03ad\u03c1\u03b1<\/span><\/strong>=dag<\/p>\n<p><strong><span style=\"color: #0000ff\">\u03b7\u03bc\u03ad\u03c1\u03b5\u03c2<\/span><\/strong>=dagar eller \u00a0 \u00a0 <strong><span style=\"color: #0000ff\">\u03bc\u03ad\u03c1\u03b5\u03c2<\/span><\/strong>=dagar<\/p>\n<p><strong><span style=\"color: #0000ff\">\u0394\u03b5\u03c5\u03c4\u03ad\u03c1\u03b1<\/span><\/strong>=m\u00e5ndag<\/p>\n<p><strong><span style=\"color: #0000ff\">\u03a4\u03c1\u03af\u03c4\u03b7<\/span><\/strong>=tisdag<\/p>\n<p><strong><span style=\"color: #0000ff\">\u03a4\u03b5\u03c4\u03ac\u03c1\u03c4\u03b7<\/span><\/strong>=onsdag<\/p>\n<p><strong><span style=\"color: #0000ff\">\u03a0\u03ad\u03bc\u03c0\u03c4\u03b7<\/span><\/strong>=torsdag<\/p>\n<p><strong><span style=\"color: #0000ff\">\u03a0\u03b1\u03c1\u03b1\u03c3\u03ba\u03b5\u03c5\u03ae<\/span><\/strong>=fredag<\/p>\n<p><strong><span style=\"color: #0000ff\">\u03a3\u03ac\u03b2\u03b2\u03b1\u03c4\u03bf<\/span><\/strong>=l\u00f6rdag<\/p>\n<p><strong><span style=\"color: #0000ff\">\u039a\u03c5\u03c1\u03b9\u03b1\u03ba\u03ae<\/span><\/strong>= s\u00f6ndag<\/p>\n<p>OBS! F\u00f6rsta bokstaven ska vara stor n\u00e4r man stavar veckodarna p\u00e5 grekiska.<\/p>\n<p><strong><span style=\"color: #0000ff\">\u03c4\u03bf \u03c0\u03c1\u03c9\u03af<\/span><\/strong>=p\u00e5 morgonen<\/p>\n<p><strong><span style=\"color: #0000ff\">\u03c4\u03bf \u03bc\u03b5\u03c3\u03b7\u03bc\u03ad\u03c1\u03b9<\/span><\/strong>=i eftermiddag (mellan kl. 12.00 och 17.00)<\/p>\n<p><strong><span style=\"color: #0000ff\">\u03c4\u03bf \u03b1\u03c0\u03cc\u03b3\u03b5\u03c5\u03bc\u03b1=<\/span><\/strong> i eftermiddag\u00a0(mellan kl. 17.00 och 20.30)<\/p>\n<p><strong><span style=\"color: #0000ff\">\u03c4\u03bf \u03b2\u03c1\u03ac\u03b4\u03c5<\/span><\/strong>= p\u00e5 kv\u00e4llen\u00a0(mellan kl. 20.30 och 00.00)<\/p>\n<p><strong><span style=\"color: #0000ff\">\u03c4\u03b7 \u03bd\u03cd\u03c7\u03c4\u03b1<\/span><\/strong>= p\u00e5 natten<\/p>\n","protected":false},"excerpt":{"rendered":"<p>Lyssna hur man uttalar de bl\u00e5m\u00e4rkta orden nedan: \u03b5\u03b2\u03b4\u03bf\u03bc\u03ac\u03b4\u03b1= vecka \u03b7\u03bc\u03ad\u03c1\u03b1= dag eller \u03bc\u03ad\u03c1\u03b1=dag \u03b7\u03bc\u03ad\u03c1\u03b5\u03c2=dagar eller \u00a0 \u00a0 \u03bc\u03ad\u03c1\u03b5\u03c2=dagar \u0394\u03b5\u03c5\u03c4\u03ad\u03c1\u03b1=m\u00e5ndag \u03a4\u03c1\u03af\u03c4\u03b7=tisdag \u03a4\u03b5\u03c4\u03ac\u03c1\u03c4\u03b7=onsdag \u03a0\u03ad\u03bc\u03c0\u03c4\u03b7=torsdag \u03a0\u03b1\u03c1\u03b1\u03c3\u03ba\u03b5\u03c5\u03ae=fredag \u03a3\u03ac\u03b2\u03b2\u03b1\u03c4\u03bf=l\u00f6rdag \u039a\u03c5\u03c1\u03b9\u03b1\u03ba\u03ae= s\u00f6ndag OBS! F\u00f6rsta bokstaven ska vara stor n\u00e4r man stavar veckodarna p\u00e5 grekiska. \u03c4\u03bf &hellip; <a href=\"https:\/\/blogg.folkuniversitetet.nu\/ioanvi\/grekiskafortsattningskurs\/veckodagar\/\">Forts\u00e4tt l\u00e4sa <span class=\"meta-nav\">&rarr;<\/span><\/a><\/p>\n","protected":false},"author":71,"featured_media":0,"parent":472,"menu_order":0,"comment_status":"closed","ping_status":"closed","template":"","meta":{"footnotes":""},"class_list":["post-521","page","type-page","status-publish","hentry"],"_links":{"self":[{"href":"https:\/\/blogg.folkuniversitetet.nu\/ioanvi\/wp-json\/wp\/v2\/pages\/521","targetHints":{"allow":["GET"]}}],"collection":[{"href":"https:\/\/blogg.folkuniversitetet.nu\/ioanvi\/wp-json\/wp\/v2\/pages"}],"about":[{"href":"https:\/\/blogg.folkuniversitetet.nu\/ioanvi\/wp-json\/wp\/v2\/types\/page"}],"author":[{"embeddable":true,"href":"https:\/\/blogg.folkuniversitetet.nu\/ioanvi\/wp-json\/wp\/v2\/users\/71"}],"replies":[{"embeddable":true,"href":"https:\/\/blogg.folkuniversitetet.nu\/ioanvi\/wp-json\/wp\/v2\/comments?post=521"}],"version-history":[{"count":3,"href":"https:\/\/blogg.folkuniversitetet.nu\/ioanvi\/wp-json\/wp\/v2\/pages\/521\/revisions"}],"predecessor-version":[{"id":525,"href":"https:\/\/blogg.folkuniversitetet.nu\/ioanvi\/wp-json\/wp\/v2\/pages\/521\/revisions\/525"}],"up":[{"embeddable":true,"href":"https:\/\/blogg.folkuniversitetet.nu\/ioanvi\/wp-json\/wp\/v2\/pages\/472"}],"wp:attachment":[{"href":"https:\/\/blogg.folkuniversitetet.nu\/ioanvi\/wp-json\/wp\/v2\/media?parent=521"}],"curies":[{"name":"wp","href":"https:\/\/api.w.org\/{rel}","templated":true}]}}