{"id":513,"date":"2015-10-13T12:55:45","date_gmt":"2015-10-13T12:55:45","guid":{"rendered":"http:\/\/blogg.folkuniversitetet.nu\/ioanvi\/?page_id=513"},"modified":"2015-10-13T13:03:12","modified_gmt":"2015-10-13T13:03:12","slug":"verbkonjugation-a-futurum","status":"publish","type":"page","link":"https:\/\/blogg.folkuniversitetet.nu\/ioanvi\/grekiskafortsattningskurs\/verbgrammatik\/verbkonjugation-a-futurum\/","title":{"rendered":"Verb\/Konjugation A\/ Futurum"},"content":{"rendered":"<p><strong>Konjugation A\/ Futurum<\/strong><\/p>\n<p>De verb som f\u00f6rekommer i konjugationen A (ej betonad sista stavelse) delas i ytterligare kategorier.<\/p>\n<p><em>L\u00e4s g\u00e4rna i tabellerna nedan och lyssna p\u00e5 uttalet samtidigt. (Vill man l\u00e4sa verben med latisnka bokst\u00e4ver har jag skrivit samma tabell tv\u00e5 g\u00e5nger, en bara med grekiska bokst\u00e4ver och en med b\u00e5de grekiska och latinska).<\/em><\/p>\n<ul>\n<li><strong>Verb <\/strong><strong>som <em>\u03c7\u03bf\u03c1\u03b5\u03cd\u03c9 <\/em><\/strong><\/li>\n<\/ul>\n<p>\u03c8\u03b1\u03c1\u03b5\u03cd\u03c9, \u03bc\u03b1\u03b3\u03b5\u03b9\u03c1\u03b5\u03cd\u03c9, \u03b4\u03bf\u03c5\u03bb\u03b5\u03cd\u03c9, \u03ba\u03bb\u03b1\u03b4\u03b5\u03cd\u03c9<\/p>\n<ul>\n<li><strong>Verb som \u03b1\u03c1\u03c7\u03af\u03b6\u03c9<\/strong><\/li>\n<\/ul>\n<p>\u03b3\u03c5\u03c1\u03af\u03b6\u03c9, \u03ba\u03b1\u03b8\u03b1\u03c1\u03af\u03b6\u03c9, \u03c3\u03ba\u03bf\u03c5\u03c0\u03af\u03b6\u03c9<\/p>\n<ul>\n<li><strong>Verb som \u03c4\u03b5\u03bb\u03b5\u03b9\u03ce\u03bd\u03c9<\/strong><\/li>\n<\/ul>\n<p>\u03c0\u03bb\u03b7\u03c1\u03ce\u03bd\u03c9, \u03c3\u03c4\u03c1\u03ce\u03bd\u03c9, \u03c3\u03ba\u03bf\u03c4\u03ce\u03bd\u03c9<\/p>\n<ul>\n<li><strong>Verb som \u03b1\u03b3\u03bf\u03c1\u03ac\u03b6\u03c9<\/strong><\/li>\n<\/ul>\n<p>\u03c3\u03c0\u03bf\u03c5\u03b4\u03ac\u03b6\u03c9, \u03b4\u03b9\u03b1\u03b2\u03ac\u03b6\u03c9, \u03bc\u03bf\u03b9\u03c1\u03ac\u03b6\u03c9<\/p>\n<ul>\n<li><strong>*Verb som \u03bc\u03b1\u03b8\u03b1\u03af\u03bd\u03c9<\/strong><\/li>\n<\/ul>\n<p>\u03c0\u03b7\u03b3\u03b1\u03af\u03bd\u03c9, \u03c0\u03b1\u03c7\u03b1\u03af\u03bd\u03c9, \u03b1\u03bd\u03b5\u03b2\u03b1\u03af\u03bd\u03c9, \u03ba\u03b1\u03c4\u03b5\u03b2\u03b1\u03af\u03bd\u03c9<\/p>\n<p><strong><u>Tabell med bara grekiska bokst\u00e4ver.<\/u><\/strong><\/p>\n<p><u>Lyssna h\u00e4r:\u00a0<\/u><\/p>\n<audio class=\"wp-audio-shortcode\" id=\"audio-513-1\" preload=\"none\" style=\"width: 100%;\" controls=\"controls\"><source type=\"audio\/mpeg\" src=\"http:\/\/blogg.folkuniversitetet.nu\/ioanvi\/files\/2015\/10\/futurum\u03c7\u03bf\u03c1\u03b5\u03cd\u03c9.mp3?_=1\" \/><a href=\"http:\/\/blogg.folkuniversitetet.nu\/ioanvi\/files\/2015\/10\/futurum\u03c7\u03bf\u03c1\u03b5\u03cd\u03c9.mp3\">http:\/\/blogg.folkuniversitetet.nu\/ioanvi\/files\/2015\/10\/futurum\u03c7\u03bf\u03c1\u03b5\u03cd\u03c9.mp3<\/a><\/audio>\n<table>\n<tbody>\n<tr>\n<td width=\"284\"><span style=\"color: #ff0000\"><strong>\u03c7\u03bf\u03c1<u>\u03b5\u03cd\u03c9<\/u><\/strong><\/span><\/td>\n<td colspan=\"2\" width=\"568\"><\/td>\n<\/tr>\n<tr>\n<td width=\"284\"><\/td>\n<td width=\"284\"><strong>PRESENS<\/strong><\/td>\n<td width=\"284\"><strong>FUTURUM<\/strong><\/td>\n<\/tr>\n<tr>\n<td width=\"284\"><em>dansar<\/em><\/td>\n<td width=\"284\">\u03c7\u03bf\u03c1<span style=\"color: #339966\">\u03b5\u03cd\u03c9<\/span><\/td>\n<td width=\"284\">\u03b8\u03b1 \u03c7\u03bf\u03c1<span style=\"color: #339966\">\u03ad\u03c8\u03c9<\/span><\/td>\n<\/tr>\n<tr>\n<td width=\"284\"><em>fiskar\/metar<\/em><\/td>\n<td width=\"284\">\u03c8\u03b1\u03c1<span style=\"color: #339966\">\u03b5\u03cd\u03c9<\/span><\/td>\n<td width=\"284\">\u03b8\u03b1 \u03c8\u03b1\u03c1<span style=\"color: #339966\">\u03ad\u03c8\u03c9<\/span><\/td>\n<\/tr>\n<tr>\n<td width=\"284\"><em>lagar mat<\/em><\/td>\n<td width=\"284\">\u03bc\u03b1\u03b3\u03b5\u03b9\u03c1<span style=\"color: #339966\">\u03b5\u03cd\u03c9<\/span><\/td>\n<td width=\"284\">\u03b8\u03b1 \u03bc\u03b1\u03b3\u03b5\u03b9\u03c1<span style=\"color: #339966\">\u03ad\u03c8\u03c9<\/span><\/td>\n<\/tr>\n<tr>\n<td width=\"284\"><em>jobbar <\/em><\/td>\n<td width=\"284\">\u03b4\u03bf\u03c5\u03bb<span style=\"color: #339966\">\u03b5\u03cd\u03c9<\/span><\/td>\n<td width=\"284\">\u03b8\u03b1 \u03b4\u03bf\u03c5\u03bb<span style=\"color: #339966\">\u03ad\u03c8\u03c9<\/span><\/td>\n<\/tr>\n<tr>\n<td width=\"284\"><em>klipper<\/em><\/td>\n<td width=\"284\">\u03ba\u03bb\u03b1\u03b4<span style=\"color: #339966\">\u03b5\u03cd\u03c9<\/span><\/td>\n<td width=\"284\">\u03b8\u03b1 \u03ba\u03bb\u03b1\u03b4<span style=\"color: #339966\">\u03ad\u03c8\u03c9<\/span><\/td>\n<\/tr>\n<tr>\n<td width=\"284\">sk\u00e4r\/hackar<\/td>\n<td width=\"284\">*\u03ba<span style=\"color: #339966\">\u03cc\u03b2\u03c9<\/span><\/td>\n<td width=\"284\">\u03b8\u03b1 \u03ba<span style=\"color: #339966\">\u03cc\u03c8\u03c9<\/span><\/td>\n<\/tr>\n<tr>\n<td width=\"284\">eldar\/t\u00e4nder<\/td>\n<td width=\"284\">*\u03b1\u03bd<span style=\"color: #339966\">\u03ac\u03b2\u03c9<\/span><\/td>\n<td width=\"284\">\u03b8\u03b1 \u03b1\u03bd<span style=\"color: #339966\">\u03ac\u03c8\u03c9<\/span><\/td>\n<\/tr>\n<tr>\n<td width=\"284\"><\/td>\n<td width=\"284\"><\/td>\n<td width=\"284\"><\/td>\n<\/tr>\n<\/tbody>\n<\/table>\n<p>&nbsp;<\/p>\n<p><u>Lyssna h\u00e4r:\u00a0<\/u><\/p>\n<audio class=\"wp-audio-shortcode\" id=\"audio-513-2\" preload=\"none\" style=\"width: 100%;\" controls=\"controls\"><source type=\"audio\/mpeg\" src=\"http:\/\/blogg.folkuniversitetet.nu\/ioanvi\/files\/2015\/10\/futurum\u03b3\u03c5\u03c1\u03af\u03b6\u03c9.mp3?_=2\" \/><a href=\"http:\/\/blogg.folkuniversitetet.nu\/ioanvi\/files\/2015\/10\/futurum\u03b3\u03c5\u03c1\u03af\u03b6\u03c9.mp3\">http:\/\/blogg.folkuniversitetet.nu\/ioanvi\/files\/2015\/10\/futurum\u03b3\u03c5\u03c1\u03af\u03b6\u03c9.mp3<\/a><\/audio>\n<table>\n<tbody>\n<tr>\n<td width=\"284\"><span style=\"color: #ff0000\"><strong>\u03b1\u03c1\u03c7<u>\u03af\u03b6\u03c9<\/u><\/strong><\/span><\/td>\n<td colspan=\"2\" width=\"568\"><strong>\u00a0<\/strong><\/td>\n<\/tr>\n<tr>\n<td width=\"284\"><strong>\u00a0<\/strong><\/td>\n<td width=\"284\"><strong>PRESENS<\/strong><\/td>\n<td width=\"284\"><strong>FUTURUM<\/strong><\/td>\n<\/tr>\n<tr>\n<td width=\"284\"><em>startar\/b\u00f6rjar<\/em><\/td>\n<td width=\"284\">\u03b1\u03c1\u03c7<span style=\"color: #339966\">\u03af\u03b6\u03c9<\/span><\/td>\n<td width=\"284\">\u03b8\u03b1 \u03b1\u03c1\u03c7<span style=\"color: #339966\">\u03af\u03c3\u03c9<\/span><\/td>\n<\/tr>\n<tr>\n<td width=\"284\"><em>st\u00e4dar<\/em><\/td>\n<td width=\"284\">\u03ba\u03b1\u03b8\u03b1\u03c1<span style=\"color: #339966\">\u03af\u03b6\u03c9<\/span><\/td>\n<td width=\"284\">\u03b8\u03b1 \u03ba\u03b1\u03b8\u03b1\u03c1<span style=\"color: #339966\">\u03af\u03c3\u03c9<\/span><\/td>\n<\/tr>\n<tr>\n<td width=\"284\"><em>sopar\/torkar<\/em><\/td>\n<td width=\"284\">\u03c3\u03ba\u03bf\u03c5\u03c0<span style=\"color: #339966\">\u03af\u03b6\u03c9<\/span><\/td>\n<td width=\"284\">\u03b8\u03b1 \u03c3\u03ba\u03bf\u03c5\u03c0<span style=\"color: #339966\">\u03af\u03c3\u03c9<\/span><\/td>\n<\/tr>\n<tr>\n<td width=\"284\"><em>kommer tillbaka<\/em><\/td>\n<td width=\"284\">\u03b3\u03c5\u03c1<span style=\"color: #339966\">\u03af\u03b6\u03c9<\/span><\/td>\n<td width=\"284\">\u03b8\u03b1 \u03b3\u03c5\u03c1<span style=\"color: #339966\">\u03af\u03c3\u03c9<\/span><\/td>\n<\/tr>\n<\/tbody>\n<\/table>\n<p><strong>\u00a0<\/strong><\/p>\n<p><u>Lyssna h\u00e4r:\u00a0<\/u><\/p>\n<audio class=\"wp-audio-shortcode\" id=\"audio-513-3\" preload=\"none\" style=\"width: 100%;\" controls=\"controls\"><source type=\"audio\/mpeg\" src=\"http:\/\/blogg.folkuniversitetet.nu\/ioanvi\/files\/2015\/10\/futurum\u03c4\u03b5\u03bb\u03b5\u03b9\u03ce\u03bd\u03c9.mp3?_=3\" \/><a href=\"http:\/\/blogg.folkuniversitetet.nu\/ioanvi\/files\/2015\/10\/futurum\u03c4\u03b5\u03bb\u03b5\u03b9\u03ce\u03bd\u03c9.mp3\">http:\/\/blogg.folkuniversitetet.nu\/ioanvi\/files\/2015\/10\/futurum\u03c4\u03b5\u03bb\u03b5\u03b9\u03ce\u03bd\u03c9.mp3<\/a><\/audio>\n<table>\n<tbody>\n<tr>\n<td width=\"284\"><span style=\"color: #ff0000\">\u03c4\u03b5\u03bb\u03b5\u03b9<span style=\"text-decoration: underline\">\u03ce\u03bd\u03c9<\/span><\/span><\/td>\n<td colspan=\"2\" width=\"568\"><\/td>\n<\/tr>\n<tr>\n<td width=\"284\"><\/td>\n<td width=\"284\"><strong>PRESENS<\/strong><\/td>\n<td width=\"284\"><strong>FUTURUM<\/strong><\/td>\n<\/tr>\n<tr>\n<td width=\"284\"><em>slutar<\/em><\/td>\n<td width=\"284\">\u03c4\u03b5\u03bb\u03b5\u03b9<span style=\"color: #339966\">\u03ce\u03bd\u03c9<\/span><\/td>\n<td width=\"284\">\u03b8\u03b1 \u03c4\u03b5\u03bb\u03b5\u03b9<span style=\"color: #339966\">\u03ce\u03c3\u03c9<\/span><\/td>\n<\/tr>\n<tr>\n<td width=\"284\"><em>betalar<\/em><\/td>\n<td width=\"284\">\u03c0\u03bb\u03b7\u03c1<span style=\"color: #339966\">\u03ce\u03bd\u03c9<\/span><\/td>\n<td width=\"284\">\u03b8\u03b1 \u03c0\u03bb\u03b7\u03c1<span style=\"color: #339966\">\u03ce\u03c3\u03c9<\/span><\/td>\n<\/tr>\n<tr>\n<td width=\"284\"><em>dukar\/b\u00e4ddar<\/em><\/td>\n<td width=\"284\">\u03c3\u03c4\u03c1<span style=\"color: #339966\">\u03ce\u03bd\u03c9<\/span><\/td>\n<td width=\"284\">\u03b8\u03b1 \u03c3\u03c4\u03c1<span style=\"color: #339966\">\u03ce\u03c3\u03c9<\/span><\/td>\n<\/tr>\n<\/tbody>\n<\/table>\n<p>&nbsp;<\/p>\n<p><u>Lyssna h\u00e4r:\u00a0<\/u><\/p>\n<audio class=\"wp-audio-shortcode\" id=\"audio-513-4\" preload=\"none\" style=\"width: 100%;\" controls=\"controls\"><source type=\"audio\/mpeg\" src=\"http:\/\/blogg.folkuniversitetet.nu\/ioanvi\/files\/2015\/10\/futurum\u03b1\u03b3\u03bf\u03c1\u03ac\u03b6\u03c9.mp3?_=4\" \/><a href=\"http:\/\/blogg.folkuniversitetet.nu\/ioanvi\/files\/2015\/10\/futurum\u03b1\u03b3\u03bf\u03c1\u03ac\u03b6\u03c9.mp3\">http:\/\/blogg.folkuniversitetet.nu\/ioanvi\/files\/2015\/10\/futurum\u03b1\u03b3\u03bf\u03c1\u03ac\u03b6\u03c9.mp3<\/a><\/audio>\n<table>\n<tbody>\n<tr>\n<td width=\"284\"><span style=\"color: #ff0000\">\u03b1\u03b3\u03bf\u03c1<span style=\"text-decoration: underline\">\u03ac\u03b6\u03c9<\/span><\/span><\/td>\n<td colspan=\"2\" width=\"568\"><\/td>\n<\/tr>\n<tr>\n<td width=\"284\"><\/td>\n<td width=\"284\"><strong>PRESENS<\/strong><\/td>\n<td width=\"284\"><strong>FUTURUM<\/strong><\/td>\n<\/tr>\n<tr>\n<td width=\"284\"><em>handlar\/k\u00f6per<\/em><\/td>\n<td width=\"284\">\u03b1\u03b3\u03bf\u03c1<span style=\"color: #008000\">\u03ac\u03b6\u03c9<\/span><\/td>\n<td width=\"284\">\u03b8\u03b1 \u03b1\u03b3\u03bf\u03c1<span style=\"color: #008000\">\u03ac\u03c3\u03c9<\/span><\/td>\n<\/tr>\n<tr>\n<td width=\"284\"><em>l\u00e4ser<\/em><\/td>\n<td width=\"284\">\u03b4\u03b9\u03b1\u03b2<span style=\"color: #008000\">\u03ac\u03b6\u03c9<\/span><\/td>\n<td width=\"284\">\u03b8\u03b1 \u03b4\u03b9\u03b1\u03b2<span style=\"color: #008000\">\u03ac\u03b6\u03c9<\/span><\/td>\n<\/tr>\n<tr>\n<td width=\"284\"><em>studerar<\/em><\/td>\n<td width=\"284\">\u03c3\u03c0\u03bf\u03c5\u03b4<span style=\"color: #008000\">\u03ac\u03b6\u03c9<\/span><\/td>\n<td width=\"284\">\u03b8\u03b1 \u03c3\u03c0\u03bf\u03c5\u03b4<span style=\"color: #008000\">\u03ac\u03c3\u03c9<\/span><\/td>\n<\/tr>\n<tr>\n<td width=\"284\"><em>delar ut<\/em><\/td>\n<td width=\"284\">\u03bc\u03bf\u03b9\u03c1<span style=\"color: #008000\">\u03ac\u03b6\u03c9<\/span><\/td>\n<td width=\"284\">\u03b8\u03b1 \u03bc\u03bf\u03b9\u03c1<span style=\"color: #008000\">\u03ac\u03c3\u03c9<\/span><\/td>\n<\/tr>\n<\/tbody>\n<\/table>\n<p>&nbsp;<\/p>\n<p style=\"text-align: center\"><strong><u>Tabell med b\u00e5de grekiska och latinska bokst\u00e4ver.<\/u><\/strong><\/p>\n<p><u>Lyssna h\u00e4r:\u00a0<\/u><\/p>\n<audio class=\"wp-audio-shortcode\" id=\"audio-513-5\" preload=\"none\" style=\"width: 100%;\" controls=\"controls\"><source type=\"audio\/mpeg\" src=\"http:\/\/blogg.folkuniversitetet.nu\/ioanvi\/files\/2015\/10\/futurum\u03c7\u03bf\u03c1\u03b5\u03cd\u03c9.mp3?_=5\" \/><a href=\"http:\/\/blogg.folkuniversitetet.nu\/ioanvi\/files\/2015\/10\/futurum\u03c7\u03bf\u03c1\u03b5\u03cd\u03c9.mp3\">http:\/\/blogg.folkuniversitetet.nu\/ioanvi\/files\/2015\/10\/futurum\u03c7\u03bf\u03c1\u03b5\u03cd\u03c9.mp3<\/a><\/audio>\n<table>\n<tbody>\n<tr>\n<td width=\"284\"><span style=\"color: #ff0000\"><strong>\u03c7\u03bf\u03c1<u>\u03b5\u03cd\u03c9<\/u><\/strong><\/span><\/td>\n<td colspan=\"2\" width=\"568\"><\/td>\n<\/tr>\n<tr>\n<td width=\"284\"><\/td>\n<td width=\"284\"><strong>PRESENS<\/strong><\/td>\n<td width=\"284\"><strong>FUTURUM<\/strong><\/td>\n<\/tr>\n<tr>\n<td width=\"284\"><em>dansar<\/em><\/td>\n<td width=\"284\">\u03c7\u03bf\u03c1<span style=\"color: #008000\">\u03b5\u03cd\u03c9<\/span><\/p>\n<p><em>chorev\u00e5<\/em><\/td>\n<td width=\"284\">\u03b8\u03b1 \u03c7\u03bf\u03c1<span style=\"color: #008000\">\u03ad\u03c8\u03c9<\/span><\/p>\n<p><em>tha choreps\u00e5<\/em><\/td>\n<\/tr>\n<tr>\n<td width=\"284\"><em>fiskar\/metar<\/em><\/td>\n<td width=\"284\">\u03c8\u03b1\u03c1<span style=\"color: #008000\">\u03b5\u03cd\u03c9<\/span><\/p>\n<p><em>psarev\u00e5<\/em><\/td>\n<td width=\"284\">\u03b8\u03b1 \u03c8\u03b1\u03c1<span style=\"color: #008000\">\u03ad\u03c8\u03c9<\/span><\/p>\n<p><em>tha psaresp\u00e5<\/em><\/td>\n<\/tr>\n<tr>\n<td width=\"284\"><em>lagar mat<\/em><\/td>\n<td width=\"284\">\u03bc\u03b1\u03b3\u03b5\u03b9\u03c1<span style=\"color: #008000\">\u03b5\u03cd\u03c9<\/span><\/p>\n<p><em>magirev\u00e5<\/em><\/td>\n<td width=\"284\">\u03b8\u03b1 \u03bc\u03b1\u03b3\u03b5\u03b9\u03c1<span style=\"color: #008000\">\u03ad\u03c8\u03c9<\/span><\/p>\n<p><em>tha magireps\u00e5<\/em><\/td>\n<\/tr>\n<tr>\n<td width=\"284\"><em>jobbar <\/em><\/td>\n<td width=\"284\">\u03b4\u03bf\u03c5\u03bb<span style=\"color: #008000\">\u03b5\u03cd\u03c9<\/span><\/p>\n<p><em>dulev\u00e5<\/em><\/td>\n<td width=\"284\">\u03b8\u03b1 \u03b4\u03bf\u03c5\u03bb<span style=\"color: #008000\">\u03ad\u03c8\u03c9<\/span><\/p>\n<p><em>tha duleps\u00e5<\/em><\/td>\n<\/tr>\n<tr>\n<td width=\"284\"><em>klipper<\/em><\/td>\n<td width=\"284\">\u03ba\u03bb\u03b1\u03b4<span style=\"color: #008000\">\u03b5\u03cd\u03c9<\/span><\/p>\n<p><em>kladev\u00e5<\/em><\/td>\n<td width=\"284\">\u03b8\u03b1 \u03ba\u03bb\u03b1\u03b4<span style=\"color: #008000\">\u03ad\u03c8\u03c9<\/span><\/p>\n<p><em>tha kladeps\u00e5<\/em><\/td>\n<\/tr>\n<tr>\n<td width=\"284\">sk\u00e4r\/hackar<\/td>\n<td width=\"284\">*\u03ba<span style=\"color: #008000\">\u03cc\u03b2\u03c9<\/span><\/p>\n<p><em>kov\u00e5<\/em><\/td>\n<td width=\"284\">\u03b8\u03b1 \u03ba<span style=\"color: #008000\">\u03cc\u03c8\u03c9<\/span><\/p>\n<p><em>tha kops\u00e5<\/em><\/td>\n<\/tr>\n<tr>\n<td width=\"284\">eldar\/t\u00e4nder<\/td>\n<td width=\"284\">*\u03b1\u03bd<span style=\"color: #008000\">\u03ac\u03b2\u03c9<\/span><\/p>\n<p><em>anav\u00e5<\/em><\/td>\n<td width=\"284\">\u03b8\u03b1 \u03b1\u03bd<span style=\"color: #008000\">\u03ac\u03c8\u03c9<\/span><\/p>\n<p><em>tha anaps\u00e5<\/em><\/td>\n<\/tr>\n<tr>\n<td width=\"284\"><\/td>\n<td width=\"284\"><\/td>\n<td width=\"284\"><\/td>\n<\/tr>\n<\/tbody>\n<\/table>\n<p>&nbsp;<\/p>\n<p><u>Lyssna h\u00e4r:\u00a0<\/u><\/p>\n<audio class=\"wp-audio-shortcode\" id=\"audio-513-6\" preload=\"none\" style=\"width: 100%;\" controls=\"controls\"><source type=\"audio\/mpeg\" src=\"http:\/\/blogg.folkuniversitetet.nu\/ioanvi\/files\/2015\/10\/futurum\u03b3\u03c5\u03c1\u03af\u03b6\u03c9.mp3?_=6\" \/><a href=\"http:\/\/blogg.folkuniversitetet.nu\/ioanvi\/files\/2015\/10\/futurum\u03b3\u03c5\u03c1\u03af\u03b6\u03c9.mp3\">http:\/\/blogg.folkuniversitetet.nu\/ioanvi\/files\/2015\/10\/futurum\u03b3\u03c5\u03c1\u03af\u03b6\u03c9.mp3<\/a><\/audio>\n<table>\n<tbody>\n<tr>\n<td width=\"284\"><span style=\"color: #ff0000\"><strong>\u03b1\u03c1\u03c7<u>\u03af\u03b6\u03c9<\/u><\/strong><\/span><\/td>\n<td colspan=\"2\" width=\"568\"><strong>\u00a0<\/strong><\/td>\n<\/tr>\n<tr>\n<td width=\"284\"><strong>\u00a0<\/strong><\/td>\n<td width=\"284\"><strong>PRESENS<\/strong><\/td>\n<td width=\"284\"><strong>FUTURUM<\/strong><\/td>\n<\/tr>\n<tr>\n<td width=\"284\"><em>startar\/b\u00f6rjar<\/em><\/td>\n<td width=\"284\">\u03b1\u03c1\u03c7<span style=\"color: #008000\">\u03af\u03b6\u03c9<\/span><\/p>\n<p><em>archiz\u00e5<\/em><\/td>\n<td width=\"284\">\u03b8\u03b1 \u03b1\u03c1\u03c7<span style=\"color: #008000\">\u03af\u03c3\u03c9<\/span><\/p>\n<p><em>tha archis\u00e5<\/em><\/td>\n<\/tr>\n<tr>\n<td width=\"284\"><em>st\u00e4dar<\/em><\/td>\n<td width=\"284\">\u03ba\u03b1\u03b8\u03b1\u03c1<span style=\"color: #008000\">\u03af\u03b6\u03c9<\/span><\/p>\n<p><em>kathariz\u00e5<\/em><\/td>\n<td width=\"284\">\u03b8\u03b1 \u03ba\u03b1\u03b8\u03b1\u03c1<span style=\"color: #008000\">\u03af\u03c3\u03c9<\/span><\/p>\n<p><em>tha katharis\u00e5<\/em><\/td>\n<\/tr>\n<tr>\n<td width=\"284\"><em>sopar\/torkar<\/em><\/td>\n<td width=\"284\">\u03c3\u03ba\u03bf\u03c5\u03c0<span style=\"color: #008000\">\u03af\u03b6\u03c9<\/span><\/p>\n<p><em>skupiz\u00e5<\/em><\/td>\n<td width=\"284\">\u03b8\u03b1 \u03c3\u03ba\u03bf\u03c5\u03c0<span style=\"color: #008000\">\u03af\u03c3\u03c9<\/span><\/p>\n<p><em>tha skupis\u00e5<\/em><\/td>\n<\/tr>\n<tr>\n<td width=\"284\"><em>kommer tillbaka<\/em><\/td>\n<td width=\"284\">\u03b3\u03c5\u03c1<span style=\"color: #008000\">\u03af\u03b6\u03c9<\/span><\/p>\n<p><em>giriz\u00e5<\/em><\/td>\n<td width=\"284\">\u03b8\u03b1 \u03b3\u03c5\u03c1<span style=\"color: #008000\">\u03af\u03c3\u03c9<\/span><\/p>\n<p><em>tha giris\u00e5<\/em><\/td>\n<\/tr>\n<\/tbody>\n<\/table>\n<p><strong>\u00a0<\/strong><\/p>\n<p><u>Lyssna h\u00e4r:\u00a0<\/u><\/p>\n<audio class=\"wp-audio-shortcode\" id=\"audio-513-7\" preload=\"none\" style=\"width: 100%;\" controls=\"controls\"><source type=\"audio\/mpeg\" src=\"http:\/\/blogg.folkuniversitetet.nu\/ioanvi\/files\/2015\/10\/futurum\u03c4\u03b5\u03bb\u03b5\u03b9\u03ce\u03bd\u03c9.mp3?_=7\" \/><a href=\"http:\/\/blogg.folkuniversitetet.nu\/ioanvi\/files\/2015\/10\/futurum\u03c4\u03b5\u03bb\u03b5\u03b9\u03ce\u03bd\u03c9.mp3\">http:\/\/blogg.folkuniversitetet.nu\/ioanvi\/files\/2015\/10\/futurum\u03c4\u03b5\u03bb\u03b5\u03b9\u03ce\u03bd\u03c9.mp3<\/a><\/audio>\n<table>\n<tbody>\n<tr>\n<td width=\"284\"><span style=\"color: #ff0000\">\u03c4\u03b5\u03bb\u03b5\u03b9<span style=\"text-decoration: underline\">\u03ce\u03bd\u03c9<\/span><\/span><\/td>\n<td colspan=\"2\" width=\"568\"><\/td>\n<\/tr>\n<tr>\n<td width=\"284\"><\/td>\n<td width=\"284\"><strong>PRESENS<\/strong><\/td>\n<td width=\"284\"><strong>FUTURUM<\/strong><\/td>\n<\/tr>\n<tr>\n<td width=\"284\"><em>slutar<\/em><\/td>\n<td width=\"284\">\u03c4\u03b5\u03bb\u03b5\u03b9<span style=\"color: #008000\">\u03ce\u03bd\u03c9<\/span><\/p>\n<p><em>teli\u00e5n\u00e5<\/em><\/td>\n<td width=\"284\">\u03b8\u03b1 \u03c4\u03b5\u03bb\u03b5\u03b9<span style=\"color: #008000\">\u03ce\u03c3\u03c9<\/span><\/p>\n<p><em>tha teli\u00e5s\u00e5<\/em><\/td>\n<\/tr>\n<tr>\n<td width=\"284\"><em>betalar<\/em><\/td>\n<td width=\"284\">\u03c0\u03bb\u03b7\u03c1<span style=\"color: #008000\">\u03ce\u03bd\u03c9<\/span><\/p>\n<p><em>plir\u00e5n\u00e5<\/em><\/td>\n<td width=\"284\">\u03b8\u03b1 \u03c0\u03bb\u03b7\u03c1<span style=\"color: #008000\">\u03ce\u03c3\u03c9<\/span><\/p>\n<p><em>tha plir\u00e5s\u00e5<\/em><\/td>\n<\/tr>\n<tr>\n<td width=\"284\"><em>dukar\/b\u00e4ddar<\/em><\/td>\n<td width=\"284\">\u03c3\u03c4\u03c1<span style=\"color: #008000\">\u03ce\u03bd\u03c9<\/span><\/p>\n<p><em>str\u00e5n\u00e5<\/em><\/td>\n<td width=\"284\">\u03b8\u03b1 \u03c3\u03c4\u03c1<span style=\"color: #008000\">\u03ce\u03c3\u03c9<\/span><\/p>\n<p><em>tha str\u00e5s\u00e5<\/em><\/td>\n<\/tr>\n<\/tbody>\n<\/table>\n<p>&nbsp;<\/p>\n<p><u>Lyssna h\u00e4r:\u00a0<\/u><\/p>\n<audio class=\"wp-audio-shortcode\" id=\"audio-513-8\" preload=\"none\" style=\"width: 100%;\" controls=\"controls\"><source type=\"audio\/mpeg\" src=\"http:\/\/blogg.folkuniversitetet.nu\/ioanvi\/files\/2015\/10\/futurum\u03b1\u03b3\u03bf\u03c1\u03ac\u03b6\u03c9.mp3?_=8\" \/><a href=\"http:\/\/blogg.folkuniversitetet.nu\/ioanvi\/files\/2015\/10\/futurum\u03b1\u03b3\u03bf\u03c1\u03ac\u03b6\u03c9.mp3\">http:\/\/blogg.folkuniversitetet.nu\/ioanvi\/files\/2015\/10\/futurum\u03b1\u03b3\u03bf\u03c1\u03ac\u03b6\u03c9.mp3<\/a><\/audio>\n<table>\n<tbody>\n<tr>\n<td width=\"284\"><span style=\"color: #ff0000\">\u03b1\u03b3\u03bf\u03c1<span style=\"text-decoration: underline\">\u03ac\u03b6\u03c9<\/span><\/span><\/td>\n<td colspan=\"2\" width=\"568\"><\/td>\n<\/tr>\n<tr>\n<td width=\"284\"><\/td>\n<td width=\"284\"><strong>PRESENS<\/strong><\/td>\n<td width=\"284\"><strong>FUTURUM<\/strong><\/td>\n<\/tr>\n<tr>\n<td width=\"284\"><em>handlar\/k\u00f6per<\/em><\/td>\n<td width=\"284\">\u03b1\u03b3\u03bf\u03c1<span style=\"color: #008000\">\u03ac\u03b6\u03c9<\/span><\/p>\n<p><em>agoraz\u00e5<\/em><\/td>\n<td width=\"284\">\u03b8\u03b1 \u03b1\u03b3\u03bf\u03c1<span style=\"color: #008000\">\u03ac\u03c3\u03c9<\/span><\/p>\n<p><em>tha agoras\u00e5<\/em><\/td>\n<\/tr>\n<tr>\n<td width=\"284\"><em>l\u00e4ser<\/em><\/td>\n<td width=\"284\">\u03b4\u03b9\u03b1\u03b2<span style=\"color: #008000\">\u03ac\u03b6\u03c9<\/span><\/p>\n<p><em>diavaz\u00e5<\/em><\/td>\n<td width=\"284\">\u03b8\u03b1 \u03b4\u03b9\u03b1\u03b2<span style=\"color: #008000\">\u03ac\u03c3\u03c9<\/span><\/p>\n<p><em>tha diavas\u00e5<\/em><\/td>\n<\/tr>\n<tr>\n<td width=\"284\"><em>studerar<\/em><\/td>\n<td width=\"284\">\u03c3\u03c0\u03bf\u03c5\u03b4<span style=\"color: #008000\">\u03ac\u03b6\u03c9<\/span><\/p>\n<p><em>spudaz\u00e5<\/em><\/td>\n<td width=\"284\">\u03b8\u03b1 \u03c3\u03c0\u03bf\u03c5\u03b4<span style=\"color: #008000\">\u03ac\u03c3\u03c9<\/span><\/p>\n<p><em>tha spudas\u00e5<\/em><\/td>\n<\/tr>\n<tr>\n<td width=\"284\"><em>delar ut<\/em><\/td>\n<td width=\"284\">\u03bc\u03bf\u03b9\u03c1<span style=\"color: #008000\">\u03ac\u03b6\u03c9<\/span><\/p>\n<p><em>miraz\u00e5<\/em><\/td>\n<td width=\"284\">\u03b8\u03b1 \u03bc\u03bf\u03b9\u03c1<span style=\"color: #008000\">\u03ac\u03c3\u03c9<\/span><\/p>\n<p><em>tha miras\u00e5<\/em><\/td>\n<\/tr>\n<\/tbody>\n<\/table>\n<p>&nbsp;<\/p>\n<p>&nbsp;<\/p>\n<p><strong>\u00a0<\/strong><\/p>\n<p>&nbsp;<\/p>\n<p><strong>\u00a0<\/strong><\/p>\n<p>&nbsp;<\/p>\n","protected":false},"excerpt":{"rendered":"<p>Konjugation A\/ Futurum De verb som f\u00f6rekommer i konjugationen A (ej betonad sista stavelse) delas i ytterligare kategorier. L\u00e4s g\u00e4rna i tabellerna nedan och lyssna p\u00e5 uttalet samtidigt. (Vill man l\u00e4sa verben med latisnka bokst\u00e4ver har jag skrivit samma tabell &hellip; <a href=\"https:\/\/blogg.folkuniversitetet.nu\/ioanvi\/grekiskafortsattningskurs\/verbgrammatik\/verbkonjugation-a-futurum\/\">Forts\u00e4tt l\u00e4sa <span class=\"meta-nav\">&rarr;<\/span><\/a><\/p>\n","protected":false},"author":71,"featured_media":0,"parent":505,"menu_order":0,"comment_status":"closed","ping_status":"closed","template":"","meta":{"footnotes":""},"class_list":["post-513","page","type-page","status-publish","hentry"],"_links":{"self":[{"href":"https:\/\/blogg.folkuniversitetet.nu\/ioanvi\/wp-json\/wp\/v2\/pages\/513","targetHints":{"allow":["GET"]}}],"collection":[{"href":"https:\/\/blogg.folkuniversitetet.nu\/ioanvi\/wp-json\/wp\/v2\/pages"}],"about":[{"href":"https:\/\/blogg.folkuniversitetet.nu\/ioanvi\/wp-json\/wp\/v2\/types\/page"}],"author":[{"embeddable":true,"href":"https:\/\/blogg.folkuniversitetet.nu\/ioanvi\/wp-json\/wp\/v2\/users\/71"}],"replies":[{"embeddable":true,"href":"https:\/\/blogg.folkuniversitetet.nu\/ioanvi\/wp-json\/wp\/v2\/comments?post=513"}],"version-history":[{"count":3,"href":"https:\/\/blogg.folkuniversitetet.nu\/ioanvi\/wp-json\/wp\/v2\/pages\/513\/revisions"}],"predecessor-version":[{"id":520,"href":"https:\/\/blogg.folkuniversitetet.nu\/ioanvi\/wp-json\/wp\/v2\/pages\/513\/revisions\/520"}],"up":[{"embeddable":true,"href":"https:\/\/blogg.folkuniversitetet.nu\/ioanvi\/wp-json\/wp\/v2\/pages\/505"}],"wp:attachment":[{"href":"https:\/\/blogg.folkuniversitetet.nu\/ioanvi\/wp-json\/wp\/v2\/media?parent=513"}],"curies":[{"name":"wp","href":"https:\/\/api.w.org\/{rel}","templated":true}]}}