{"id":505,"date":"2015-10-13T10:45:50","date_gmt":"2015-10-13T10:45:50","guid":{"rendered":"http:\/\/blogg.folkuniversitetet.nu\/ioanvi\/?page_id=505"},"modified":"2015-10-13T12:50:55","modified_gmt":"2015-10-13T12:50:55","slug":"verbgrammatik","status":"publish","type":"page","link":"https:\/\/blogg.folkuniversitetet.nu\/ioanvi\/grekiskafortsattningskurs\/verbgrammatik\/","title":{"rendered":"Verb\/grammatik\/introduktion"},"content":{"rendered":"<p>Grekiska verb f\u00f6rekommer i tv\u00e5 stora huvudgrupper sk konjugationer.<\/p>\n<p>Den f\u00f6rsta konjugationen <strong>(A)<\/strong> k\u00e4nnetecknas av att den sista stavelsen (\u00e4ndelsen) \u00e4r <strong>obetonad.<\/strong><\/p>\n<p><strong>\u00a0T ex:\u00a0<\/strong><strong><em>Lyssna hur verben uttalas. Jag har m\u00e4rkt med r\u00f6d f\u00e4rg den stavelse som betonas.<\/em><\/strong><\/p>\n<audio class=\"wp-audio-shortcode\" id=\"audio-505-1\" preload=\"none\" style=\"width: 100%;\" controls=\"controls\"><source type=\"audio\/mpeg\" src=\"http:\/\/blogg.folkuniversitetet.nu\/ioanvi\/files\/2015\/10\/verbAbetoning.mp3?_=1\" \/><a href=\"http:\/\/blogg.folkuniversitetet.nu\/ioanvi\/files\/2015\/10\/verbAbetoning.mp3\">http:\/\/blogg.folkuniversitetet.nu\/ioanvi\/files\/2015\/10\/verbAbetoning.mp3<\/a><\/audio>\n<p>\u03c7\u03bf\u03c1<span style=\"color: #ff0000\">\u03b5\u03cd<\/span>\u03c9\u00a0\u00a0\u00a0\u00a0\u00a0\u00a0\u00a0\u00a0\u00a0\u00a0\u00a0\u00a0\u00a0\u00a0 dansar\u00a0\u00a0\u00a0\u00a0\u00a0\u00a0\u00a0\u00a0\u00a0\u00a0\u00a0\u00a0\u00a0\u00a0\u00a0 cho<span style=\"color: #ff0000\">rev<\/span>\u00e5<\/p>\n<p>\u03c8\u03b1\u03c1<span style=\"color: #ff0000\">\u03b5\u03cd<\/span>\u03c9\u00a0\u00a0\u00a0\u00a0\u00a0\u00a0\u00a0\u00a0\u00a0\u00a0\u00a0\u00a0 metar\u00a0\u00a0\u00a0\u00a0\u00a0\u00a0\u00a0\u00a0\u00a0\u00a0\u00a0\u00a0\u00a0\u00a0\u00a0\u00a0\u00a0 psa<span style=\"color: #ff0000\">rev<\/span>\u00e5<\/p>\n<p>\u03bc\u03b1\u03b3\u03b5\u03b9\u03c1<span style=\"color: #ff0000\">\u03b5\u03cd<\/span>\u03c9\u00a0\u00a0\u00a0\u00a0\u00a0\u00a0\u00a0\u00a0 lagar(mat)\u00a0\u00a0\u00a0\u00a0\u00a0\u00a0\u00a0\u00a0\u00a0 maji<span style=\"color: #ff0000\">rev<\/span>\u00e5<\/p>\n<p>\u03b4\u03bf\u03c5\u03bb<span style=\"color: #ff0000\">\u03b5\u03cd<\/span>\u03c9\u00a0\u00a0\u00a0\u00a0\u00a0\u00a0\u00a0\u00a0\u00a0\u00a0\u00a0 jobbar\u00a0\u00a0\u00a0\u00a0\u00a0\u00a0\u00a0\u00a0\u00a0\u00a0\u00a0\u00a0\u00a0\u00a0\u00a0\u00a0 du<span style=\"color: #ff0000\">lev<\/span>\u00e5<\/p>\n<p>\u03ba\u03bb\u03b1\u03b4<span style=\"color: #ff0000\">\u03b5\u03cd<\/span>\u03c9\u00a0\u00a0\u00a0\u00a0\u00a0\u00a0\u00a0\u00a0\u00a0\u00a0\u00a0 klipper\u00a0\u00a0\u00a0\u00a0\u00a0\u00a0\u00a0\u00a0\u00a0\u00a0\u00a0\u00a0\u00a0\u00a0\u00a0 kla<span style=\"color: #ff0000\">dev<\/span>\u00e5<\/p>\n<p>&nbsp;<\/p>\n<p>\u03b1\u03c1<span style=\"color: #ff0000\">\u03c7\u03af<\/span>\u03b6\u03c9\u00a0 \u00a0\u00a0\u00a0\u00a0\u00a0\u00a0\u00a0\u00a0\u00a0\u00a0\u00a0\u00a0\u00a0 startar\u00a0\u00a0\u00a0\u00a0\u00a0\u00a0\u00a0\u00a0\u00a0\u00a0\u00a0\u00a0\u00a0\u00a0\u00a0\u00a0 ar<span style=\"color: #ff0000\">hi<\/span>z\u00e5<\/p>\n<p>\u03ba\u03b1\u03b8\u03b1<span style=\"color: #ff0000\">\u03c1\u03af<\/span>\u03b6\u03c9\u00a0\u00a0\u00a0\u00a0\u00a0\u00a0\u00a0\u00a0\u00a0\u00a0 st\u00e4dar\u00a0\u00a0\u00a0\u00a0\u00a0\u00a0\u00a0\u00a0\u00a0\u00a0\u00a0\u00a0\u00a0\u00a0\u00a0\u00a0 katha<span style=\"color: #ff0000\">ri<\/span>z\u00e5<\/p>\n<p>&nbsp;<\/p>\n<p>\u03c4\u03b5\u03bb\u03b5\u03b9<span style=\"color: #ff0000\">\u03ce<\/span>\u03bd\u03c9\u00a0\u00a0\u00a0\u00a0\u00a0\u00a0\u00a0\u00a0\u00a0\u00a0\u00a0 slutar\u00a0\u00a0\u00a0\u00a0\u00a0\u00a0\u00a0\u00a0\u00a0\u00a0\u00a0\u00a0\u00a0\u00a0\u00a0\u00a0\u00a0 teli<span style=\"color: #ff0000\">\u00e5<\/span>n\u00e5<\/p>\n<p>\u03c0\u03bb\u03b7\u03c1<span style=\"color: #ff0000\">\u03ce<\/span>\u03bd\u03c9\u00a0\u00a0\u00a0\u00a0\u00a0\u00a0\u00a0\u00a0\u00a0\u00a0\u00a0 betalar\u00a0\u00a0\u00a0\u00a0\u00a0\u00a0\u00a0\u00a0\u00a0\u00a0\u00a0\u00a0\u00a0\u00a0\u00a0 plir<span style=\"color: #ff0000\">\u00e5<\/span>n\u00e5<\/p>\n<p>&nbsp;<\/p>\n<p>\u03b1\u03b3\u03bf<span style=\"color: #ff0000\">\u03c1\u03ac<\/span>\u03b6\u03c9\u00a0\u00a0\u00a0\u00a0\u00a0\u00a0\u00a0\u00a0\u00a0\u00a0\u00a0 k\u00f6pper\u00a0\u00a0\u00a0\u00a0\u00a0\u00a0\u00a0\u00a0\u00a0\u00a0\u00a0\u00a0\u00a0\u00a0\u00a0 ago<span style=\"color: #ff0000\">ra<\/span>z\u00e5<\/p>\n<p>\u03c3\u03c0\u03bf\u03c5<span style=\"color: #ff0000\">\u03b4\u03ac<\/span>\u03b6\u03c9\u00a0\u00a0\u00a0\u00a0\u00a0\u00a0\u00a0\u00a0\u00a0 studerar\u00a0\u00a0\u00a0\u00a0\u00a0\u00a0\u00a0\u00a0\u00a0\u00a0\u00a0\u00a0 spu<span style=\"color: #ff0000\">da<\/span>z\u00e5<\/p>\n<p>&nbsp;<\/p>\n<p>\u03c0\u03b7<span style=\"color: #ff0000\">\u03b3\u03b1\u03af<\/span>\u03bd\u03c9 \u00a0\u00a0\u00a0\u00a0\u00a0\u00a0\u00a0\u00a0\u00a0\u00a0\u00a0 g\u00e5r\u00a0\u00a0\u00a0\u00a0\u00a0\u00a0\u00a0\u00a0\u00a0\u00a0\u00a0\u00a0\u00a0\u00a0\u00a0\u00a0\u00a0\u00a0\u00a0\u00a0\u00a0\u00a0 pi<span style=\"color: #ff0000\">j\u00e4<\/span>n\u00e5<\/p>\n<p>\u03bc\u03b1<span style=\"color: #ff0000\">\u03b8\u03b1\u03af<\/span>\u03bd\u03c9\u00a0\u00a0\u00a0\u00a0\u00a0\u00a0\u00a0\u00a0\u00a0\u00a0\u00a0\u00a0 l\u00e4r mig\u00a0\u00a0\u00a0\u00a0\u00a0\u00a0\u00a0\u00a0\u00a0\u00a0\u00a0\u00a0\u00a0\u00a0\u00a0 ma<span style=\"color: #ff0000\">th\u00e4<\/span>n\u00e5<\/p>\n<p>&nbsp;<\/p>\n<p>Den andra konjugationen (B) k\u00e4nnetecknas av att den sista stavelsen (\u00e4ndelsen) \u00e4r <strong>betonad.<\/strong><\/p>\n<p><strong>T ex:\u00a0<em>Lyssna hur verben uttalas. Jag har m\u00e4rkt med r\u00f6d f\u00e4rg den stavelse som betonas.<\/em><\/strong><\/p>\n<audio class=\"wp-audio-shortcode\" id=\"audio-505-2\" preload=\"none\" style=\"width: 100%;\" controls=\"controls\"><source type=\"audio\/mpeg\" src=\"http:\/\/blogg.folkuniversitetet.nu\/ioanvi\/files\/2015\/10\/verbBbetoning.mp3?_=2\" \/><a href=\"http:\/\/blogg.folkuniversitetet.nu\/ioanvi\/files\/2015\/10\/verbBbetoning.mp3\">http:\/\/blogg.folkuniversitetet.nu\/ioanvi\/files\/2015\/10\/verbBbetoning.mp3<\/a><\/audio>\n<p>\u03a7\u03c4\u03c5\u03c0<span style=\"color: #ff0000\">\u03ce<\/span>\u00a0\u00a0 \u00a0\u00a0\u00a0\u00a0\u00a0\u00a0\u00a0\u00a0\u00a0\u00a0\u00a0\u00a0\u00a0 sl\u00e5r\u00a0\u00a0\u00a0\u00a0\u00a0\u00a0\u00a0 \u00a0\u00a0\u00a0\u00a0\u00a0\u00a0\u00a0\u00a0\u00a0\u00a0\u00a0\u00a0\u00a0 chtip<span style=\"color: #ff0000\">\u00e5<\/span><\/p>\n<p>\u03c0\u03c1\u03bf\u03c3\u03c0\u03b1\u03b8<span style=\"color: #ff0000\">\u03ce<\/span> \u00a0\u00a0\u00a0\u00a0\u00a0\u00a0\u00a0 f\u00f6rs\u00f6ker\u00a0\u00a0\u00a0\u00a0\u00a0\u00a0\u00a0\u00a0\u00a0\u00a0\u00a0\u00a0 prospath<span style=\"color: #ff0000\">\u00e5<\/span><\/p>\n<p>************************************************************************************<\/p>\n","protected":false},"excerpt":{"rendered":"<p>Grekiska verb f\u00f6rekommer i tv\u00e5 stora huvudgrupper sk konjugationer. Den f\u00f6rsta konjugationen (A) k\u00e4nnetecknas av att den sista stavelsen (\u00e4ndelsen) \u00e4r obetonad. \u00a0T ex:\u00a0Lyssna hur verben uttalas. Jag har m\u00e4rkt med r\u00f6d f\u00e4rg den stavelse som betonas. \u03c7\u03bf\u03c1\u03b5\u03cd\u03c9\u00a0\u00a0\u00a0\u00a0\u00a0\u00a0\u00a0\u00a0\u00a0\u00a0\u00a0\u00a0\u00a0\u00a0 dansar\u00a0\u00a0\u00a0\u00a0\u00a0\u00a0\u00a0\u00a0\u00a0\u00a0\u00a0\u00a0\u00a0\u00a0\u00a0 chorev\u00e5 &hellip; <a href=\"https:\/\/blogg.folkuniversitetet.nu\/ioanvi\/grekiskafortsattningskurs\/verbgrammatik\/\">Forts\u00e4tt l\u00e4sa <span class=\"meta-nav\">&rarr;<\/span><\/a><\/p>\n","protected":false},"author":71,"featured_media":0,"parent":472,"menu_order":0,"comment_status":"closed","ping_status":"closed","template":"","meta":{"footnotes":""},"class_list":["post-505","page","type-page","status-publish","hentry"],"_links":{"self":[{"href":"https:\/\/blogg.folkuniversitetet.nu\/ioanvi\/wp-json\/wp\/v2\/pages\/505","targetHints":{"allow":["GET"]}}],"collection":[{"href":"https:\/\/blogg.folkuniversitetet.nu\/ioanvi\/wp-json\/wp\/v2\/pages"}],"about":[{"href":"https:\/\/blogg.folkuniversitetet.nu\/ioanvi\/wp-json\/wp\/v2\/types\/page"}],"author":[{"embeddable":true,"href":"https:\/\/blogg.folkuniversitetet.nu\/ioanvi\/wp-json\/wp\/v2\/users\/71"}],"replies":[{"embeddable":true,"href":"https:\/\/blogg.folkuniversitetet.nu\/ioanvi\/wp-json\/wp\/v2\/comments?post=505"}],"version-history":[{"count":5,"href":"https:\/\/blogg.folkuniversitetet.nu\/ioanvi\/wp-json\/wp\/v2\/pages\/505\/revisions"}],"predecessor-version":[{"id":512,"href":"https:\/\/blogg.folkuniversitetet.nu\/ioanvi\/wp-json\/wp\/v2\/pages\/505\/revisions\/512"}],"up":[{"embeddable":true,"href":"https:\/\/blogg.folkuniversitetet.nu\/ioanvi\/wp-json\/wp\/v2\/pages\/472"}],"wp:attachment":[{"href":"https:\/\/blogg.folkuniversitetet.nu\/ioanvi\/wp-json\/wp\/v2\/media?parent=505"}],"curies":[{"name":"wp","href":"https:\/\/api.w.org\/{rel}","templated":true}]}}