{"id":479,"date":"2015-10-11T10:19:08","date_gmt":"2015-10-11T10:19:08","guid":{"rendered":"http:\/\/blogg.folkuniversitetet.nu\/ioanvi\/?page_id=479"},"modified":"2015-11-01T05:58:04","modified_gmt":"2015-11-01T05:58:04","slug":"lektion-1","status":"publish","type":"page","link":"https:\/\/blogg.folkuniversitetet.nu\/ioanvi\/grekiskanyborjarkurs\/lektion-1\/","title":{"rendered":"Lektion\/ enkla fraser"},"content":{"rendered":"<p>&nbsp;<\/p>\n<p><strong>1.<\/strong><\/p>\n<audio class=\"wp-audio-shortcode\" id=\"audio-479-1\" preload=\"none\" style=\"width: 100%;\" controls=\"controls\"><source type=\"audio\/mpeg\" src=\"http:\/\/blogg.folkuniversitetet.nu\/ioanvi\/files\/2015\/10\/1.mp3?_=1\" \/><a href=\"http:\/\/blogg.folkuniversitetet.nu\/ioanvi\/files\/2015\/10\/1.mp3\">http:\/\/blogg.folkuniversitetet.nu\/ioanvi\/files\/2015\/10\/1.mp3<\/a><\/audio>\n<p>_\u0393\u03b5\u03b9\u03b1 \u03c3\u03bf\u03c5! <em>Hej!<\/em> <strong>(gia so)<\/strong><\/p>\n<p>_\u0393\u03b5\u03b9\u03b1! <em>Hej!<\/em> <strong>(gia)<\/strong><\/p>\n<p>_\u03a0\u03ce\u03c2 \u03c3\u03b5 \u03bb\u03ad\u03bd\u03b5; <em>Vad heter du? <\/em><strong>(p\u00e5s se lene?)<\/strong><\/p>\n<p>_\u039c\u03b5 \u03bb\u03ad\u03bd\u03b5 \u039c\u03b1\u03c1\u03af\u03b1! \u039a\u03b1\u03b9 \u03b5\u03c3\u03ad\u03bd\u03b1; <em>Jag heter Maria! Du sj\u00e4lv?<\/em><strong> (me lene Maria. K\u00e4 esena?)<\/strong><\/p>\n<p>_\u039a\u03ce\u03c3\u03c4\u03b1. \u03a7\u03b1\u03af\u03c1\u03c9 \u03c0\u03bf\u03bb\u03cd! Kosta! <em>Trevligt att tr\u00e4ffa dig! <\/em><strong>(Kosta. Ch\u00e4r\u00e5 poli!)<\/strong><\/p>\n<p>_ \u03a7\u03b1\u03af\u03c1\u03c9 \u03c0\u03bf\u03bb\u03cd! <em>Trevligt att tr\u00e4ffa dig! <\/em><strong>(Ch\u00e4r\u00e5 poli)<\/strong><\/p>\n<p><strong>2.<\/strong><\/p>\n<audio class=\"wp-audio-shortcode\" id=\"audio-479-2\" preload=\"none\" style=\"width: 100%;\" controls=\"controls\"><source type=\"audio\/mpeg\" src=\"http:\/\/blogg.folkuniversitetet.nu\/ioanvi\/files\/2015\/10\/2.mp3?_=2\" \/><a href=\"http:\/\/blogg.folkuniversitetet.nu\/ioanvi\/files\/2015\/10\/2.mp3\">http:\/\/blogg.folkuniversitetet.nu\/ioanvi\/files\/2015\/10\/2.mp3<\/a><\/audio>\n<p>_\u0391\u03c0\u03cc \u03c0\u03bf\u03cd \u03b5\u03af\u03c3\u03b1\u03b9; <em>Varifr\u00e5n kommer du? <\/em><strong>(apo pu is\u00e4?)<\/strong><\/p>\n<p>_ \u0395\u03af\u03bc\u03b1\u03b9 \u03b1\u03c0\u03cc \u03c4\u03b7\u03bd \u03a3\u03bf\u03c5\u03b7\u03b4\u03af\u03b1. <em>Jag kommer fr\u00e5n Sverige. <\/em><strong>(im\u00e4 apo ti Suidia)<\/strong><\/p>\n<p>_\u03a0\u03bf\u03cd \u03bc\u03ad\u03bd\u03b5\u03b9\u03c2; <em>Var bor du? <\/em><strong>(Pu menis?)<\/strong><\/p>\n<p>_ \u039c\u03ad\u03bd\u03c9 \u03c3\u03c4\u03b7\u03bd Kristianstad. <em>Jag bor i Kristianstad! <\/em><strong>(Men\u00e5 stin Kristianstad)<\/strong><\/p>\n<p><strong>3.<\/strong><\/p>\n<audio class=\"wp-audio-shortcode\" id=\"audio-479-3\" preload=\"none\" style=\"width: 100%;\" controls=\"controls\"><source type=\"audio\/mpeg\" src=\"http:\/\/blogg.folkuniversitetet.nu\/ioanvi\/files\/2015\/10\/3.mp3?_=3\" \/><a href=\"http:\/\/blogg.folkuniversitetet.nu\/ioanvi\/files\/2015\/10\/3.mp3\">http:\/\/blogg.folkuniversitetet.nu\/ioanvi\/files\/2015\/10\/3.mp3<\/a><\/audio>\n<p>_\u03a7\u03b1\u03af\u03c1\u03b5\u03c4\u03b5! <em>Hej!<\/em> <strong>(Ch\u00e4rete!)<\/strong><\/p>\n<p>_\u0393\u03b5\u03b9\u03b1 \u03c3\u03b1\u03c2! <em>Hej!<\/em> <strong>(Ch\u00e4rete)<\/strong><\/p>\n<p>_ \u03a0\u03ce\u03c2 \u03bb\u03ad\u03b3\u03b5\u03c3\u03c4\u03b5; <em>Vad heter du? <\/em><strong>(P\u00e5s legeste?)<\/strong><\/p>\n<p>_ \u039b\u03ad\u03b3\u03bf\u03bc\u03b1\u03b9 Stina Bostr\u00f6m. <em>Jag heter Stina Bostr\u00f6m.<\/em> <strong>(Legom\u00e4 Stina Bostr\u00f6m)<\/strong><\/p>\n<p><strong>4.<\/strong><\/p>\n<audio class=\"wp-audio-shortcode\" id=\"audio-479-4\" preload=\"none\" style=\"width: 100%;\" controls=\"controls\"><source type=\"audio\/mpeg\" src=\"http:\/\/blogg.folkuniversitetet.nu\/ioanvi\/files\/2015\/10\/4-5.mp3?_=4\" \/><a href=\"http:\/\/blogg.folkuniversitetet.nu\/ioanvi\/files\/2015\/10\/4-5.mp3\">http:\/\/blogg.folkuniversitetet.nu\/ioanvi\/files\/2015\/10\/4-5.mp3<\/a><\/audio>\n<p>_\u039a\u03b1\u03bb\u03b7\u03bc\u03ad\u03c1\u03b1! <em>Godmorgon!<\/em> <strong>(Kalimera)<\/strong><\/p>\n<p>_\u039a\u03b1\u03bb\u03b7\u03bc\u03ad\u03c1\u03b1! <em>Godmorgon!<\/em> <strong>(Kalimera)<\/strong><\/p>\n<p>_\u03a4\u03b9 \u03ba\u03ac\u03bd\u03b5\u03b9\u03c2; <em>Hur \u00e4r det? <\/em><strong>(ti kanis?)<\/strong><\/p>\n<p>_\u03a0\u03bf\u03bb\u03cd \u03ba\u03b1\u03bb\u03ac! \u0395\u03c5\u03c7\u03b1\u03c1\u03b9\u03c3\u03c4\u03ce<em>! \u0395\u03c3\u03cd; <\/em><em>J\u00e4<\/em><em>ttebra! <\/em><em>Tack! <\/em><em>Du sj\u00e4lv? <\/em><strong>(Poli kala! Efcharist\u00e5! Esi?)<\/strong><\/p>\n<p>_ \u0388\u03c4\u03c3\u03b9 \u03ba\u03b9 \u03ad\u03c4\u03c3\u03b9! <em>S\u00e5 d\u00e4r! <\/em><strong>(Etsi ki etsi)<\/strong><\/p>\n<p><strong>5.<\/strong><\/p>\n<p>_\u0393\u03b5\u03b9\u03b1! <em>Hej!<\/em><\/p>\n<p>_\u0393\u03b5\u03b9\u03b1 \u03c3\u03bf\u03c5! <em>Hej!<\/em><\/p>\n<p>_\u03a4\u03b9 \u03ba\u03ac\u03bd\u03b5\u03b9\u03c2; <em>Hur \u00e4r det?<\/em><\/p>\n<p>_\u03a7\u03ac\u03bb\u03b9\u03b1! \u0395\u03c3\u03cd; <em>Mycket d\u00e5ligt! Du sj\u00e4lv? <\/em><strong>(Chalia! Esi?)<\/strong><\/p>\n<p>_ \u039a\u03b1\u03b9 \u03b5\u03b3\u03ce \u03ad\u03c4\u03c3\u03b9 \u03ba\u03b9 \u03ad\u03c4\u03c3\u03b9! <em>Jag med! S\u00e5 d\u00e4r! <\/em><strong>(K\u00e4 ego etsi ki etsi!)<\/strong><\/p>\n<p><strong>6.<\/strong><\/p>\n<audio class=\"wp-audio-shortcode\" id=\"audio-479-5\" preload=\"none\" style=\"width: 100%;\" controls=\"controls\"><source type=\"audio\/mpeg\" src=\"http:\/\/blogg.folkuniversitetet.nu\/ioanvi\/files\/2015\/10\/6.mp3?_=5\" \/><a href=\"http:\/\/blogg.folkuniversitetet.nu\/ioanvi\/files\/2015\/10\/6.mp3\">http:\/\/blogg.folkuniversitetet.nu\/ioanvi\/files\/2015\/10\/6.mp3<\/a><\/audio>\n<p><strong><em>Anv\u00e4ndbara ord och fraser!\u00a0<\/em><\/strong><strong>\u00a0<\/strong><\/p>\n<table>\n<tbody>\n<tr>\n<td width=\"224\">\u039d\u03b1\u03b9<\/td>\n<td width=\"227\"><strong>N\u00e4<\/strong><\/td>\n<td width=\"312\"><em>Ja<\/em><\/td>\n<\/tr>\n<tr>\n<td width=\"224\">\u038c\u03c7\u03b9<\/td>\n<td width=\"227\"><strong>Ochi<\/strong><\/td>\n<td width=\"312\"><em>Nej<\/em><\/td>\n<\/tr>\n<tr>\n<td width=\"224\">\u039f\u03c1\u03af\u03c3\u03c4\u03b5!<\/td>\n<td width=\"227\"><strong>Oriste<\/strong><\/td>\n<td width=\"312\"><em>Vars\u00e5god\/ Vars\u00e5goda<\/em><\/td>\n<\/tr>\n<tr>\n<td width=\"224\">\u0395\u03c5\u03c7\u03b1\u03c1\u03b9\u03c3\u03c4\u03ce \u03c0\u03bf\u03bb\u03cd!<\/td>\n<td width=\"227\"><strong>Efcharist\u00e5 poli!<\/strong><\/td>\n<td width=\"312\"><em>Tack!\u00a0<\/em><\/td>\n<\/tr>\n<tr>\n<td width=\"224\">\u0395\u03c5\u03c7\u03b1\u03c1\u03b9\u03c3\u03c4\u03ce<\/td>\n<td width=\"227\"><strong>Efcharist\u00e5<\/strong><\/td>\n<td width=\"312\"><em>Tack s\u00e5 mycket!<\/em><\/p>\n<p><em>\u00a0<\/em><\/td>\n<\/tr>\n<tr>\n<td width=\"224\">\u03a0\u03b1\u03c1\u03b1\u03ba\u03b1\u03bb\u03ce<\/td>\n<td width=\"227\"><strong>Parakal\u00e5<\/strong><\/td>\n<td width=\"312\"><em>F\u00f6r all del!<\/em><\/td>\n<\/tr>\n<tr>\n<td width=\"224\">\u0394\u03b5\u03bd \u03be\u03ad\u03c1\u03c9<\/td>\n<td width=\"227\"><strong>Den kser\u00e5<\/strong><\/td>\n<td width=\"312\"><em>Jag vet inte!<\/em><\/td>\n<\/tr>\n<tr>\n<td width=\"224\">\u0394\u03b5\u03bd \u03ba\u03b1\u03c4\u03b1\u03bb\u03b1\u03b2\u03b1\u03af\u03bd\u03c9<\/td>\n<td width=\"227\"><strong>Den katalav\u00e4n\u00e5<\/strong><\/td>\n<td width=\"312\"><em>Jag f\u00f6rst\u00e5r inte!<\/em><\/td>\n<\/tr>\n<tr>\n<td width=\"224\">\u03a3\u03c5\u03b3\u03bd\u03ce\u03bc\u03b7!<\/td>\n<td width=\"227\"><strong>Sign\u00e5mi<\/strong><\/td>\n<td width=\"312\"><em>F\u00f6<\/em><em>rl\u00e5<\/em><em>t.\/<\/em><em> Urs\u00e4kta<\/em><\/td>\n<\/tr>\n<tr>\n<td width=\"224\">\u039d\u03b1 \u03c1\u03c9\u03c4\u03ae\u03c3\u03c9 \u03ba\u03ac\u03c4\u03b9;<\/td>\n<td width=\"227\"><strong>Na <\/strong><strong>r\u00e5<\/strong><strong>tis\u00e5 <\/strong><strong>kati?<\/strong><\/td>\n<td width=\"312\"><em>F\u00e5r jag fr\u00e5ga en sak?<\/em><\/td>\n<\/tr>\n<\/tbody>\n<\/table>\n<p><strong>7.<\/strong><\/p>\n<audio class=\"wp-audio-shortcode\" id=\"audio-479-6\" preload=\"none\" style=\"width: 100%;\" controls=\"controls\"><source type=\"audio\/mpeg\" src=\"http:\/\/blogg.folkuniversitetet.nu\/ioanvi\/files\/2015\/10\/7.mp3?_=6\" \/><a href=\"http:\/\/blogg.folkuniversitetet.nu\/ioanvi\/files\/2015\/10\/7.mp3\">http:\/\/blogg.folkuniversitetet.nu\/ioanvi\/files\/2015\/10\/7.mp3<\/a><\/audio>\n<p><strong><em>\u0397\u00e4lsningsfraser<\/em><\/strong><\/p>\n<table>\n<tbody>\n<tr>\n<td width=\"167\">\u0393\u03b5\u03b9\u03b1 \u03c3\u03bf\u03c5<\/td>\n<td width=\"298\"><strong>Gia so<\/strong><\/td>\n<td width=\"326\"><em>Hej<\/em><\/td>\n<\/tr>\n<tr>\n<td width=\"167\">\u0393\u03b5\u03b9\u03b1 \u03c3\u03b1\u03c2<\/td>\n<td width=\"298\"><strong>Gia sas<\/strong><\/td>\n<td width=\"326\"><em>Hej! <\/em><\/td>\n<\/tr>\n<tr>\n<td width=\"167\">\u03a7\u03b1\u03af\u03c1\u03b5\u03c4\u03b5<\/td>\n<td width=\"298\"><strong>Ch\u00e4r\u00e4t\u00e4<\/strong><\/td>\n<td width=\"326\"><em>Hej \/ hejd\u00e5<\/em><\/td>\n<\/tr>\n<tr>\n<td width=\"167\">\u0391\u03bd\u03c4\u03af\u03bf<\/td>\n<td width=\"298\"><strong>Antio<\/strong><\/td>\n<td width=\"326\"><em>Hejd\u00e5<\/em><\/td>\n<\/tr>\n<tr>\n<td width=\"167\">\u039a\u03b1\u03bb\u03b7\u03bc\u03ad\u03c1\u03b1<\/td>\n<td width=\"298\"><strong>Kalimera<\/strong><\/td>\n<td width=\"326\"><em>Godmorgon<\/em><\/td>\n<\/tr>\n<tr>\n<td width=\"167\">\u039a\u03b1\u03bb\u03b7\u03c3\u03c0\u03ad\u03c1\u03b1<\/td>\n<td width=\"298\"><strong>Kalispera<\/strong><\/td>\n<td width=\"326\"><em>God eftermiddag<\/em><\/td>\n<\/tr>\n<tr>\n<td width=\"167\">\u039a\u03b1\u03bb\u03b7\u03bd\u03cd\u03c7\u03c4\u03b1<\/td>\n<td width=\"298\"><strong>Kalinichta<\/strong><\/td>\n<td width=\"326\"><em>Gonatt<\/em><\/td>\n<\/tr>\n<\/tbody>\n<\/table>\n<p><strong>\u00a0<\/strong><strong>8.<\/strong><\/p>\n<audio class=\"wp-audio-shortcode\" id=\"audio-479-7\" preload=\"none\" style=\"width: 100%;\" controls=\"controls\"><source type=\"audio\/mpeg\" src=\"http:\/\/blogg.folkuniversitetet.nu\/ioanvi\/files\/2015\/10\/8.mp3?_=7\" \/><a href=\"http:\/\/blogg.folkuniversitetet.nu\/ioanvi\/files\/2015\/10\/8.mp3\">http:\/\/blogg.folkuniversitetet.nu\/ioanvi\/files\/2015\/10\/8.mp3<\/a><\/audio>\n<p><strong><em>L\u00e4nder<\/em><\/strong><strong>\u00a0<\/strong><\/p>\n<table>\n<tbody>\n<tr>\n<td width=\"238\">\u0395\u03bb\u03bb\u03ac\u03b4\u03b1<strong>\u00a0<\/strong><\/td>\n<td width=\"227\"><strong>Elada<\/strong><\/td>\n<td width=\"241\"><em>Grekland<\/em><\/td>\n<\/tr>\n<tr>\n<td width=\"238\">\u03a3\u03bf\u03c5\u03b7\u03b4\u03af\u03b1<strong>\u00a0<\/strong><\/td>\n<td width=\"227\"><strong>Syidia<\/strong><\/td>\n<td width=\"241\"><em>Sverige<\/em><\/td>\n<\/tr>\n<tr>\n<td width=\"238\">\u0393\u03b5\u03c1\u03bc\u03b1\u03bd\u03af\u03b1<strong>\u00a0<\/strong><\/td>\n<td width=\"227\"><strong>Germania<\/strong><\/td>\n<td width=\"241\"><em>Tyskland<\/em><\/td>\n<\/tr>\n<tr>\n<td width=\"238\">\u0394\u03b1\u03bd\u03af\u03b1<strong>\u00a0<\/strong><\/td>\n<td width=\"227\"><strong>Dania<\/strong><\/td>\n<td width=\"241\"><em>Danmark<\/em><\/td>\n<\/tr>\n<tr>\n<td width=\"238\">\u0393\u03b1\u03bb\u03bb\u03af\u03b1<\/td>\n<td width=\"227\"><strong>Galia<\/strong><\/td>\n<td width=\"241\"><em>Frankrike<\/em><\/td>\n<\/tr>\n<tr>\n<td width=\"238\">\u0391\u03bc\u03b5\u03c1\u03b9\u03ba\u03ae<\/td>\n<td width=\"227\"><strong>Ameriki<\/strong><\/td>\n<td width=\"241\"><em>USA<\/em><\/td>\n<\/tr>\n<tr>\n<td width=\"238\">\u039a\u03b1\u03bd\u03b1\u03b4\u03ac\u03c2<\/td>\n<td width=\"227\"><strong>Kanadas<\/strong><\/td>\n<td width=\"241\"><em>Kanada<\/em><\/td>\n<\/tr>\n<tr>\n<td width=\"238\">\u0399\u03c3\u03c0\u03b1\u03bd\u03af\u03b1<\/td>\n<td width=\"227\"><strong>Ispania<\/strong><\/td>\n<td width=\"241\"><em>Spanien<\/em><\/td>\n<\/tr>\n<tr>\n<td width=\"238\">\u03a0\u03bf\u03bb\u03c9\u03bd\u03af\u03b1<\/td>\n<td width=\"227\"><strong>Polonia<\/strong><\/td>\n<td width=\"241\"><em>Polen<\/em><\/td>\n<\/tr>\n<tr>\n<td width=\"238\">\u039a\u03af\u03bd\u03b1<\/td>\n<td width=\"227\"><strong>Kina<\/strong><\/td>\n<td width=\"241\"><em>Kina<\/em><\/td>\n<\/tr>\n<tr>\n<td width=\"238\">\u03a6\u03b9\u03bd\u03bb\u03b1\u03bd\u03b4\u03af\u03b1<\/td>\n<td width=\"227\"><strong>Finlandia<\/strong><\/td>\n<td width=\"241\"><em>Finland<\/em><\/td>\n<\/tr>\n<tr>\n<td width=\"238\">\u039d\u03bf\u03c1\u03b2\u03b7\u03b3\u03af\u03b1<\/td>\n<td width=\"227\"><strong>Norvijia<\/strong><\/td>\n<td width=\"241\"><em>Norge<\/em><\/p>\n<p><em>\u00a0<\/em><\/td>\n<\/tr>\n<\/tbody>\n<\/table>\n<p><strong>9.<\/strong><\/p>\n<audio class=\"wp-audio-shortcode\" id=\"audio-479-8\" preload=\"none\" style=\"width: 100%;\" controls=\"controls\"><source type=\"audio\/mpeg\" src=\"http:\/\/blogg.folkuniversitetet.nu\/ioanvi\/files\/2015\/10\/9.mp3?_=8\" \/><a href=\"http:\/\/blogg.folkuniversitetet.nu\/ioanvi\/files\/2015\/10\/9.mp3\">http:\/\/blogg.folkuniversitetet.nu\/ioanvi\/files\/2015\/10\/9.mp3<\/a><\/audio>\n<p><strong><em>Personliga pronomen\/ subjektform<\/em><\/strong><\/p>\n<table>\n<tbody>\n<tr>\n<td width=\"124\">\u0395\u03b3\u03ce<\/td>\n<td width=\"156\"><strong>Ego<\/strong><\/td>\n<td width=\"255\"><em>Jag<\/em><\/td>\n<\/tr>\n<tr>\n<td width=\"124\">\u0395\u03c3\u03cd<\/td>\n<td width=\"156\"><strong>Esi<\/strong><\/td>\n<td width=\"255\"><em>Du<\/em><\/td>\n<\/tr>\n<tr>\n<td width=\"124\">\u0391\u03c5\u03c4\u03cc\u03c2<\/td>\n<td width=\"156\"><strong>Aftos<\/strong><\/td>\n<td width=\"255\"><em>Han<\/em><\/td>\n<\/tr>\n<tr>\n<td width=\"124\">\u0391\u03c5\u03c4\u03ae<\/td>\n<td width=\"156\"><strong>Afti<\/strong><\/td>\n<td width=\"255\"><em>Hon<\/em><\/td>\n<\/tr>\n<tr>\n<td width=\"124\">\u0391\u03c5\u03c4\u03cc<\/td>\n<td width=\"156\"><strong>Afto<\/strong><\/td>\n<td width=\"255\"><em>Den\/det<\/em><\/td>\n<\/tr>\n<tr>\n<td width=\"124\"><\/td>\n<td width=\"156\"><strong>\u00a0<\/strong><\/td>\n<td width=\"255\"><em>\u00a0<\/em><\/td>\n<\/tr>\n<tr>\n<td width=\"124\">\u0395\u03bc\u03b5\u03af\u03c2<\/td>\n<td width=\"156\"><strong>Emis<\/strong><\/td>\n<td width=\"255\"><em>Vi<\/em><\/td>\n<\/tr>\n<tr>\n<td width=\"124\">\u0395\u03c3\u03b5\u03af\u03c2<\/td>\n<td width=\"156\"><strong>Esis<\/strong><\/td>\n<td width=\"255\"><em>Ni<\/em><\/td>\n<\/tr>\n<tr>\n<td width=\"124\">\u0391\u03c5\u03c4\u03bf\u03af<\/td>\n<td width=\"156\"><strong>Afti<\/strong><\/td>\n<td width=\"255\"><em>De (maskulin)<\/em><\/td>\n<\/tr>\n<tr>\n<td width=\"124\">\u0391\u03c5\u03c4\u03ad\u03c2<\/td>\n<td width=\"156\"><strong>Aftes<\/strong><\/td>\n<td width=\"255\"><em>De (feminin)<\/em><\/td>\n<\/tr>\n<tr>\n<td width=\"124\">\u0391\u03c5\u03c4\u03ac<\/td>\n<td width=\"156\"><strong>Afta <\/strong><\/td>\n<td width=\"255\"><em>De (neutrum)<\/em><\/td>\n<\/tr>\n<\/tbody>\n<\/table>\n<p>10.<\/p>\n<audio class=\"wp-audio-shortcode\" id=\"audio-479-9\" preload=\"none\" style=\"width: 100%;\" controls=\"controls\"><source type=\"audio\/mpeg\" src=\"http:\/\/blogg.folkuniversitetet.nu\/ioanvi\/files\/2015\/10\/10.mp3?_=9\" \/><a href=\"http:\/\/blogg.folkuniversitetet.nu\/ioanvi\/files\/2015\/10\/10.mp3\">http:\/\/blogg.folkuniversitetet.nu\/ioanvi\/files\/2015\/10\/10.mp3<\/a><\/audio>\n<p><strong><em>Enstaka ord\/substantiv\u00a0<\/em><\/strong><strong><em>\u00a0<\/em><\/strong><\/p>\n<table>\n<tbody>\n<tr>\n<td width=\"252\">\u03bc\u03c0\u03bb\u03bf\u03cd\u03b6\u03b1<\/td>\n<td width=\"284\"><strong>Bluza<\/strong><\/p>\n<p><strong>\u00a0<\/strong><\/td>\n<td width=\"255\"><em>tr\u00f6ja<\/em><\/td>\n<\/tr>\n<tr>\n<td width=\"252\">\u03c0\u03bf\u03c5\u03ba\u03ac\u03bc\u03b9\u03c3\u03bf<\/td>\n<td width=\"284\"><strong>Pukamiso<\/strong><\/p>\n<p><strong>\u00a0<\/strong><\/td>\n<td width=\"255\"><em>skj\u00f6rta<\/em><\/td>\n<\/tr>\n<tr>\n<td width=\"252\">\u03c0\u03bf\u03c5\u03ba\u03b1\u03bc\u03af\u03c3\u03b1<\/td>\n<td width=\"284\"><strong>Pukamisa<\/strong><\/p>\n<p><strong>\u00a0<\/strong><\/td>\n<td width=\"255\"><em>blus<\/em><\/td>\n<\/tr>\n<tr>\n<td width=\"252\">\u03c1\u03bf\u03bb\u03cc\u03b9<\/td>\n<td width=\"284\"><strong>Roloi<\/strong><\/p>\n<p><strong>\u00a0<\/strong><\/td>\n<td width=\"255\"><em>klocka<\/em><\/td>\n<\/tr>\n<tr>\n<td width=\"252\">\u03bc\u03bf\u03bb\u03cd\u03b2\u03b9<\/td>\n<td width=\"284\"><strong>molivi<\/strong><\/p>\n<p><strong>\u00a0<\/strong><\/td>\n<td width=\"255\"><em>blyertspenna<\/em><\/td>\n<\/tr>\n<tr>\n<td width=\"252\">\u03c3\u03c4\u03c5\u03bb\u03cc<\/td>\n<td width=\"284\"><strong>stilo<\/strong><\/p>\n<p><strong>\u00a0<\/strong><\/td>\n<td width=\"255\"><em>penna<\/em><\/td>\n<\/tr>\n<tr>\n<td width=\"252\">\u03b2\u03b9\u03b2\u03bb\u03af\u03bf<\/td>\n<td width=\"284\"><strong>vivlio<\/strong><\/p>\n<p><strong>\u00a0<\/strong><\/td>\n<td width=\"255\"><em>bok<\/em><\/td>\n<\/tr>\n<tr>\n<td width=\"252\">\u03c4\u03bf\u03af\u03c7\u03bf\u03c2<\/td>\n<td width=\"284\"><strong>tichos<\/strong><\/p>\n<p><strong>\u00a0<\/strong><\/td>\n<td width=\"255\"><em>v\u00e4g<\/em><\/td>\n<\/tr>\n<tr>\n<td width=\"252\">\u03c4\u03b1\u03b2\u03ac\u03bd\u03b9<\/td>\n<td width=\"284\"><strong>Tavani<\/strong><\/p>\n<p><strong>\u00a0<\/strong><\/td>\n<td width=\"255\"><em>tak<\/em><\/td>\n<\/tr>\n<\/tbody>\n<\/table>\n<p><strong>\u00a0<\/strong><\/p>\n<p>&nbsp;<\/p>\n","protected":false},"excerpt":{"rendered":"<p>&nbsp; 1. _\u0393\u03b5\u03b9\u03b1 \u03c3\u03bf\u03c5! Hej! (gia so) _\u0393\u03b5\u03b9\u03b1! Hej! (gia) _\u03a0\u03ce\u03c2 \u03c3\u03b5 \u03bb\u03ad\u03bd\u03b5; Vad heter du? (p\u00e5s se lene?) _\u039c\u03b5 \u03bb\u03ad\u03bd\u03b5 \u039c\u03b1\u03c1\u03af\u03b1! \u039a\u03b1\u03b9 \u03b5\u03c3\u03ad\u03bd\u03b1; Jag heter Maria! Du sj\u00e4lv? (me lene Maria. K\u00e4 esena?) _\u039a\u03ce\u03c3\u03c4\u03b1. \u03a7\u03b1\u03af\u03c1\u03c9 \u03c0\u03bf\u03bb\u03cd! Kosta! Trevligt att &hellip; <a href=\"https:\/\/blogg.folkuniversitetet.nu\/ioanvi\/grekiskanyborjarkurs\/lektion-1\/\">Forts\u00e4tt l\u00e4sa <span class=\"meta-nav\">&rarr;<\/span><\/a><\/p>\n","protected":false},"author":71,"featured_media":0,"parent":477,"menu_order":0,"comment_status":"closed","ping_status":"closed","template":"","meta":{"footnotes":""},"class_list":["post-479","page","type-page","status-publish","hentry"],"_links":{"self":[{"href":"https:\/\/blogg.folkuniversitetet.nu\/ioanvi\/wp-json\/wp\/v2\/pages\/479","targetHints":{"allow":["GET"]}}],"collection":[{"href":"https:\/\/blogg.folkuniversitetet.nu\/ioanvi\/wp-json\/wp\/v2\/pages"}],"about":[{"href":"https:\/\/blogg.folkuniversitetet.nu\/ioanvi\/wp-json\/wp\/v2\/types\/page"}],"author":[{"embeddable":true,"href":"https:\/\/blogg.folkuniversitetet.nu\/ioanvi\/wp-json\/wp\/v2\/users\/71"}],"replies":[{"embeddable":true,"href":"https:\/\/blogg.folkuniversitetet.nu\/ioanvi\/wp-json\/wp\/v2\/comments?post=479"}],"version-history":[{"count":5,"href":"https:\/\/blogg.folkuniversitetet.nu\/ioanvi\/wp-json\/wp\/v2\/pages\/479\/revisions"}],"predecessor-version":[{"id":563,"href":"https:\/\/blogg.folkuniversitetet.nu\/ioanvi\/wp-json\/wp\/v2\/pages\/479\/revisions\/563"}],"up":[{"embeddable":true,"href":"https:\/\/blogg.folkuniversitetet.nu\/ioanvi\/wp-json\/wp\/v2\/pages\/477"}],"wp:attachment":[{"href":"https:\/\/blogg.folkuniversitetet.nu\/ioanvi\/wp-json\/wp\/v2\/media?parent=479"}],"curies":[{"name":"wp","href":"https:\/\/api.w.org\/{rel}","templated":true}]}}