{"id":433,"date":"2015-03-27T20:17:33","date_gmt":"2015-03-27T20:17:33","guid":{"rendered":"http:\/\/blogg.folkuniversitetet.nu\/ioanvi\/?page_id=433"},"modified":"2016-02-16T07:04:36","modified_gmt":"2016-02-16T07:04:36","slug":"klassiker","status":"publish","type":"page","link":"https:\/\/blogg.folkuniversitetet.nu\/ioanvi\/melodier\/klassiker\/","title":{"rendered":"Klassiker"},"content":{"rendered":"<p><iframe loading=\"lazy\" title=\"\u0391\u039b\u039a\u0399\u03a3\u03a4\u0399\u03a3   \u03a0\u03a1\u039f\u03a4\u039f\u03a8\u0391\u039b\u03a4\u0397   -\u03a3&#039;\u0391\u0393\u0391\u03a0\u03a9 \u0393\u0399\u0391\u03a4\u0399 \u0395\u0399\u03a3\u0391\u0399 \u03a9\u03a1\u0391\u0399\u0391-\" width=\"640\" height=\"480\" src=\"https:\/\/www.youtube.com\/embed\/3qv88lCbGew?feature=oembed\" frameborder=\"0\" allow=\"accelerometer; autoplay; clipboard-write; encrypted-media; gyroscope; picture-in-picture; web-share\" referrerpolicy=\"strict-origin-when-cross-origin\" allowfullscreen><\/iframe><\/p>\n<p><em><strong>Lyssna p\u00e5 l\u00e5ten medan du l\u00e4ser texten nedan. (grekisk text med \u00f6vers\u00e4ttning till engelska nedan)<\/strong><\/em><\/p>\n<p style=\"text-align: center\">\u03a3&#8217;\u0391\u0393\u0391\u03a0\u03a9 \u0393\u0399\u0391\u03a4\u0399 \u0395\u0399\u03a3&#8217; \u03a9\u03a1\u0391\u0399\u0391 (\u03a0\u03b1\u03c1\u03b1\u03b4\u03bf\u03c3\u03b9\u03b1\u03ba\u03cc)<\/p>\n<p>\u03a3\u03a4\u0399\u03a7\u039f\u0399:<br \/>\n\u03a3 \u03b1\u03b3\u03b1\u03c0\u03ce<br \/>\n\u03c3 \u03b1\u03b3\u03b1\u03c0\u03ce \u03b3\u03b9\u03b1\u03c4\u03af \u03b5\u03af\u03c3\u03b1\u03b9 \u03c9\u03c1\u03b1\u03af\u03b1<br \/>\n\u03c3 \u03b1\u03b3\u03b1\u03c0\u03ce \u03b3\u03b9\u03b1\u03c4\u03af \u03b5\u03af\u03c3\u03b1\u03b9 \u03c9\u03c1\u03b1\u03af\u03b1<br \/>\n\u03c3 \u03b1\u03b3\u03b1\u03c0\u03ce \u03b3\u03b9\u03b1\u03c4\u03af \u03b5\u03af\u03c3\u03b1\u03b9 \u03b5\u03c3\u03cd<\/p>\n<p>\u0391\u03b3\u03b1\u03c0\u03ce<br \/>\n\u03b1\u03b3\u03b1\u03c0\u03ce \u03ba\u03b9 \u03cc\u03bb\u03bf \u03c4\u03bf\u03bd \u03ba\u03cc\u03c3\u03bc\u03bf<br \/>\n\u03b1\u03b3\u03b1\u03c0\u03ce \u03ba\u03b9 \u03cc\u03bb\u03bf \u03c4\u03bf\u03bd \u03ba\u03cc\u03c3\u03bc\u03bf<br \/>\n\u03b3\u03b9\u03b1\u03c4\u03af \u03b6\u03b5\u03b9\u03c2 \u03ba\u03b9 \u03b5\u03c3\u03cd \u03bc\u03b1\u03b6\u03af<\/p>\n<p>\u03a4\u03bf \u03c0\u03b1\u03c1\u03b1&#8230;<br \/>\n\u03c4\u03bf \u03c0\u03b1\u03c1\u03ac\u03b8\u03c5\u03c1\u03bf \u03ba\u03bb\u03b5\u03b9\u03c3\u03bc\u03ad\u03bd\u03bf<br \/>\n\u03c4\u03bf \u03c0\u03b1\u03c1\u03ac\u03b8\u03c5\u03c1\u03bf \u03ba\u03bb\u03b5\u03b9\u03c3\u03bc\u03ad\u03bd\u03bf<br \/>\n\u03c4\u03bf \u03c0\u03b1\u03c1\u03ac\u03b8\u03c5\u03c1\u03bf \u03ba\u03bb\u03b5\u03b9\u03c3\u03c4\u03cc<\/p>\n<p>\u0386\u03bd\u03bf\u03b9\u03be\u03b5<br \/>\n\u03ac\u03bd\u03bf\u03b9\u03be\u03b5 \u03c4\u03bf \u03ad\u03bd\u03b1 \u03c6\u03cd\u03bb\u03bb\u03bf<br \/>\n\u03ac\u03bd\u03bf\u03b9\u03be\u03b5 \u03c4\u03bf \u03ad\u03bd\u03b1 \u03c6\u03cd\u03bb\u03bb\u03bf<br \/>\n\u03c4\u03b7\u03bd \u03b5\u03b9\u03ba\u03cc\u03bd\u03b1 \u03c3\u03bf\u03c5 \u03bd\u03b1 \u03b4\u03c9<br \/>\n&#8212;&#8212;&#8212;&#8212;&#8212;&#8212;&#8212;&#8212;&#8212;&#8212;<br \/>\nLYRICS (FREE TRANSLATION):<br \/>\nI love you<br \/>\nI love you because you are beautiful<br \/>\nI love you because you are beautiful<br \/>\nI love you because you are yourself<\/p>\n<p>I love<br \/>\nI love the whole world<br \/>\nI love the whole world<br \/>\nbecause you live in it<\/p>\n<p>Your win-<br \/>\nyour window which is closed<br \/>\nyour window which is closed<br \/>\nyour window which is shut<\/p>\n<p>Open<br \/>\nopen one panel of it<br \/>\nopen one panel of it<br \/>\nto see your image<\/p>\n","protected":false},"excerpt":{"rendered":"<p>Lyssna p\u00e5 l\u00e5ten medan du l\u00e4ser texten nedan. (grekisk text med \u00f6vers\u00e4ttning till engelska nedan) \u03a3&#8217;\u0391\u0393\u0391\u03a0\u03a9 \u0393\u0399\u0391\u03a4\u0399 \u0395\u0399\u03a3&#8217; \u03a9\u03a1\u0391\u0399\u0391 (\u03a0\u03b1\u03c1\u03b1\u03b4\u03bf\u03c3\u03b9\u03b1\u03ba\u03cc) \u03a3\u03a4\u0399\u03a7\u039f\u0399: \u03a3 \u03b1\u03b3\u03b1\u03c0\u03ce \u03c3 \u03b1\u03b3\u03b1\u03c0\u03ce \u03b3\u03b9\u03b1\u03c4\u03af \u03b5\u03af\u03c3\u03b1\u03b9 \u03c9\u03c1\u03b1\u03af\u03b1 \u03c3 \u03b1\u03b3\u03b1\u03c0\u03ce \u03b3\u03b9\u03b1\u03c4\u03af \u03b5\u03af\u03c3\u03b1\u03b9 \u03c9\u03c1\u03b1\u03af\u03b1 \u03c3 \u03b1\u03b3\u03b1\u03c0\u03ce \u03b3\u03b9\u03b1\u03c4\u03af \u03b5\u03af\u03c3\u03b1\u03b9 \u03b5\u03c3\u03cd \u0391\u03b3\u03b1\u03c0\u03ce \u03b1\u03b3\u03b1\u03c0\u03ce &hellip; <a href=\"https:\/\/blogg.folkuniversitetet.nu\/ioanvi\/melodier\/klassiker\/\">Forts\u00e4tt l\u00e4sa <span class=\"meta-nav\">&rarr;<\/span><\/a><\/p>\n","protected":false},"author":71,"featured_media":0,"parent":229,"menu_order":0,"comment_status":"closed","ping_status":"open","template":"","meta":{"footnotes":""},"class_list":["post-433","page","type-page","status-publish","hentry"],"_links":{"self":[{"href":"https:\/\/blogg.folkuniversitetet.nu\/ioanvi\/wp-json\/wp\/v2\/pages\/433","targetHints":{"allow":["GET"]}}],"collection":[{"href":"https:\/\/blogg.folkuniversitetet.nu\/ioanvi\/wp-json\/wp\/v2\/pages"}],"about":[{"href":"https:\/\/blogg.folkuniversitetet.nu\/ioanvi\/wp-json\/wp\/v2\/types\/page"}],"author":[{"embeddable":true,"href":"https:\/\/blogg.folkuniversitetet.nu\/ioanvi\/wp-json\/wp\/v2\/users\/71"}],"replies":[{"embeddable":true,"href":"https:\/\/blogg.folkuniversitetet.nu\/ioanvi\/wp-json\/wp\/v2\/comments?post=433"}],"version-history":[{"count":5,"href":"https:\/\/blogg.folkuniversitetet.nu\/ioanvi\/wp-json\/wp\/v2\/pages\/433\/revisions"}],"predecessor-version":[{"id":979,"href":"https:\/\/blogg.folkuniversitetet.nu\/ioanvi\/wp-json\/wp\/v2\/pages\/433\/revisions\/979"}],"up":[{"embeddable":true,"href":"https:\/\/blogg.folkuniversitetet.nu\/ioanvi\/wp-json\/wp\/v2\/pages\/229"}],"wp:attachment":[{"href":"https:\/\/blogg.folkuniversitetet.nu\/ioanvi\/wp-json\/wp\/v2\/media?parent=433"}],"curies":[{"name":"wp","href":"https:\/\/api.w.org\/{rel}","templated":true}]}}