{"id":377,"date":"2015-03-14T09:41:37","date_gmt":"2015-03-14T09:41:37","guid":{"rendered":"http:\/\/blogg.folkuniversitetet.nu\/ioanvi\/?page_id=377"},"modified":"2015-03-14T10:59:04","modified_gmt":"2015-03-14T10:59:04","slug":"vangelis-papathanasiou","status":"publish","type":"page","link":"https:\/\/blogg.folkuniversitetet.nu\/ioanvi\/melodier\/vangelis-papathanasiou\/","title":{"rendered":"Vangelis Papathanasiou"},"content":{"rendered":"<p><b>Vangelis<\/b>, egentligen <i>Ev\u00e1nghelos Odyss\u00e9as Papathanass\u00edou<\/i> (grekiska \u0395\u03c5\u03ac\u03b3\u03b3\u03b5\u03bb\u03bf\u03c2 \u039f\u03b4\u03c5\u03c3\u03c3\u03ad\u03b1\u03c2 \u03a0\u03b1\u03c0\u03b1\u03b8\u03b1\u03bd\u03b1\u03c3\u03af\u03bf\u03c5), f\u00f6dd 1943\u00a0i Volos, \u00e4r en grekisk musiker\u00a0och komposit\u00f6r. Vangelis har varit verksam inom den elektroniska musiken\u00a0och syntmusiken\u00a0sedan genrens\u00a0genombrott under 1970-talet. Tillsammans med Kraftwerk\u00a0och jean Michel Zarre\u00a0\u00e4r Vangelis f\u00f6rgrundsfigur inom elektronisk musik. Han har ut\u00f6ver sin solokarri\u00e4r haft framg\u00e5ngar i samarbeten, inte minst i duon <a title=\"Jon &amp; Vangelis\" href=\"http:\/\/sv.wikipedia.org\/wiki\/Jon_%26_Vangelis\">Jon &amp; Vangelis<\/a>.<\/p>\n<p>K\u00e4lla: wikipedia<\/p>\n<p><iframe loading=\"lazy\" title=\"CHARIOTS OF FIRE 2004 - \u03a3\u0397\u039a\u03a9 \u0395\u03a0\u0391\u039d\u03a9!\" width=\"640\" height=\"360\" src=\"https:\/\/www.youtube.com\/embed\/3LjoJ-lwiow?feature=oembed\" frameborder=\"0\" allow=\"accelerometer; autoplay; clipboard-write; encrypted-media; gyroscope; picture-in-picture; web-share\" referrerpolicy=\"strict-origin-when-cross-origin\" allowfullscreen><\/iframe><\/p>\n<p>&nbsp;<\/p>\n<p><iframe loading=\"lazy\" title=\"\u0392\u0391\u0393\u0393\u0395\u039b\u0397\u03a3 \u03a0\u0391\u03a0\u0391\u0398\u0391\u039d\u0391\u03a3\u0399\u039f\u03a5-\u0397 \u0391\u03a0\u039f\u039b\u03a5\u03a4\u0397 \u0395\u03a5\u03a4\u03a5\u03a7\u0399\u0391\" width=\"640\" height=\"360\" src=\"https:\/\/www.youtube.com\/embed\/t6dIrV7gz5k?feature=oembed\" frameborder=\"0\" allow=\"accelerometer; autoplay; clipboard-write; encrypted-media; gyroscope; picture-in-picture; web-share\" referrerpolicy=\"strict-origin-when-cross-origin\" allowfullscreen><\/iframe><\/p>\n<p>&nbsp;<\/p>\n<p><a href=\"https:\/\/www.youtube.com\/watch?v=XOVatBvGxF4\">https:\/\/www.youtube.com\/watch?v=XOVatBvGxF4<\/a><\/p>\n","protected":false},"excerpt":{"rendered":"<p>Vangelis, egentligen Ev\u00e1nghelos Odyss\u00e9as Papathanass\u00edou (grekiska \u0395\u03c5\u03ac\u03b3\u03b3\u03b5\u03bb\u03bf\u03c2 \u039f\u03b4\u03c5\u03c3\u03c3\u03ad\u03b1\u03c2 \u03a0\u03b1\u03c0\u03b1\u03b8\u03b1\u03bd\u03b1\u03c3\u03af\u03bf\u03c5), f\u00f6dd 1943\u00a0i Volos, \u00e4r en grekisk musiker\u00a0och komposit\u00f6r. Vangelis har varit verksam inom den elektroniska musiken\u00a0och syntmusiken\u00a0sedan genrens\u00a0genombrott under 1970-talet. Tillsammans med Kraftwerk\u00a0och jean Michel Zarre\u00a0\u00e4r Vangelis f\u00f6rgrundsfigur inom elektronisk musik. &hellip; <a href=\"https:\/\/blogg.folkuniversitetet.nu\/ioanvi\/melodier\/vangelis-papathanasiou\/\">Forts\u00e4tt l\u00e4sa <span class=\"meta-nav\">&rarr;<\/span><\/a><\/p>\n","protected":false},"author":71,"featured_media":0,"parent":229,"menu_order":0,"comment_status":"closed","ping_status":"open","template":"","meta":{"footnotes":""},"class_list":["post-377","page","type-page","status-publish","hentry"],"_links":{"self":[{"href":"https:\/\/blogg.folkuniversitetet.nu\/ioanvi\/wp-json\/wp\/v2\/pages\/377","targetHints":{"allow":["GET"]}}],"collection":[{"href":"https:\/\/blogg.folkuniversitetet.nu\/ioanvi\/wp-json\/wp\/v2\/pages"}],"about":[{"href":"https:\/\/blogg.folkuniversitetet.nu\/ioanvi\/wp-json\/wp\/v2\/types\/page"}],"author":[{"embeddable":true,"href":"https:\/\/blogg.folkuniversitetet.nu\/ioanvi\/wp-json\/wp\/v2\/users\/71"}],"replies":[{"embeddable":true,"href":"https:\/\/blogg.folkuniversitetet.nu\/ioanvi\/wp-json\/wp\/v2\/comments?post=377"}],"version-history":[{"count":4,"href":"https:\/\/blogg.folkuniversitetet.nu\/ioanvi\/wp-json\/wp\/v2\/pages\/377\/revisions"}],"predecessor-version":[{"id":381,"href":"https:\/\/blogg.folkuniversitetet.nu\/ioanvi\/wp-json\/wp\/v2\/pages\/377\/revisions\/381"}],"up":[{"embeddable":true,"href":"https:\/\/blogg.folkuniversitetet.nu\/ioanvi\/wp-json\/wp\/v2\/pages\/229"}],"wp:attachment":[{"href":"https:\/\/blogg.folkuniversitetet.nu\/ioanvi\/wp-json\/wp\/v2\/media?parent=377"}],"curies":[{"name":"wp","href":"https:\/\/api.w.org\/{rel}","templated":true}]}}