{"id":353,"date":"2015-03-14T09:17:33","date_gmt":"2015-03-14T09:17:33","guid":{"rendered":"http:\/\/blogg.folkuniversitetet.nu\/ioanvi\/?page_id=353"},"modified":"2015-03-19T07:47:13","modified_gmt":"2015-03-19T07:47:13","slug":"lek-4","status":"publish","type":"page","link":"https:\/\/blogg.folkuniversitetet.nu\/ioanvi\/arkiv\/grekiskastartkurs\/lek-4\/","title":{"rendered":"Lek 4"},"content":{"rendered":"<p><strong>\u0394\u03b9\u03ac\u03bb\u03bf\u03b3\u03bf\u03c2\u00a0<\/strong><\/p>\n<audio class=\"wp-audio-shortcode\" id=\"audio-353-1\" preload=\"none\" style=\"width: 100%;\" controls=\"controls\"><source type=\"audio\/mpeg\" src=\"http:\/\/blogg.folkuniversitetet.nu\/ioanvi\/files\/2015\/03\/dialogkafeteria.mp3?_=1\" \/><a href=\"http:\/\/blogg.folkuniversitetet.nu\/ioanvi\/files\/2015\/03\/dialogkafeteria.mp3\">http:\/\/blogg.folkuniversitetet.nu\/ioanvi\/files\/2015\/03\/dialogkafeteria.mp3<\/a><\/audio>\n<p><strong><em><span style=\"text-decoration: underline\">\u03a3\u03c4\u03b7\u03bd<\/span><\/em><\/strong> <strong><em><span style=\"text-decoration: underline\">\u03ba\u03b1\u03c6\u03b5\u03c4\u03ad\u03c1\u03b9\u03b1\/<\/span><\/em><\/strong><strong><em><span style=\"text-decoration: underline\">\u00a0P\u00e5 kafeet.<\/span><\/em><\/strong><\/p>\n<p><strong><em><span style=\"text-decoration: underline\">\u00a0<\/span><\/em><\/strong><strong>\u03a3\u03b5\u03c1\u03b2\u03b9\u03c4\u03cc\u03c1\u03bf\u03c2: <\/strong>servit\u00f6r<\/p>\n<p>_ \u039f\u03c1\u03af\u03c3\u03c4\u03b5, \u03c0\u03b1\u03c1\u03b1\u03ba\u03b1\u03bb\u03ce! \/ Vars\u00e5goda!<\/p>\n<p><strong>\u03a0\u03b5\u03bb\u03ac\u03c4\u03b7\u03c2: <\/strong>\u00a0kund<\/p>\n<p>_ \u039c\u03c0\u03bf\u03c1\u03ce \u03bd\u03b1 \u03ad\u03c7\u03c9 \u03c4\u03bf\u03bd \u03ba\u03b1\u03c4\u03ac\u03bb\u03bf\u03b3\u03bf \u03c0\u03b1\u03c1\u03b1\u03ba\u03b1\u03bb\u03ce!\/F\u00e5r jag ha menun, \u00e4r du sn\u00e4ll!<\/p>\n<p><strong>\u03a3\u03b5\u03c1\u03b2\u03b9\u03c4\u03cc\u03c1\u03bf\u03c2: <\/strong>\u00a0servit\u00f6r<\/p>\n<p>_ \u039c\u03b9\u03c3\u03cc \u03bb\u03b5\u03c0\u03c4\u03cc! \u039f\u03c1\u03af\u03c3\u03c4\u03b5!\/ halv minut! Vars\u00e5god!<\/p>\n<p><strong>\u03a0\u03b5\u03bb\u03ac\u03c4\u03b7\u03c2:<\/strong>\u00a0kund<\/p>\n<p>_ \u0388\u03bd\u03b1\u03bd \u03ba\u03b1\u03c6\u03ad \u03ba\u03b1\u03b9 \u03ad\u03bd\u03b1 \u03c4\u03c3\u03ac\u03b9, \u03c0\u03b1\u03c1\u03b1\u03ba\u03b1\u03bb\u03ce!\/ ett kaffe och ett te, sn\u00e4lla!<\/p>\n<p><strong>\u03a3\u03b5\u03c1\u03b2\u03b9\u03c4\u03cc\u03c1\u03bf\u03c2: <\/strong>\/ servit\u00f6r<\/p>\n<p>_ \u0398\u03ad\u03bb\u03b5\u03c4\u03b5 \u03b6\u03ac\u03c7\u03b1\u03c1\u03b7 \u03c3\u03c4\u03bf\u03bd \u03ba\u03b1\u03c6\u03ad;\/ Vill ni (ha) socker till kaffet?<\/p>\n<p><strong>\u03a0\u03b5\u03bb\u03ac\u03c4\u03b7\u03c2: <\/strong>pelatis \/\/ kund<\/p>\n<p>_ \u038c\u03c7\u03b9 \u03b5\u03c5\u03c7\u03b1\u03c1\u03b9\u03c3\u03c4\u03ce!\/Nej, Tack!<\/p>\n<p>&nbsp;<\/p>\n<p><strong>\u03a3\u03b5\u03c1\u03b2\u03b9\u03c4\u03cc\u03c1\u03bf\u03c2: <\/strong>\/ servit\u00f6r<\/p>\n<p>_ \u03a4\u03bf \u03c4\u03c3\u03ac\u03b9 \u03bc\u03b5 \u03b6\u03ac\u03c7\u03b1\u03c1\u03b7 \u03ae \u03bc\u03b5 \u03bb\u03b5\u03bc\u03cc\u03bd\u03b9;\/ Teet med socker eller med citron?<\/p>\n<p><strong>\u03a0\u03b5\u03bb\u03ac\u03c4\u03b7\u03c2 2:<\/strong>\/ kund<\/p>\n<p>_ \u039c\u03cc\u03bd\u03bf \u03bc\u03b5 \u03bb\u03b5\u03bc\u03cc\u03bd\u03b9, \u03c0\u03b1\u03c1\u03b1\u03ba\u03b1\u03bb\u03ce!\/ Bara med citron, sn\u00e4lla!<\/p>\n<p><strong>\u03a3\u03b5\u03c1\u03b2\u03b9\u03c4\u03cc\u03c1\u03bf\u03c2: <\/strong>\/ servit\u00f6r<\/p>\n<p>_ \u0391\u03bc\u03ad\u03c3\u03c9\u03c2!\/ Strax!<\/p>\n<p>&#8230;&#8230;.<\/p>\n<p>_ \u039f\u03c1\u03af\u03c3\u03c4\u03b5! \u03a3\u03c4\u03b7\u03bd \u03c5\u03b3\u03b5\u03b9\u03ac \u03c3\u03b1\u03c2! \/Vars\u00e5goda!<em> Sk\u00e5l<\/em><\/p>\n<p><strong>\u03a0\u03b5\u03bb\u03ac\u03c4\u03b7\u03c2: <\/strong>\/ kund<\/p>\n<p>_\u0395\u03c5\u03c7\u03b1\u03c1\u03b9\u03c3\u03c4\u03bf\u03cd\u03bc\u03b5! \u00a0Vi tackar!<\/p>\n<p>&#8230;&#8230;..<\/p>\n<p>_ \u039c\u03c0\u03bf\u03c1\u03ce \u03bd\u03b1 \u03ad\u03c7\u03c9 \u03c4\u03bf \u03bb\u03bf\u03b3\u03b1\u03c1\u03b9\u03b1\u03c3\u03bc\u03cc, \u03c0\u03b1\u03c1\u03b1\u03ba\u03b1\u03bb\u03ce!\/ F\u00e5r jag (ha) r\u00e4kningen, sn\u00e4lla!<\/p>\n<p><strong>\u03a3\u03b5\u03c1\u03b2\u03b9\u03c4\u03cc\u03c1\u03bf\u03c2: <\/strong>\/ servit\u00f6r<\/p>\n<p>_\u00a0 \u039f\u03c1\u03af\u03c3\u03c4\u03b5! \u039a\u03ac\u03bd\u03b5\u03b9 7 \u03b5\u03c5\u03c1\u03ce.\/Vars\u00e5god! Det blir 7 euro.<\/p>\n<p><strong>\u03a0\u03b5\u03bb\u03ac\u03c4\u03b7\u03c2: <\/strong>kund<\/p>\n<p>_\u039f\u03c1\u03af\u03c3\u03c4\u03b5! Vars\u00e5god!<\/p>\n<p><strong>\u03a3\u03b5\u03c1\u03b2\u03b9\u03c4\u03cc\u03c1\u03bf\u03c2: <\/strong>\u00a0servit\u00f6r<\/p>\n<p>_\u00a0 \u0395\u03c5\u03c7\u03b1\u03c1\u03b9\u03c3\u03c4\u03ce! \u03a3\u03c4\u03bf \u03ba\u03b1\u03bb\u03cc!\/tack! Had det bra!<\/p>\n<p>&nbsp;<\/p>\n<p>+++++++++++++++++++++++++++++++++++++++++++++++++++++++++++++<\/p>\n<p><strong>\u00a0\u0394\u03b9\u03ac\u03bb\u03bf\u03b3\u03bf\u03c2<\/strong><\/p>\n<audio class=\"wp-audio-shortcode\" id=\"audio-353-2\" preload=\"none\" style=\"width: 100%;\" controls=\"controls\"><source type=\"audio\/mpeg\" src=\"http:\/\/blogg.folkuniversitetet.nu\/ioanvi\/files\/2015\/03\/dialogkiosk.mp3?_=2\" \/><a href=\"http:\/\/blogg.folkuniversitetet.nu\/ioanvi\/files\/2015\/03\/dialogkiosk.mp3\">http:\/\/blogg.folkuniversitetet.nu\/ioanvi\/files\/2015\/03\/dialogkiosk.mp3<\/a><\/audio>\n<p><strong><span style=\"text-decoration: underline\">\u03a3\u03c4\u03bf \u03c0\u03b5\u03c1\u03af\u03c0\u03c4\u03b5\u03c1\u03bf!\u00a0<\/span><\/strong><strong><span style=\"text-decoration: underline\">Vid kiosken!<\/span><\/strong><\/p>\n<p><strong>\u03a0\u03b5\u03bb\u03ac\u03c4\u03b7\u03c2:<\/strong>\u00a0kund<\/p>\n<p>_ \u039a\u03b1\u03bb\u03b7\u03c3\u03c0\u03ad\u03c1\u03b1! \u0388\u03c7\u03b5\u03c4\u03b5 \u03b1\u03bd\u03b1\u03c8\u03c5\u03ba\u03c4\u03b9\u03ba\u03ac \u03ba\u03b1\u03b9 \u03c0\u03b1\u03b3\u03c9\u03c4\u03ac?\/ Har ni l\u00e4sk och glass?<\/p>\n<p><strong>\u03a0\u03b5\u03c1\u03b9\u03c0\u03c4\u03b5\u03c1\u03ac\u03c2:<\/strong>\u00a0kiosks\u00e4ljare<\/p>\n<p>_ \u039d\u03b1\u03b9.\u03a4\u03b9 \u03b8\u03ad\u03bb\u03b5\u03c4\u03b5;\/ Ja. Vad vill ni (ha)?<\/p>\n<p><strong>\u03a0\u03b5\u03bb\u03ac\u03c4\u03b7\u03c2: <\/strong>kund<\/p>\n<p>_\u0398\u03ad\u03bb\u03c9 \u03bc\u03af\u03b1 \u03c0\u03bf\u03c1\u03c4\u03bf\u03ba\u03b1\u03bb\u03ac\u03b4\u03b1 \u03ba\u03b1\u03b9 \u03ad\u03bd\u03b1 \u03c0\u03b1\u03b3\u03c9\u03c4\u03cc \u03c3\u03bf\u03ba\u03bf\u03bb\u03ac\u03c4\u03b1. \u03a0\u03cc\u03c3\u03bf \u03ba\u03ac\u03bd\u03bf\u03c5\u03bd?\/<\/p>\n<p>Jag vill (ha) en apelsin-l\u00e4sk och en glass med chokladsmak. Vad kostar de?<\/p>\n<p><strong>\u03a0\u03b5\u03c1\u03b9\u03c0\u03c4\u03b5\u03c1\u03ac\u03c2:\u00a0<\/strong>kiosks\u00e4ljare<\/p>\n<p>_ 6 \u03b5\u03c5\u03c1\u03ce \u03c3\u03cd\u03bd\u03bf\u03bb\u03bf.\/Sex euro sammanlagt.<\/p>\n<p><strong>\u03a0\u03b5\u03bb\u03ac\u03c4\u03b7\u03c2: <\/strong>kund<\/p>\n<p>_ \u039f\u03c1\u03af\u03c3\u03c4\u03b5 20 \u03b5\u03c5\u03c1\u03ce, \u03b4\u03b5\u03bd \u03ad\u03c7\u03c9 \u03c8\u03b9\u03bb\u03ac \u03b4\u03c5\u03c3\u03c4\u03c5\u03c7\u03ce\u03c2.\/Vars\u00e5god 20 euro, jag har inte v\u00e4xel\u00a0tyv\u00e4rr..<\/p>\n<p><strong>\u03a0\u03b5\u03c1\u03b9\u03c0\u03c4\u03b5\u03c1\u03ac\u03c2: <\/strong>kiosks\u00e4ljare<\/p>\n<p>_ \u039f\u03c1\u03af\u03c3\u03c4\u03b5 14\u00a0\u03b5\u03c5\u03c1\u03ce \u03c1\u03ad\u03c3\u03c4\u03b1. \/ Vars\u00e5god, 14 euro tillbaks.<\/p>\n<p><strong>\u03a0\u03b5\u03bb\u03ac\u03c4\u03b7\u03c2:<\/strong>kund<\/p>\n<p>_ \u0395\u03c5\u03c7\u03b1\u03c1\u03b9\u03c3\u03c4\u03ce! \u039a\u03b1\u03bb\u03b7\u03bd\u03cd\u03c7\u03c4\u03b1!\/ Tack! Godnatt!<\/p>\n<p><strong>\u03a0\u03b5\u03c1\u03b9\u03c0\u03c4\u03b5\u03c1\u03ac\u03c2: <\/strong>kiosks\u00e4ljare<\/p>\n<p>_ \u03a0\u03b1\u03c1\u03b1\u03ba\u03b1\u03bb\u03ce. \u0395\u03c0\u03af\u03c3\u03b7\u03c2\/ F\u00f6r all del! Detsamma&#8230;<\/p>\n<p>++++++++++++++++++++++++++++++++++++++++++++++++++++++++++++++<\/p>\n<p><strong>ORDLISTA-\u00a0<\/strong><strong>SUBSTANTIV<\/strong><\/p>\n<p>&nbsp;<\/p>\n<audio class=\"wp-audio-shortcode\" id=\"audio-353-3\" preload=\"none\" style=\"width: 100%;\" controls=\"controls\"><source type=\"audio\/mpeg\" src=\"http:\/\/blogg.folkuniversitetet.nu\/ioanvi\/files\/2015\/03\/ord1.mp3?_=3\" \/><a href=\"http:\/\/blogg.folkuniversitetet.nu\/ioanvi\/files\/2015\/03\/ord1.mp3\">http:\/\/blogg.folkuniversitetet.nu\/ioanvi\/files\/2015\/03\/ord1.mp3<\/a><\/audio>\n<p><strong>\u03c4\u03bf \u03c4\u03c1\u03b1\u03c0\u03ad\u03b6\u03b9 = <\/strong>bordet<\/p>\n<p><strong>\u03b7 \u03ba\u03b1\u03c1\u03ad\u03ba\u03bb\u03b1<\/strong> = stolen<\/p>\n<p><strong>\u03b7 \u03c4\u03b1\u03b2\u03ad\u03c1\u03bd\u03b1<\/strong> = krogen<\/p>\n<p><strong>\u03c4\u03bf \u03b5\u03c3\u03c4\u03b9\u03b1\u03c4\u03cc\u03c1\u03b9\u03bf<\/strong> = resaturangen<\/p>\n<p><strong>\u03bf \u03bc\u03b5\u03b6\u03ad\u03c2<\/strong> = tilltuget<\/p>\n<p><strong>\u03c4\u03bf \u03c6\u03b1\u03b3\u03b7\u03c4\u03cc<\/strong> = maten<\/p>\n<p><strong>\u03b7 \u03bc\u03b5\u03c1\u03af\u03b4\u03b1<\/strong> = portionen<\/p>\n<p>**************************************<\/p>\n<audio class=\"wp-audio-shortcode\" id=\"audio-353-4\" preload=\"none\" style=\"width: 100%;\" controls=\"controls\"><source type=\"audio\/mpeg\" src=\"http:\/\/blogg.folkuniversitetet.nu\/ioanvi\/files\/2015\/03\/ord2.mp3?_=4\" \/><a href=\"http:\/\/blogg.folkuniversitetet.nu\/ioanvi\/files\/2015\/03\/ord2.mp3\">http:\/\/blogg.folkuniversitetet.nu\/ioanvi\/files\/2015\/03\/ord2.mp3<\/a><\/audio>\n<p><strong>\u03bf \u03ba\u03b1\u03c6\u03ad\u03c2= <\/strong>kaffet<\/p>\n<p><strong>\u03c4\u03bf \u03c0\u03bf\u03c4\u03cc= <\/strong>drinken<\/p>\n<p><strong>\u03c4\u03bf \u03b1\u03bd\u03b1\u03c8\u03c5\u03ba\u03c4\u03b9\u03ba\u03cc= <\/strong>l\u00e4sken<\/p>\n<p><strong>\u03c4\u03bf \u03ba\u03c1\u03b1\u03c3\u03af=<\/strong> vinet<\/p>\n<p><strong>\u03c4\u03bf \u03b3\u03bb\u03c5\u03ba\u03cc<\/strong> =kakan<\/p>\n<p><strong>\u03c4\u03bf \u03bd\u03b5\u03c1\u03cc<\/strong> = vattnet<\/p>\n<p><strong>\u03c4\u03bf \u03c0\u03bf\u03c4\u03ae\u03c1\u03b9<\/strong> = glaset<\/p>\n<p><strong>\u03ad\u03bd\u03b1 \u03c0\u03bf\u03c4\u03ae\u03c1\u03b9 \u03bd\u03b5\u03c1\u03cc<\/strong>\u00a0= ett glas vatten<\/p>\n<p><strong>\u03bd\u03b5\u03c1\u03cc \u03bc\u03b5 \u03b1\u03bd\u03b8\u03c1\u03b1\u03ba\u03b9\u03ba\u03cc=<\/strong> kolsyrat vatten<\/p>\n<p><strong>\u03c3\u03cc\u03b4\u03b1=<\/strong> kolsyrat vatten<\/p>\n<p><strong>\u03c4\u03bf \u03bc\u03c0\u03bf\u03c5\u03ba\u03ac\u03bb\u03b9<\/strong> = flaskan<\/p>\n<p><strong>\u03ad\u03bd\u03b1 \u03bc\u03c0\u03bf\u03c5\u03ba\u03ac\u03bb\u03b9 \u03ba\u03c1\u03b1\u03c3\u03af=<\/strong> en flaska vin<\/p>\n<p><strong>\u03bc\u03b9\u03b1 \u03ba\u03b1\u03bd\u03ac\u03c4\u03b1 \u03bd\u03b5\u03c1\u03cc=<\/strong> en kanna vatten<\/p>\n<p><strong>\u03bd\u03b5\u03c1\u03cc \u03b2\u03c1\u03cd\u03c3\u03b7\u03c2=<\/strong> vatten ur kran<\/p>\n<p><strong>\u03ba\u03c1\u03b1\u03c3\u03af \u03c7\u03cd\u03bc\u03b1=<\/strong> hush\u00e5llsvin<\/p>\n<p><strong>\u03bc\u03b9\u03b1 \u03ba\u03b1\u03bd\u03ac\u03c4\u03b1 \u03ba\u03c1\u03b1\u03c3\u03af=<\/strong> en kanna vin<\/p>\n<p><strong>\u03bf \u03c7\u03c5\u03bc\u03cc\u03c2<\/strong> = saften<\/p>\n<p><strong>\u03b7 \u03c0\u03bf\u03c1\u03c4\u03bf\u03ba\u03b1\u03bb\u03ac\u03b4\u03b1<\/strong> = apelsin l\u00e4sken el. apelsinsaften<\/p>\n<p><strong>\u03b7 \u03bb\u03b5\u03bc\u03bf\u03bd\u03ac\u03b4\u03b1<\/strong> = citron l\u00e4sken<\/p>\n<p><strong>\u03c4\u03bf \u03b3\u03ac\u03bb\u03b1 = <\/strong>mj\u00f6lken<\/p>\n<p>**********************************<\/p>\n<audio class=\"wp-audio-shortcode\" id=\"audio-353-5\" preload=\"none\" style=\"width: 100%;\" controls=\"controls\"><source type=\"audio\/mpeg\" src=\"http:\/\/blogg.folkuniversitetet.nu\/ioanvi\/files\/2015\/03\/ord3.mp3?_=5\" \/><a href=\"http:\/\/blogg.folkuniversitetet.nu\/ioanvi\/files\/2015\/03\/ord3.mp3\">http:\/\/blogg.folkuniversitetet.nu\/ioanvi\/files\/2015\/03\/ord3.mp3<\/a><\/audio>\n<p><strong>\u03c4\u03bf \u03b3\u03b9\u03b1\u03bf\u03cd\u03c1\u03c4\u03b9<\/strong> = yoghurten<\/p>\n<p><strong>\u03c4\u03bf \u03c0\u03b1\u03b3\u03c9\u03c4\u03cc<\/strong> = glassen<\/p>\n<p><strong>\u03b7 \u03b6\u03ac\u03c7\u03b1\u03c1\u03b7<\/strong> = sockret<\/p>\n<p><strong>\u03c4\u03bf \u03b1\u03bb\u03ac\u03c4\u03b9 = <\/strong>saltet<\/p>\n<p><strong>\u03c4\u03bf \u03c0\u03b9\u03c0\u03ad\u03c1\u03b9 = <\/strong>pepprat<\/p>\n<p><strong>\u03c4\u03bf \u03c8\u03ac\u03c1\u03b9 = <\/strong>fisken<\/p>\n<p><strong>\u03c4\u03bf \u03c4\u03c3\u03ac\u03b9 = <\/strong>teet<\/p>\n<p>*********************************<\/p>\n<audio class=\"wp-audio-shortcode\" id=\"audio-353-6\" preload=\"none\" style=\"width: 100%;\" controls=\"controls\"><source type=\"audio\/mpeg\" src=\"http:\/\/blogg.folkuniversitetet.nu\/ioanvi\/files\/2015\/03\/ord4.mp3?_=6\" \/><a href=\"http:\/\/blogg.folkuniversitetet.nu\/ioanvi\/files\/2015\/03\/ord4.mp3\">http:\/\/blogg.folkuniversitetet.nu\/ioanvi\/files\/2015\/03\/ord4.mp3<\/a><\/audio>\n<p><strong>\u03bc\u03b1\u03ba\u03b1\u03c1\u03cc\u03bd\u03b9\u03b1<\/strong> = pasta<\/p>\n<p><strong>\u03ba\u03c1\u03ad\u03b1\u03c2<\/strong> = k\u00f6tt<\/p>\n<p><strong>\u03b7 \u03c0\u03b1\u03c1\u03b1\u03b3\u03b3\u03b5\u03bb\u03af\u03b1<\/strong> = best\u00e4llningen<\/p>\n<p><strong>\u03bf \u03c3\u03b5\u03c1\u03b2\u03b9\u03c4\u03cc\u03c1\u03bf\u03c2= <\/strong>servit\u00f6ren<\/p>\n<p><strong>\u03bf \u03c0\u03b5\u03bb\u03ac\u03c4\u03b7\u03c2<\/strong> = kunden<\/p>\n<p><strong>\u03bf \u03bb\u03bf\u03b3\u03b1\u03c1\u03b9\u03b1\u03c3\u03bc\u03cc\u03c2<\/strong> = r\u00e4kningen<\/p>\n<p><strong>\u03b7 \u03c4\u03b9\u03bc\u03ae<\/strong> = priset<\/p>\n<p><strong>\u03bf \u03ba\u03b1\u03c4\u03ac\u03bb\u03bf\u03b3\u03bf\u03c2<\/strong> = menyn<\/p>\n<p>++++++++++++++++++++++++++++++++++++++++++++++++++++++++++++++<\/p>\n<p><strong>Ordlista-\u00d6vriga meningar<\/strong><\/p>\n<audio class=\"wp-audio-shortcode\" id=\"audio-353-7\" preload=\"none\" style=\"width: 100%;\" controls=\"controls\"><source type=\"audio\/mpeg\" src=\"http:\/\/blogg.folkuniversitetet.nu\/ioanvi\/files\/2015\/03\/meningar.mp3?_=7\" \/><a href=\"http:\/\/blogg.folkuniversitetet.nu\/ioanvi\/files\/2015\/03\/meningar.mp3\">http:\/\/blogg.folkuniversitetet.nu\/ioanvi\/files\/2015\/03\/meningar.mp3<\/a><\/audio>\n<ul>\n<li><strong>\u00a0<\/strong><strong>\u039c\u03c0\u03bf\u03c1\u03ce \u03bd\u03b1 \u03ad\u03c7\u03c9<\/strong> \u03c4\u03bf\u03bd \u03ba\u03b1\u03c4\u03ac\u03bb\u03bf\u03b3\u03bf \u03c0\u03b1\u03c1\u03b1\u03ba\u03b1\u03bb\u03ce! \/<strong>F\u00e5r jag ha<\/strong> menyn, \u00e4r du sn\u00e4ll!<\/li>\n<li>\u00a0<strong>\u039c\u03cc\u03bd\u03bf<\/strong> \u03bc\u03b5 \u03bb\u03b5\u03bc\u03cc\u03bd\u03b9. \/ <strong>Bara<\/strong> med citron.<\/li>\n<li>\u0391\u03bc\u03ad\u03c3\u03c9\u03c2! Strax!<\/li>\n<li>\u03a3\u03c4\u03b7\u03bd \u03c5\u03b3\u03b5\u03b9\u03ac \u03c3\u03b1\u03c2 \/\/ <strong><em>Sk\u00e5l<\/em><\/strong><\/li>\n<li><strong><em>\u039a<\/em><\/strong>\u03b1\u03bb\u03ae \u03cc\u03c1\u03b5\u03be\u03b7\/ Smaklig m\u00e5ltid<\/li>\n<li>6 \u03b5\u03c5\u03c1\u03ce <strong>\u03c3\u03cd\u03bd\u03bf\u03bb\u03bf.<\/strong>\/ Sex euro sammanlagt<\/li>\n<li>\u0394\u03b5\u03bd \u03ad\u03c7\u03c9 <strong>\u03c8\u03b9\u03bb\u03ac<\/strong> <strong>\u03b4\u03c5\u03c3\u03c4\u03c5\u03c7\u03ce\u03c2.<\/strong> \/Jag har inte <strong>v\u00e4xel tyv\u00e4rr<\/strong>.<\/li>\n<li>\u039f\u03c1\u03af\u03c3\u03c4\u03b5 \u03b4\u03b5\u03ba\u03b1\u03c4\u03ad\u03c3\u03c3\u03b5\u03c1\u03b1 \u03b5\u03c5\u03c1\u03ce <strong>\u03c1\u03ad\u03c3\u03c4\u03b1.\/ <\/strong>Vars\u00e5god, 14 euro <strong>tillbaks<\/strong><strong>.<\/strong><\/li>\n<\/ul>\n<audio class=\"wp-audio-shortcode\" id=\"audio-353-8\" preload=\"none\" style=\"width: 100%;\" controls=\"controls\"><source type=\"audio\/mpeg\" src=\"http:\/\/blogg.folkuniversitetet.nu\/ioanvi\/files\/2015\/03\/meningar2.mp3?_=8\" \/><a href=\"http:\/\/blogg.folkuniversitetet.nu\/ioanvi\/files\/2015\/03\/meningar2.mp3\">http:\/\/blogg.folkuniversitetet.nu\/ioanvi\/files\/2015\/03\/meningar2.mp3<\/a><\/audio>\n<ul>\n<li>\u03bc\u03b5 \u03b6\u03ac\u03c7\u03b1\u03c1\u03b7= med socker i<\/li>\n<li>\u03c7\u03c9\u03c1\u03af\u03c2 \u03b6\u03ac\u03c7\u03b1\u03c1\u03b7= utan socker<\/li>\n<li>\u03bc\u03b5 \u03bb\u03af\u03b3\u03b7 \u03b6\u03ac\u03c7\u03b1\u03c1\u03b7= med lite socker i<\/li>\n<li>\u03bc\u03b5 \u03b3\u03ac\u03bb\u03b1= med mj\u00f6lk<\/li>\n<li>\u03bc\u03b5 \u03c0\u03bf\u03bb\u03cd \u03b3\u03ac\u03bb\u03b1=med mycket mj\u00f6lk<\/li>\n<li>\u03bc\u03b5 \u03bb\u03af\u03b3\u03bf \u03b3\u03ac\u03bb\u03b1= med lite mj\u00f6lk<\/li>\n<li>\u03c7\u03c9\u03c1\u03af\u03c2 \u03b3\u03ac\u03bb\u03b1=utan mj\u00f6lk<\/li>\n<li>\u03bc\u03b5 \u03c3\u03b1\u03bd\u03c4\u03b9\u03b3\u03cd= med gr\u00e4dde (man brukar servera kaffe med gr\u00e4dde p\u00e5)<\/li>\n<\/ul>\n<p>&nbsp;<\/p>\n<p>&nbsp;<\/p>\n<p>&nbsp;<\/p>\n<p>&nbsp;<\/p>\n<p>&nbsp;<\/p>\n<p>&nbsp;<\/p>\n<p>&nbsp;<\/p>\n<p>&nbsp;<\/p>\n","protected":false},"excerpt":{"rendered":"<p>\u0394\u03b9\u03ac\u03bb\u03bf\u03b3\u03bf\u03c2\u00a0 \u03a3\u03c4\u03b7\u03bd \u03ba\u03b1\u03c6\u03b5\u03c4\u03ad\u03c1\u03b9\u03b1\/\u00a0P\u00e5 kafeet. \u00a0\u03a3\u03b5\u03c1\u03b2\u03b9\u03c4\u03cc\u03c1\u03bf\u03c2: servit\u00f6r _ \u039f\u03c1\u03af\u03c3\u03c4\u03b5, \u03c0\u03b1\u03c1\u03b1\u03ba\u03b1\u03bb\u03ce! \/ Vars\u00e5goda! \u03a0\u03b5\u03bb\u03ac\u03c4\u03b7\u03c2: \u00a0kund _ \u039c\u03c0\u03bf\u03c1\u03ce \u03bd\u03b1 \u03ad\u03c7\u03c9 \u03c4\u03bf\u03bd \u03ba\u03b1\u03c4\u03ac\u03bb\u03bf\u03b3\u03bf \u03c0\u03b1\u03c1\u03b1\u03ba\u03b1\u03bb\u03ce!\/F\u00e5r jag ha menun, \u00e4r du sn\u00e4ll! \u03a3\u03b5\u03c1\u03b2\u03b9\u03c4\u03cc\u03c1\u03bf\u03c2: \u00a0servit\u00f6r _ \u039c\u03b9\u03c3\u03cc \u03bb\u03b5\u03c0\u03c4\u03cc! \u039f\u03c1\u03af\u03c3\u03c4\u03b5!\/ halv minut! Vars\u00e5god! \u03a0\u03b5\u03bb\u03ac\u03c4\u03b7\u03c2:\u00a0kund _ \u0388\u03bd\u03b1\u03bd \u03ba\u03b1\u03c6\u03ad \u03ba\u03b1\u03b9 &hellip; <a href=\"https:\/\/blogg.folkuniversitetet.nu\/ioanvi\/arkiv\/grekiskastartkurs\/lek-4\/\">Forts\u00e4tt l\u00e4sa <span class=\"meta-nav\">&rarr;<\/span><\/a><\/p>\n","protected":false},"author":71,"featured_media":0,"parent":240,"menu_order":0,"comment_status":"closed","ping_status":"open","template":"","meta":{"footnotes":""},"class_list":["post-353","page","type-page","status-publish","hentry"],"_links":{"self":[{"href":"https:\/\/blogg.folkuniversitetet.nu\/ioanvi\/wp-json\/wp\/v2\/pages\/353","targetHints":{"allow":["GET"]}}],"collection":[{"href":"https:\/\/blogg.folkuniversitetet.nu\/ioanvi\/wp-json\/wp\/v2\/pages"}],"about":[{"href":"https:\/\/blogg.folkuniversitetet.nu\/ioanvi\/wp-json\/wp\/v2\/types\/page"}],"author":[{"embeddable":true,"href":"https:\/\/blogg.folkuniversitetet.nu\/ioanvi\/wp-json\/wp\/v2\/users\/71"}],"replies":[{"embeddable":true,"href":"https:\/\/blogg.folkuniversitetet.nu\/ioanvi\/wp-json\/wp\/v2\/comments?post=353"}],"version-history":[{"count":13,"href":"https:\/\/blogg.folkuniversitetet.nu\/ioanvi\/wp-json\/wp\/v2\/pages\/353\/revisions"}],"predecessor-version":[{"id":385,"href":"https:\/\/blogg.folkuniversitetet.nu\/ioanvi\/wp-json\/wp\/v2\/pages\/353\/revisions\/385"}],"up":[{"embeddable":true,"href":"https:\/\/blogg.folkuniversitetet.nu\/ioanvi\/wp-json\/wp\/v2\/pages\/240"}],"wp:attachment":[{"href":"https:\/\/blogg.folkuniversitetet.nu\/ioanvi\/wp-json\/wp\/v2\/media?parent=353"}],"curies":[{"name":"wp","href":"https:\/\/api.w.org\/{rel}","templated":true}]}}