{"id":345,"date":"2015-02-27T19:51:01","date_gmt":"2015-02-27T19:51:01","guid":{"rendered":"http:\/\/blogg.folkuniversitetet.nu\/ioanvi\/?page_id=345"},"modified":"2015-02-28T06:18:53","modified_gmt":"2015-02-28T06:18:53","slug":"konstantinos-kavafis","status":"publish","type":"page","link":"https:\/\/blogg.folkuniversitetet.nu\/ioanvi\/lastips\/konstantinos-kavafis\/","title":{"rendered":"Konstantinos Kavafis"},"content":{"rendered":"<p><b>Konstantinos Kavafis<\/b> (<b>\u039a\u03c9\u03bd\u03c3\u03c4\u03b1\u03bd\u03c4\u03af\u03bd\u03bf\u03c2 \u03a0\u03ad\u03c4\u03c1\u03bf\u03c5 \u039a\u03b1\u03b2\u03ac\u03c6\u03b7\u03c2<\/b>, <i>Konstand\u00ednos P\u00e9trou Kav\u00e1fis<\/i>) f\u00f6dd 1863\u00a0i Alexandria,\u00a0var en grekisk lyriker, k\u00e4nd f\u00f6r sina 154 dikter.<\/p>\n<p>&nbsp;<\/p>\n<p><strong>Dikten, <em>Ithaka<\/em><\/strong><\/p>\n<p><a href=\"https:\/\/www.youtube.com\/watch?v=uok_CWwIWAo\">https:\/\/www.youtube.com\/watch?v=uok_CWwIWAo<\/a><\/p>\n<p>&nbsp;<\/p>\n<p><em><strong>STURE LINN\u00c9R skriver om K.Kavafis:<\/strong><\/em><\/p>\n<p>\u00bbKonstantin Kavafis dog p\u00e5 sin sjuttio\u00e5rsdag, den 29 april 1933. Han var d\u00e5 ok\u00e4nd som f\u00f6rfattare, utom f\u00f6r n\u00e5gra v\u00e4nner i Alexandria. Men tre \u00e5r senare b\u00f6rjade hans poesi aktualiseras i vida kretsar, b\u00e5de bland greker och bland utlandets litter\u00e4ra ber\u00f6mdheter, fr\u00e4mst tack vare Georg Seferis, stor inte enbart som diktare utan ocks\u00e5 som litteraturkritiker.<\/p>\n<p>Vad \u00e4r det som g\u00f6r att man runt omkring i v\u00e4rlden \u00e4nnu i dag k\u00e4nner det angel\u00e4get att lyssna till Kavafis f\u00f6rsynta r\u00f6st? Att de erotiska dikterna, genomsyrade av hans homosexualitet, starkt attraherat m\u00e5nga med samma l\u00e4ggning som han \u00e4r l\u00e4tt att f\u00f6rst\u00e5. S\u00e5 till exempel har the gay liberation i usa lite bullrande f\u00f6rgrovat tagit honom p\u00e5 entreprenad som en ny Oscar Wilde, och inom Oxbridges i h\u00f6g grad homosexuellt inriktade intellektuella elit blev han tidigt och forts\u00e4tter att vara n\u00e5got av en kultfigur. Men allt han skrivit med motiv fr\u00e5n den hellenistiska storhetstiden f\u00f6r tv\u00e5 \u00e5rtusenden sen och fr\u00e5n romerska och bysantinska epoker vad har det att ge poesi\u00e4lskare i New York och Moskva och Stockholm och Sydney? Och hans filosofiska diktning har den verkligen djup och b\u00e4rkraft nog att f\u00f6rvandla en poet i en av det hellenska kulturomr\u00e5dets utkanter till en kosmopolit med hemortsr\u00e4tt i den stora v\u00e4rldslitteraturen? Under de senaste par tre \u00e5rtiondena har det skrivits en m\u00e4ngd avhandlingar, inte minst av kvinnliga forskare (vid Sorbonne och Princeton och vid universiteten i Moskva och New York och Padua) som besvarat de fr\u00e5gorna i starkt positiv anda. Sj\u00e4lv begr\u00e4nsar jag mig h\u00e4r till att framh\u00e5lla tv\u00e5 drag i hans diktning som jag tror kommer att ge dem ett best\u00e5ende v\u00e4rde.\u00ab<\/p>\n<p><em>K\u00e4lla:<\/em>\u00a0<a href=\"http:\/\/www.adlibris.com\/se\/bok\/lasa-kavafis-valda-dikter-9789188858238\">http:\/\/www.adlibris.com\/se\/bok\/lasa-kavafis-valda-dikter-9789188858238<\/a><\/p>\n<p>&nbsp;<\/p>\n<p><strong><em>B\u00f6cker om och av Kavafis p\u00e5 svenska bibliotek hittar man p\u00e5 l\u00e4nken nedan:<\/em><\/strong><\/p>\n<p><a href=\"http:\/\/libris.kb.se\/hitlist?d=libris&amp;q=Konstantinos+Kavafis&amp;f=simp&amp;spell=true&amp;hist=true&amp;p=1\">http:\/\/libris.kb.se\/hitlist?d=libris&amp;q=Konstantinos+Kavafis&amp;f=simp&amp;spell=true&amp;hist=true&amp;p=1<\/a><\/p>\n<p>&nbsp;<\/p>\n<p><em><strong>The official website of the Kavafis archive:<\/strong><\/em><\/p>\n<p><a href=\"http:\/\/www.cavafy.com\/companion\/bio.asp\">http:\/\/www.cavafy.com\/companion\/bio.asp<\/a><\/p>\n<p>&nbsp;<\/p>\n<p>&nbsp;<\/p>\n","protected":false},"excerpt":{"rendered":"<p>Konstantinos Kavafis (\u039a\u03c9\u03bd\u03c3\u03c4\u03b1\u03bd\u03c4\u03af\u03bd\u03bf\u03c2 \u03a0\u03ad\u03c4\u03c1\u03bf\u03c5 \u039a\u03b1\u03b2\u03ac\u03c6\u03b7\u03c2, Konstand\u00ednos P\u00e9trou Kav\u00e1fis) f\u00f6dd 1863\u00a0i Alexandria,\u00a0var en grekisk lyriker, k\u00e4nd f\u00f6r sina 154 dikter. &nbsp; Dikten, Ithaka &nbsp; STURE LINN\u00c9R skriver om K.Kavafis: \u00bbKonstantin Kavafis dog p\u00e5 sin sjuttio\u00e5rsdag, den 29 april 1933. Han var &hellip; <a href=\"https:\/\/blogg.folkuniversitetet.nu\/ioanvi\/lastips\/konstantinos-kavafis\/\">Forts\u00e4tt l\u00e4sa <span class=\"meta-nav\">&rarr;<\/span><\/a><\/p>\n","protected":false},"author":71,"featured_media":0,"parent":259,"menu_order":0,"comment_status":"closed","ping_status":"open","template":"","meta":{"footnotes":""},"class_list":["post-345","page","type-page","status-publish","hentry"],"_links":{"self":[{"href":"https:\/\/blogg.folkuniversitetet.nu\/ioanvi\/wp-json\/wp\/v2\/pages\/345","targetHints":{"allow":["GET"]}}],"collection":[{"href":"https:\/\/blogg.folkuniversitetet.nu\/ioanvi\/wp-json\/wp\/v2\/pages"}],"about":[{"href":"https:\/\/blogg.folkuniversitetet.nu\/ioanvi\/wp-json\/wp\/v2\/types\/page"}],"author":[{"embeddable":true,"href":"https:\/\/blogg.folkuniversitetet.nu\/ioanvi\/wp-json\/wp\/v2\/users\/71"}],"replies":[{"embeddable":true,"href":"https:\/\/blogg.folkuniversitetet.nu\/ioanvi\/wp-json\/wp\/v2\/comments?post=345"}],"version-history":[{"count":5,"href":"https:\/\/blogg.folkuniversitetet.nu\/ioanvi\/wp-json\/wp\/v2\/pages\/345\/revisions"}],"predecessor-version":[{"id":351,"href":"https:\/\/blogg.folkuniversitetet.nu\/ioanvi\/wp-json\/wp\/v2\/pages\/345\/revisions\/351"}],"up":[{"embeddable":true,"href":"https:\/\/blogg.folkuniversitetet.nu\/ioanvi\/wp-json\/wp\/v2\/pages\/259"}],"wp:attachment":[{"href":"https:\/\/blogg.folkuniversitetet.nu\/ioanvi\/wp-json\/wp\/v2\/media?parent=345"}],"curies":[{"name":"wp","href":"https:\/\/api.w.org\/{rel}","templated":true}]}}