{"id":242,"date":"2015-02-14T06:06:57","date_gmt":"2015-02-14T06:06:57","guid":{"rendered":"http:\/\/blogg.folkuniversitetet.nu\/ioanvi\/?page_id=242"},"modified":"2015-02-14T06:50:02","modified_gmt":"2015-02-14T06:50:02","slug":"lek-1","status":"publish","type":"page","link":"https:\/\/blogg.folkuniversitetet.nu\/ioanvi\/arkiv\/grekiskastartkurs\/lek-1\/","title":{"rendered":"Lek 1"},"content":{"rendered":"<p>Lyssna p\u00e5 dialoger som st\u00e5r nedan!<\/p>\n<audio class=\"wp-audio-shortcode\" id=\"audio-242-1\" preload=\"none\" style=\"width: 100%;\" controls=\"controls\"><source type=\"audio\/mpeg\" src=\"http:\/\/blogg.folkuniversitetet.nu\/ioanvi\/files\/2015\/02\/dialog1.mp3?_=1\" \/><a href=\"http:\/\/blogg.folkuniversitetet.nu\/ioanvi\/files\/2015\/02\/dialog1.mp3\">http:\/\/blogg.folkuniversitetet.nu\/ioanvi\/files\/2015\/02\/dialog1.mp3<\/a><\/audio>\n<p><strong>\u0394\u0399\u0391\u039b\u039f\u0393\u039f\u0399<\/strong><\/p>\n<p>_\u0393\u03b5\u03b9\u03b1 \u03c3\u03bf\u03c5!\u00a0\u00a0\u00a0\u00a0\u00a0\u00a0\u00a0\u00a0\u00a0\u00a0\u00a0\u00a0\u00a0\u00a0\u00a0\u00a0\u00a0\u00a0\u00a0\u00a0 \u00a0\u00a0\u00a0\u00a0\u00a0\u00a0\u00a0\u00a0\u00a0 \u00a0\u00a0\u00a0\u00a0\u00a0\u00a0\u00a0\u00a0\u00a0 _\u0393\u03b5\u03b9\u03b1 \u03c3\u03bf\u03c5!<\/p>\n<p>_\u03a0\u03ce\u03c2 \u03c3\u03b5 \u03bb\u03ad\u03bd\u03b5;\u00a0\u00a0\u00a0\u00a0\u00a0\u00a0\u00a0\u00a0\u00a0\u00a0\u00a0\u00a0\u00a0\u00a0\u00a0\u00a0\u00a0\u00a0\u00a0\u00a0\u00a0\u00a0\u00a0\u00a0 \u00a0\u00a0\u00a0\u00a0\u00a0\u00a0\u00a0\u00a0\u00a0 _\u039c\u03b1\u03c1\u03af\u03b1. \u0395\u03c3\u03ad\u03bd\u03b1;<\/p>\n<p>_\u039d\u03af\u03ba\u03bf! \u03a7\u03b1\u03af\u03c1\u03c9 \u03c0\u03bf\u03bb\u03cd!\u00a0\u00a0\u00a0\u00a0\u00a0\u00a0\u00a0\u00a0\u00a0\u00a0\u00a0\u00a0\u00a0 \u00a0\u00a0\u00a0\u00a0\u00a0\u00a0\u00a0\u00a0\u00a0 _\u039a\u03b1\u03b9 \u03b5\u03b3\u03ce!<\/p>\n<p>_ \u0391\u03c0\u03cc \u03c0\u03bf\u03cd \u03b5\u03af\u03c3\u03b1\u03b9;\u00a0\u00a0\u00a0\u00a0\u00a0\u00a0\u00a0\u00a0\u00a0\u00a0\u00a0\u00a0\u00a0\u00a0\u00a0\u00a0\u00a0\u00a0\u00a0\u00a0\u00a0\u00a0\u00a0\u00a0\u00a0\u00a0\u00a0\u00a0\u00a0 _ \u0391\u03c0\u03cc \u03a3\u03bf\u03c5\u03b7\u03b4\u03af\u03b1. \u0395\u03c3\u03cd;<\/p>\n<p>_ \u0391\u03c0\u03cc \u0395\u03bb\u03bb\u03ac\u03b4\u03b1.<\/p>\n<p>&#8212;&#8212;&#8212;&#8212;&#8212;&#8212;&#8212;&#8212;&#8212;&#8212;&#8212;&#8212;&#8212;&#8212;&#8212;&#8212;&#8212;&#8212;&#8212;&#8212;&#8212;&#8212;&#8212;&#8212;&#8212;&#8212;&#8212;&#8212;&#8212;&#8212;&#8212;&#8212;&#8212;&#8212;<\/p>\n<p>_\u0393\u03b5\u03b9\u03b1 \u03c3\u03bf\u03c5!\u00a0\u00a0\u00a0\u00a0\u00a0\u00a0\u00a0\u00a0\u00a0\u00a0\u00a0\u00a0\u00a0\u00a0\u00a0\u00a0\u00a0\u00a0\u00a0\u00a0 \u00a0\u00a0\u00a0\u00a0\u00a0\u00a0\u00a0\u00a0\u00a0\u00a0\u00a0\u00a0\u00a0\u00a0\u00a0\u00a0\u00a0\u00a0\u00a0\u00a0 _\u0393\u03b5\u03b9\u03b1 \u03c3\u03bf\u03c5!<\/p>\n<p>_ \u03a4\u03b9 \u03ba\u03ac\u03bd\u03b5\u03b9\u03c2;\u00a0\u00a0\u00a0\u00a0\u00a0\u00a0\u00a0\u00a0\u00a0\u00a0\u00a0\u00a0\u00a0\u00a0\u00a0\u00a0\u00a0\u00a0\u00a0\u00a0\u00a0\u00a0\u00a0\u00a0\u00a0\u00a0\u00a0\u00a0\u00a0\u00a0\u00a0\u00a0\u00a0\u00a0\u00a0\u00a0\u00a0\u00a0\u00a0\u00a0 _ \u039a\u03b1\u03bb\u03ac! \u0395\u03c3\u03cd;<\/p>\n<p>_ \u039a\u03b1\u03bb\u03ac \u03ba\u03b1\u03b9 \u03b5\u03b3\u03ce!\u00a0\u00a0\u00a0\u00a0\u00a0\u00a0\u00a0\u00a0\u00a0\u00a0\u00a0\u00a0\u00a0\u00a0\u00a0\u00a0\u00a0\u00a0\u00a0\u00a0\u00a0\u00a0\u00a0\u00a0\u00a0\u00a0\u00a0\u00a0\u00a0\u00a0\u00a0 _ \u03a9\u03c1\u03b1\u03af\u03b1!<\/p>\n<p>_ \u03a4\u03b1 \u03bb\u03ad\u03bc\u03b5 \u03bc\u03b5\u03c4\u03ac!\u00a0\u00a0\u00a0\u00a0\u00a0\u00a0\u00a0\u00a0\u00a0\u00a0\u00a0\u00a0\u00a0\u00a0\u00a0\u00a0\u00a0\u00a0\u00a0\u00a0\u00a0\u00a0\u00a0\u00a0\u00a0\u00a0\u00a0\u00a0\u00a0\u00a0\u00a0 _\u039f\u039a!<\/p>\n<p>&#8212;&#8212;&#8212;&#8212;&#8212;&#8212;&#8212;&#8212;&#8212;&#8212;&#8212;&#8212;&#8212;&#8212;&#8212;&#8212;&#8212;&#8212;&#8212;&#8212;&#8212;&#8212;&#8212;&#8212;&#8212;&#8212;&#8212;&#8212;&#8212;&#8212;&#8212;&#8212;&#8212;&#8212;<\/p>\n<p><strong>Ordlista<\/strong><\/p>\n<p>\u0393\u03b5\u03b9\u03b1 \u03c3\u03bf\u03c5\u00a0\u00a0\u00a0\u00a0\u00a0\u00a0\u00a0\u00a0\u00a0\u00a0\u00a0\u00a0\u00a0\u00a0\u00a0\u00a0\u00a0\u00a0\u00a0\u00a0\u00a0\u00a0\u00a0\u00a0\u00a0\u00a0\u00a0\u00a0\u00a0\u00a0\u00a0\u00a0\u00a0\u00a0\u00a0\u00a0\u00a0\u00a0\u00a0 Gia so\u00a0\u00a0\u00a0\u00a0\u00a0\u00a0\u00a0\u00a0\u00a0\u00a0\u00a0\u00a0\u00a0\u00a0\u00a0\u00a0\u00a0\u00a0\u00a0\u00a0\u00a0\u00a0\u00a0\u00a0\u00a0\u00a0\u00a0\u00a0\u00a0\u00a0 hej<\/p>\n<p>\u03a0\u03ce\u03c2 \u03c3\u03b5 \u03bb\u03ad\u03bd\u03b5;\u00a0\u00a0\u00a0\u00a0\u00a0\u00a0\u00a0\u00a0\u00a0\u00a0\u00a0\u00a0\u00a0\u00a0\u00a0\u00a0\u00a0\u00a0\u00a0\u00a0\u00a0\u00a0\u00a0\u00a0\u00a0\u00a0\u00a0\u00a0\u00a0\u00a0\u00a0 P\u00e5s se lene?\u00a0\u00a0\u00a0\u00a0 \u00a0\u00a0\u00a0\u00a0\u00a0\u00a0\u00a0\u00a0\u00a0\u00a0\u00a0\u00a0\u00a0 Vad heter du?<\/p>\n<p>\u03a7\u03b1\u03af\u03c1\u03c9 \u03c0\u03bf\u03bb\u03cd!\u00a0\u00a0\u00a0 \u00a0\u00a0\u00a0\u00a0\u00a0\u00a0\u00a0\u00a0\u00a0\u00a0\u00a0\u00a0\u00a0\u00a0\u00a0\u00a0\u00a0\u00a0\u00a0\u00a0\u00a0\u00a0\u00a0\u00a0\u00a0\u00a0\u00a0\u00a0 Ch\u00e4r\u00e5 poli!\u00a0\u00a0\u00a0\u00a0\u00a0\u00a0\u00a0\u00a0\u00a0\u00a0\u00a0\u00a0\u00a0\u00a0\u00a0\u00a0\u00a0\u00a0\u00a0\u00a0 Trevligt att tr\u00e4ffa dig!<\/p>\n<p>\u0391\u03c0\u03cc \u03c0\u03bf\u03cd \u03b5\u03af\u03c3\u03b1\u03b9;\u00a0\u00a0\u00a0\u00a0\u00a0\u00a0\u00a0\u00a0\u00a0\u00a0\u00a0\u00a0\u00a0\u00a0\u00a0\u00a0\u00a0\u00a0\u00a0\u00a0\u00a0\u00a0\u00a0\u00a0\u00a0\u00a0\u00a0 Apo po is\u00e4?\u00a0\u00a0\u00a0\u00a0\u00a0\u00a0\u00a0\u00a0\u00a0\u00a0\u00a0\u00a0\u00a0\u00a0\u00a0\u00a0\u00a0\u00a0\u00a0 Varifr\u00e5n \u00e4r du?<\/p>\n<p>\u0391\u03c0\u03cc \u03a3\u03bf\u03c5\u03b7\u03b4\u03af\u03b1.\u00a0\u00a0\u00a0\u00a0\u00a0\u00a0\u00a0\u00a0\u00a0\u00a0\u00a0\u00a0\u00a0\u00a0\u00a0\u00a0\u00a0\u00a0\u00a0\u00a0\u00a0\u00a0\u00a0\u00a0\u00a0\u00a0\u00a0\u00a0\u00a0\u00a0 Apo Suidia!\u00a0\u00a0\u00a0\u00a0\u00a0\u00a0\u00a0\u00a0\u00a0\u00a0\u00a0\u00a0\u00a0\u00a0\u00a0\u00a0\u00a0\u00a0\u00a0 Fr\u00e5n Sverige!<\/p>\n<p>\u0391\u03c0\u03cc \u0395\u03bb\u03bb\u03ac\u03b4\u03b1.\u00a0\u00a0\u00a0\u00a0\u00a0\u00a0\u00a0\u00a0\u00a0\u00a0\u00a0\u00a0\u00a0\u00a0\u00a0\u00a0\u00a0\u00a0\u00a0\u00a0\u00a0\u00a0\u00a0\u00a0\u00a0\u00a0\u00a0\u00a0\u00a0\u00a0\u00a0 Apo Ellada.\u00a0\u00a0\u00a0\u00a0\u00a0\u00a0\u00a0\u00a0\u00a0\u00a0\u00a0\u00a0\u00a0\u00a0\u00a0\u00a0\u00a0\u00a0\u00a0\u00a0 Fr\u00e5n Grekland.<\/p>\n<p>\u03a4\u03b9 \u03ba\u03ac\u03bd\u03b5\u03b9\u03c2;\u00a0\u00a0\u00a0\u00a0\u00a0\u00a0\u00a0\u00a0\u00a0 \u00a0\u00a0\u00a0\u00a0\u00a0\u00a0\u00a0\u00a0\u00a0\u00a0\u00a0\u00a0\u00a0\u00a0\u00a0\u00a0\u00a0\u00a0\u00a0\u00a0\u00a0\u00a0\u00a0\u00a0\u00a0\u00a0\u00a0\u00a0 Ti kanis?\u00a0\u00a0\u00a0\u00a0\u00a0\u00a0\u00a0\u00a0\u00a0\u00a0\u00a0\u00a0\u00a0\u00a0\u00a0\u00a0\u00a0\u00a0\u00a0\u00a0\u00a0\u00a0\u00a0\u00a0\u00a0 Hur \u00e4r det?<\/p>\n<p>\u039a\u03b1\u03bb\u03ac\u00a0\u00a0\u00a0\u00a0\u00a0\u00a0\u00a0\u00a0\u00a0\u00a0\u00a0\u00a0\u00a0\u00a0\u00a0\u00a0\u00a0\u00a0\u00a0\u00a0\u00a0\u00a0\u00a0\u00a0\u00a0\u00a0\u00a0\u00a0\u00a0\u00a0\u00a0\u00a0\u00a0\u00a0\u00a0\u00a0\u00a0\u00a0\u00a0\u00a0\u00a0\u00a0\u00a0\u00a0\u00a0\u00a0 Kala\u00a0\u00a0\u00a0\u00a0\u00a0\u00a0\u00a0\u00a0\u00a0\u00a0\u00a0\u00a0\u00a0\u00a0\u00a0\u00a0\u00a0\u00a0\u00a0\u00a0\u00a0\u00a0\u00a0\u00a0\u00a0\u00a0\u00a0\u00a0\u00a0\u00a0\u00a0\u00a0\u00a0\u00a0 Bra<\/p>\n<p>\u03a9\u03c1\u03b1\u03af\u03b1\u00a0\u00a0\u00a0\u00a0\u00a0\u00a0\u00a0\u00a0\u00a0\u00a0\u00a0\u00a0\u00a0\u00a0\u00a0\u00a0\u00a0\u00a0\u00a0\u00a0\u00a0\u00a0\u00a0\u00a0\u00a0\u00a0\u00a0\u00a0\u00a0\u00a0\u00a0\u00a0\u00a0\u00a0\u00a0\u00a0\u00a0\u00a0\u00a0\u00a0\u00a0\u00a0\u00a0\u00a0 \u00e5r\u00e4a\u00a0\u00a0\u00a0\u00a0\u00a0\u00a0\u00a0\u00a0\u00a0\u00a0\u00a0\u00a0\u00a0\u00a0\u00a0\u00a0\u00a0\u00a0\u00a0\u00a0\u00a0\u00a0\u00a0\u00a0\u00a0\u00a0\u00a0\u00a0\u00a0\u00a0\u00a0\u00a0\u00a0 Sk\u00f6nt<\/p>\n<p>\u0395\u03c3\u03cd\u00a0\u00a0\u00a0\u00a0\u00a0\u00a0\u00a0\u00a0\u00a0\u00a0\u00a0\u00a0\u00a0\u00a0\u00a0\u00a0\u00a0\u00a0\u00a0\u00a0\u00a0\u00a0\u00a0\u00a0\u00a0\u00a0\u00a0\u00a0\u00a0\u00a0\u00a0\u00a0\u00a0\u00a0\u00a0\u00a0\u00a0\u00a0\u00a0\u00a0\u00a0\u00a0\u00a0\u00a0\u00a0\u00a0\u00a0\u00a0\u00a0 esi\u00a0\u00a0\u00a0\u00a0\u00a0\u00a0\u00a0\u00a0\u00a0\u00a0\u00a0\u00a0\u00a0\u00a0\u00a0\u00a0\u00a0\u00a0\u00a0\u00a0\u00a0\u00a0\u00a0\u00a0\u00a0\u00a0\u00a0\u00a0\u00a0\u00a0\u00a0\u00a0\u00a0\u00a0\u00a0\u00a0\u00a0 du<\/p>\n<p>\u0395\u03c3\u03ad\u03bd\u03b1 \u00a0\u00a0\u00a0\u00a0\u00a0\u00a0\u00a0\u00a0\u00a0\u00a0\u00a0\u00a0\u00a0\u00a0\u00a0\u00a0\u00a0\u00a0\u00a0\u00a0\u00a0\u00a0\u00a0\u00a0\u00a0\u00a0\u00a0\u00a0\u00a0\u00a0\u00a0\u00a0\u00a0\u00a0\u00a0\u00a0\u00a0\u00a0\u00a0\u00a0\u00a0\u00a0\u00a0 esena\u00a0\u00a0\u00a0\u00a0\u00a0\u00a0\u00a0\u00a0\u00a0\u00a0\u00a0\u00a0\u00a0\u00a0\u00a0\u00a0\u00a0\u00a0\u00a0\u00a0\u00a0\u00a0\u00a0\u00a0\u00a0\u00a0\u00a0\u00a0\u00a0\u00a0\u00a0 dig<\/p>\n<p>++++++++++++++++++++++++++++++++++++++++++++++++++++++++++++++<\/p>\n<p>Lyssna p\u00e5 hur siffrorna nedan\u00a0uttalas!<\/p>\n<audio class=\"wp-audio-shortcode\" id=\"audio-242-2\" preload=\"none\" style=\"width: 100%;\" controls=\"controls\"><source type=\"audio\/mpeg\" src=\"http:\/\/blogg.folkuniversitetet.nu\/ioanvi\/files\/2015\/02\/siffror.mp3?_=2\" \/><a href=\"http:\/\/blogg.folkuniversitetet.nu\/ioanvi\/files\/2015\/02\/siffror.mp3\">http:\/\/blogg.folkuniversitetet.nu\/ioanvi\/files\/2015\/02\/siffror.mp3<\/a><\/audio>\n<p>Siffror <strong>\u0391\u03c1\u03b9\u03b8\u03bc\u03bf\u03af <\/strong>Arithmi<\/p>\n<p>&nbsp;<\/p>\n<table>\n<tbody>\n<tr>\n<td width=\"65\">1<\/td>\n<td width=\"360\">Ena<\/td>\n<td width=\"496\">\u0388\u03bd\u03b1<\/td>\n<\/tr>\n<tr>\n<td width=\"65\">2<\/td>\n<td width=\"360\">Dio<\/td>\n<td width=\"496\">\u0394\u03cd\u03bf<\/td>\n<\/tr>\n<tr>\n<td width=\"65\">3<\/td>\n<td width=\"360\">Tria<\/td>\n<td width=\"496\">\u03a4\u03c1\u03af\u03b1<\/td>\n<\/tr>\n<tr>\n<td width=\"65\">4<\/td>\n<td width=\"360\">Tessera<\/td>\n<td width=\"496\">\u03a4\u03ad\u03c3\u03c3\u03b5\u03c1\u03b1<\/td>\n<\/tr>\n<tr>\n<td width=\"65\">5<\/td>\n<td width=\"360\">Pente<\/td>\n<td width=\"496\">\u03a0\u03ad\u03bd\u03c4\u03b5<\/td>\n<\/tr>\n<tr>\n<td width=\"65\">6<\/td>\n<td width=\"360\">Exi<\/td>\n<td width=\"496\">\u0388\u03be\u03b9<\/td>\n<\/tr>\n<tr>\n<td width=\"65\">7<\/td>\n<td width=\"360\">Efta<\/td>\n<td width=\"496\">\u0395\u03c6\u03c4\u03ac<\/td>\n<\/tr>\n<tr>\n<td width=\"65\">8<\/td>\n<td width=\"360\">Oxto<\/td>\n<td width=\"496\">\u039f\u03c7\u03c4\u03ce<\/td>\n<\/tr>\n<tr>\n<td width=\"65\">9<\/td>\n<td width=\"360\">Ennia<\/td>\n<td width=\"496\">\u0395\u03bd\u03bd\u03b9\u03ac<\/td>\n<\/tr>\n<tr>\n<td width=\"65\"><strong>10<\/strong><\/td>\n<td width=\"360\"><strong>Deka<\/strong><\/td>\n<td width=\"496\"><strong>\u0394\u03ad\u03ba\u03b1<\/strong><\/td>\n<\/tr>\n<tr>\n<td width=\"65\">11<\/td>\n<td width=\"360\">Edeka<\/td>\n<td width=\"496\">\u0388\u03bd\u03c4\u03b5\u03ba\u03b1<\/td>\n<\/tr>\n<tr>\n<td width=\"65\">12<\/td>\n<td width=\"360\">Dodeka<\/td>\n<td width=\"496\">\u0394\u03ce\u03b4\u03b5\u03ba\u03b1<\/td>\n<\/tr>\n<tr>\n<td width=\"65\">13<\/td>\n<td width=\"360\">Dekatria<\/td>\n<td width=\"496\">\u0394\u03b5\u03ba\u03b1\u03c4\u03c1\u03af\u03b1<\/td>\n<\/tr>\n<tr>\n<td width=\"65\">14<\/td>\n<td width=\"360\">Dekatessera<\/td>\n<td width=\"496\">\u0394\u03b5\u03ba\u03b1\u03c4\u03ad\u03c3\u03c3\u03b5\u03c1\u03b1<\/td>\n<\/tr>\n<tr>\n<td width=\"65\">15<\/td>\n<td width=\"360\">Dekapente<\/td>\n<td width=\"496\">\u0394\u03b5\u03ba\u03b1\u03c0\u03ad\u03bd\u03c4\u03b5<\/td>\n<\/tr>\n<tr>\n<td width=\"65\">16<\/td>\n<td width=\"360\">Dekaexi<\/td>\n<td width=\"496\">\u0394\u03b5\u03ba\u03b1\u03ad\u03be\u03b9<\/td>\n<\/tr>\n<tr>\n<td width=\"65\">17<\/td>\n<td width=\"360\">Dekaefta<\/td>\n<td width=\"496\">\u0394\u03b5\u03ba\u03b1\u03b5\u03c6\u03c4\u03ac<\/td>\n<\/tr>\n<tr>\n<td width=\"65\">18<\/td>\n<td width=\"360\">Dekaoxto<\/td>\n<td width=\"496\">\u0394\u03b5\u03ba\u03b1\u03bf\u03c7\u03c4\u03ce<\/td>\n<\/tr>\n<tr>\n<td width=\"65\">19<\/td>\n<td width=\"360\">Dekaennia<\/td>\n<td width=\"496\">\u0394\u03b5\u03ba\u03b1\u03b5\u03bd\u03bd\u03b9\u03ac<\/td>\n<\/tr>\n<tr>\n<td width=\"65\"><strong>20<\/strong><\/td>\n<td width=\"360\"><strong>Ikosi <\/strong><\/td>\n<td width=\"496\"><strong>\u0395\u03af\u03ba\u03bf\u03c3\u03b9 <\/strong><\/td>\n<\/tr>\n<tr>\n<td width=\"65\">21<\/td>\n<td width=\"360\">Ikosi ena<\/td>\n<td width=\"496\">\u0395\u03af\u03ba\u03bf\u03c3\u03b9 \u03ad\u03bd\u03b1<\/td>\n<\/tr>\n<tr>\n<td width=\"65\">22<\/td>\n<td width=\"360\">Ikosi dio<\/td>\n<td width=\"496\">\u0395\u03af\u03ba\u03bf\u03c3\u03b9 \u03b4\u03cd\u03bf<\/td>\n<\/tr>\n<tr>\n<td width=\"65\">23<\/td>\n<td width=\"360\">Ikosi tria<\/td>\n<td width=\"496\">\u0395\u03af\u03ba\u03bf\u03c3\u03b9 \u03c4\u03c1\u03af\u03b1<\/td>\n<\/tr>\n<tr>\n<td width=\"65\"><strong>30<\/strong><\/td>\n<td width=\"360\"><strong>Triada<\/strong><\/td>\n<td width=\"496\"><strong>\u03a4\u03c1\u03b9\u03ac\u03bd\u03c4\u03b1<\/strong><\/td>\n<\/tr>\n<tr>\n<td width=\"65\"><strong>40<\/strong><\/td>\n<td width=\"360\"><strong>Sarada<\/strong><\/td>\n<td width=\"496\"><strong>\u03a3\u03b1\u03c1\u03ac\u03bd\u03c4\u03b1<\/strong><\/td>\n<\/tr>\n<tr>\n<td width=\"65\"><strong>50<\/strong><\/td>\n<td width=\"360\"><strong>Penida<\/strong><\/td>\n<td width=\"496\"><strong>\u03a0\u03b5\u03bd\u03ae\u03bd\u03c4\u03b1<\/strong><\/td>\n<\/tr>\n<tr>\n<td width=\"65\"><strong>60<\/strong><\/td>\n<td width=\"360\"><strong>Exida<\/strong><\/td>\n<td width=\"496\"><strong>\u0395\u03be\u03ae\u03bd\u03c4\u03b1<\/strong><\/td>\n<\/tr>\n<tr>\n<td width=\"65\"><strong>70<\/strong><\/td>\n<td width=\"360\"><strong>Evthomida<\/strong><\/td>\n<td width=\"496\"><strong>\u0395\u03b2\u03b4\u03bf\u03bc\u03ae\u03bd\u03c4\u03b1<\/strong><\/td>\n<\/tr>\n<tr>\n<td width=\"65\"><strong>80<\/strong><\/td>\n<td width=\"360\"><strong>Orthoda<\/strong><\/td>\n<td width=\"496\"><strong>\u039f\u03b3\u03b4\u03cc\u03bd\u03c4\u03b1<\/strong><\/td>\n<\/tr>\n<tr>\n<td width=\"65\"><strong>90<\/strong><\/td>\n<td width=\"360\"><strong>Enenida <\/strong><\/td>\n<td width=\"496\"><strong>\u0395\u03bd\u03b5\u03bd\u03ae\u03bd\u03c4\u03b1<\/strong><\/td>\n<\/tr>\n<tr>\n<td width=\"65\"><strong>100<\/strong><\/td>\n<td width=\"360\"><strong>Ekato<\/strong><\/td>\n<td width=\"496\"><strong>\u0395\u03ba\u03b1\u03c4\u03cc<\/strong><\/td>\n<\/tr>\n<\/tbody>\n<\/table>\n<p>..++++++++++++++++++++++++++++++++++++++++++++++++++++++++++++<\/p>\n<p>Lyssna p\u00e5 hur den personliga pronomen <em>jag<\/em> uttalas!<\/p>\n<audio class=\"wp-audio-shortcode\" id=\"audio-242-3\" preload=\"none\" style=\"width: 100%;\" controls=\"controls\"><source type=\"audio\/mpeg\" src=\"http:\/\/blogg.folkuniversitetet.nu\/ioanvi\/files\/2015\/02\/jag.mp3?_=3\" \/><a href=\"http:\/\/blogg.folkuniversitetet.nu\/ioanvi\/files\/2015\/02\/jag.mp3\">http:\/\/blogg.folkuniversitetet.nu\/ioanvi\/files\/2015\/02\/jag.mp3<\/a><\/audio>\n<p><strong>\u0395\u03b3\u03ce<\/strong>\u00a0\u00a0\u00a0\u00a0\u00a0 ego\u00a0\u00a0\u00a0\u00a0\u00a0\u00a0 jag<\/p>\n<p><strong>\u0395\u03c3\u03cd<\/strong>\u00a0\u00a0\u00a0\u00a0\u00a0\u00a0 esi\u00a0\u00a0\u00a0\u00a0\u00a0\u00a0\u00a0\u00a0 du<\/p>\n<p><strong>\u0391\u03c5\u03c4\u03cc\u03c2<\/strong>\u00a0 aftos\u00a0\u00a0\u00a0\u00a0 han<\/p>\n<p><strong>\u0391\u03c5\u03c4\u03ae<\/strong>\u00a0\u00a0\u00a0 afti\u00a0\u00a0\u00a0\u00a0\u00a0\u00a0\u00a0 hon<\/p>\n<p><strong>\u0395\u03bc\u03b5\u03af\u03c2<\/strong>\u00a0\u00a0\u00a0 emis\u00a0\u00a0\u00a0\u00a0 vi<\/p>\n<p><strong>\u0395\u03c3\u03b5\u03af\u03c2<\/strong>\u00a0\u00a0\u00a0 esis\u00a0\u00a0\u00a0\u00a0\u00a0\u00a0 ni<\/p>\n<p><strong>\u0391\u03c5\u03c4\u03bf\u03af<\/strong>\u00a0\u00a0 afti\u00a0\u00a0\u00a0\u00a0\u00a0\u00a0\u00a0 de (manligt el. blandat)<\/p>\n<p><strong>\u0391\u03c5\u03c4\u03ad\u03c2<\/strong>\u00a0\u00a0 aftes\u00a0\u00a0\u00a0\u00a0 de (kvinligt)<\/p>\n<p>++++++++++++++++++++++++++++++++++++++++++++++++++++++++++++++<\/p>\n<p>Lyssna p\u00e5 hur verbet <em>att vara<\/em> uttalas!<\/p>\n<audio class=\"wp-audio-shortcode\" id=\"audio-242-4\" preload=\"none\" style=\"width: 100%;\" controls=\"controls\"><source type=\"audio\/mpeg\" src=\"http:\/\/blogg.folkuniversitetet.nu\/ioanvi\/files\/2015\/02\/eimai.mp3?_=4\" \/><a href=\"http:\/\/blogg.folkuniversitetet.nu\/ioanvi\/files\/2015\/02\/eimai.mp3\">http:\/\/blogg.folkuniversitetet.nu\/ioanvi\/files\/2015\/02\/eimai.mp3<\/a><\/audio>\n<p><strong>\u0395\u03af\u03bc\u03b1\u03b9<\/strong><strong>\u00a0\u00a0\u00a0\u00a0\u00a0\u00a0\u00a0\u00a0\u00a0\u00a0\u00a0\u00a0\u00a0\u00a0\u00a0\u00a0\u00a0 im\u00e4\u00a0\u00a0\u00a0\u00a0\u00a0\u00a0\u00a0\u00a0\u00a0\u00a0\u00a0\u00a0\u00a0\u00a0\u00a0\u00a0\u00a0\u00a0\u00a0\u00a0 <\/strong>jag \u00e4r<\/p>\n<p><strong>\u0395\u03af\u03c3\u03b1\u03b9<\/strong><strong>\u00a0\u00a0\u00a0\u00a0\u00a0\u00a0\u00a0\u00a0\u00a0\u00a0\u00a0\u00a0\u00a0\u00a0\u00a0\u00a0\u00a0 is\u00e4\u00a0\u00a0\u00a0\u00a0\u00a0\u00a0\u00a0\u00a0\u00a0\u00a0\u00a0\u00a0\u00a0\u00a0\u00a0\u00a0\u00a0\u00a0\u00a0\u00a0\u00a0\u00a0 <\/strong>du \u00e4r<\/p>\n<p><strong>\u0395\u03af\u03bd\u03b1\u03b9<\/strong><strong>\u00a0\u00a0\u00a0\u00a0\u00a0\u00a0\u00a0\u00a0\u00a0\u00a0\u00a0\u00a0\u00a0\u00a0\u00a0\u00a0\u00a0\u00a0 in\u00e4\u00a0\u00a0\u00a0\u00a0\u00a0\u00a0\u00a0\u00a0\u00a0\u00a0\u00a0\u00a0\u00a0\u00a0\u00a0\u00a0\u00a0\u00a0\u00a0\u00a0\u00a0\u00a0 <\/strong>han \u00e4r<\/p>\n<p><strong>\u0395\u03af\u03bc\u03b1\u03c3\u03c4\u03b5<\/strong><strong>\u00a0\u00a0\u00a0\u00a0\u00a0\u00a0\u00a0\u00a0\u00a0\u00a0\u00a0\u00a0 imaste \u00a0\u00a0\u00a0\u00a0\u00a0\u00a0\u00a0\u00a0\u00a0\u00a0\u00a0\u00a0\u00a0 <\/strong>vi \u00e4r<\/p>\n<p><strong>\u0395\u03af\u03c3\u03c4\u03b5<\/strong><strong>\u00a0\u00a0\u00a0\u00a0\u00a0\u00a0\u00a0\u00a0\u00a0\u00a0\u00a0\u00a0\u00a0\u00a0\u00a0\u00a0\u00a0 iste\u00a0\u00a0\u00a0\u00a0\u00a0\u00a0\u00a0\u00a0\u00a0\u00a0\u00a0\u00a0\u00a0\u00a0\u00a0\u00a0\u00a0\u00a0\u00a0\u00a0\u00a0 <\/strong>ni \u00e4r<\/p>\n<p><strong>\u0395\u03af\u03bd\u03b1\u03b9<\/strong><strong>\u00a0\u00a0\u00a0\u00a0\u00a0\u00a0\u00a0\u00a0\u00a0\u00a0\u00a0\u00a0\u00a0\u00a0\u00a0\u00a0\u00a0\u00a0 in\u00e4\u00a0\u00a0\u00a0\u00a0\u00a0\u00a0\u00a0\u00a0\u00a0\u00a0\u00a0\u00a0\u00a0\u00a0\u00a0\u00a0\u00a0\u00a0\u00a0\u00a0\u00a0\u00a0 <\/strong>de \u00e4r<\/p>\n<p>++++++++++++++++++++++++++++++++++++++++++++++++++++++++++++++<\/p>\n<p>Lyssna p\u00e5 hur man uttalar veckodagarna!<\/p>\n<audio class=\"wp-audio-shortcode\" id=\"audio-242-5\" preload=\"none\" style=\"width: 100%;\" controls=\"controls\"><source type=\"audio\/mpeg\" src=\"http:\/\/blogg.folkuniversitetet.nu\/ioanvi\/files\/2015\/02\/vecka.mp3?_=5\" \/><a href=\"http:\/\/blogg.folkuniversitetet.nu\/ioanvi\/files\/2015\/02\/vecka.mp3\">http:\/\/blogg.folkuniversitetet.nu\/ioanvi\/files\/2015\/02\/vecka.mp3<\/a><\/audio>\n<p>\u03b5\u03b2\u03b4\u03bf\u03bc\u03ac\u03b4\u03b1= vecka<\/p>\n<p>\u03b7\u03bc\u03ad\u03c1\u03b1= dag eller \u03bc\u03ad\u03c1\u03b1=dag<\/p>\n<p>\u03b7\u03bc\u03ad\u03c1\u03b5\u03c2=dagar eller \u00a0 \u00a0 \u03bc\u03ad\u03c1\u03b5\u03c2=dagar<\/p>\n<p>\u0394\u03b5\u03c5\u03c4\u03ad\u03c1\u03b1=m\u00e5ndag<\/p>\n<p>\u03a4\u03c1\u03af\u03c4\u03b7=tisdag<\/p>\n<p>\u03a4\u03b5\u03c4\u03ac\u03c1\u03c4\u03b7=onsdag<\/p>\n<p>\u03a0\u03ad\u03bc\u03c0\u03c4\u03b7=torsdag<\/p>\n<p>\u03a0\u03b1\u03c1\u03b1\u03c3\u03ba\u03b5\u03c5\u03ae=fredag<\/p>\n<p>\u03a3\u03ac\u03b2\u03b2\u03b1\u03c4\u03bf=l\u00f6rdag<\/p>\n<p>\u039a\u03c5\u03c1\u03b9\u03b1\u03ba\u03ae= s\u00f6ndag<\/p>\n<p>OBS! F\u00f6rsta bokstaven ska vara stor n\u00e4r man stavar veckodarna p\u00e5 grekiska.<\/p>\n","protected":false},"excerpt":{"rendered":"<p>Lyssna p\u00e5 dialoger som st\u00e5r nedan! \u0394\u0399\u0391\u039b\u039f\u0393\u039f\u0399 _\u0393\u03b5\u03b9\u03b1 \u03c3\u03bf\u03c5!\u00a0\u00a0\u00a0\u00a0\u00a0\u00a0\u00a0\u00a0\u00a0\u00a0\u00a0\u00a0\u00a0\u00a0\u00a0\u00a0\u00a0\u00a0\u00a0\u00a0 \u00a0\u00a0\u00a0\u00a0\u00a0\u00a0\u00a0\u00a0\u00a0 \u00a0\u00a0\u00a0\u00a0\u00a0\u00a0\u00a0\u00a0\u00a0 _\u0393\u03b5\u03b9\u03b1 \u03c3\u03bf\u03c5! _\u03a0\u03ce\u03c2 \u03c3\u03b5 \u03bb\u03ad\u03bd\u03b5;\u00a0\u00a0\u00a0\u00a0\u00a0\u00a0\u00a0\u00a0\u00a0\u00a0\u00a0\u00a0\u00a0\u00a0\u00a0\u00a0\u00a0\u00a0\u00a0\u00a0\u00a0\u00a0\u00a0\u00a0 \u00a0\u00a0\u00a0\u00a0\u00a0\u00a0\u00a0\u00a0\u00a0 _\u039c\u03b1\u03c1\u03af\u03b1. \u0395\u03c3\u03ad\u03bd\u03b1; _\u039d\u03af\u03ba\u03bf! \u03a7\u03b1\u03af\u03c1\u03c9 \u03c0\u03bf\u03bb\u03cd!\u00a0\u00a0\u00a0\u00a0\u00a0\u00a0\u00a0\u00a0\u00a0\u00a0\u00a0\u00a0\u00a0 \u00a0\u00a0\u00a0\u00a0\u00a0\u00a0\u00a0\u00a0\u00a0 _\u039a\u03b1\u03b9 \u03b5\u03b3\u03ce! _ \u0391\u03c0\u03cc \u03c0\u03bf\u03cd \u03b5\u03af\u03c3\u03b1\u03b9;\u00a0\u00a0\u00a0\u00a0\u00a0\u00a0\u00a0\u00a0\u00a0\u00a0\u00a0\u00a0\u00a0\u00a0\u00a0\u00a0\u00a0\u00a0\u00a0\u00a0\u00a0\u00a0\u00a0\u00a0\u00a0\u00a0\u00a0\u00a0\u00a0 _ \u0391\u03c0\u03cc \u03a3\u03bf\u03c5\u03b7\u03b4\u03af\u03b1. \u0395\u03c3\u03cd; _ \u0391\u03c0\u03cc \u0395\u03bb\u03bb\u03ac\u03b4\u03b1. &#8212;&#8212;&#8212;&#8212;&#8212;&#8212;&#8212;&#8212;&#8212;&#8212;&#8212;&#8212;&#8212;&#8212;&#8212;&#8212;&#8212;&#8212;&#8212;&#8212;&#8212;&#8212;&#8212;&#8212;&#8212;&#8212;&#8212;&#8212;&#8212;&#8212;&#8212;&#8212;&#8212;&#8212; _\u0393\u03b5\u03b9\u03b1 \u03c3\u03bf\u03c5!\u00a0\u00a0\u00a0\u00a0\u00a0\u00a0\u00a0\u00a0\u00a0\u00a0\u00a0\u00a0\u00a0\u00a0\u00a0\u00a0\u00a0\u00a0\u00a0\u00a0 \u00a0\u00a0\u00a0\u00a0\u00a0\u00a0\u00a0\u00a0\u00a0\u00a0\u00a0\u00a0\u00a0\u00a0\u00a0\u00a0\u00a0\u00a0\u00a0\u00a0 &hellip; <a href=\"https:\/\/blogg.folkuniversitetet.nu\/ioanvi\/arkiv\/grekiskastartkurs\/lek-1\/\">Forts\u00e4tt l\u00e4sa <span class=\"meta-nav\">&rarr;<\/span><\/a><\/p>\n","protected":false},"author":71,"featured_media":0,"parent":240,"menu_order":0,"comment_status":"open","ping_status":"open","template":"","meta":{"footnotes":""},"class_list":["post-242","page","type-page","status-publish","hentry"],"_links":{"self":[{"href":"https:\/\/blogg.folkuniversitetet.nu\/ioanvi\/wp-json\/wp\/v2\/pages\/242","targetHints":{"allow":["GET"]}}],"collection":[{"href":"https:\/\/blogg.folkuniversitetet.nu\/ioanvi\/wp-json\/wp\/v2\/pages"}],"about":[{"href":"https:\/\/blogg.folkuniversitetet.nu\/ioanvi\/wp-json\/wp\/v2\/types\/page"}],"author":[{"embeddable":true,"href":"https:\/\/blogg.folkuniversitetet.nu\/ioanvi\/wp-json\/wp\/v2\/users\/71"}],"replies":[{"embeddable":true,"href":"https:\/\/blogg.folkuniversitetet.nu\/ioanvi\/wp-json\/wp\/v2\/comments?post=242"}],"version-history":[{"count":10,"href":"https:\/\/blogg.folkuniversitetet.nu\/ioanvi\/wp-json\/wp\/v2\/pages\/242\/revisions"}],"predecessor-version":[{"id":257,"href":"https:\/\/blogg.folkuniversitetet.nu\/ioanvi\/wp-json\/wp\/v2\/pages\/242\/revisions\/257"}],"up":[{"embeddable":true,"href":"https:\/\/blogg.folkuniversitetet.nu\/ioanvi\/wp-json\/wp\/v2\/pages\/240"}],"wp:attachment":[{"href":"https:\/\/blogg.folkuniversitetet.nu\/ioanvi\/wp-json\/wp\/v2\/media?parent=242"}],"curies":[{"name":"wp","href":"https:\/\/api.w.org\/{rel}","templated":true}]}}