{"id":186,"date":"2014-11-14T18:25:03","date_gmt":"2014-11-14T18:25:03","guid":{"rendered":"http:\/\/blogg.folkuniversitetet.nu\/ioanvi\/?page_id=186"},"modified":"2014-11-14T18:25:03","modified_gmt":"2014-11-14T18:25:03","slug":"smaksatta-nagra-skivor-vitt-grekiskt-lantbrod","status":"publish","type":"page","link":"https:\/\/blogg.folkuniversitetet.nu\/ioanvi\/grekisk-matlagning\/recept\/smaksatta-nagra-skivor-vitt-grekiskt-lantbrod\/","title":{"rendered":"Smaks\u00e4tta n\u00e5gra skivor vitt grekiskt lantbr\u00f6d"},"content":{"rendered":"<p><strong>Ingredienser<\/strong><\/p>\n<ul>\n<li>En limpa vitt grekiskt lantbr\u00f6d<\/li>\n<li>Olivolja 2 dl<\/li>\n<li>Salt<\/li>\n<li>Peppar<\/li>\n<li>Oregano<\/li>\n<\/ul>\n<p><strong>Tillbeh\u00f6r<\/strong><\/p>\n<ul>\n<li>En stekpanna<\/li>\n<li>En pensel<\/li>\n<\/ul>\n<p><strong>F\u00f6rberedelse<\/strong><\/p>\n<ul>\n<li>Sk\u00e4r limpan i skivor<\/li>\n<li>L\u00e4gg oljan i en liten sk\u00e5l<\/li>\n<li>Pensla br\u00f6dskivorna med oljan, salta, peppra och str\u00f6 oregano p\u00e5<\/li>\n<\/ul>\n<p><strong>Hur g\u00f6r man<\/strong><\/p>\n<ul>\n<li>St\u00e4ll stekpannan p\u00e5 spisen och s\u00e4tt p\u00e5!<\/li>\n<li>OBS! Ingen olja eller margarin p\u00e5 stekpannan!<\/li>\n<li>N\u00e4r den har v\u00e4rmts upp l\u00e4gg br\u00f6dskivorna p\u00e5.<\/li>\n<li>Tryck p\u00e5 varje br\u00f6dskiva i ca 1 min. Ta ut!<\/li>\n<\/ul>\n<p><em>Stekpannan beh\u00f6ver <strong>inte<\/strong> extra olja p\u00e5 f\u00f6r att det finns i br\u00f6dskivorna. Br\u00f6dskivorna blir rostade och smakar gott!<\/em><\/p>\n","protected":false},"excerpt":{"rendered":"<p>Ingredienser En limpa vitt grekiskt lantbr\u00f6d Olivolja 2 dl Salt Peppar Oregano Tillbeh\u00f6r En stekpanna En pensel F\u00f6rberedelse Sk\u00e4r limpan i skivor L\u00e4gg oljan i en liten sk\u00e5l Pensla br\u00f6dskivorna med oljan, salta, peppra och str\u00f6 oregano p\u00e5 Hur g\u00f6r &hellip; <a href=\"https:\/\/blogg.folkuniversitetet.nu\/ioanvi\/grekisk-matlagning\/recept\/smaksatta-nagra-skivor-vitt-grekiskt-lantbrod\/\">Forts\u00e4tt l\u00e4sa <span class=\"meta-nav\">&rarr;<\/span><\/a><\/p>\n","protected":false},"author":71,"featured_media":0,"parent":174,"menu_order":0,"comment_status":"open","ping_status":"open","template":"","meta":{"footnotes":""},"class_list":["post-186","page","type-page","status-publish","hentry"],"_links":{"self":[{"href":"https:\/\/blogg.folkuniversitetet.nu\/ioanvi\/wp-json\/wp\/v2\/pages\/186","targetHints":{"allow":["GET"]}}],"collection":[{"href":"https:\/\/blogg.folkuniversitetet.nu\/ioanvi\/wp-json\/wp\/v2\/pages"}],"about":[{"href":"https:\/\/blogg.folkuniversitetet.nu\/ioanvi\/wp-json\/wp\/v2\/types\/page"}],"author":[{"embeddable":true,"href":"https:\/\/blogg.folkuniversitetet.nu\/ioanvi\/wp-json\/wp\/v2\/users\/71"}],"replies":[{"embeddable":true,"href":"https:\/\/blogg.folkuniversitetet.nu\/ioanvi\/wp-json\/wp\/v2\/comments?post=186"}],"version-history":[{"count":1,"href":"https:\/\/blogg.folkuniversitetet.nu\/ioanvi\/wp-json\/wp\/v2\/pages\/186\/revisions"}],"predecessor-version":[{"id":187,"href":"https:\/\/blogg.folkuniversitetet.nu\/ioanvi\/wp-json\/wp\/v2\/pages\/186\/revisions\/187"}],"up":[{"embeddable":true,"href":"https:\/\/blogg.folkuniversitetet.nu\/ioanvi\/wp-json\/wp\/v2\/pages\/174"}],"wp:attachment":[{"href":"https:\/\/blogg.folkuniversitetet.nu\/ioanvi\/wp-json\/wp\/v2\/media?parent=186"}],"curies":[{"name":"wp","href":"https:\/\/api.w.org\/{rel}","templated":true}]}}