{"id":1196,"date":"2016-04-27T06:21:58","date_gmt":"2016-04-27T06:21:58","guid":{"rendered":"http:\/\/blogg.folkuniversitetet.nu\/ioanvi\/?page_id=1196"},"modified":"2016-04-27T06:56:13","modified_gmt":"2016-04-27T06:56:13","slug":"pa-resan-uppdrag","status":"publish","type":"page","link":"https:\/\/blogg.folkuniversitetet.nu\/ioanvi\/pa-resan-uppdrag\/","title":{"rendered":"P\u00e5 resan! Uppdrag!"},"content":{"rendered":"<p><a href=\"http:\/\/blogg.folkuniversitetet.nu\/ioanvi\/files\/2016\/03\/316839_2040608429792_161196933_n.jpg\"><img loading=\"lazy\" decoding=\"async\" class=\"aligncenter wp-image-1044 size-full\" src=\"http:\/\/blogg.folkuniversitetet.nu\/ioanvi\/files\/2016\/03\/316839_2040608429792_161196933_n.jpg\" alt=\"316839_2040608429792_161196933_n\" width=\"960\" height=\"720\" srcset=\"https:\/\/blogg.folkuniversitetet.nu\/ioanvi\/files\/2016\/03\/316839_2040608429792_161196933_n.jpg 960w, https:\/\/blogg.folkuniversitetet.nu\/ioanvi\/files\/2016\/03\/316839_2040608429792_161196933_n-300x225.jpg 300w, https:\/\/blogg.folkuniversitetet.nu\/ioanvi\/files\/2016\/03\/316839_2040608429792_161196933_n-768x576.jpg 768w\" sizes=\"auto, (max-width: 960px) 100vw, 960px\" \/><\/a><\/p>\n<ol>\n<li><strong><span style=\"color: #ff0000\">Fr\u00e5ga vad klockan \u00e4r:<\/span><\/strong><\/li>\n<\/ol>\n<audio class=\"wp-audio-shortcode\" id=\"audio-1196-1\" preload=\"none\" style=\"width: 100%;\" controls=\"controls\"><source type=\"audio\/mpeg\" src=\"http:\/\/blogg.folkuniversitetet.nu\/ioanvi\/files\/2016\/04\/1p\u00e5resan-1.mp3?_=1\" \/><a href=\"http:\/\/blogg.folkuniversitetet.nu\/ioanvi\/files\/2016\/04\/1p\u00e5resan-1.mp3\">http:\/\/blogg.folkuniversitetet.nu\/ioanvi\/files\/2016\/04\/1p\u00e5resan-1.mp3<\/a><\/audio>\n<p>\u03a3\u03c5\u03b3\u03bd\u03ce\u03bc\u03b7, \u03c4\u03b9 \u03ce\u03c1\u03b1 \u03b5\u03af\u03bd\u03b1\u03b9;* <strong>Sign\u00e5mi, ti \u00e5ra in\u00e4?*<\/strong> Urs\u00e4kta, vad \u00e4r klockan?<\/p>\n<p>&nbsp;<\/p>\n<ol start=\"2\">\n<li><span style=\"color: #ff0000\"><strong>Fr\u00e5ga p\u00e5 bageriet vilken tid de \u00f6ppnar sin aff\u00e4r.<\/strong><\/span><\/li>\n<\/ol>\n<audio class=\"wp-audio-shortcode\" id=\"audio-1196-2\" preload=\"none\" style=\"width: 100%;\" controls=\"controls\"><source type=\"audio\/mpeg\" src=\"http:\/\/blogg.folkuniversitetet.nu\/ioanvi\/files\/2016\/04\/2p\u00e5resan.mp3?_=2\" \/><a href=\"http:\/\/blogg.folkuniversitetet.nu\/ioanvi\/files\/2016\/04\/2p\u00e5resan.mp3\">http:\/\/blogg.folkuniversitetet.nu\/ioanvi\/files\/2016\/04\/2p\u00e5resan.mp3<\/a><\/audio>\n<p>\u03a3\u03c5\u03b3\u03bd\u03ce\u03bc\u03b7, \u03c4\u03b9 \u03ce\u03c1\u03b1 \u03b1\u03bd\u03bf\u03af\u03b3\u03b5\u03c4\u03b5 \u03c4\u03bf \u03c0\u03c1\u03c9\u03af;* <strong>Sign\u00e5mi, ti \u00e5ra anigete to pr\u00e5i?*<\/strong> Urs\u00e4kta, vilken tid \u00f6ppnar ni p\u00e5 morgonen<\/p>\n<p>&nbsp;<\/p>\n<ol start=\"3\">\n<li><strong><span style=\"color: #ff0000\">Fr\u00e5ga n\u00e5gon om hur vattnet \u00e4r i havet.<\/span><\/strong><\/li>\n<\/ol>\n<audio class=\"wp-audio-shortcode\" id=\"audio-1196-3\" preload=\"none\" style=\"width: 100%;\" controls=\"controls\"><source type=\"audio\/mpeg\" src=\"http:\/\/blogg.folkuniversitetet.nu\/ioanvi\/files\/2016\/04\/3p\u00e5resan.mp3?_=3\" \/><a href=\"http:\/\/blogg.folkuniversitetet.nu\/ioanvi\/files\/2016\/04\/3p\u00e5resan.mp3\">http:\/\/blogg.folkuniversitetet.nu\/ioanvi\/files\/2016\/04\/3p\u00e5resan.mp3<\/a><\/audio>\n<p>\u03a0\u03ce\u03c2 \u03b5\u03af\u03bd\u03b1\u03b9 \u03b7 \u03b8\u03ac\u03bb\u03b1\u03c3\u03c3\u03b1<strong>;* <\/strong><strong>P<\/strong><strong>\u00e5<\/strong><strong>s<\/strong> <strong>in<\/strong><strong>\u00e4 <\/strong><strong>i<\/strong> <strong>thalassa<\/strong><strong>?*<\/strong> Hur \u00e4r havet?<\/p>\n<p>&nbsp;<\/p>\n<p><strong>M\u00f6jliga svar:<\/strong><\/p>\n<audio class=\"wp-audio-shortcode\" id=\"audio-1196-4\" preload=\"none\" style=\"width: 100%;\" controls=\"controls\"><source type=\"audio\/mpeg\" src=\"http:\/\/blogg.folkuniversitetet.nu\/ioanvi\/files\/2016\/04\/3bp\u00e5resan.mp3?_=4\" \/><a href=\"http:\/\/blogg.folkuniversitetet.nu\/ioanvi\/files\/2016\/04\/3bp\u00e5resan.mp3\">http:\/\/blogg.folkuniversitetet.nu\/ioanvi\/files\/2016\/04\/3bp\u00e5resan.mp3<\/a><\/audio>\n<p>\u03ba\u03c1\u03cd\u03b1* <strong>kria<\/strong>*kallt<\/p>\n<p>\u03b6\u03b5\u03c3\u03c4\u03ae* <strong>zesti<\/strong>*varmt<\/p>\n<p>\u03ba\u03b1\u03b8\u03b1\u03c1\u03ae* <strong>kathari<\/strong>* rent<\/p>\n<p>\u03b2\u03c1\u03ce\u03bc\u03b9\u03ba\u03b7*<strong>vr\u00e5miki<\/strong>* smutsigt<\/p>\n<p><strong><span style=\"color: #ff0000\">Eller fr\u00e5ga direkt:<\/span><\/strong><\/p>\n<audio class=\"wp-audio-shortcode\" id=\"audio-1196-5\" preload=\"none\" style=\"width: 100%;\" controls=\"controls\"><source type=\"audio\/mpeg\" src=\"http:\/\/blogg.folkuniversitetet.nu\/ioanvi\/files\/2016\/04\/3cp\u00e5resan.mp3?_=5\" \/><a href=\"http:\/\/blogg.folkuniversitetet.nu\/ioanvi\/files\/2016\/04\/3cp\u00e5resan.mp3\">http:\/\/blogg.folkuniversitetet.nu\/ioanvi\/files\/2016\/04\/3cp\u00e5resan.mp3<\/a><\/audio>\n<p>\u0395\u03af\u03bd\u03b1\u03b9 \u03ba\u03c1\u03cd\u03b1 \u03b7 \u03b8\u03ac\u03bb\u03b1\u03c3\u03c3\u03b1;* <strong>In\u00e4 kria i thalassa<\/strong>?*\u00c4r havet kallt?<\/p>\n<p>\u0395\u03af\u03bd\u03b1\u03b9 \u03b6\u03b5\u03c3\u03c4\u03ae \u03b7 \u03b8\u03ac\u03bb\u03b1\u03c3\u03c3\u03b1;* <strong>In\u00e4 zesti i thalassa<\/strong>?*\u00c4r havet varmt?<\/p>\n<p>&nbsp;<\/p>\n<ol start=\"4\">\n<li><strong><span style=\"color: #ff0000\">Kommentera f\u00f6r n\u00e5gon om v\u00e4dret.<\/span><\/strong><\/li>\n<\/ol>\n<audio class=\"wp-audio-shortcode\" id=\"audio-1196-6\" preload=\"none\" style=\"width: 100%;\" controls=\"controls\"><source type=\"audio\/mpeg\" src=\"http:\/\/blogg.folkuniversitetet.nu\/ioanvi\/files\/2016\/04\/4p\u00e5resan.mp3?_=6\" \/><a href=\"http:\/\/blogg.folkuniversitetet.nu\/ioanvi\/files\/2016\/04\/4p\u00e5resan.mp3\">http:\/\/blogg.folkuniversitetet.nu\/ioanvi\/files\/2016\/04\/4p\u00e5resan.mp3<\/a><\/audio>\n<p>\u03a0\u03bf\u03bb\u03bb\u03ae \u03b6\u03ad\u03c3\u03c4\u03b7 \u03ba\u03b1\u03b9 \u03c3\u03ae\u03bc\u03b5\u03c1\u03b1. *<strong>Poli zesti k\u00e4 simera<\/strong>.* Mycket varmt idag ocks\u00e5.<\/p>\n<p>\u03a0\u03cc\u03c3\u03bf\u03c5\u03c2 \u03b2\u03b1\u03b8\u03bc\u03bf\u03cd\u03c2 \u03ad\u03c7\u03b5\u03b9. *<strong>Posus vathmus echi?*<\/strong> Hur m\u00e5nga grader \u00e4r det?<\/p>\n<p>\u03a6\u03c5\u03c3\u03ac\u03b5\u03b9 \u03bb\u03af\u03b3\u03bf<strong>.* Fisai ligo<\/strong>. * Det bl\u00e5ser lite.<\/p>\n<p>\u0394\u03b5 \u03c6\u03c5\u03c3\u03ac\u03b5\u03b9 \u03ba\u03b1\u03b8\u03cc\u03bb\u03bf\u03c5.* <strong>De fisai katholu.*<\/strong> Det bl\u00e5ser inte alls.<\/p>\n<p><strong><span style=\"color: #ff0000\">Ber\u00e4tta hur m\u00e5nga grader \u00e4r i Sverige nu i maj.<\/span><\/strong><\/p>\n<p>\u03a3\u03c4\u03b7 \u03a3\u03bf\u03c5\u03b7\u03b4\u03af\u03b1 \u03c4\u03ce\u03c1\u03b1 \u03ad\u03c7\u03b5\u03b9\u00a0 12 \u03b2\u03b1\u03b8\u03bc\u03bf\u03cd\u03c2.* <strong>Sti Suidia t\u00e5ra echi 12 vatmus<\/strong>. * I Sverige \u00e4r det 12 grader nu.<\/p>\n<p>&nbsp;<\/p>\n<ol start=\"5\">\n<li><strong><span style=\"color: #ff0000\">K\u00f6p <u>grekiskt kafe<\/u> p\u00e5 stranden. Best\u00e4ll och fr\u00e5ga om priset.<\/span><\/strong><\/li>\n<\/ol>\n<audio class=\"wp-audio-shortcode\" id=\"audio-1196-7\" preload=\"none\" style=\"width: 100%;\" controls=\"controls\"><source type=\"audio\/mpeg\" src=\"http:\/\/blogg.folkuniversitetet.nu\/ioanvi\/files\/2016\/04\/5p\u00e5resan.mp3?_=7\" \/><a href=\"http:\/\/blogg.folkuniversitetet.nu\/ioanvi\/files\/2016\/04\/5p\u00e5resan.mp3\">http:\/\/blogg.folkuniversitetet.nu\/ioanvi\/files\/2016\/04\/5p\u00e5resan.mp3<\/a><\/audio>\n<p>\u0388\u03bd\u03b1 \u03b5\u03bb\u03bb\u03b7\u03bd\u03b9\u03ba\u03cc \u03ba\u03b1\u03c6\u03ad \u03c7\u03c9\u03c1\u03af\u03c2 \u03b6\u03ac\u03c7\u03b1\u03c1\u03b7<strong>.* <\/strong><strong>Ena eliniko kafe ch\u00e5ris zachari<\/strong>.* Ett grekiskt kafe utan socker.<\/p>\n<p>\u03a0\u03cc\u03c3\u03bf \u03ba\u03ac\u03bd\u03b5\u03b9;*<strong>Poso kani<\/strong>?* Vad kostar det?<\/p>\n<p>&nbsp;<\/p>\n<ol start=\"6\">\n<li><strong><span style=\"color: #ff0000\">K\u00f6p en latte p\u00e5 stranden.<\/span><\/strong><\/li>\n<\/ol>\n<audio class=\"wp-audio-shortcode\" id=\"audio-1196-8\" preload=\"none\" style=\"width: 100%;\" controls=\"controls\"><source type=\"audio\/mpeg\" src=\"http:\/\/blogg.folkuniversitetet.nu\/ioanvi\/files\/2016\/04\/6p\u00e5resan.mp3?_=8\" \/><a href=\"http:\/\/blogg.folkuniversitetet.nu\/ioanvi\/files\/2016\/04\/6p\u00e5resan.mp3\">http:\/\/blogg.folkuniversitetet.nu\/ioanvi\/files\/2016\/04\/6p\u00e5resan.mp3<\/a><\/audio>\n<p>\u0388\u03bd\u03b1 fredo cappuccino.<\/p>\n<p>\u039c\u03b5 \u03b3\u03ac\u03bb\u03b1.* <strong>Me gala*<\/strong> Med mj\u00f6lk i.<\/p>\n<p>\u03a7\u03c9\u03c1\u03af\u03c2 \u03b3\u03ac\u03bb\u03b1.* <strong>Ch\u00e5ris gala<\/strong>* Utan mj\u00f6lk i.<\/p>\n<p>\u039c\u03b5 \u03bb\u03af\u03b3\u03b7 \u03b6\u03ac\u03c7\u03b1\u03c1\u03b7.* <strong>Me ligi zachari<\/strong>.* Med lite socker i.<\/p>\n<p>\u03a7\u03c9\u03c1\u03af\u03c2 \u03b6\u03ac\u03c7\u03b1\u03c1\u03b7. <strong>* Ch\u00e5ris zachari<\/strong>.* Utan socker i.<\/p>\n<p>&nbsp;<\/p>\n<p><strong><span style=\"color: #ff0000\">7.K\u00f6p solkrem p\u00e5 apoteket:<\/span><\/strong><\/p>\n<audio class=\"wp-audio-shortcode\" id=\"audio-1196-9\" preload=\"none\" style=\"width: 100%;\" controls=\"controls\"><source type=\"audio\/mpeg\" src=\"http:\/\/blogg.folkuniversitetet.nu\/ioanvi\/files\/2016\/04\/8p\u00e5resan.mp3?_=9\" \/><a href=\"http:\/\/blogg.folkuniversitetet.nu\/ioanvi\/files\/2016\/04\/8p\u00e5resan.mp3\">http:\/\/blogg.folkuniversitetet.nu\/ioanvi\/files\/2016\/04\/8p\u00e5resan.mp3<\/a><\/audio>\n<p>\u0398\u03b1 \u03ae\u03b8\u03b5\u03bb\u03b1 \u03ad\u03bd\u03b1 \u03b1\u03bd\u03c4\u03b7\u03bb\u03b9\u03b1\u03ba\u03cc \u03bc\u03b5 \u03bc\u03b5\u03b3\u03ac\u03bb\u03bf \u03b4\u03b5\u03af\u03ba\u03c4\u03b7. * <strong>Tha<\/strong> <strong>ithela ena antiliako me megalo dikti<\/strong>. *<\/p>\n<p>* Jag skulle vilja en solcreme med h\u00f6g solskyddsfaktor.<\/p>\n<p>&nbsp;<\/p>\n<ol start=\"8\">\n<li><strong><span style=\"color: #ff0000\">Det \u00e4r j\u00e4ttevanligt (och v\u00e4nligt mellan kompisar) i Grekland att bjuda p\u00e5 kafe, att betala n\u00e4mligen f\u00f6r din kompis kafe.<\/span><\/strong><\/li>\n<\/ol>\n<audio class=\"wp-audio-shortcode\" id=\"audio-1196-10\" preload=\"none\" style=\"width: 100%;\" controls=\"controls\"><source type=\"audio\/mpeg\" src=\"http:\/\/blogg.folkuniversitetet.nu\/ioanvi\/files\/2016\/04\/8bp\u00e5resan.mp3?_=10\" \/><a href=\"http:\/\/blogg.folkuniversitetet.nu\/ioanvi\/files\/2016\/04\/8bp\u00e5resan.mp3\">http:\/\/blogg.folkuniversitetet.nu\/ioanvi\/files\/2016\/04\/8bp\u00e5resan.mp3<\/a><\/audio>\n<p>\u039d\u03b1 \u03ba\u03b5\u03c1\u03ac\u03c3\u03c9 \u03ba\u03b1\u03c6\u03b5\u03b4\u03ac\u03ba\u03b9; <strong>Na keras\u00e5 kafedaki?*<\/strong> Ska jag bjuda p\u00e5 kaffet?<\/p>\n<p>&nbsp;<\/p>\n","protected":false},"excerpt":{"rendered":"<p>Fr\u00e5ga vad klockan \u00e4r: \u03a3\u03c5\u03b3\u03bd\u03ce\u03bc\u03b7, \u03c4\u03b9 \u03ce\u03c1\u03b1 \u03b5\u03af\u03bd\u03b1\u03b9;* Sign\u00e5mi, ti \u00e5ra in\u00e4?* Urs\u00e4kta, vad \u00e4r klockan? &nbsp; Fr\u00e5ga p\u00e5 bageriet vilken tid de \u00f6ppnar sin aff\u00e4r. \u03a3\u03c5\u03b3\u03bd\u03ce\u03bc\u03b7, \u03c4\u03b9 \u03ce\u03c1\u03b1 \u03b1\u03bd\u03bf\u03af\u03b3\u03b5\u03c4\u03b5 \u03c4\u03bf \u03c0\u03c1\u03c9\u03af;* Sign\u00e5mi, ti \u00e5ra anigete to pr\u00e5i?* Urs\u00e4kta, vilken &hellip; <a href=\"https:\/\/blogg.folkuniversitetet.nu\/ioanvi\/pa-resan-uppdrag\/\">Forts\u00e4tt l\u00e4sa <span class=\"meta-nav\">&rarr;<\/span><\/a><\/p>\n","protected":false},"author":71,"featured_media":0,"parent":0,"menu_order":0,"comment_status":"closed","ping_status":"closed","template":"","meta":{"footnotes":""},"class_list":["post-1196","page","type-page","status-publish","hentry"],"_links":{"self":[{"href":"https:\/\/blogg.folkuniversitetet.nu\/ioanvi\/wp-json\/wp\/v2\/pages\/1196","targetHints":{"allow":["GET"]}}],"collection":[{"href":"https:\/\/blogg.folkuniversitetet.nu\/ioanvi\/wp-json\/wp\/v2\/pages"}],"about":[{"href":"https:\/\/blogg.folkuniversitetet.nu\/ioanvi\/wp-json\/wp\/v2\/types\/page"}],"author":[{"embeddable":true,"href":"https:\/\/blogg.folkuniversitetet.nu\/ioanvi\/wp-json\/wp\/v2\/users\/71"}],"replies":[{"embeddable":true,"href":"https:\/\/blogg.folkuniversitetet.nu\/ioanvi\/wp-json\/wp\/v2\/comments?post=1196"}],"version-history":[{"count":8,"href":"https:\/\/blogg.folkuniversitetet.nu\/ioanvi\/wp-json\/wp\/v2\/pages\/1196\/revisions"}],"predecessor-version":[{"id":1216,"href":"https:\/\/blogg.folkuniversitetet.nu\/ioanvi\/wp-json\/wp\/v2\/pages\/1196\/revisions\/1216"}],"wp:attachment":[{"href":"https:\/\/blogg.folkuniversitetet.nu\/ioanvi\/wp-json\/wp\/v2\/media?parent=1196"}],"curies":[{"name":"wp","href":"https:\/\/api.w.org\/{rel}","templated":true}]}}