{"id":1166,"date":"2016-04-26T12:31:17","date_gmt":"2016-04-26T12:31:17","guid":{"rendered":"http:\/\/blogg.folkuniversitetet.nu\/ioanvi\/?page_id=1166"},"modified":"2016-04-27T06:49:28","modified_gmt":"2016-04-27T06:49:28","slug":"maxs-morgontext-o-verb-i-presens-preteritum","status":"publish","type":"page","link":"https:\/\/blogg.folkuniversitetet.nu\/ioanvi\/grekiskafortsattningskurs\/maxs-morgontext-o-verb-i-presens-preteritum\/","title":{"rendered":"Maxs morgon\/text o verb i presens-preteritum"},"content":{"rendered":"<p><a href=\"http:\/\/blogg.folkuniversitetet.nu\/ioanvi\/files\/2016\/04\/26411196645_d608c8fb6e_b-1.jpg\"><img loading=\"lazy\" decoding=\"async\" class=\"aligncenter wp-image-1173 size-full\" src=\"http:\/\/blogg.folkuniversitetet.nu\/ioanvi\/files\/2016\/04\/26411196645_d608c8fb6e_b-1.jpg\" alt=\"26411196645_d608c8fb6e_b (1)\" width=\"1024\" height=\"712\" srcset=\"https:\/\/blogg.folkuniversitetet.nu\/ioanvi\/files\/2016\/04\/26411196645_d608c8fb6e_b-1.jpg 1024w, https:\/\/blogg.folkuniversitetet.nu\/ioanvi\/files\/2016\/04\/26411196645_d608c8fb6e_b-1-300x209.jpg 300w, https:\/\/blogg.folkuniversitetet.nu\/ioanvi\/files\/2016\/04\/26411196645_d608c8fb6e_b-1-768x534.jpg 768w\" sizes=\"auto, (max-width: 1024px) 100vw, 1024px\" \/><\/a><\/p>\n<p>photo credit: <a href=\"http:\/\/www.flickr.com\/photos\/90692748@N04\/26411196645\">Up, up, and away<\/a> via <a href=\"http:\/\/photopin.com\">photopin<\/a> <a href=\"https:\/\/creativecommons.org\/licenses\/by\/2.0\/\">(license)<\/a><\/p>\n<audio class=\"wp-audio-shortcode\" id=\"audio-1166-1\" preload=\"none\" style=\"width: 100%;\" controls=\"controls\"><source type=\"audio\/mpeg\" src=\"http:\/\/blogg.folkuniversitetet.nu\/ioanvi\/files\/2016\/04\/max.mp3?_=1\" \/><a href=\"http:\/\/blogg.folkuniversitetet.nu\/ioanvi\/files\/2016\/04\/max.mp3\">http:\/\/blogg.folkuniversitetet.nu\/ioanvi\/files\/2016\/04\/max.mp3<\/a><\/audio>\n<p style=\"text-align: center\"><span style=\"color: #000080\"><strong>\u0397 \u03bc\u03ad\u03c1\u03b1 \u03c4\u03bf\u03c5 \u039c\u03b1\u03be<\/strong><\/span>\/ I mera tu Max* <em>Maxs dag<\/em><\/p>\n<p><span style=\"color: #000080\"><strong>\u039f \u039c\u03b1\u03be \u03b5\u03af\u03bd\u03b1\u03b9 \u03be\u03b1\u03c0\u03bb\u03c9\u03bc\u03ad\u03bd\u03bf\u03c2 \u03c3\u03c4\u03bf \u03ba\u03c1\u03b5\u03b2\u03ac\u03c4\u03b9 \u03ba\u03b1\u03b9 \u03ba\u03bf\u03b9\u03bc\u03ac\u03c4\u03b1\u03b9<\/strong>.<\/span>\/O Max in\u00e4 xapl\u00e5menos sto krevati k\u00e4 kimat\u00e4.*\u00a0<em>Max ligger i s\u00e4ngen och sover.\u00a0<\/em><\/p>\n<p><span style=\"color: #000080\"><strong>\u03a4\u03bf \u03be\u03c5\u03c0\u03bd\u03b7\u03c4\u03ae\u03c1\u03b9 \u03c7\u03c4\u03c5\u03c0\u03ac\u03b5\u03b9 \u03ba\u03b1\u03b9 \u03bf \u039c\u03b1\u03be \u03c3\u03b7\u03ba\u03ce\u03bd\u03b5\u03c4\u03b1\u03b9<\/strong>.<\/span>\/ To xipnitiri chtipai k\u00e4 o Max sik\u00e5net\u00e4.*<em>V\u00e4ckarklockan ringer och Max stiger upp.<\/em><\/p>\n<p><span style=\"color: #000080\"><strong>\u03a0\u03b7\u03b3\u03b1\u03af\u03bd\u03b5\u03b9 \u03c3\u03c4\u03bf \u03bc\u03c0\u03ac\u03bd\u03b9\u03bf \u03ba\u03b1\u03b9 \u03c0\u03bb\u03ad\u03bd\u03b5\u03c4\u03b1\u03b9<\/strong>.<\/span>\/ Pig\u00e4ni sto mpanio k\u00e4 plenet\u00e4.* <em>Han g\u00e5r till badrummet och tv\u00e4ttar sig.\u00a0<\/em><\/p>\n<p><span style=\"color: #000080\"><strong>\u0392\u03b3\u03ac\u03b6\u03b5\u03b9 \u03c4\u03b7 \u03c0\u03b9\u03c4\u03b6\u03ac\u03bc\u03b1 \u03c4\u03bf\u03c5<\/strong>.<\/span> \/ Vgazi ti pitzama tu.* <em>Han tar av sin pyjamas.\u00a0<\/em><\/p>\n<p><span style=\"color: #000080\"><strong>\u039a\u03ac\u03bd\u03b5\u03b9 \u03bc\u03c0\u03ac\u03bd\u03b9\u03bf.<\/strong><\/span>\/ Kani mpanio.\/<em> Han tar ett bad.\u00a0<\/em><\/p>\n<p><span style=\"color: #000080\"><strong>\u03a3\u03ba\u03bf\u03c5\u03c0\u03af\u03b6\u03b5\u03c4\u03b1\u03b9 \u03bc\u03b5 \u03c4\u03b7\u03bd \u03c0\u03b5\u03c4\u03c3\u03ad\u03c4\u03b1.<\/strong><\/span>\/ Skupizet\u00e4 me tin petseta.* <em>Han torkar sig med handduken.\u00a0<\/em><\/p>\n<p><span style=\"color: #000080\"><strong>\u03a7\u03c4\u03b5\u03bd\u03af\u03b6\u03b5\u03c4\u03b1\u03b9 \u03bc\u03b5 \u03c4\u03b7\u03bd \u03c7\u03c4\u03ad\u03bd\u03b1.<\/strong><\/span>\/ Xtenizet\u00e4 me thn xtena.* <em>Han kammar sig med kammen.\u00a0<\/em><\/p>\n<p><span style=\"color: #000080\"><strong>\u03a0\u03bb\u03ad\u03bd\u03b5\u03b9 \u03c4\u03b1 \u03b4\u03cc\u03bd\u03c4\u03b9\u03b1 \u03c4\u03bf\u03c5.<\/strong><\/span>\/ Pleni ta dontia tu.* <em>Han borstar sina t\u00e4nder.\u00a0<\/em><\/p>\n<p><span style=\"color: #000080\"><strong>\u03a3\u03c4\u03c1\u03ce\u03bd\u03b5\u03b9 \u03c4\u03bf \u03ba\u03c1\u03b5\u03b2\u03ac\u03c4\u03b9 \u03c4\u03bf\u03c5 \u03ba\u03b1\u03b9 \u03bd\u03c4\u03cd\u03bd\u03b5\u03c4\u03b1\u03b9<\/strong><\/span>.\/ Str\u00e5ni to krevati tu.* H<em>an b\u00e4ddar sin s\u00e4ng och kl\u00e4r p\u00e5 sig.\u00a0<\/em><\/p>\n<p><span style=\"color: #000080\"><strong>\u03a0\u03b7\u03b3\u03b1\u03af\u03bd\u03b5\u03b9 \u03c3\u03c4\u03b7\u03bd \u03ba\u03bf\u03c5\u03b6\u03af\u03bd\u03b1 \u03ba\u03b1\u03b9 \u03c4\u03c1\u03ce\u03b5\u03b9 \u03c0\u03c1\u03c9\u03b9\u03bd\u03cc<\/strong>.<\/span> \/ Pig\u00e4ni stin kuzina gia pr\u00e5ino.* <em>Han g\u00e5r till k\u00f6ket och \u00e4ter frukost.\u00a0<\/em><\/p>\n<p style=\"text-align: center\"><a href=\"http:\/\/blogg.folkuniversitetet.nu\/ioanvi\/files\/2016\/04\/25870414234_8d1814ffdf_o.jpg\"><img loading=\"lazy\" decoding=\"async\" class=\"alignnone size-medium wp-image-1176\" src=\"http:\/\/blogg.folkuniversitetet.nu\/ioanvi\/files\/2016\/04\/25870414234_8d1814ffdf_o-300x198.jpg\" alt=\"25870414234_8d1814ffdf_o\" width=\"300\" height=\"198\" srcset=\"https:\/\/blogg.folkuniversitetet.nu\/ioanvi\/files\/2016\/04\/25870414234_8d1814ffdf_o-300x198.jpg 300w, https:\/\/blogg.folkuniversitetet.nu\/ioanvi\/files\/2016\/04\/25870414234_8d1814ffdf_o-768x508.jpg 768w, https:\/\/blogg.folkuniversitetet.nu\/ioanvi\/files\/2016\/04\/25870414234_8d1814ffdf_o-1024x677.jpg 1024w, https:\/\/blogg.folkuniversitetet.nu\/ioanvi\/files\/2016\/04\/25870414234_8d1814ffdf_o.jpg 1715w\" sizes=\"auto, (max-width: 300px) 100vw, 300px\" \/><\/a><\/p>\n<p>photo credit: <a href=\"http:\/\/www.flickr.com\/photos\/17215603@N00\/25870414234\">A gift of 84,600 seconds today. Use one of them to say thank you.<\/a> via <a href=\"http:\/\/photopin.com\">photopin<\/a> <a href=\"https:\/\/creativecommons.org\/licenses\/by-nd\/2.0\/\">(license)<\/a><br \/>\n********************<\/p>\n<p style=\"text-align: left\"><strong><span style=\"color: #993300\">ORDLISTA<\/span><\/strong><\/p>\n<audio class=\"wp-audio-shortcode\" id=\"audio-1166-2\" preload=\"none\" style=\"width: 100%;\" controls=\"controls\"><source type=\"audio\/mpeg\" src=\"http:\/\/blogg.folkuniversitetet.nu\/ioanvi\/files\/2016\/04\/maxordlista.mp3?_=2\" \/><a href=\"http:\/\/blogg.folkuniversitetet.nu\/ioanvi\/files\/2016\/04\/maxordlista.mp3\">http:\/\/blogg.folkuniversitetet.nu\/ioanvi\/files\/2016\/04\/maxordlista.mp3<\/a><\/audio>\n<p style=\"text-align: left\"><strong><span style=\"color: #993300\">\u03b5\u03af\u03bc\u03b1\u03b9 \u03be\u03b1\u03c0\u03bb\u03c9\u03bc\u03ad\u03bd\u03bf\u03c2<\/span><\/strong> (im\u00e4 xapl\u00e5menos)<br \/>\n<strong><span style=\"color: #993300\">\u03ba\u03bf\u03b9\u03bc\u03ac\u03bc\u03b1\u03b9<\/span> <\/strong>(kimam\u00e4) * <strong><span style=\"color: #993300\">\u03ba\u03bf\u03b9\u03bc\u03ae\u03b8\u03b7\u03ba\u03b1<\/span><\/strong> (kimithika) \u00a0 \u00a0 <em>\u00a0<span style=\"color: #008000\"> jag sover-jag sov<\/span><\/em><br \/>\n<strong><span style=\"color: #993300\">\u03be\u03c5\u03c0\u03bd\u03ac\u03c9<\/span><\/strong> (xipna\u00e5) * <strong><span style=\"color: #993300\">\u03be\u03cd\u03c0\u03bd\u03b7\u03c3\u03b1<\/span><\/strong> (xipnisa) \u00a0 \u00a0 \u00a0 \u00a0 \u00a0 \u00a0 \u00a0 \u00a0 \u00a0 \u00a0 \u00a0<em><span style=\"color: #008000\"> jag vaknar &#8211; jag vaknade<\/span><\/em><br \/>\n<strong><span style=\"color: #993300\">\u03c3\u03b7\u03ba\u03ce\u03bd\u03bf\u03bc\u03b1\u03b9<\/span><\/strong> (sik\u00e5nom\u00e4) *<strong><span style=\"color: #993300\">\u03c3\u03b7\u03ba\u03ce\u03b8\u03b7\u03ba\u03b1<\/span><\/strong> (sik\u00e5thika) \u00a0 <em><span style=\"color: #008000\">jag stiger upp &#8211; jag steg upp<\/span><\/em><br \/>\n<strong><span style=\"color: #993300\">\u03b2\u03b3\u03ac\u03b6\u03c9<\/span><\/strong> (vgaz\u00e5) * <strong><span style=\"color: #993300\">\u03ad\u03b2\u03b3\u03b1\u03bb\u03b1<\/span><\/strong> (evgala) \u00a0 \u00a0 \u00a0 \u00a0 \u00a0 \u00a0 \u00a0 \u00a0 \u00a0 \u00a0 \u00a0 \u00a0 \u00a0 \u00a0 \u00a0 <em><span style=\"color: #008000\">\u00a0jag tar av &#8211; jag tog av<\/span><\/em><br \/>\n<strong><span style=\"color: #993300\">\u03ba\u03ac\u03bd\u03c9<\/span><\/strong> (kan\u00e5) * <strong><span style=\"color: #993300\">\u03ad\u03ba\u03b1\u03bd\u03b1<\/span><\/strong> (ekana) \u00a0 \u00a0 \u00a0 \u00a0 \u00a0 \u00a0 \u00a0 \u00a0 \u00a0 \u00a0 \u00a0 \u00a0 \u00a0 \u00a0 \u00a0 \u00a0 \u00a0 \u00a0 * <em><span style=\"color: #008000\">jag g\u00f6r &#8211; jag gjorde<\/span><\/em><br \/>\n<strong><span style=\"color: #993300\">\u03c3\u03ba\u03bf\u03c5\u03c0\u03af\u03b6\u03bf\u03bc\u03b1\u03b9<\/span><\/strong> (skupizom\u00e4) * <strong><span style=\"color: #993300\">\u03c3\u03ba\u03bf\u03c5\u03c0\u03af\u03c3\u03c4\u03b7\u03ba\u03b1<\/span><\/strong> (skupistika)<em><span style=\"color: #008000\">jag torkar mig &#8211; jag torkade mig<\/span><\/em><br \/>\n<strong><span style=\"color: #993300\">\u03c7\u03c4\u03b5\u03bd\u03af\u03b6\u03bf\u03bc\u03b1\u03b9<\/span><\/strong> (xtenizom\u00e4) * <strong><span style=\"color: #993300\">\u03c7\u03c4\u03b5\u03bd\u03af\u03c3\u03c4\u03b7\u03ba\u03b1<\/span><\/strong> (xtenistika)<em><span style=\"color: #008000\"> jag kammar mig- jag kammade mig<\/span><\/em><br \/>\n<strong><span style=\"color: #993300\">\u03c0\u03bb\u03ad\u03bd\u03c9<\/span><\/strong> (plen\u00e5) * <strong><span style=\"color: #993300\">\u03ad\u03c0\u03bb\u03c5\u03bd\u03b1<\/span><\/strong> (eplina) \u00a0 \u00a0 \u00a0 \u00a0 \u00a0 \u00a0 \u00a0 \u00a0 \u00a0 \u00a0 \u00a0 \u00a0 \u00a0 \u00a0 \u00a0 \u00a0<em><span style=\"color: #008000\"> \u00a0jag tv\u00e4ttar -jag tv\u00e4ttade\u00a0<\/span><\/em><br \/>\n<strong><span style=\"color: #993300\">\u03c3\u03c4\u03c1\u03ce\u03bd\u03c9<\/span><\/strong> (str\u00e5n\u00e5) * <strong><span style=\"color: #993300\">\u03ad\u03c3\u03c4\u03c1\u03c9\u03c3\u03b1<\/span><\/strong> (etsr\u00e5sa) \u00a0 \u00a0 \u00a0 \u00a0 \u00a0 \u00a0 \u00a0 \u00a0 \u00a0 \u00a0 \u00a0 <em><span style=\"color: #008000\">jag b\u00e4ddar &#8211; jag b\u00e4ddade<\/span><\/em><br \/>\n<strong><span style=\"color: #993300\">\u03c4\u03c1\u03ce\u03c9<\/span><\/strong> (tr\u00e5\u00e5) * <strong><span style=\"color: #993300\">\u03ad\u03c6\u03b1\u03b3\u03b1<\/span><\/strong> (efaga) \u00a0 \u00a0 \u00a0 \u00a0 \u00a0 \u00a0 \u00a0 \u00a0 \u00a0 \u00a0 \u00a0 \u00a0 \u00a0 \u00a0 \u00a0 \u00a0 \u00a0 \u00a0 \u00a0<em><span style=\"color: #008000\"> \u00a0 jag \u00e4ter &#8211; jag \u00e5t<\/span><\/em><\/p>\n<p style=\"text-align: left\"><strong><span style=\"color: #993300\">\u03b2\u03ac\u03b6\u03c9<\/span><\/strong> (vaz\u00e5) * <strong><span style=\"color: #993300\">\u03ad\u03b2\u03b1\u03bb\u03b1<\/span><\/strong> (evala) \u00a0 \u00a0 \u00a0 \u00a0 \u00a0 \u00a0 \u00a0 \u00a0 \u00a0 \u00a0 \u00a0 \u00a0 \u00a0 \u00a0 \u00a0 \u00a0 \u00a0 \u00a0 <em><span style=\"color: #008000\">\u00a0 jag tar p\u00e5 mig &#8211; jag tog p\u00e5 mig<\/span><\/em><\/p>\n<p style=\"text-align: left\"><strong><span style=\"color: #993300\">\u03c0\u03af\u03bd\u03c9<\/span><\/strong> (pin\u00e5) \u00a0*<span style=\"color: #993300\"><strong> \u03ae\u03c0\u03b9\u03b1<\/strong><\/span> (ipia) \u00a0 \u00a0 \u00a0 \u00a0 \u00a0 \u00a0 \u00a0 \u00a0 \u00a0 \u00a0 \u00a0 \u00a0 \u00a0 \u00a0 \u00a0 \u00a0 \u00a0 \u00a0 \u00a0 \u00a0 <span style=\"color: #008000\"><em>\u00a0 \u00a0 jag dricker &#8211; jag drack<\/em><\/span><\/p>\n<p style=\"text-align: center\"><a href=\"http:\/\/blogg.folkuniversitetet.nu\/ioanvi\/files\/2016\/04\/24773748020_e062d6508a_b.jpg\"><img loading=\"lazy\" decoding=\"async\" class=\"alignnone size-medium wp-image-1183\" src=\"http:\/\/blogg.folkuniversitetet.nu\/ioanvi\/files\/2016\/04\/24773748020_e062d6508a_b-300x181.jpg\" alt=\"24773748020_e062d6508a_b\" width=\"300\" height=\"181\" srcset=\"https:\/\/blogg.folkuniversitetet.nu\/ioanvi\/files\/2016\/04\/24773748020_e062d6508a_b-300x181.jpg 300w, https:\/\/blogg.folkuniversitetet.nu\/ioanvi\/files\/2016\/04\/24773748020_e062d6508a_b-768x464.jpg 768w, https:\/\/blogg.folkuniversitetet.nu\/ioanvi\/files\/2016\/04\/24773748020_e062d6508a_b.jpg 1024w\" sizes=\"auto, (max-width: 300px) 100vw, 300px\" \/><\/a><\/p>\n<p style=\"text-align: center\">photo credit: <a href=\"http:\/\/www.flickr.com\/photos\/87257183@N06\/24773748020\">Type on street 3<\/a> via <a href=\"http:\/\/photopin.com\">photopin<\/a> <a href=\"https:\/\/creativecommons.org\/licenses\/by-nd\/2.0\/\">(license)<\/a><\/p>\n<p><a href=\"https:\/\/www.youtube.com\/watch?v=jJz6dLL83YY\">https:\/\/www.youtube.com\/watch?v=jJz6dLL83YY<\/a><\/p>\n<p style=\"text-align: left\"><strong><span style=\"color: #ff0000\">Verbb\u00f6jning \u263a NUTID*presens<\/span><\/strong><\/p>\n<p style=\"text-align: left\"><strong>\u03ba\u03ac\u03bd\u03c9:\u00a0<\/strong>\u03c0\u03b7\u03b3\u03b1\u03af\u03bd<strong>\u03c9<\/strong>\u00a0<em>(g\u00e5r\/\u00e5ka)<\/em>,\u00a0\u03b2\u03b3\u03ac\u03b6<strong>\u03c9<\/strong><em> (tar av)<\/em>,\u00a0\u03c0\u03bb\u03ad\u03bd<strong>\u03c9 <\/strong><em>(tv\u00e4ttar)<\/em>,\u00a0\u03c3\u03c4\u03c1\u03ce\u03bd<strong>\u03c9<\/strong> <em>(b\u00e4ddar\/dukar)<\/em><\/p>\n<audio class=\"wp-audio-shortcode\" id=\"audio-1166-3\" preload=\"none\" style=\"width: 100%;\" controls=\"controls\"><source type=\"audio\/mpeg\" src=\"http:\/\/blogg.folkuniversitetet.nu\/ioanvi\/files\/2016\/04\/KAN\u00c5etc.mp3?_=3\" \/><a href=\"http:\/\/blogg.folkuniversitetet.nu\/ioanvi\/files\/2016\/04\/KAN\u00c5etc.mp3\">http:\/\/blogg.folkuniversitetet.nu\/ioanvi\/files\/2016\/04\/KAN\u00c5etc.mp3<\/a><\/audio>\n<p style=\"text-align: left\"><span style=\"color: #003300\">\u03ba\u03ac\u03bd<strong>\u03c9<\/strong><\/span> \u00a0 \u00a0 \u00a0 \u00a0 \u00a0 \u00a0 \u00a0kan<strong>\u00e5<\/strong><br \/>\n<span style=\"color: #003300\">\u03ba\u03ac\u03bd<strong>\u03b5\u03b9\u03c2 \u00a0<\/strong><\/span> \u00a0 \u00a0 \u00a0 \u00a0 \u00a0kan<strong>is<\/strong><br \/>\n<span style=\"color: #003300\">\u03ba\u03ac\u03bd<strong>\u03b5\u03b9<\/strong><\/span> \u00a0 \u00a0 \u00a0 \u00a0 \u00a0 \u00a0 \u00a0kan<strong>i<\/strong><br \/>\n<span style=\"color: #003300\">\u03ba\u03ac\u03bd<strong>\u03bf\u03c5\u03bc\u03b5<\/strong><\/span><strong> \u00a0<\/strong> \u00a0 \u00a0 \u00a0kan<strong>ume<\/strong><br \/>\n<span style=\"color: #003300\">\u03ba\u03ac\u03bd<strong>\u03b5\u03c4\u03b5<\/strong><\/span> \u00a0 \u00a0 \u00a0 \u00a0 \u00a0 kan<strong>ete<\/strong><br \/>\n<span style=\"color: #003300\">\u03ba\u03ac\u03bd<strong>\u03bf\u03c5\u03bd<\/strong><\/span> \u00a0 \u00a0 \u00a0 \u00a0 \u00a0 kan<strong>un<\/strong><\/p>\n<p><strong>\u03c4\u03c1\u03ce\u03c9 <\/strong><em>(\u00e4ter)<\/em><strong>:\u00a0<\/strong>\u03bb\u03ad<strong>\u03c9<\/strong><em> (s\u00e4ger)<\/em>,\u00a0\u03b1\u03ba\u03bf\u03cd<strong>\u03c9 <\/strong><em>(lyssnar\/h\u00f6r)<\/em><\/p>\n<audio class=\"wp-audio-shortcode\" id=\"audio-1166-4\" preload=\"none\" style=\"width: 100%;\" controls=\"controls\"><source type=\"audio\/mpeg\" src=\"http:\/\/blogg.folkuniversitetet.nu\/ioanvi\/files\/2016\/04\/TR\u00c5\u00c5etc.mp3?_=4\" \/><a href=\"http:\/\/blogg.folkuniversitetet.nu\/ioanvi\/files\/2016\/04\/TR\u00c5\u00c5etc.mp3\">http:\/\/blogg.folkuniversitetet.nu\/ioanvi\/files\/2016\/04\/TR\u00c5\u00c5etc.mp3<\/a><\/audio>\n<p><span style=\"color: #003300\">\u03c4\u03c1\u03ce<strong>\u03c9<\/strong> \u00a0<\/span> \u00a0 \u00a0 \u00a0 \u00a0 \u00a0tr\u00e5<strong>\u00e5<\/strong><br \/>\n<span style=\"color: #003300\">\u03c4\u03c1\u03c9<strong>\u03c2<\/strong> \u00a0<\/span> \u00a0 \u00a0 \u00a0 \u00a0 \u00a0 tr\u00e5<strong>s<\/strong><br \/>\n<span style=\"color: #003300\">\u03c4\u03c1\u03ce<strong>\u03b5\u03b9<\/strong><\/span> \u00a0 \u00a0 \u00a0 \u00a0 \u00a0 tr\u00e5<strong>i<\/strong><br \/>\n<span style=\"color: #003300\">\u03c4\u03c1\u03ce<strong>\u03bc\u03b5<\/strong> \u00a0<\/span> \u00a0 \u00a0 \u00a0 tr\u00e5<strong>me<\/strong><br \/>\n<span style=\"color: #003300\">\u03c4\u03c1\u03ce<strong>\u03c4\u03b5<\/strong><\/span> \u00a0 \u00a0 \u00a0 \u00a0 tr\u00e5<strong>te<\/strong><br \/>\n<span style=\"color: #003300\">\u03c4\u03c1\u03ce<strong>\u03bd\u03b5<\/strong><\/span> \u00a0 \u00a0 \u00a0 \u00a0 tr\u00e5<strong>ne<\/strong><\/p>\n<p><strong>\u03be\u03c5\u03c0\u03bd\u03ac\u03c9<\/strong><em> (vaknar)<\/em><strong>:\u00a0<\/strong>\u03b1\u03b3\u03b1\u03c0<strong>\u03ac\u03c9 <\/strong><em>(\u00e4lskar)<\/em>,\u00a0\u03c3\u03c5\u03bd\u03b1\u03bd\u03c4<strong>\u03ac\u03c9 <\/strong><em>(tr\u00e4ffar)<\/em>,\u00a0\u03c4\u03c1\u03b1\u03b3\u03bf\u03c5\u03b4<strong>\u03ac\u03c9<\/strong><em> (sjunger)<\/em><\/p>\n<audio class=\"wp-audio-shortcode\" id=\"audio-1166-5\" preload=\"none\" style=\"width: 100%;\" controls=\"controls\"><source type=\"audio\/mpeg\" src=\"http:\/\/blogg.folkuniversitetet.nu\/ioanvi\/files\/2016\/04\/XIPNA\u00c5etc.mp3?_=5\" \/><a href=\"http:\/\/blogg.folkuniversitetet.nu\/ioanvi\/files\/2016\/04\/XIPNA\u00c5etc.mp3\">http:\/\/blogg.folkuniversitetet.nu\/ioanvi\/files\/2016\/04\/XIPNA\u00c5etc.mp3<\/a><\/audio>\n<p>\u03be\u03c5\u03c0\u03bd<strong>\u03ac\u03c9 \u00a0 \u00a0 \u00a0 \u00a0 \u00a0 \u00a0 \u00a0 <\/strong>\u00a0 xipn<strong>a\u00e5<\/strong><br \/>\n\u03be\u03c5\u03c0\u03bd<strong>\u03ac\u03c2 \u00a0 \u00a0 \u00a0 \u00a0 \u00a0 \u00a0 \u00a0 \u00a0 \u00a0<\/strong>xipn<strong>as<\/strong><br \/>\n\u03be\u03c5\u03c0\u03bd<strong>\u03ac\u03b5\u03b9 \u00a0 \u00a0 \u00a0 \u00a0 \u00a0 \u00a0 \u00a0<\/strong> \u00a0xipn<strong>ai<\/strong><br \/>\n\u03be\u03c5\u03c0\u03bd<strong>\u03ac\u03bc\u03b5 \u00a0 \u00a0 \u00a0 \u00a0 \u00a0 \u00a0 \u00a0 <\/strong>xipn<strong>ame<\/strong><br \/>\n\u03be\u03c5\u03c0\u03bd<strong>\u03ac\u03c4\u03b5 \u00a0 \u00a0 \u00a0 \u00a0 \u00a0 \u00a0 \u00a0 <\/strong>xipn<strong>ate<\/strong><br \/>\n\u03be\u03c5\u03c0\u03bd<strong>\u03ac\u03bd\u03b5 \u00a0 \u00a0 \u00a0 \u00a0 \u00a0 \u00a0 \u00a0 <\/strong>xipn<strong>ane<\/strong><\/p>\n<p><strong>\u03c3\u03ba\u03bf\u03c5\u03c0\u03af\u03b6\u03bf\u03bc\u03b1\u03b9 <\/strong><em>(torkar mig)<\/em><strong>:\u00a0<\/strong>\u03c7\u03c4\u03b5\u03bd\u03af\u03b6<strong>\u03bf\u03bc\u03b1\u03b9 <\/strong><em>(kammar mig)<\/em>,\u00a0\u03c3\u03b7\u03ba\u03ce\u03bd<strong>\u03bf\u03bc\u03b1\u03b9 <\/strong><em>(stiger upp)<\/em>,\u00a0\u03bb\u03bf\u03cd\u03b6<strong>\u03bf\u03bc\u03b1\u03b9 <\/strong><em>(tv\u00e4ttar h\u00e5ret)<\/em><\/p>\n<audio class=\"wp-audio-shortcode\" id=\"audio-1166-6\" preload=\"none\" style=\"width: 100%;\" controls=\"controls\"><source type=\"audio\/mpeg\" src=\"http:\/\/blogg.folkuniversitetet.nu\/ioanvi\/files\/2016\/04\/SKUPIZOM\u00c4etc.mp3?_=6\" \/><a href=\"http:\/\/blogg.folkuniversitetet.nu\/ioanvi\/files\/2016\/04\/SKUPIZOM\u00c4etc.mp3\">http:\/\/blogg.folkuniversitetet.nu\/ioanvi\/files\/2016\/04\/SKUPIZOM\u00c4etc.mp3<\/a><\/audio>\n<p><span style=\"color: #003300\">\u03c3\u03ba\u03bf\u03c5\u03c0\u03af\u03b6<strong>\u03bf\u03bc\u03b1\u03b9<\/strong> \u00a0 \u00a0<\/span> \u00a0 \u00a0 \u00a0 \u00a0 skupiz<strong>om\u00e4<\/strong><br \/>\n<span style=\"color: #003300\">\u03c3\u03ba\u03bf\u03c5\u03c0\u03af\u03b6<strong>\u03b5\u03c3\u03b1\u03b9<\/strong><\/span> \u00a0 \u00a0 \u00a0 \u00a0 \u00a0 \u00a0 skupiz<strong>es\u00e4<\/strong><br \/>\n<span style=\"color: #003300\">\u03c3\u03ba\u03bf\u03c5\u03c0\u03af\u03b6<strong>\u03b5\u03c4\u03b1\u03b9<\/strong><\/span><strong>\u00a0<\/strong>\u00a0 \u00a0 \u00a0 \u00a0 \u00a0 \u00a0 \u00a0skupiz<strong>et\u00e4<\/strong><br \/>\n<span style=\"color: #003300\">\u03c3\u03ba\u03bf\u03c5\u03c0\u03b9\u03b6<strong>\u03cc\u03bc\u03b1\u03c3\u03c4\u03b5<\/strong><\/span>\u00a0 \u00a0 \u00a0 \u00a0skupiz<strong>omaste<\/strong><br \/>\n<span style=\"color: #003300\">\u03c3\u03ba\u03bf\u03c5\u03c0\u03af\u03b6<strong>\u03b5\u03c3\u03c4\u03b5<\/strong><\/span>\u00a0 \u00a0 \u00a0 \u00a0 \u00a0 \u00a0 \u00a0skupiz<strong>este<\/strong><br \/>\n<span style=\"color: #003300\">\u03c3\u03ba\u03bf\u03c5\u03c0\u03af\u03b6<strong>\u03bf\u03bd\u03c4\u03b1\u03b9<\/strong><\/span>\u00a0 \u00a0 \u00a0 \u00a0 \u00a0 \u00a0skupiz<strong>ont\u00e4<\/strong><\/p>\n<p><strong>\u03ba\u03bf\u03b9\u03bc\u03ac\u03bc\u03b1\u03b9<\/strong><em> (sover)<\/em><strong>:\u00a0<\/strong>\u03bb\u03c5\u03c0\u03ac<strong>\u03bc\u03b1\u03b9 <\/strong><em>(jag \u00e4r ledsen)<\/em><\/p>\n<audio class=\"wp-audio-shortcode\" id=\"audio-1166-7\" preload=\"none\" style=\"width: 100%;\" controls=\"controls\"><source type=\"audio\/mpeg\" src=\"http:\/\/blogg.folkuniversitetet.nu\/ioanvi\/files\/2016\/04\/KIMAM\u00c4etc.mp3?_=7\" \/><a href=\"http:\/\/blogg.folkuniversitetet.nu\/ioanvi\/files\/2016\/04\/KIMAM\u00c4etc.mp3\">http:\/\/blogg.folkuniversitetet.nu\/ioanvi\/files\/2016\/04\/KIMAM\u00c4etc.mp3<\/a><\/audio>\n<p><span style=\"color: #003300\">\u03ba\u03bf\u03b9\u03bc\u03ac<strong>\u03bc\u03b1\u03b9<\/strong> \u00a0<\/span> \u00a0 \u00a0 \u00a0kima<strong>m\u00e4<\/strong><br \/>\n<span style=\"color: #003300\">\u03ba\u03bf\u03b9\u03bc\u03ac<strong>\u03c3\u03b1\u03b9<\/strong><\/span>\u00a0 \u00a0 \u00a0 \u00a0 kima<strong>s\u00e4<\/strong><br \/>\n<span style=\"color: #003300\">\u03ba\u03bf\u03b9\u03bc\u03ac<strong>\u03c4\u03b1\u03b9<\/strong><\/span>\u00a0 \u00a0 \u00a0 \u00a0 \u00a0kima<strong>t\u00e4<\/strong><br \/>\n<span style=\"color: #003300\">\u03ba\u03bf\u03b9\u03bc<strong>\u03cc\u03bc\u03b1\u03c3\u03c4\u03b5\u00a0<\/strong><\/span> kim<strong>omaste<\/strong><br \/>\n<span style=\"color: #003300\">\u03ba\u03bf\u03b9\u03bc\u03ac<strong>\u03c3\u03c4\u03b5 \u00a0 \u00a0 \u00a0 <\/strong><\/span>kima<strong>ste<\/strong><br \/>\n<span style=\"color: #003300\">\u03ba\u03bf\u03b9\u03bc<strong>\u03bf\u03cd\u03bd\u03c4\u03b1\u03b9 \u00a0\u00a0<\/strong><\/span> kim<strong>unt\u00e4<\/strong><\/p>\n<p>&nbsp;<\/p>\n<p><iframe loading=\"lazy\" title=\"\u03a0\u03ac\u03bd\u03bf\u03c2 \u039c\u03bf\u03c5\u03b6\u03bf\u03c5\u03c1\u03ac\u03ba\u03b7\u03c2 &amp; \u039c\u03b1\u03c1\u03b1\u03b2\u03ad\u03b3\u03b9\u03b1\u03c2 - \u03a6\u03af\u03bb\u03b1 \u039c\u03b5 \u0391\u03ba\u03cc\u03bc\u03b1 (Baciami Ancora)\" width=\"640\" height=\"480\" src=\"https:\/\/www.youtube.com\/embed\/omltwZ8tGoE?feature=oembed\" frameborder=\"0\" allow=\"accelerometer; autoplay; clipboard-write; encrypted-media; gyroscope; picture-in-picture; web-share\" referrerpolicy=\"strict-origin-when-cross-origin\" allowfullscreen><\/iframe><\/p>\n","protected":false},"excerpt":{"rendered":"<p>photo credit: Up, up, and away via photopin (license) \u0397 \u03bc\u03ad\u03c1\u03b1 \u03c4\u03bf\u03c5 \u039c\u03b1\u03be\/ I mera tu Max* Maxs dag \u039f \u039c\u03b1\u03be \u03b5\u03af\u03bd\u03b1\u03b9 \u03be\u03b1\u03c0\u03bb\u03c9\u03bc\u03ad\u03bd\u03bf\u03c2 \u03c3\u03c4\u03bf \u03ba\u03c1\u03b5\u03b2\u03ac\u03c4\u03b9 \u03ba\u03b1\u03b9 \u03ba\u03bf\u03b9\u03bc\u03ac\u03c4\u03b1\u03b9.\/O Max in\u00e4 xapl\u00e5menos sto krevati k\u00e4 kimat\u00e4.*\u00a0Max ligger i s\u00e4ngen och sover.\u00a0 \u03a4\u03bf &hellip; <a href=\"https:\/\/blogg.folkuniversitetet.nu\/ioanvi\/grekiskafortsattningskurs\/maxs-morgontext-o-verb-i-presens-preteritum\/\">Forts\u00e4tt l\u00e4sa <span class=\"meta-nav\">&rarr;<\/span><\/a><\/p>\n","protected":false},"author":71,"featured_media":0,"parent":472,"menu_order":0,"comment_status":"closed","ping_status":"closed","template":"","meta":{"footnotes":""},"class_list":["post-1166","page","type-page","status-publish","hentry"],"_links":{"self":[{"href":"https:\/\/blogg.folkuniversitetet.nu\/ioanvi\/wp-json\/wp\/v2\/pages\/1166","targetHints":{"allow":["GET"]}}],"collection":[{"href":"https:\/\/blogg.folkuniversitetet.nu\/ioanvi\/wp-json\/wp\/v2\/pages"}],"about":[{"href":"https:\/\/blogg.folkuniversitetet.nu\/ioanvi\/wp-json\/wp\/v2\/types\/page"}],"author":[{"embeddable":true,"href":"https:\/\/blogg.folkuniversitetet.nu\/ioanvi\/wp-json\/wp\/v2\/users\/71"}],"replies":[{"embeddable":true,"href":"https:\/\/blogg.folkuniversitetet.nu\/ioanvi\/wp-json\/wp\/v2\/comments?post=1166"}],"version-history":[{"count":20,"href":"https:\/\/blogg.folkuniversitetet.nu\/ioanvi\/wp-json\/wp\/v2\/pages\/1166\/revisions"}],"predecessor-version":[{"id":1214,"href":"https:\/\/blogg.folkuniversitetet.nu\/ioanvi\/wp-json\/wp\/v2\/pages\/1166\/revisions\/1214"}],"up":[{"embeddable":true,"href":"https:\/\/blogg.folkuniversitetet.nu\/ioanvi\/wp-json\/wp\/v2\/pages\/472"}],"wp:attachment":[{"href":"https:\/\/blogg.folkuniversitetet.nu\/ioanvi\/wp-json\/wp\/v2\/media?parent=1166"}],"curies":[{"name":"wp","href":"https:\/\/api.w.org\/{rel}","templated":true}]}}