{"id":1064,"date":"2016-04-08T01:36:36","date_gmt":"2016-04-08T01:36:36","guid":{"rendered":"http:\/\/blogg.folkuniversitetet.nu\/ioanvi\/?page_id=1064"},"modified":"2016-04-08T06:14:59","modified_gmt":"2016-04-08T06:14:59","slug":"samtal-mellan-kompisar-text-3","status":"publish","type":"page","link":"https:\/\/blogg.folkuniversitetet.nu\/ioanvi\/grekiskafortsattningskurs\/samtal-mellan-kompisar-text-3\/","title":{"rendered":"Samtal mellan kompisar\/ text 3"},"content":{"rendered":"<p><a href=\"http:\/\/blogg.folkuniversitetet.nu\/ioanvi\/files\/2016\/03\/385075_2040610189836_464159272_n.jpg\" rel=\"attachment wp-att-1049\"><img loading=\"lazy\" decoding=\"async\" class=\"aligncenter wp-image-1049 size-full\" src=\"http:\/\/blogg.folkuniversitetet.nu\/ioanvi\/files\/2016\/03\/385075_2040610189836_464159272_n.jpg\" alt=\"385075_2040610189836_464159272_n\" width=\"960\" height=\"720\" srcset=\"https:\/\/blogg.folkuniversitetet.nu\/ioanvi\/files\/2016\/03\/385075_2040610189836_464159272_n.jpg 960w, https:\/\/blogg.folkuniversitetet.nu\/ioanvi\/files\/2016\/03\/385075_2040610189836_464159272_n-300x225.jpg 300w, https:\/\/blogg.folkuniversitetet.nu\/ioanvi\/files\/2016\/03\/385075_2040610189836_464159272_n-768x576.jpg 768w\" sizes=\"auto, (max-width: 960px) 100vw, 960px\" \/><\/a><\/p>\n<p>Del 1:<\/p>\n<audio class=\"wp-audio-shortcode\" id=\"audio-1064-1\" preload=\"none\" style=\"width: 100%;\" controls=\"controls\"><source type=\"audio\/mpeg\" src=\"http:\/\/blogg.folkuniversitetet.nu\/ioanvi\/files\/2016\/04\/samtal3del1.mp3?_=1\" \/><a href=\"http:\/\/blogg.folkuniversitetet.nu\/ioanvi\/files\/2016\/04\/samtal3del1.mp3\">http:\/\/blogg.folkuniversitetet.nu\/ioanvi\/files\/2016\/04\/samtal3del1.mp3<\/a><\/audio>\n<p style=\"text-align: center\"><strong><u>\u039f \u039d\u03af\u03ba\u03bf\u03c2 \u03c3\u03c5\u03bd\u03b1\u03bd\u03c4\u03ac\u03b5\u03b9 \u03c4\u03bf\u03bd \u0393\u03b9\u03ac\u03bd\u03bd\u03b7 \u03c3\u03c4\u03bf \u03bd\u03b7\u03c3\u03af.<\/u><\/strong><\/p>\n<p style=\"text-align: center\"><u>O Nikos sinantai ton Yanni sto nisi. \/ <em>Niko tr\u00e4ffar Yanni p\u00e5 \u00f6n.<\/em><\/u><\/p>\n<p>&nbsp;<\/p>\n<ul>\n<li><span style=\"color: #3366ff\"><strong>\u0393\u03b5\u03b9\u03b1 \u03c3\u03bf\u03c5, \u0393\u03b9\u03ac\u03bd\u03bd\u03b7! \u03a4\u03b9 \u03ba\u03ac\u03bd\u03b5\u03b9\u03c2;<\/strong><\/span><\/li>\n<li><span style=\"color: #993366\"><strong>\u039a\u03b1\u03bb\u03ac, \u039d\u03af\u03ba\u03bf! \u0395\u03c3\u03cd;<\/strong><\/span><\/li>\n<li><span style=\"color: #3366ff\"><strong>\u039c\u03b9\u03b1 \u03c7\u03b1\u03c1\u03ac! \u0395\u03c5\u03c7\u03b1\u03c1\u03b9\u03c3\u03c4\u03ce!<\/strong><\/span><\/li>\n<li><span style=\"color: #993366\"><strong>\u0395\u03af\u03c3\u03b1\u03b9 \u03ba\u03b1\u03b9\u03c1\u03cc \u03b5\u03b4\u03ce<\/strong>;<\/span>\/is\u00e4 k\u00e4ro ed\u00e5?\/ <em>\u00c4r du l\u00e4nge h\u00e4r?<\/em><\/li>\n<li><strong><span style=\"color: #3366ff\">\u0388\u03c7\u03c9 \u03b4\u03cd\u03bf \u03b5\u03b2\u03b4\u03bf\u03bc\u03ac\u03b4\u03b5\u03c2! \u0395\u03c3\u03cd \u03c0\u03cc\u03c4\u03b5 \u03ae\u03c1\u03b8\u03b5\u03c2;<\/span>\/<\/strong>Ech\u00e5 dio evdomades! Esi pote irthes?\/<em>Sedan tv\u00e5 veckor tillbaka! N\u00e4r kom du?<\/em><\/li>\n<li><strong><span style=\"color: #993366\">\u0395\u03b3\u03ce \u03ae\u03c1\u03b8\u03b1 \u03c4\u03bf \u03a3\u03ac\u03b2\u03b2\u03b1\u03c4\u03bf \u03ba\u03b1\u03b9 \u03c6\u03b5\u03cd\u03b3\u03c9 \u03c4\u03b7\u03bd \u03ac\u03bb\u03bb\u03b7 \u039a\u03c5\u03c1\u03b9\u03b1\u03ba\u03ae. \u0395\u03c3\u03cd \u03c0\u03cc\u03c4\u03b5 \u03c6\u03b5\u03cd\u03b3\u03b5\u03b9\u03c2;<\/span>\/<\/strong>Ego irtha to Savvato k\u00e4 fevg\u00e5 tin alli Kiriaki. Esi pote fevgis?<em>\/ Jag kom i l\u00f6rdags och jag \u00e5ker n\u00e4sta s\u00f6ndag.N\u00e4r \u00e5ker du?<\/em><\/li>\n<li><span style=\"color: #3366ff\"><strong>\u0395\u03b3\u03ce \u03b8\u03b1 \u03c6\u03cd\u03b3\u03c9 \u03c4\u03b7\u03bd \u03ac\u03bb\u03bb\u03b7 \u0394\u03b5\u03c5\u03c4\u03ad\u03c1\u03b1. \u03a0\u03bf\u03cd<\/strong> <strong>\u03bc\u03ad\u03bd\u03b5\u03b9\u03c2<\/strong><strong>;<\/strong> <\/span>\/Ego tha figo tin alli Deftera. Pu menis?\/<em> Jag \u00e5ker n\u00e4sta m\u00e5ndag. Var bor du?<\/em><\/li>\n<li><span style=\"color: #993366\"><strong>\u0395\u03b3\u03ce \u03bc\u03ad\u03bd\u03c9 \u03c3\u03c4\u03bf \u03ba\u03cc\u03c4\u03b5\u03c1\u03bf, \u03cc\u03c0\u03c9\u03c2 \u03c0\u03ac\u03bd\u03c4\u03b1. \u0395\u03c3\u03cd<\/strong><\/span><strong><span style=\"color: #993366\">;<\/span>\/<\/strong> Ego meno sto kotero, op\u00e5s panta. Esi?\/<em>Jag bor p\u00e5 b\u00e5ten, som alltid. Du sj\u00e4lv?<\/em><\/li>\n<li><strong><span style=\"color: #3366ff\">\u0395\u03b3\u03ce \u03bd\u03bf\u03af\u03ba\u03b9\u03b1\u03c3\u03b1 \u03c3\u03b5 \u03ad\u03bd\u03b1 \u03be\u03b5\u03bd\u03bf\u03b4\u03bf\u03c7\u03b5\u03af\u03bf.<\/span>\/<\/strong> Ego nikiasa se ena ksenodochio. \/ Jag hyrde p\u00e5 ett hotell.<\/li>\n<li><span style=\"color: #993366\">\u03a9<\/span><strong><span style=\"color: #993366\">\u03c1\u03b1\u03af\u03b1! \u03a0\u03bf\u03cd \u03b5\u03af\u03bd\u03b1\u03b9 \u03c3\u03c4\u03bf \u03be\u03b5\u03bd\u03bf\u03b4\u03bf\u03c7\u03b5\u03af\u03bf;<\/span>\/ <\/strong>\u00c5r\u00e4a! Pu in\u00e4 to ksenodochio?\/<em> Fint! Var \u00e4r hotellet?<\/em><\/li>\n<li><strong>\u0395<span style=\"color: #3366ff\">\u03b4\u03ce \u03ba\u03bf\u03bd\u03c4\u03ac. \u0395\u03c5\u03b8\u03b5\u03af\u03b1 \u03ba\u03b1\u03b9 \u03bc\u03b5\u03c4\u03ac \u03b1\u03c1\u03b9\u03c3\u03c4\u03b5\u03c1\u03ac\u2026. \u03c3\u03c4\u03b1 100 \u03bc\u03ad\u03c4\u03c1\u03b1, \u03b8\u03b1 \u03c4\u03bf \u03b4\u03b5\u03b9\u03c2.<\/span>\/<\/strong> Ed\u00e5 konta! Efthia k\u00e4 meta aristera&#8230;. sta 100 metra, tha to dis.\/<em> H\u00e4r n\u00e4ra! Rakt fram och sedan till v\u00e4nster&#8230; om 100 meter, ska du se det. <\/em><\/li>\n<li><span style=\"color: #993366\"><strong><em>\u03a0\u03ce\u03c2 \u03c4\u03bf \u03bb\u03ad\u03bd\u03b5;<\/em><\/strong> <\/span>\/P\u00e5s to lene?\/ <em>Vad heter det?<\/em><\/li>\n<li><span style=\"color: #3366ff\"><strong>\u03a4\u03bf<\/strong> <strong>\u03bb\u03ad\u03bd\u03b5<\/strong> <strong>\u039dovotel.<\/strong> <\/span>\/ To lene Novotel.<em> \/ Det heter Novotel.<\/em><\/li>\n<\/ul>\n<p><a href=\"http:\/\/blogg.folkuniversitetet.nu\/ioanvi\/files\/2016\/03\/316839_2040608429792_161196933_n.jpg\" rel=\"attachment wp-att-1044\"><img loading=\"lazy\" decoding=\"async\" class=\"aligncenter wp-image-1044 size-thumbnail\" src=\"http:\/\/blogg.folkuniversitetet.nu\/ioanvi\/files\/2016\/03\/316839_2040608429792_161196933_n-150x150.jpg\" alt=\"316839_2040608429792_161196933_n\" width=\"150\" height=\"150\" \/><\/a><\/p>\n<p>Del 2:<\/p>\n<audio class=\"wp-audio-shortcode\" id=\"audio-1064-2\" preload=\"none\" style=\"width: 100%;\" controls=\"controls\"><source type=\"audio\/mpeg\" src=\"http:\/\/blogg.folkuniversitetet.nu\/ioanvi\/files\/2016\/04\/samtal3del2.mp3?_=2\" \/><a href=\"http:\/\/blogg.folkuniversitetet.nu\/ioanvi\/files\/2016\/04\/samtal3del2.mp3\">http:\/\/blogg.folkuniversitetet.nu\/ioanvi\/files\/2016\/04\/samtal3del2.mp3<\/a><\/audio>\n<ul>\n<li><span style=\"color: #993366\"><strong>\u03a0\u03ce\u03c2<\/strong> <strong>\u03ba\u03b1\u03b9<\/strong> <strong>\u03ae\u03c1\u03b8\u03b5\u03c2<\/strong> <strong>\u03c3\u03c4\u03b7\u03bd<\/strong> <strong>\u039a\u03ad\u03c1\u03ba\u03c5\u03c1\u03b1<\/strong><\/span><strong>;\/<\/strong> P\u00e5s k\u00e4 irthes stin Kerkira?\/<em> Hur s\u00e5 och du kom till Kerkira?<\/em><\/li>\n<li><span style=\"color: #3366ff\"><strong>\u0395\u03af\u03c7\u03b1<\/strong> <strong>\u03c3\u03c5\u03bd\u03b1\u03c5\u03bb\u03af\u03b1<\/strong> <strong>\u03c7\u03c4\u03b5\u03c2<\/strong> <strong>\u03c4\u03bf<\/strong> <strong>\u03b2\u03c1\u03ac\u03b4\u03c5<\/strong><strong>. <\/strong><strong>\u0388\u03c0\u03b1\u03b9\u03be\u03b1<\/strong> <strong>\u03c0\u03b9\u03ac\u03bd\u03bf<\/strong> <strong>\u03bc\u03b1\u03b6\u03af<\/strong> <strong>\u03bc\u03b5<\/strong> <strong>\u03ad\u03bd\u03b1 \u03c3\u03c5\u03bd\u03ac\u03b4\u03b5\u03bb\u03c6\u03bf \u03b1\u03c0\u03cc \u03c4\u03b7\u03bd \u0391\u03b8\u03ae\u03bd\u03b1<\/strong>.<\/span> \/ Icha sinavlia xtes to vradi. Epexa piano mazi me ena sinadelfo apo tin Athina.<em> \/ Jag hade consert ig\u00e5r kv\u00e4ll. Jag spelade piano tillsammans med en kollega fr\u00e5n Aten. <\/em><\/li>\n<li><span style=\"color: #993366\"><strong>\u0386\u03bd\u03c4\u03b5 \u03c1\u03b5! \u039c\u03c0\u03c1\u03ac\u03b2\u03bf! \u03a0\u03bf\u03bb\u03cd \u03c9\u03c1\u03b1\u03af\u03b1! \u03a0\u03bf\u03cd<\/strong> <\/span><strong><span style=\"color: #993366\">\u03c0\u03b1\u03af\u03be\u03b1\u03c4\u03b5<\/span><\/strong><strong><span style=\"color: #993366\">;<\/span>\/<\/strong> Ante re! Bravo! Poli \u00e5r\u00e4a! Pu pexate?\/<em> Jas\u00e5! Grattis! Sk\u00f6nt! Var spelade ni?<\/em><\/li>\n<li><span style=\"color: #3366ff\"><strong><em>\u03a0\u03b1\u03af\u03be\u03b1\u03bc\u03b5<\/em><\/strong> <strong><em>\u03c3\u03c4\u03bf<\/em><\/strong> <strong><em>\u0394\u03b7\u03bc\u03bf\u03c4\u03b9\u03ba\u03cc<\/em><\/strong> <strong><em>\u0398\u03ad\u03b1\u03c4\u03c1\u03bf<\/em><\/strong><strong><em>. <\/em><\/strong><strong><em>\u03a0\u03ae\u03b3\u03b5<\/em><\/strong> <strong><em>\u03c0\u03bf\u03bb\u03cd<\/em><\/strong> <strong><em>\u03ba\u03b1\u03bb\u03ac<\/em><\/strong><strong><em>! <\/em><\/strong><strong><em>\u0395\u03af\u03c7\u03b1\u03bc\u03b5<\/em><\/strong> <strong><em>\u03c0\u03bf\u03bb\u03cd<\/em><\/strong> <strong><em>\u03ba\u03cc\u03c3\u03bc\u03bf<\/em><\/strong>!<\/span>\/ Pexame sto Dimotiko Theatro. Pige poli kala! Ichame poli kosmo. \/<em> Vi spelade p\u00e5 Den kommunala Teatern. Det gick j\u00e4ttebra! Vi hade mycket folk!<\/em><\/li>\n<li><span style=\"color: #993366\"><strong>\u0394\u03b5\u03bd<\/strong> <strong>\u03c4\u03bf<\/strong> <strong>\u03ae\u03be\u03b5\u03c1\u03b1<\/strong><strong>! <\/strong><strong>\u039a\u03c1\u03af\u03bc\u03b1<\/strong><strong>! <\/strong><strong>\u03a4\u03bf<\/strong> <strong>\u03ad\u03c7\u03b1\u03c3\u03b1<\/strong><strong>! <\/strong><strong>\u03a7\u03c4\u03b5\u03c2<\/strong> <strong>\u03b4\u03b5\u03bd<\/strong> <strong>\u03ae\u03bc\u03bf\u03c5\u03bd\u03b1<\/strong> <strong>\u03b5\u03b4\u03ce<\/strong><strong>. <\/strong><strong>\u03a0\u03ae\u03b3\u03b1<\/strong> <strong>\u03bc\u03b5<\/strong> <strong>\u03c4\u03bf<\/strong> <strong>\u03ba\u03cc\u03c4\u03b5\u03c1\u03bf<\/strong> <strong>\u03c3\u03c4\u03b7 \u039b\u03b5\u03c5\u03ba\u03ac\u03b4\u03b1 \u03b1\u03c0\u03ad\u03bd\u03b1\u03bd\u03c4\u03b9<\/strong>.<\/span> <em>\/ <\/em>Den to iksera! Krima! To echasa! Xtes den imuna ed\u00e5. Piga me to kotero sti Lefkada apenanti. <em>\/ <\/em><em>Jag<\/em> <em>visste<\/em> <em>inte<\/em> <em>det<\/em><em>! <\/em><em>Synd<\/em><em>! <\/em><em>Jag<\/em> <em>missade<\/em> <em>det<\/em><em>! <\/em><em>Ig<\/em><em>\u00e5<\/em><em>r<\/em> <em>var<\/em> <em>jag<\/em> <em>inte<\/em> <em>h<\/em><em>\u00e4<\/em><em>r<\/em><em>. <\/em><em>Jag<\/em><em> \u00e5<\/em><em>kte<\/em> <em>med<\/em> <em>b<\/em><em>\u00e5<\/em><em>ten<\/em> <em>till<\/em> <em>Lefkas<\/em> <em>mittemot<\/em><em>. <\/em><\/li>\n<li><strong><span style=\"color: #3366ff\">\u03a4\u03cc\u03c3\u03bf \u03bc\u03b1\u03ba\u03c1\u03b9\u03ac;<\/span>\/<\/strong> Toso makria?\/<em> S\u00e5 l\u00e5ngt!<\/em><\/li>\n<li><span style=\"color: #993366\"><strong>\u039d\u03b1\u03b9! 10 \u03ce\u03c1\u03b5\u03c2 \u03c4\u03b1\u03be\u03af\u03b4\u03b9 \u03bc\u03b5 \u03c4\u03bf \u03ba\u03cc\u03c4\u03b5\u03c1\u03bf. \u03a4\u03ce\u03c1\u03b1 \u03bc\u03cc\u03bb\u03b9\u03c2 \u03b3\u03cd\u03c1\u03b9\u03c3\u03b1<\/strong>\u2026<\/span>\/ N\u00e4! 10 \u00e5res taxidi me to kotero. T\u00e5ra molis girisa..<em>.\/ <\/em><em>Ja<\/em><em>! 10 <\/em><em>timmar<\/em> <em>resa<\/em> <em>med<\/em> <em>b<\/em><em>\u00e5<\/em><em>ten<\/em><em>. <\/em><em>Jag kom precis nu&#8230;<\/em><\/li>\n<li><span style=\"color: #3366ff\"><strong>\u03a9\u03c1\u03b1\u03af\u03b1! <\/strong><\/span><\/li>\n<li><strong><span style=\"color: #993366\">\u0388\u03b3\u03b9\u03bd\u03b5! \u03a0\u03c1\u03ad\u03c0\u03b5\u03b9 \u03bd\u03b1 \u03c6\u03cd\u03b3\u03c9\u2026 \u03c4\u03b1 \u03bb\u03ad\u03bc\u03b5\u2026<\/span>\/<\/strong> Egine! Prepi na figo&#8230;. ta leme\u2026.\/ <em>Ok<\/em><em>! <\/em><em>Jag<\/em> <em>m<\/em><em>\u00e5<\/em><em>ste<\/em> <em>dra<\/em><em>&#8230; <\/em><em>vi h\u00f6rs<\/em><\/li>\n<li><span style=\"color: #3366ff\"><strong>\u0388\u03b3\u03b9\u03bd\u03b5! \u0393\u03b5\u03b9\u03b1\u2026<\/strong><\/span><\/li>\n<\/ul>\n<p><a href=\"http:\/\/blogg.folkuniversitetet.nu\/ioanvi\/files\/2016\/04\/10317540_291646617660983_7067164288012836226_o.jpg\" rel=\"attachment wp-att-1084\"><img loading=\"lazy\" decoding=\"async\" class=\"aligncenter wp-image-1084 size-full\" src=\"http:\/\/blogg.folkuniversitetet.nu\/ioanvi\/files\/2016\/04\/10317540_291646617660983_7067164288012836226_o.jpg\" alt=\"10317540_291646617660983_7067164288012836226_o\" width=\"2048\" height=\"1530\" srcset=\"https:\/\/blogg.folkuniversitetet.nu\/ioanvi\/files\/2016\/04\/10317540_291646617660983_7067164288012836226_o.jpg 2048w, https:\/\/blogg.folkuniversitetet.nu\/ioanvi\/files\/2016\/04\/10317540_291646617660983_7067164288012836226_o-300x224.jpg 300w, https:\/\/blogg.folkuniversitetet.nu\/ioanvi\/files\/2016\/04\/10317540_291646617660983_7067164288012836226_o-768x574.jpg 768w, https:\/\/blogg.folkuniversitetet.nu\/ioanvi\/files\/2016\/04\/10317540_291646617660983_7067164288012836226_o-1024x765.jpg 1024w\" sizes=\"auto, (max-width: 2048px) 100vw, 2048px\" \/><\/a><\/p>\n<p>&nbsp;<\/p>\n<p><strong>D\u00e5tid\/uttryck och adverb<\/strong><\/p>\n<audio class=\"wp-audio-shortcode\" id=\"audio-1064-3\" preload=\"none\" style=\"width: 100%;\" controls=\"controls\"><source type=\"audio\/mpeg\" src=\"http:\/\/blogg.folkuniversitetet.nu\/ioanvi\/files\/2016\/04\/ordlistasamtal3.mp3?_=3\" \/><a href=\"http:\/\/blogg.folkuniversitetet.nu\/ioanvi\/files\/2016\/04\/ordlistasamtal3.mp3\">http:\/\/blogg.folkuniversitetet.nu\/ioanvi\/files\/2016\/04\/ordlistasamtal3.mp3<\/a><\/audio>\n<p><span style=\"color: #800000\">\u03c7\u03c4\u03b5\u03c2 \u00a0 <em><span style=\"color: #008000\">\u00a0ig\u00e5r \u00a0 \u00a0 \u00a0 \u00a0 \u00a0<\/span><\/em> \u00a0 \u00a0 \u00a0 \u00a0 \u00a0 \u00a0 \u00a0 \u00a0 \u00a0 \u00a0 \u00a0 \u00a0 \u00a0 \u00a0 \u00a0 \u00a0 \u00a0 \u00a0 \u00a0 \u00a0 \u00a0 \u00a0 \u00a0 \u00a0 \u00a0 \u00a0 \u00a0 \u00a0 \u00a0 \u03b1\u03cd\u03c1\u03b9\u03bf <em>imorgon<\/em><\/span><\/p>\n<p><span style=\"color: #800000\">\u03c0\u03c1\u03bf\u03c7\u03c4\u03ad\u03c2 \u00a0 <em><span style=\"color: #008000\">\u00a0i f\u00f6rrg\u00e5r \u00a0 \u00a0 \u00a0<\/span><\/em> \u00a0 \u00a0 \u00a0 \u00a0 \u00a0 \u00a0 \u00a0 \u00a0 \u00a0 \u00a0 \u00a0 \u00a0 \u00a0 \u00a0 \u00a0 \u00a0 \u00a0 \u00a0 \u00a0 \u00a0 \u00a0 \u00a0 \u00a0 \u00a0\u03bc\u03b5\u03b8\u03b1\u03cd\u03c1\u03b9\u03bf <span style=\"color: #008000\">\u00f6vermorgon<\/span><\/span><\/p>\n<p><span style=\"color: #800000\">\u03c4\u03bf \u03a3\u03ac\u03b2\u03b2\u03b1\u03c4\u03bf \u00a0 \u00a0<em><span style=\"color: #008000\">i l\u00f6rdags \u00a0 \u00a0<\/span> <\/em>\u00a0 \u00a0 \u00a0 \u00a0 \u00a0 \u00a0 \u00a0 \u00a0 \u00a0 \u00a0 \u00a0 \u00a0 \u00a0 \u00a0 \u00a0 \u00a0 \u00a0 \u00a0 \u00a0 \u00a0 \u00a0 \u03c4\u03bf \u03a3\u03ac\u03b2\u03b2\u03b1\u03c4\u03bf <em><span style=\"color: #008000\">p\u00e5 l\u00f6rdag<\/span><\/em><\/span><\/p>\n<p><span style=\"color: #800000\">\u03c4\u03bf \u03c0\u03c1\u03bf\u03b7\u03b3\u03bf\u03cd\u03bc\u03b5\u03bd\u03bf \u03a3\u03ac\u03b2\u03b2\u03b1\u03c4\u03bf \u00a0 <span style=\"color: #008000\"><em>\u00a0f\u00f6rra l\u00f6rdag<\/em> <\/span>\u00a0 \u00a0 \u00a0 \u00a0 \u00a0 \u00a0 \u00a0\u03c4\u03bf \u03ac\u03bb\u03bb\u03bf \u03a3\u03ac\u03b2\u03b2\u03b1\u03c4\u03bf <span style=\"color: #008000\">n\u00e4sta l\u00f6rdag<\/span><\/span><\/p>\n<p><span style=\"color: #800000\">\u03c4\u03b7\u03bd \u03c0\u03c1\u03bf\u03b7\u03b3\u03bf\u03cd\u03bc\u03b5\u03bd\u03b7 \u03b5\u03b2\u03b4\u03bf\u03bc\u03ac\u03b4\u03b1 \u00a0<span style=\"color: #008000\">f\u00f6rra veckan<\/span> \u00a0 \u00a0 \u00a0 \u00a0\u03c4\u03b7\u03bd \u03ac\u03bb\u03bb\u03b7 \u03b5\u03b2\u03b4\u03bf\u03bc\u03ac\u03b4\u03b1\/ \u03c4\u03b7\u03bd \u03b5\u03c0\u03cc\u03bc\u03b5\u03bd\u03b7 \u03b5\u03b2\u03b4\u03bf\u03bc\u03ac\u03b4\u03b1<\/span><\/p>\n<p><em><span style=\"color: #339966\"> \u00a0 \u00a0n\u00e4sta vecka<\/span><\/em><\/p>\n<p><span style=\"color: #800000\">\u03c4\u03bf\u03bd \u03c0\u03c1\u03bf\u03b7\u03b3\u03bf\u03cd\u03bc\u03b5\u03bd\u03bf \u03bc\u03ae\u03bd\u03b1 \u00a0<em><span style=\"color: #339966\">f\u00f6rra m\u00e5naden \u00a0<\/span><\/em>\u00a0 \u00a0 \u00a0 \u00a0 \u00a0 \u00a0 \u00a0 \u03c4\u03bf\u03bd \u03ac\u03bb\u03bb\u03bf \u03bc\u03ae\u03bd\u03b1\/ \u03c4\u03bf\u03bd \u03b5\u03c0\u03cc\u03bc\u03b5\u03bd\u03bf \u03bc\u03ae\u03bd\u03b1 <\/span><\/p>\n<p><span style=\"color: #800000\">\u00a0 \u00a0 \u00a0 \u00a0 \u00a0 \u00a0 \u00a0 \u00a0 \u00a0 \u00a0 \u00a0 \u00a0 \u00a0 \u00a0 \u00a0 \u00a0 \u00a0 \u00a0 \u00a0 \u00a0 \u00a0 \u00a0 \u00a0 \u00a0 \u00a0 \u00a0 \u00a0 \u00a0 \u00a0 \u00a0 \u00a0 \u00a0 \u00a0 \u00a0 \u00a0 \u00a0 \u00a0 \u00a0 \u00a0 \u00a0 \u00a0 \u00a0 \u00a0 <span style=\"color: #339966\">\u00a0 \u00a0 \u00a0n\u00e4sta m\u00e5nad<\/span><\/span><\/p>\n<p><span style=\"color: #800000\">\u03c0\u03ad\u03c1\u03c5\u03c3\u03b9 \u00a0 \u00a0 \u00a0 \u00a0<em><span style=\"color: #339966\"> i fjol \u00a0 \u00a0 \u00a0<\/span><\/em>\u00a0 \u00a0 \u00a0 \u00a0 \u00a0 \u00a0 \u00a0 \u00a0 \u00a0 \u00a0 \u00a0 \u00a0 \u00a0 \u00a0 \u00a0 \u00a0 \u00a0 \u00a0 \u00a0 \u00a0 \u00a0 \u00a0 \u00a0 \u00a0 \u00a0 \u00a0\u03c4\u03bf\u03c5 \u03c7\u03c1\u03cc\u03bd\u03bf\u03c5 <em><span style=\"color: #339966\">n\u00e4sta \u00e5r<\/span><\/em><\/span><\/p>\n<p><span style=\"color: #800000\">\u03c0\u03c1\u03b9\u03bd \u03bc\u03b9\u03b1 \u03b5\u03b2\u03b4\u03bf\u03bc\u03ac\u03b4\u03b1 \u00a0 \u00a0<em><span style=\"color: #339966\">f\u00f6r en vecka sedan \u00a0<\/span><\/em>\u00a0 \u00a0 \u00a0 \u00a0 \u00a0 \u00a0\u03c3\u03b5 \u03bc\u03b9\u03b1 \u03b5\u03b2\u03b4\u03bf\u03bc\u03ac\u03b4\u03b1<em><span style=\"color: #339966\"> om en vecka<\/span><\/em><\/span><\/p>\n<p><span style=\"color: #800000\">\u03c0\u03c1\u03b9\u03bd \u03ad\u03bd\u03b1 \u03bc\u03ae\u03bd\u03b1 \u00a0 \u00a0 \u00a0 <em><span style=\"color: #339966\">f\u00f6r en m\u00e5nad sedan \u00a0<\/span> <\/em>\u00a0 \u00a0 \u00a0 \u00a0 \u00a0 \u00a0 \u00a0\u03c3\u03b5 \u03ad\u03bd\u03b1 \u03bc\u03ae\u03bd\u03b1<span style=\"color: #339966\"> om en m\u00e5nad<\/span><\/span><\/p>\n<p>&nbsp;<\/p>\n<p>&nbsp;<\/p>\n<p><strong>\u00a0<\/strong><\/p>\n<p><strong>\u00a0<\/strong><\/p>\n<p><strong>\u00a0<\/strong><\/p>\n","protected":false},"excerpt":{"rendered":"<p>Del 1: \u039f \u039d\u03af\u03ba\u03bf\u03c2 \u03c3\u03c5\u03bd\u03b1\u03bd\u03c4\u03ac\u03b5\u03b9 \u03c4\u03bf\u03bd \u0393\u03b9\u03ac\u03bd\u03bd\u03b7 \u03c3\u03c4\u03bf \u03bd\u03b7\u03c3\u03af. O Nikos sinantai ton Yanni sto nisi. \/ Niko tr\u00e4ffar Yanni p\u00e5 \u00f6n. &nbsp; \u0393\u03b5\u03b9\u03b1 \u03c3\u03bf\u03c5, \u0393\u03b9\u03ac\u03bd\u03bd\u03b7! \u03a4\u03b9 \u03ba\u03ac\u03bd\u03b5\u03b9\u03c2; \u039a\u03b1\u03bb\u03ac, \u039d\u03af\u03ba\u03bf! \u0395\u03c3\u03cd; \u039c\u03b9\u03b1 \u03c7\u03b1\u03c1\u03ac! \u0395\u03c5\u03c7\u03b1\u03c1\u03b9\u03c3\u03c4\u03ce! \u0395\u03af\u03c3\u03b1\u03b9 \u03ba\u03b1\u03b9\u03c1\u03cc \u03b5\u03b4\u03ce;\/is\u00e4 k\u00e4ro ed\u00e5?\/ \u00c4r &hellip; <a href=\"https:\/\/blogg.folkuniversitetet.nu\/ioanvi\/grekiskafortsattningskurs\/samtal-mellan-kompisar-text-3\/\">Forts\u00e4tt l\u00e4sa <span class=\"meta-nav\">&rarr;<\/span><\/a><\/p>\n","protected":false},"author":71,"featured_media":0,"parent":472,"menu_order":0,"comment_status":"closed","ping_status":"closed","template":"","meta":{"footnotes":""},"class_list":["post-1064","page","type-page","status-publish","hentry"],"_links":{"self":[{"href":"https:\/\/blogg.folkuniversitetet.nu\/ioanvi\/wp-json\/wp\/v2\/pages\/1064","targetHints":{"allow":["GET"]}}],"collection":[{"href":"https:\/\/blogg.folkuniversitetet.nu\/ioanvi\/wp-json\/wp\/v2\/pages"}],"about":[{"href":"https:\/\/blogg.folkuniversitetet.nu\/ioanvi\/wp-json\/wp\/v2\/types\/page"}],"author":[{"embeddable":true,"href":"https:\/\/blogg.folkuniversitetet.nu\/ioanvi\/wp-json\/wp\/v2\/users\/71"}],"replies":[{"embeddable":true,"href":"https:\/\/blogg.folkuniversitetet.nu\/ioanvi\/wp-json\/wp\/v2\/comments?post=1064"}],"version-history":[{"count":6,"href":"https:\/\/blogg.folkuniversitetet.nu\/ioanvi\/wp-json\/wp\/v2\/pages\/1064\/revisions"}],"predecessor-version":[{"id":1087,"href":"https:\/\/blogg.folkuniversitetet.nu\/ioanvi\/wp-json\/wp\/v2\/pages\/1064\/revisions\/1087"}],"up":[{"embeddable":true,"href":"https:\/\/blogg.folkuniversitetet.nu\/ioanvi\/wp-json\/wp\/v2\/pages\/472"}],"wp:attachment":[{"href":"https:\/\/blogg.folkuniversitetet.nu\/ioanvi\/wp-json\/wp\/v2\/media?parent=1064"}],"curies":[{"name":"wp","href":"https:\/\/api.w.org\/{rel}","templated":true}]}}