{"id":9,"date":"2016-02-24T14:52:20","date_gmt":"2016-02-24T14:52:20","guid":{"rendered":"http:\/\/blogg.folkuniversitetet.nu\/hwanve\/?page_id=9"},"modified":"2016-03-02T02:26:24","modified_gmt":"2016-03-02T02:26:24","slug":"a1-del1","status":"publish","type":"page","link":"https:\/\/blogg.folkuniversitetet.nu\/hwanve\/a1-del1\/","title":{"rendered":"A1 Del1 8352"},"content":{"rendered":"<ul>\n<li>Kurs: Koreanska A1 del 1 nyb\u00f6rjare<\/li>\n<li>Arrangemangsnr: 8352<\/li>\n<li>Startdatum: 2016-02-22<\/li>\n<li>Veckodagar\/tider: M\u00e5 18:00-19:30<\/li>\n<li>Studietimmar: 20,00<\/li>\n<li>Antal veckor: 10<\/li>\n<li>Plats: Viktor Rydbergs Gymnasium Jarlaplan Kungstensgatan 6 11425 STOCKHOLM<\/li>\n<li>Rum: 342<\/li>\n<li>V\u00e4gbeskrivning: T-bana R\u00e5dmansgatan eller Tekniska h\u00f6gskolan. Flera innerstadsbussar stannar n\u00e4ra, t ex buss 2.<\/li>\n<\/ul>\n","protected":false},"excerpt":{"rendered":"<p>Kurs: Koreanska A1 del 1 nyb\u00f6rjare Arrangemangsnr: 8352 Startdatum: 2016-02-22 Veckodagar\/tider: M\u00e5 18:00-19:30 Studietimmar: 20,00 Antal veckor: 10 Plats: Viktor Rydbergs Gymnasium Jarlaplan Kungstensgatan 6 11425 STOCKHOLM Rum: 342 V\u00e4gbeskrivning: T-bana R\u00e5dmansgatan eller Tekniska h\u00f6gskolan. Flera innerstadsbussar stannar n\u00e4ra, t ex buss 2.<\/p>\n","protected":false},"author":581,"featured_media":0,"parent":0,"menu_order":0,"comment_status":"closed","ping_status":"closed","template":"","meta":{"footnotes":""},"class_list":["post-9","page","type-page","status-publish","hentry"],"_links":{"self":[{"href":"https:\/\/blogg.folkuniversitetet.nu\/hwanve\/wp-json\/wp\/v2\/pages\/9","targetHints":{"allow":["GET"]}}],"collection":[{"href":"https:\/\/blogg.folkuniversitetet.nu\/hwanve\/wp-json\/wp\/v2\/pages"}],"about":[{"href":"https:\/\/blogg.folkuniversitetet.nu\/hwanve\/wp-json\/wp\/v2\/types\/page"}],"author":[{"embeddable":true,"href":"https:\/\/blogg.folkuniversitetet.nu\/hwanve\/wp-json\/wp\/v2\/users\/581"}],"replies":[{"embeddable":true,"href":"https:\/\/blogg.folkuniversitetet.nu\/hwanve\/wp-json\/wp\/v2\/comments?post=9"}],"version-history":[{"count":3,"href":"https:\/\/blogg.folkuniversitetet.nu\/hwanve\/wp-json\/wp\/v2\/pages\/9\/revisions"}],"predecessor-version":[{"id":55,"href":"https:\/\/blogg.folkuniversitetet.nu\/hwanve\/wp-json\/wp\/v2\/pages\/9\/revisions\/55"}],"wp:attachment":[{"href":"https:\/\/blogg.folkuniversitetet.nu\/hwanve\/wp-json\/wp\/v2\/media?parent=9"}],"curies":[{"name":"wp","href":"https:\/\/api.w.org\/{rel}","templated":true}]}}