{"id":811,"date":"2019-09-10T13:44:41","date_gmt":"2019-09-10T13:44:41","guid":{"rendered":"http:\/\/blogg.folkuniversitetet.nu\/hwanve\/?page_id=811"},"modified":"2019-09-10T14:19:14","modified_gmt":"2019-09-10T14:19:14","slug":"lektion-1-2","status":"publish","type":"page","link":"https:\/\/blogg.folkuniversitetet.nu\/hwanve\/lektion-1-2\/","title":{"rendered":"Lektion 1"},"content":{"rendered":"<p><strong>\uc5ec\ub7ec\ubd84, \ub2e4\uc2dc \ub9cc\ub098\uc11c \uc815\ub9d0 \ubc18\uac00\uc6e0\uc5b4\uc694!!<\/strong><\/p>\n<p><em><strong>\ud55c\uad6d\uc5b4\ub85c \uc22b\uc790 \uc77d\uae30 Att l\u00e4sa siffror p\u00e5 koreanska<\/strong><\/em><\/p>\n<p>\uc608\ub97c \ub4e4\uba74, (till exempel)<\/p>\n<ul>\n<li>987 654 321 = 9\uc5b5 8\ucc9c7\ubc316\uc2ed5\ub9cc 4\ucc9c3\ubc312\uc2ed1 = \uad6c\uc5b5 \ud314\ucc9c\uce60\ubc31\uc721\uc2ed\uc624\ub9cc \uc0ac\ucc9c\uc0bc\ubc31\uc774\uc2ed\uc77c<\/li>\n<li>Year 2016 = \uc774\ucc9c\uc2ed\uc721 \ub144<\/li>\n<li>\uc81c \uc804\ud654\ubc88\ud638\ub294 070 123 4567 (\uacf5\uce60\uacf5 \uc77c\uc774\uc0bc \uc0ac\uc624\uc721\uce60)\uc785\ub2c8\ub2e4.<\/li>\n<li>\uc81c \uc0dd\uc77c\uc740 11\uc6d4 31\uc77c(\uc2ed\uc77c \uc6d4 \uc0bc\uc2ed\uc77c \uc77c)\uc785\ub2c8\ub2e4. = Min f\u00f6delsedag \u00e4r den 31 november.<\/li>\n<\/ul>\n<p><em><strong>\ud55c\uad6d\uc5b4\ub85c \uc22b\uc790 \uc138\uae30 R\u00e4kning p\u00e5 koreanska<\/strong><\/em><\/p>\n<p>10 \uc5f4,\u00a020 \uc2a4\ubb3c, 30\u00a0\uc11c\ub978, 40 \ub9c8\ud754, 50 \uc270, 60 \uc608\uc21c, 70 \uc77c\ud754, 80 \uc5ec\ub4e0, 90 \uc544\ud754, 100 \ubc31<\/p>\n<p><em><strong>\ub098\uc774 \ubb3c\uc5b4\ubcf4\uae30 Att fr\u00e5ga \u00e5lder<\/strong><\/em><\/p>\n<p>f:\u00a0\uba87 \uc0b4\uc774\uc5d0\uc694? = \uba87 \uc0b4\uc774\uc138\uc694?\u00a0=\u00a0\ub098\uc774\uac00 \uc5b4\ub5bb\uac8c \ub418\uc138\uc694? \u00a0Hur gammal \u00e4r du?<\/p>\n<p>s: \uc81c \ub098\uc774\ub294 \uc2a4\ubb3c\ub2e4\uc12f\uc774\uc5d0\uc694. = \uc800\ub294 \uc2a4\ubb3c\ub2e4\uc12f \uc0b4\uc774\uc5d0\uc694. = \uc800\ub294 \uc2a4\ubb3c\ub2e4\uc12f \uc0b4\uc785\ub2c8\ub2e4. Jag \u00e4r 25 \u00e5rs gammal.<\/p>\n<p><em><strong>\uc219\uc81c L\u00e4xor\u00a0<\/strong><\/em><\/p>\n<ol>\n<li>Skriv en kort uppsats (minst 10 meningar) om din sommar (semester, resor, jobb &#8230;vad som helst du tyckte kul!). Anv\u00e4nd m\u00e5nga verb i d\u00e5tid som du l\u00e4rde dig under f\u00f6rra terminen.<\/li>\n<li>L\u00e4s hela kapitel 6!<\/li>\n<\/ol>\n","protected":false},"excerpt":{"rendered":"<p>\uc5ec\ub7ec\ubd84, \ub2e4\uc2dc \ub9cc\ub098\uc11c \uc815\ub9d0 \ubc18\uac00\uc6e0\uc5b4\uc694!! \ud55c\uad6d\uc5b4\ub85c \uc22b\uc790 \uc77d\uae30 Att l\u00e4sa siffror p\u00e5 koreanska \uc608\ub97c \ub4e4\uba74, (till exempel) 987 654 321 = 9\uc5b5 8\ucc9c7\ubc316\uc2ed5\ub9cc 4\ucc9c3\ubc312\uc2ed1 = \uad6c\uc5b5 \ud314\ucc9c\uce60\ubc31\uc721\uc2ed\uc624\ub9cc \uc0ac\ucc9c\uc0bc\ubc31\uc774\uc2ed\uc77c Year 2016 = \uc774\ucc9c\uc2ed\uc721 \ub144 \uc81c \uc804\ud654\ubc88\ud638\ub294 070 123 4567 (\uacf5\uce60\uacf5 \uc77c\uc774\uc0bc \uc0ac\uc624\uc721\uce60)\uc785\ub2c8\ub2e4. \uc81c \uc0dd\uc77c\uc740 11\uc6d4 31\uc77c(\uc2ed\uc77c \uc6d4 \uc0bc\uc2ed\uc77c \uc77c)\uc785\ub2c8\ub2e4. = Min f\u00f6delsedag \u00e4r den 31 november. &hellip; <a href=\"https:\/\/blogg.folkuniversitetet.nu\/hwanve\/lektion-1-2\/\" class=\"more-link\">Continue reading <span class=\"screen-reader-text\">Lektion 1<\/span> <span class=\"meta-nav\">&rarr;<\/span><\/a><\/p>\n","protected":false},"author":581,"featured_media":0,"parent":0,"menu_order":0,"comment_status":"closed","ping_status":"closed","template":"","meta":{"footnotes":""},"class_list":["post-811","page","type-page","status-publish","hentry"],"_links":{"self":[{"href":"https:\/\/blogg.folkuniversitetet.nu\/hwanve\/wp-json\/wp\/v2\/pages\/811","targetHints":{"allow":["GET"]}}],"collection":[{"href":"https:\/\/blogg.folkuniversitetet.nu\/hwanve\/wp-json\/wp\/v2\/pages"}],"about":[{"href":"https:\/\/blogg.folkuniversitetet.nu\/hwanve\/wp-json\/wp\/v2\/types\/page"}],"author":[{"embeddable":true,"href":"https:\/\/blogg.folkuniversitetet.nu\/hwanve\/wp-json\/wp\/v2\/users\/581"}],"replies":[{"embeddable":true,"href":"https:\/\/blogg.folkuniversitetet.nu\/hwanve\/wp-json\/wp\/v2\/comments?post=811"}],"version-history":[{"count":4,"href":"https:\/\/blogg.folkuniversitetet.nu\/hwanve\/wp-json\/wp\/v2\/pages\/811\/revisions"}],"predecessor-version":[{"id":819,"href":"https:\/\/blogg.folkuniversitetet.nu\/hwanve\/wp-json\/wp\/v2\/pages\/811\/revisions\/819"}],"wp:attachment":[{"href":"https:\/\/blogg.folkuniversitetet.nu\/hwanve\/wp-json\/wp\/v2\/media?parent=811"}],"curies":[{"name":"wp","href":"https:\/\/api.w.org\/{rel}","templated":true}]}}