{"id":700,"date":"2019-02-25T12:52:36","date_gmt":"2019-02-25T12:52:36","guid":{"rendered":"http:\/\/blogg.folkuniversitetet.nu\/hwanve\/?page_id=700"},"modified":"2019-02-25T12:52:36","modified_gmt":"2019-02-25T12:52:36","slug":"var-a1-del-1-for-tonaringar","status":"publish","type":"page","link":"https:\/\/blogg.folkuniversitetet.nu\/hwanve\/var-a1-del-1-for-tonaringar\/","title":{"rendered":"V\u00e5r A1 del 1 f\u00f6r ton\u00e5ringar"},"content":{"rendered":"<table border=\"0\" width=\"388\" cellspacing=\"0\" cellpadding=\"0\" align=\"center\">\n<tbody>\n<tr>\n<td align=\"left\" valign=\"top\">Kursinformation<\/td>\n<\/tr>\n<tr>\n<td align=\"left\" valign=\"top\">\n<table border=\"0\" width=\"100%\" cellspacing=\"0\" cellpadding=\"0\">\n<tbody>\n<tr>\n<td align=\"left\" width=\"110\">Kurs:<\/td>\n<td width=\"10\"><img loading=\"lazy\" decoding=\"async\" src=\"http:\/\/customers.anpdm.com\/shared\/images\/pixel.gif\" width=\"10\" height=\"1\" data-imagetype=\"External\" \/><\/td>\n<td align=\"left\" width=\"268\">Koreanska A1 del 1 f\u00f6r ton\u00e5ringar<\/td>\n<\/tr>\n<\/tbody>\n<\/table>\n<table border=\"0\" width=\"100%\" cellspacing=\"0\" cellpadding=\"0\">\n<tbody>\n<tr>\n<td align=\"left\" width=\"110\">Arrangemangsnr:<\/td>\n<td width=\"10\"><img loading=\"lazy\" decoding=\"async\" src=\"http:\/\/customers.anpdm.com\/shared\/images\/pixel.gif\" width=\"10\" height=\"1\" data-imagetype=\"External\" \/><\/td>\n<td align=\"left\" width=\"268\">992344<\/td>\n<\/tr>\n<\/tbody>\n<\/table>\n<table border=\"0\" width=\"100%\" cellspacing=\"0\" cellpadding=\"0\">\n<tbody>\n<tr>\n<td align=\"left\" width=\"110\">Startdatum:<\/td>\n<td width=\"10\"><img loading=\"lazy\" decoding=\"async\" src=\"http:\/\/customers.anpdm.com\/shared\/images\/pixel.gif\" width=\"10\" height=\"1\" data-imagetype=\"External\" \/><\/td>\n<td align=\"left\" width=\"268\">2019-02-25<\/td>\n<\/tr>\n<\/tbody>\n<\/table>\n<table border=\"0\" width=\"100%\" cellspacing=\"0\" cellpadding=\"0\">\n<tbody>\n<tr>\n<td align=\"left\" width=\"110\">Veckodagar\/tider:<\/td>\n<td width=\"10\"><img loading=\"lazy\" decoding=\"async\" src=\"http:\/\/customers.anpdm.com\/shared\/images\/pixel.gif\" width=\"10\" height=\"1\" data-imagetype=\"External\" \/><\/td>\n<td align=\"left\" width=\"268\">M\u00e5 11:00-13:15, Ti 11:00-13:15, On 11:00-13:15, To 11:00-13:15, Fr 11:00-13:15<\/td>\n<\/tr>\n<\/tbody>\n<\/table>\n<table border=\"0\" width=\"100%\" cellspacing=\"0\" cellpadding=\"0\">\n<tbody>\n<tr>\n<td align=\"left\" width=\"110\">Studietimmar:<\/td>\n<td width=\"10\"><img loading=\"lazy\" decoding=\"async\" src=\"http:\/\/customers.anpdm.com\/shared\/images\/pixel.gif\" width=\"10\" height=\"1\" data-imagetype=\"External\" \/><\/td>\n<td align=\"left\" width=\"268\">15,00<\/td>\n<\/tr>\n<\/tbody>\n<\/table>\n<table border=\"0\" width=\"100%\" cellspacing=\"0\" cellpadding=\"0\">\n<tbody>\n<tr>\n<td align=\"left\" width=\"110\">Antal veckor:<\/td>\n<td width=\"10\"><img loading=\"lazy\" decoding=\"async\" src=\"http:\/\/customers.anpdm.com\/shared\/images\/pixel.gif\" width=\"10\" height=\"1\" data-imagetype=\"External\" \/><\/td>\n<td align=\"left\" width=\"268\">1<\/td>\n<\/tr>\n<\/tbody>\n<\/table>\n<table border=\"0\" width=\"100%\" cellspacing=\"0\" cellpadding=\"0\">\n<tbody>\n<tr>\n<td align=\"left\" width=\"110\">Sammankomster:<\/td>\n<td width=\"10\"><img loading=\"lazy\" decoding=\"async\" src=\"http:\/\/customers.anpdm.com\/shared\/images\/pixel.gif\" width=\"10\" height=\"1\" data-imagetype=\"External\" \/><\/td>\n<td align=\"left\" width=\"268\">5<\/td>\n<\/tr>\n<\/tbody>\n<\/table>\n<table border=\"0\" width=\"100%\" cellspacing=\"0\" cellpadding=\"0\">\n<tbody>\n<tr>\n<td align=\"left\" width=\"110\">Ledare\/personnr:<\/td>\n<td width=\"10\"><img loading=\"lazy\" decoding=\"async\" src=\"http:\/\/customers.anpdm.com\/shared\/images\/pixel.gif\" width=\"10\" height=\"1\" data-imagetype=\"External\" \/><\/td>\n<td align=\"left\" width=\"268\">Veronica Hwang 19790428-4788<\/td>\n<\/tr>\n<\/tbody>\n<\/table>\n<table border=\"0\" width=\"100%\" cellspacing=\"0\" cellpadding=\"0\">\n<tbody>\n<tr>\n<td align=\"left\" width=\"110\">Plats:<\/td>\n<td width=\"10\"><img loading=\"lazy\" decoding=\"async\" src=\"http:\/\/customers.anpdm.com\/shared\/images\/pixel.gif\" width=\"10\" height=\"1\" data-imagetype=\"External\" \/><\/td>\n<td align=\"left\" width=\"268\">Folkuniversitetet Stockholm Kungstensgatan 45 11359 STOCKHOLM<\/td>\n<\/tr>\n<\/tbody>\n<\/table>\n<table border=\"0\" width=\"100%\" cellspacing=\"0\" cellpadding=\"0\">\n<tbody>\n<tr>\n<td align=\"left\" width=\"110\">Rum:<\/td>\n<td width=\"10\"><img loading=\"lazy\" decoding=\"async\" src=\"http:\/\/customers.anpdm.com\/shared\/images\/pixel.gif\" width=\"10\" height=\"1\" data-imagetype=\"External\" \/><\/td>\n<td align=\"left\" width=\"268\">321<\/td>\n<\/tr>\n<\/tbody>\n<\/table>\n<table border=\"0\" width=\"100%\" cellspacing=\"0\" cellpadding=\"0\">\n<tbody>\n<tr>\n<td align=\"left\" width=\"110\">Portkod:<\/td>\n<td width=\"10\"><img loading=\"lazy\" decoding=\"async\" src=\"http:\/\/customers.anpdm.com\/shared\/images\/pixel.gif\" width=\"10\" height=\"1\" data-imagetype=\"External\" \/><\/td>\n<td align=\"left\" width=\"268\">Ingen<\/td>\n<\/tr>\n<\/tbody>\n<\/table>\n<table border=\"0\" width=\"100%\" cellspacing=\"0\" cellpadding=\"0\">\n<tbody>\n<tr>\n<td align=\"left\" width=\"110\">V\u00e4gbeskrivning:<\/td>\n<td width=\"10\"><img loading=\"lazy\" decoding=\"async\" src=\"http:\/\/customers.anpdm.com\/shared\/images\/pixel.gif\" width=\"10\" height=\"1\" data-imagetype=\"External\" \/><\/td>\n<td align=\"left\" width=\"268\">T-bana R\u00e5dmansgatan eller T-bana Odenplan.<\/td>\n<\/tr>\n<\/tbody>\n<\/table>\n<\/td>\n<\/tr>\n<tr>\n<td><\/td>\n<\/tr>\n<\/tbody>\n<\/table>\n<table border=\"0\" width=\"388\" cellspacing=\"0\" cellpadding=\"0\" align=\"center\">\n<tbody>\n<tr>\n<td align=\"left\" valign=\"top\"><b>Deltagarmeddelande:<\/b><br \/>\nKursboken heter Korean 1&#8243;( endast textboken ska k\u00f6pas) Boken finns att k\u00f6pa en vecka innan kusstart hos Ferdosi Studium Bookshop, Karlav 4, tfn nr 08-660 03 86. Vid uppvisande av kallelse f\u00e5r du 25% rabatt<\/td>\n<\/tr>\n<\/tbody>\n<\/table>\n","protected":false},"excerpt":{"rendered":"<p>Kursinformation Kurs: Koreanska A1 del 1 f\u00f6r ton\u00e5ringar Arrangemangsnr: 992344 Startdatum: 2019-02-25 Veckodagar\/tider: M\u00e5 11:00-13:15, Ti 11:00-13:15, On 11:00-13:15, To 11:00-13:15, Fr 11:00-13:15 Studietimmar: 15,00 Antal veckor: 1 Sammankomster: 5 Ledare\/personnr: Veronica Hwang 19790428-4788 Plats: Folkuniversitetet Stockholm Kungstensgatan 45 11359 STOCKHOLM Rum: 321 Portkod: Ingen V\u00e4gbeskrivning: T-bana R\u00e5dmansgatan eller T-bana Odenplan. Deltagarmeddelande: Kursboken heter Korean &hellip; <a href=\"https:\/\/blogg.folkuniversitetet.nu\/hwanve\/var-a1-del-1-for-tonaringar\/\" class=\"more-link\">Continue reading <span class=\"screen-reader-text\">V\u00e5r A1 del 1 f\u00f6r ton\u00e5ringar<\/span> <span class=\"meta-nav\">&rarr;<\/span><\/a><\/p>\n","protected":false},"author":581,"featured_media":0,"parent":0,"menu_order":0,"comment_status":"closed","ping_status":"closed","template":"","meta":{"footnotes":""},"class_list":["post-700","page","type-page","status-publish","hentry"],"_links":{"self":[{"href":"https:\/\/blogg.folkuniversitetet.nu\/hwanve\/wp-json\/wp\/v2\/pages\/700","targetHints":{"allow":["GET"]}}],"collection":[{"href":"https:\/\/blogg.folkuniversitetet.nu\/hwanve\/wp-json\/wp\/v2\/pages"}],"about":[{"href":"https:\/\/blogg.folkuniversitetet.nu\/hwanve\/wp-json\/wp\/v2\/types\/page"}],"author":[{"embeddable":true,"href":"https:\/\/blogg.folkuniversitetet.nu\/hwanve\/wp-json\/wp\/v2\/users\/581"}],"replies":[{"embeddable":true,"href":"https:\/\/blogg.folkuniversitetet.nu\/hwanve\/wp-json\/wp\/v2\/comments?post=700"}],"version-history":[{"count":1,"href":"https:\/\/blogg.folkuniversitetet.nu\/hwanve\/wp-json\/wp\/v2\/pages\/700\/revisions"}],"predecessor-version":[{"id":702,"href":"https:\/\/blogg.folkuniversitetet.nu\/hwanve\/wp-json\/wp\/v2\/pages\/700\/revisions\/702"}],"wp:attachment":[{"href":"https:\/\/blogg.folkuniversitetet.nu\/hwanve\/wp-json\/wp\/v2\/media?parent=700"}],"curies":[{"name":"wp","href":"https:\/\/api.w.org\/{rel}","templated":true}]}}