{"id":694,"date":"2019-02-20T21:58:21","date_gmt":"2019-02-20T21:58:21","guid":{"rendered":"http:\/\/blogg.folkuniversitetet.nu\/hwanve\/?page_id=694"},"modified":"2019-02-20T21:58:21","modified_gmt":"2019-02-20T21:58:21","slug":"var-a1-del-3","status":"publish","type":"page","link":"https:\/\/blogg.folkuniversitetet.nu\/hwanve\/var-a1-del-3\/","title":{"rendered":"V\u00e5r A1 Del 3"},"content":{"rendered":"<table border=\"0\" width=\"388\" cellspacing=\"0\" cellpadding=\"0\" align=\"center\">\n<tbody>\n<tr>\n<td align=\"left\" valign=\"top\">Kursinformation<\/td>\n<\/tr>\n<tr>\n<td align=\"left\" valign=\"top\">\n<table border=\"0\" width=\"100%\" cellspacing=\"0\" cellpadding=\"0\">\n<tbody>\n<tr>\n<td align=\"left\" width=\"110\">Kurs:<\/td>\n<td width=\"10\"><img loading=\"lazy\" decoding=\"async\" src=\"http:\/\/customers.anpdm.com\/shared\/images\/pixel.gif\" width=\"10\" height=\"1\" \/><\/td>\n<td align=\"left\" width=\"268\">Koreanska A1 del 3<\/td>\n<\/tr>\n<\/tbody>\n<\/table>\n<table border=\"0\" width=\"100%\" cellspacing=\"0\" cellpadding=\"0\">\n<tbody>\n<tr>\n<td align=\"left\" width=\"110\">Arrangemangsnr:<\/td>\n<td width=\"10\"><img loading=\"lazy\" decoding=\"async\" src=\"http:\/\/customers.anpdm.com\/shared\/images\/pixel.gif\" width=\"10\" height=\"1\" \/><\/td>\n<td align=\"left\" width=\"268\">992273<\/td>\n<\/tr>\n<\/tbody>\n<\/table>\n<table border=\"0\" width=\"100%\" cellspacing=\"0\" cellpadding=\"0\">\n<tbody>\n<tr>\n<td align=\"left\" width=\"110\">Startdatum:<\/td>\n<td width=\"10\"><img loading=\"lazy\" decoding=\"async\" src=\"http:\/\/customers.anpdm.com\/shared\/images\/pixel.gif\" width=\"10\" height=\"1\" \/><\/td>\n<td align=\"left\" width=\"268\">2019-02-20<\/td>\n<\/tr>\n<\/tbody>\n<\/table>\n<table border=\"0\" width=\"100%\" cellspacing=\"0\" cellpadding=\"0\">\n<tbody>\n<tr>\n<td align=\"left\" width=\"110\">Veckodagar\/tider:<\/td>\n<td width=\"10\"><img loading=\"lazy\" decoding=\"async\" src=\"http:\/\/customers.anpdm.com\/shared\/images\/pixel.gif\" width=\"10\" height=\"1\" \/><\/td>\n<td align=\"left\" width=\"268\">On 18:00-20:15<\/td>\n<\/tr>\n<\/tbody>\n<\/table>\n<table border=\"0\" width=\"100%\" cellspacing=\"0\" cellpadding=\"0\">\n<tbody>\n<tr>\n<td align=\"left\" width=\"110\">Studietimmar:<\/td>\n<td width=\"10\"><img loading=\"lazy\" decoding=\"async\" src=\"http:\/\/customers.anpdm.com\/shared\/images\/pixel.gif\" width=\"10\" height=\"1\" \/><\/td>\n<td align=\"left\" width=\"268\">21,00<\/td>\n<\/tr>\n<\/tbody>\n<\/table>\n<table border=\"0\" width=\"100%\" cellspacing=\"0\" cellpadding=\"0\">\n<tbody>\n<tr>\n<td align=\"left\" width=\"110\">Antal veckor:<\/td>\n<td width=\"10\"><img loading=\"lazy\" decoding=\"async\" src=\"http:\/\/customers.anpdm.com\/shared\/images\/pixel.gif\" width=\"10\" height=\"1\" \/><\/td>\n<td align=\"left\" width=\"268\">7<\/td>\n<\/tr>\n<\/tbody>\n<\/table>\n<table border=\"0\" width=\"100%\" cellspacing=\"0\" cellpadding=\"0\">\n<tbody>\n<tr>\n<td align=\"left\" width=\"110\">Sammankomster:<\/td>\n<td width=\"10\"><img loading=\"lazy\" decoding=\"async\" src=\"http:\/\/customers.anpdm.com\/shared\/images\/pixel.gif\" width=\"10\" height=\"1\" \/><\/td>\n<td align=\"left\" width=\"268\">7<\/td>\n<\/tr>\n<\/tbody>\n<\/table>\n<table border=\"0\" width=\"100%\" cellspacing=\"0\" cellpadding=\"0\">\n<tbody>\n<tr>\n<td align=\"left\" width=\"110\">Plats:<\/td>\n<td width=\"10\"><img loading=\"lazy\" decoding=\"async\" src=\"http:\/\/customers.anpdm.com\/shared\/images\/pixel.gif\" width=\"10\" height=\"1\" \/><\/td>\n<td align=\"left\" width=\"268\">Senioruniversitetet Hagagatan 1 11348 STOCKHOLM<\/td>\n<\/tr>\n<\/tbody>\n<\/table>\n<table border=\"0\" width=\"100%\" cellspacing=\"0\" cellpadding=\"0\">\n<tbody>\n<tr>\n<td align=\"left\" width=\"110\">Rum:<\/td>\n<td width=\"10\"><img loading=\"lazy\" decoding=\"async\" src=\"http:\/\/customers.anpdm.com\/shared\/images\/pixel.gif\" width=\"10\" height=\"1\" \/><\/td>\n<td align=\"left\" width=\"268\">Cambridge PLAN 2<\/td>\n<\/tr>\n<\/tbody>\n<\/table>\n<\/td>\n<\/tr>\n<tr>\n<td><\/td>\n<\/tr>\n<\/tbody>\n<\/table>\n<table border=\"0\" width=\"388\" cellspacing=\"0\" cellpadding=\"0\" align=\"center\">\n<tbody>\n<tr>\n<td align=\"left\" valign=\"top\"><b>Deltagarmeddelande:<\/b><br \/>\nUppeh\u00e5ll under l\u00e5ngfredagen, 30 mars Kursboken heter Korean 1&#8243; (endast textboken beh\u00f6vs k\u00f6pas) Boken finns att k\u00f6pa hos Ferdosi studium Bookshop, Karlav 4, tfn nr 08-660 03 86. Ring g\u00e4rna och boka ditt ex. VIsa upp din kallese s\u00e5 f\u00e5r du 25% rabatt.<\/td>\n<\/tr>\n<\/tbody>\n<\/table>\n","protected":false},"excerpt":{"rendered":"<p>Kursinformation Kurs: Koreanska A1 del 3 Arrangemangsnr: 992273 Startdatum: 2019-02-20 Veckodagar\/tider: On 18:00-20:15 Studietimmar: 21,00 Antal veckor: 7 Sammankomster: 7 Plats: Senioruniversitetet Hagagatan 1 11348 STOCKHOLM Rum: Cambridge PLAN 2 Deltagarmeddelande: Uppeh\u00e5ll under l\u00e5ngfredagen, 30 mars Kursboken heter Korean 1&#8243; (endast textboken beh\u00f6vs k\u00f6pas) Boken finns att k\u00f6pa hos Ferdosi studium Bookshop, Karlav 4, tfn &hellip; <a href=\"https:\/\/blogg.folkuniversitetet.nu\/hwanve\/var-a1-del-3\/\" class=\"more-link\">Continue reading <span class=\"screen-reader-text\">V\u00e5r A1 Del 3<\/span> <span class=\"meta-nav\">&rarr;<\/span><\/a><\/p>\n","protected":false},"author":581,"featured_media":0,"parent":0,"menu_order":0,"comment_status":"closed","ping_status":"closed","template":"","meta":{"footnotes":""},"class_list":["post-694","page","type-page","status-publish","hentry"],"_links":{"self":[{"href":"https:\/\/blogg.folkuniversitetet.nu\/hwanve\/wp-json\/wp\/v2\/pages\/694","targetHints":{"allow":["GET"]}}],"collection":[{"href":"https:\/\/blogg.folkuniversitetet.nu\/hwanve\/wp-json\/wp\/v2\/pages"}],"about":[{"href":"https:\/\/blogg.folkuniversitetet.nu\/hwanve\/wp-json\/wp\/v2\/types\/page"}],"author":[{"embeddable":true,"href":"https:\/\/blogg.folkuniversitetet.nu\/hwanve\/wp-json\/wp\/v2\/users\/581"}],"replies":[{"embeddable":true,"href":"https:\/\/blogg.folkuniversitetet.nu\/hwanve\/wp-json\/wp\/v2\/comments?post=694"}],"version-history":[{"count":1,"href":"https:\/\/blogg.folkuniversitetet.nu\/hwanve\/wp-json\/wp\/v2\/pages\/694\/revisions"}],"predecessor-version":[{"id":696,"href":"https:\/\/blogg.folkuniversitetet.nu\/hwanve\/wp-json\/wp\/v2\/pages\/694\/revisions\/696"}],"wp:attachment":[{"href":"https:\/\/blogg.folkuniversitetet.nu\/hwanve\/wp-json\/wp\/v2\/media?parent=694"}],"curies":[{"name":"wp","href":"https:\/\/api.w.org\/{rel}","templated":true}]}}