{"id":612,"date":"2018-09-17T20:58:42","date_gmt":"2018-09-17T20:58:42","guid":{"rendered":"http:\/\/blogg.folkuniversitetet.nu\/hwanve\/?page_id=612"},"modified":"2018-09-17T21:06:16","modified_gmt":"2018-09-17T21:06:16","slug":"lektion-2","status":"publish","type":"page","link":"https:\/\/blogg.folkuniversitetet.nu\/hwanve\/lektion-2\/","title":{"rendered":"Lektion 2"},"content":{"rendered":"<p>\uc548\ub155\ud558\uc138\uc694! \uc800\ub294 <strong>\ubca0\ub85c\ub2c8\uce74<\/strong>\uc785\ub2c8\ub2e4. \ub9cc\ub098\uc11c \ubc18\uac00\uc6cc\uc694.<\/p>\n<p>Hej! Jag \u00e4r Veronica. Jag \u00e4r l\u00e4rare. Trevligt att tr\u00e4ffas.<\/p>\n<ul>\n<li>Vi gick genom alla koreanska konsonanter och vokaler med \u00f6vning att l\u00e4sa ord tills sid. 45.<\/li>\n<li>\uba38\ub9ac huvud, \uc5b4\uae68 axla, \ubb34\ub98e kn\u00e4n, \ubc1c f\u00f6tter, \uadc0 \u00f6ron, \ucf54 n\u00e4sa, \uc785 mun :\u00a0Lyssna p\u00e5 en l\u00e5t f\u00f6r att \u00f6va ord.<\/li>\n<\/ul>\n<p><iframe loading=\"lazy\" title=\"[\ub530\ub77c\ud574\uc694] \uba38\ub9ac \uc5b4\uae68 \ubb34\ub98e \ubc1c Head, Shoulder, Knees and Toes | \uc5b4\ub9b0\uc774 \uc728\ub3d9 \ub3d9\uc694 | CarrieAndSong\" width=\"604\" height=\"340\" src=\"https:\/\/www.youtube.com\/embed\/Oj-OfLJ__mA?feature=oembed\" frameborder=\"0\" allow=\"accelerometer; autoplay; clipboard-write; encrypted-media; gyroscope; picture-in-picture; web-share\" referrerpolicy=\"strict-origin-when-cross-origin\" allowfullscreen><\/iframe><\/p>\n<ul>\n<li>H\u00e4r kommer l\u00e5ten som vi lyssnade p\u00e5 under lektionen,\u00a0&#8216;\ud53c blod, \ub540 svett, \ub208\ubb3c t\u00e5rar&#8217; av BTS<\/li>\n<\/ul>\n<p><iframe loading=\"lazy\" title=\"BTS - Blood, Sweat &amp; Tears MV [English subs + Romanization + Hangul] HD\" width=\"604\" height=\"340\" src=\"https:\/\/www.youtube.com\/embed\/5d_cHBZADVs?feature=oembed\" frameborder=\"0\" allow=\"accelerometer; autoplay; clipboard-write; encrypted-media; gyroscope; picture-in-picture; web-share\" referrerpolicy=\"strict-origin-when-cross-origin\" allowfullscreen><\/iframe><\/p>\n<p><strong>\uc219\uc81c L\u00e4xor<\/strong><\/p>\n<ul>\n<li>Skriv och \u00f6va enkel h\u00e4lsningen p\u00e5 koreanska som nedan. Fungera hur ditt f\u00f6rsta namn stavas p\u00e5 koreanska. Anv\u00e4nd \ud559\uc0dd ist\u00e4llet f\u00f6r \uc120\uc0dd\ub2d8 i ditt fall.<\/li>\n<\/ul>\n<p><span style=\"text-align: right\">\u00a0 \u00a0 \u00a0 \u00a0 \u00a0 \u00a0 \u00a0\uc548\ub155\ud558\uc138\uc694! \uc800\ub294 <\/span><strong style=\"text-align: right\">ditt f\u00f6rsta namn<\/strong><span style=\"text-align: right\">\uc785\ub2c8\ub2e4. <\/span><span style=\"text-align: right\">\ub9cc\ub098\uc11c \ubc18\uac00\uc6cc\uc694.\u00a0<\/span><\/p>\n<ul>\n<li>Fyll i sid. 43 samt. lyssna p\u00e5 track 8.<\/li>\n<li>F\u00f6rbered sidor 46-49.<\/li>\n<li>F\u00f6rs\u00f6k att l\u00e4sa vers 1 p\u00e5 l\u00e5ten &#8216;\uc544\ub9ac\ub791&#8217;.<\/li>\n<\/ul>\n<p style=\"text-align: center\">\uc544\ub9ac\ub791 \uc544\ub9ac\ub791 \uc544\ub77c\ub9ac\uc694~~ \uc544\ub9ac\ub791 \uace0\uac1c\ub85c \ub118\uc5b4\uac04\ub2e4~~<\/p>\n<p style=\"text-align: center\">\ub098\ub97c \ubc84\ub9ac\uace0 \uac00\uc2dc\ub294 \ub2d8\uc740 \uc2ed\ub9ac\ub3c4 \ubabb \uac00\uc11c \ubc1c\ubcd1\ub09c\ub2e4<\/p>\n<p style=\"text-align: left\">Och titta p\u00e5 en intressant video nedan och lyssna hur koreanska pop grupper h\u00e4lsar. N\u00e4stan alla de grupperna s\u00e4ger\u00a0<b class=\"\">\uc548\ub155\ud558\uc138\uc694!\u00a0<u class=\"\">Ett gruppnamn<\/u>\uc785\ub2c8\ub2e4.<\/b><\/p>\n<div class=\"\">\n<p>https:\/\/youtu.be\/LtTfoYFfT7M<\/p>\n<\/div>\n","protected":false},"excerpt":{"rendered":"<p>\uc548\ub155\ud558\uc138\uc694! \uc800\ub294 \ubca0\ub85c\ub2c8\uce74\uc785\ub2c8\ub2e4. \ub9cc\ub098\uc11c \ubc18\uac00\uc6cc\uc694. Hej! Jag \u00e4r Veronica. Jag \u00e4r l\u00e4rare. Trevligt att tr\u00e4ffas. Vi gick genom alla koreanska konsonanter och vokaler med \u00f6vning att l\u00e4sa ord tills sid. 45. \uba38\ub9ac huvud, \uc5b4\uae68 axla, \ubb34\ub98e kn\u00e4n, \ubc1c f\u00f6tter, \uadc0 \u00f6ron, \ucf54 n\u00e4sa, \uc785 mun :\u00a0Lyssna p\u00e5 en l\u00e5t f\u00f6r att \u00f6va ord. H\u00e4r kommer &hellip; <a href=\"https:\/\/blogg.folkuniversitetet.nu\/hwanve\/lektion-2\/\" class=\"more-link\">Continue reading <span class=\"screen-reader-text\">Lektion 2<\/span> <span class=\"meta-nav\">&rarr;<\/span><\/a><\/p>\n","protected":false},"author":581,"featured_media":0,"parent":0,"menu_order":0,"comment_status":"closed","ping_status":"closed","template":"","meta":{"footnotes":""},"class_list":["post-612","page","type-page","status-publish","hentry"],"_links":{"self":[{"href":"https:\/\/blogg.folkuniversitetet.nu\/hwanve\/wp-json\/wp\/v2\/pages\/612","targetHints":{"allow":["GET"]}}],"collection":[{"href":"https:\/\/blogg.folkuniversitetet.nu\/hwanve\/wp-json\/wp\/v2\/pages"}],"about":[{"href":"https:\/\/blogg.folkuniversitetet.nu\/hwanve\/wp-json\/wp\/v2\/types\/page"}],"author":[{"embeddable":true,"href":"https:\/\/blogg.folkuniversitetet.nu\/hwanve\/wp-json\/wp\/v2\/users\/581"}],"replies":[{"embeddable":true,"href":"https:\/\/blogg.folkuniversitetet.nu\/hwanve\/wp-json\/wp\/v2\/comments?post=612"}],"version-history":[{"count":4,"href":"https:\/\/blogg.folkuniversitetet.nu\/hwanve\/wp-json\/wp\/v2\/pages\/612\/revisions"}],"predecessor-version":[{"id":617,"href":"https:\/\/blogg.folkuniversitetet.nu\/hwanve\/wp-json\/wp\/v2\/pages\/612\/revisions\/617"}],"wp:attachment":[{"href":"https:\/\/blogg.folkuniversitetet.nu\/hwanve\/wp-json\/wp\/v2\/media?parent=612"}],"curies":[{"name":"wp","href":"https:\/\/api.w.org\/{rel}","templated":true}]}}