{"id":608,"date":"2018-09-12T21:23:20","date_gmt":"2018-09-12T21:23:20","guid":{"rendered":"http:\/\/blogg.folkuniversitetet.nu\/hwanve\/?page_id=608"},"modified":"2018-09-12T21:23:26","modified_gmt":"2018-09-12T21:23:26","slug":"lektion-1","status":"publish","type":"page","link":"https:\/\/blogg.folkuniversitetet.nu\/hwanve\/lektion-1\/","title":{"rendered":"Lektion 1"},"content":{"rendered":"<p>\ub2e4\uc74c\uc740 \uc219\uc81c\uc608\uc694.<\/p>\n<ol>\n<li>Skriv och kom ih\u00e5g alla koreanska ord p\u00e5 ordlistan i sidan 107. \u00c4ndra verb fr\u00e5n grund form till talspr\u00e5k i nutid form. t.ex) \uc790\ub2e4 &#8211;&gt; \uc790\uc694<\/li>\n<li>Lyssna p\u00e5 CD med track 30 \u2013 32 samt. l\u00e4s varje samtal i boken.<\/li>\n<li>H\u00e4r kommer flera verb i grund form. \u00c4ndra dem ocks\u00e5 till talspr\u00e5k i nutid form.<\/li>\n<\/ol>\n<ul>\n<li>\uac00\ub2e4 att g\u00e5\/att \u00e5ka<\/li>\n<li>\uc624\ub2e4 att komma<\/li>\n<li>\uc0b4\ub2e4 att bo<\/li>\n<li>(\ud55c\uad6d\uc5b4\ub97c) \uac00\ub974\uce58\ub2e4 att undervisa (koreanska)<\/li>\n<li>\ucda4\ucd94\ub2e4 att dansa<\/li>\n<li>\ub178\ub798\ud558\ub2e4 att sjunga<\/li>\n<li>\ub6f0\ub2e4 att springa<\/li>\n<\/ul>\n<p>(F\u00f6rbered) Lyssna p\u00e5 track 34, 35 och 36 samt. l\u00e4s motsvarande samtal.<\/p>\n<p>Och titta p\u00e5 en l\u00e4nk om de tre \u00e4lskade <em>streetfood<\/em> av koreaner, \ub5a1\ubcf6\uc774(riskakor i stark s\u00e5s), \uc21c\ub300(koreanska <em>saussage<\/em>) \uadf8\ub9ac\uace0 \uc5b4\ubb35(fiskkakor).<\/p>\n<p><iframe loading=\"lazy\" title=\"\uaca8\uc6b8\uac04\uc2dd\uc740 \ucd94\uc6b4\uacf3\uc5d0\uc11c \uba39\uc5b4\uc57c \uc81c\ub9db \ub5a1\ubcf6\uc774 \uc21c\ub300 \uc5b4\ubb35\uba39\ubc29 [\ub9db\uc788\ub294 \ub140\uc11d\ub4e4 Tasty Guys] 152\ud68c\" width=\"604\" height=\"340\" src=\"https:\/\/www.youtube.com\/embed\/EqWctqbbrDE?feature=oembed\" frameborder=\"0\" allow=\"accelerometer; autoplay; clipboard-write; encrypted-media; gyroscope; picture-in-picture; web-share\" referrerpolicy=\"strict-origin-when-cross-origin\" allowfullscreen><\/iframe><\/p>\n","protected":false},"excerpt":{"rendered":"<p>\ub2e4\uc74c\uc740 \uc219\uc81c\uc608\uc694. Skriv och kom ih\u00e5g alla koreanska ord p\u00e5 ordlistan i sidan 107. \u00c4ndra verb fr\u00e5n grund form till talspr\u00e5k i nutid form. t.ex) \uc790\ub2e4 &#8211;&gt; \uc790\uc694 Lyssna p\u00e5 CD med track 30 \u2013 32 samt. l\u00e4s varje samtal i boken. H\u00e4r kommer flera verb i grund form. \u00c4ndra dem ocks\u00e5 till talspr\u00e5k i &hellip; <a href=\"https:\/\/blogg.folkuniversitetet.nu\/hwanve\/lektion-1\/\" class=\"more-link\">Continue reading <span class=\"screen-reader-text\">Lektion 1<\/span> <span class=\"meta-nav\">&rarr;<\/span><\/a><\/p>\n","protected":false},"author":581,"featured_media":0,"parent":0,"menu_order":0,"comment_status":"closed","ping_status":"closed","template":"","meta":{"footnotes":""},"class_list":["post-608","page","type-page","status-publish","hentry"],"_links":{"self":[{"href":"https:\/\/blogg.folkuniversitetet.nu\/hwanve\/wp-json\/wp\/v2\/pages\/608","targetHints":{"allow":["GET"]}}],"collection":[{"href":"https:\/\/blogg.folkuniversitetet.nu\/hwanve\/wp-json\/wp\/v2\/pages"}],"about":[{"href":"https:\/\/blogg.folkuniversitetet.nu\/hwanve\/wp-json\/wp\/v2\/types\/page"}],"author":[{"embeddable":true,"href":"https:\/\/blogg.folkuniversitetet.nu\/hwanve\/wp-json\/wp\/v2\/users\/581"}],"replies":[{"embeddable":true,"href":"https:\/\/blogg.folkuniversitetet.nu\/hwanve\/wp-json\/wp\/v2\/comments?post=608"}],"version-history":[{"count":1,"href":"https:\/\/blogg.folkuniversitetet.nu\/hwanve\/wp-json\/wp\/v2\/pages\/608\/revisions"}],"predecessor-version":[{"id":610,"href":"https:\/\/blogg.folkuniversitetet.nu\/hwanve\/wp-json\/wp\/v2\/pages\/608\/revisions\/610"}],"wp:attachment":[{"href":"https:\/\/blogg.folkuniversitetet.nu\/hwanve\/wp-json\/wp\/v2\/media?parent=608"}],"curies":[{"name":"wp","href":"https:\/\/api.w.org\/{rel}","templated":true}]}}