{"id":595,"date":"2018-09-11T09:45:17","date_gmt":"2018-09-11T09:45:17","guid":{"rendered":"http:\/\/blogg.folkuniversitetet.nu\/hwanve\/?page_id=595"},"modified":"2018-09-11T09:46:12","modified_gmt":"2018-09-11T09:46:12","slug":"host-a1-del-1-nyborjare","status":"publish","type":"page","link":"https:\/\/blogg.folkuniversitetet.nu\/hwanve\/host-a1-del-1-nyborjare\/","title":{"rendered":"H\u00f6st A1 Del 1 &#8211; Nyb\u00f6rjare"},"content":{"rendered":"<table border=\"0\" width=\"388\" cellspacing=\"0\" cellpadding=\"0\" align=\"center\">\n<tbody>\n<tr>\n<td align=\"left\" valign=\"top\">Kursinformation<\/td>\n<\/tr>\n<tr>\n<td align=\"left\" valign=\"top\">\n<table border=\"0\" width=\"100%\" cellspacing=\"0\" cellpadding=\"0\">\n<tbody>\n<tr>\n<td align=\"left\" width=\"110\">Kurs:<\/td>\n<td width=\"10\"><img loading=\"lazy\" decoding=\"async\" src=\"http:\/\/customers.anpdm.com\/shared\/images\/pixel.gif\" width=\"10\" height=\"1\" \/><\/td>\n<td align=\"left\" width=\"268\">Koreanska nyb\u00f6rjare &#8211; A1 del 1<\/td>\n<\/tr>\n<\/tbody>\n<\/table>\n<table border=\"0\" width=\"100%\" cellspacing=\"0\" cellpadding=\"0\">\n<tbody>\n<tr>\n<td align=\"left\" width=\"110\">Arrangemangsnr:<\/td>\n<td width=\"10\"><img loading=\"lazy\" decoding=\"async\" src=\"http:\/\/customers.anpdm.com\/shared\/images\/pixel.gif\" width=\"10\" height=\"1\" \/><\/td>\n<td align=\"left\" width=\"268\">959203<\/td>\n<\/tr>\n<\/tbody>\n<\/table>\n<table border=\"0\" width=\"100%\" cellspacing=\"0\" cellpadding=\"0\">\n<tbody>\n<tr>\n<td align=\"left\" width=\"110\">Startdatum:<\/td>\n<td width=\"10\"><img loading=\"lazy\" decoding=\"async\" src=\"http:\/\/customers.anpdm.com\/shared\/images\/pixel.gif\" width=\"10\" height=\"1\" \/><\/td>\n<td align=\"left\" width=\"268\">2018-09-10<\/td>\n<\/tr>\n<\/tbody>\n<\/table>\n<table border=\"0\" width=\"100%\" cellspacing=\"0\" cellpadding=\"0\">\n<tbody>\n<tr>\n<td align=\"left\" width=\"110\">Veckodagar\/tider:<\/td>\n<td width=\"10\"><img loading=\"lazy\" decoding=\"async\" src=\"http:\/\/customers.anpdm.com\/shared\/images\/pixel.gif\" width=\"10\" height=\"1\" \/><\/td>\n<td align=\"left\" width=\"268\">M\u00e5 18:00-20:15<\/td>\n<\/tr>\n<\/tbody>\n<\/table>\n<table border=\"0\" width=\"100%\" cellspacing=\"0\" cellpadding=\"0\">\n<tbody>\n<tr>\n<td align=\"left\" width=\"110\">Studietimmar:<\/td>\n<td width=\"10\"><img loading=\"lazy\" decoding=\"async\" src=\"http:\/\/customers.anpdm.com\/shared\/images\/pixel.gif\" width=\"10\" height=\"1\" \/><\/td>\n<td align=\"left\" width=\"268\">21,00<\/td>\n<\/tr>\n<\/tbody>\n<\/table>\n<table border=\"0\" width=\"100%\" cellspacing=\"0\" cellpadding=\"0\">\n<tbody>\n<tr>\n<td align=\"left\" width=\"110\">Antal veckor:<\/td>\n<td width=\"10\"><img loading=\"lazy\" decoding=\"async\" src=\"http:\/\/customers.anpdm.com\/shared\/images\/pixel.gif\" width=\"10\" height=\"1\" \/><\/td>\n<td align=\"left\" width=\"268\">7<\/td>\n<\/tr>\n<\/tbody>\n<\/table>\n<table border=\"0\" width=\"100%\" cellspacing=\"0\" cellpadding=\"0\">\n<tbody>\n<tr>\n<td align=\"left\" width=\"110\">Sammankomster:<\/td>\n<td width=\"10\"><img loading=\"lazy\" decoding=\"async\" src=\"http:\/\/customers.anpdm.com\/shared\/images\/pixel.gif\" width=\"10\" height=\"1\" \/><\/td>\n<td align=\"left\" width=\"268\">7<\/td>\n<\/tr>\n<\/tbody>\n<\/table>\n<table border=\"0\" width=\"100%\" cellspacing=\"0\" cellpadding=\"0\">\n<tbody>\n<tr>\n<td align=\"left\" width=\"110\">Ledare\/personnr:<\/td>\n<td width=\"10\"><img loading=\"lazy\" decoding=\"async\" src=\"http:\/\/customers.anpdm.com\/shared\/images\/pixel.gif\" width=\"10\" height=\"1\" \/><\/td>\n<td align=\"left\" width=\"268\">Veronica Hwang<\/td>\n<\/tr>\n<\/tbody>\n<\/table>\n<table border=\"0\" width=\"100%\" cellspacing=\"0\" cellpadding=\"0\">\n<tbody>\n<tr>\n<td align=\"left\" width=\"110\">Plats:<\/td>\n<td width=\"10\"><img loading=\"lazy\" decoding=\"async\" src=\"http:\/\/customers.anpdm.com\/shared\/images\/pixel.gif\" width=\"10\" height=\"1\" \/><\/td>\n<td align=\"left\" width=\"268\">Senioruniversitetet Hagagatan 1 11348 STOCKHOLM<\/td>\n<\/tr>\n<\/tbody>\n<\/table>\n<table border=\"0\" width=\"100%\" cellspacing=\"0\" cellpadding=\"0\">\n<tbody>\n<tr>\n<td align=\"left\" width=\"110\">Rum:<\/td>\n<td width=\"10\"><img loading=\"lazy\" decoding=\"async\" src=\"http:\/\/customers.anpdm.com\/shared\/images\/pixel.gif\" width=\"10\" height=\"1\" \/><\/td>\n<td align=\"left\" width=\"268\">Heidelberg<\/td>\n<\/tr>\n<\/tbody>\n<\/table>\n<table border=\"0\" width=\"100%\" cellspacing=\"0\" cellpadding=\"0\">\n<tbody>\n<tr>\n<td align=\"left\" width=\"110\">V\u00e4gbeskrivning:<\/td>\n<td width=\"10\"><img loading=\"lazy\" decoding=\"async\" src=\"http:\/\/customers.anpdm.com\/shared\/images\/pixel.gif\" width=\"10\" height=\"1\" \/><\/td>\n<td align=\"left\" width=\"268\">T-bana eller innerstadsbuss Odenplan. N\u00e4r du sl\u00e5r portkoden \u00e4r det den silverf\u00e4rgade dosan p\u00e5 v\u00e4ggen till v\u00e4nster om d\u00f6rren som ska anv\u00e4ndas.<\/td>\n<\/tr>\n<\/tbody>\n<\/table>\n<\/td>\n<\/tr>\n<tr>\n<td>\n<div><img loading=\"lazy\" decoding=\"async\" title=\"\" src=\"http:\/\/customers.anpdm.com\/shared\/images\/pixel.gif\" alt=\"\" width=\"388\" height=\"30\" align=\"center\" border=\"0\" \/><\/div>\n<\/td>\n<\/tr>\n<\/tbody>\n<\/table>\n<table border=\"0\" width=\"388\" cellspacing=\"0\" cellpadding=\"0\" align=\"center\">\n<tbody>\n<tr>\n<td align=\"left\" valign=\"top\"><b>Ledarmeddelande<\/b><\/p>\n<p><b>Deltagarmeddelande:<\/b><br \/>\nKursboken heter Korean 1&#8243;( endast textboken ska k\u00f6pas) Boken finns att k\u00f6pa en vecka innan kusstart hos Ferdosi Studium Bookshop, Karlav 4, tfn nr 08-660 03 86. Vid uppvisande av kallelse f\u00e5r du 25% rabatt<\/td>\n<\/tr>\n<\/tbody>\n<\/table>\n","protected":false},"excerpt":{"rendered":"<p>Kursinformation Kurs: Koreanska nyb\u00f6rjare &#8211; A1 del 1 Arrangemangsnr: 959203 Startdatum: 2018-09-10 Veckodagar\/tider: M\u00e5 18:00-20:15 Studietimmar: 21,00 Antal veckor: 7 Sammankomster: 7 Ledare\/personnr: Veronica Hwang Plats: Senioruniversitetet Hagagatan 1 11348 STOCKHOLM Rum: Heidelberg V\u00e4gbeskrivning: T-bana eller innerstadsbuss Odenplan. N\u00e4r du sl\u00e5r portkoden \u00e4r det den silverf\u00e4rgade dosan p\u00e5 v\u00e4ggen till v\u00e4nster om d\u00f6rren som ska &hellip; <a href=\"https:\/\/blogg.folkuniversitetet.nu\/hwanve\/host-a1-del-1-nyborjare\/\" class=\"more-link\">Continue reading <span class=\"screen-reader-text\">H\u00f6st A1 Del 1 &#8211; Nyb\u00f6rjare<\/span> <span class=\"meta-nav\">&rarr;<\/span><\/a><\/p>\n","protected":false},"author":581,"featured_media":0,"parent":0,"menu_order":0,"comment_status":"closed","ping_status":"closed","template":"","meta":{"footnotes":""},"class_list":["post-595","page","type-page","status-publish","hentry"],"_links":{"self":[{"href":"https:\/\/blogg.folkuniversitetet.nu\/hwanve\/wp-json\/wp\/v2\/pages\/595","targetHints":{"allow":["GET"]}}],"collection":[{"href":"https:\/\/blogg.folkuniversitetet.nu\/hwanve\/wp-json\/wp\/v2\/pages"}],"about":[{"href":"https:\/\/blogg.folkuniversitetet.nu\/hwanve\/wp-json\/wp\/v2\/types\/page"}],"author":[{"embeddable":true,"href":"https:\/\/blogg.folkuniversitetet.nu\/hwanve\/wp-json\/wp\/v2\/users\/581"}],"replies":[{"embeddable":true,"href":"https:\/\/blogg.folkuniversitetet.nu\/hwanve\/wp-json\/wp\/v2\/comments?post=595"}],"version-history":[{"count":2,"href":"https:\/\/blogg.folkuniversitetet.nu\/hwanve\/wp-json\/wp\/v2\/pages\/595\/revisions"}],"predecessor-version":[{"id":598,"href":"https:\/\/blogg.folkuniversitetet.nu\/hwanve\/wp-json\/wp\/v2\/pages\/595\/revisions\/598"}],"wp:attachment":[{"href":"https:\/\/blogg.folkuniversitetet.nu\/hwanve\/wp-json\/wp\/v2\/media?parent=595"}],"curies":[{"name":"wp","href":"https:\/\/api.w.org\/{rel}","templated":true}]}}