{"id":536,"date":"2018-04-05T22:26:17","date_gmt":"2018-04-05T22:26:17","guid":{"rendered":"http:\/\/blogg.folkuniversitetet.nu\/hwanve\/?page_id=536"},"modified":"2018-09-11T09:41:17","modified_gmt":"2018-09-11T09:41:17","slug":"a1-del-1-nyborjare","status":"publish","type":"page","link":"https:\/\/blogg.folkuniversitetet.nu\/hwanve\/a1-del-1-nyborjare\/","title":{"rendered":"V\u00e5r A1 Del 1 &#8211; Nyb\u00f6rjare"},"content":{"rendered":"<table border=\"0\" width=\"388\" cellspacing=\"0\" cellpadding=\"0\" align=\"center\">\n<tbody>\n<tr>\n<td align=\"left\" valign=\"top\">Kursinformation<\/td>\n<\/tr>\n<tr>\n<td align=\"left\" valign=\"top\">\n<table border=\"0\" width=\"100%\" cellspacing=\"0\" cellpadding=\"0\">\n<tbody>\n<tr>\n<td align=\"left\" width=\"110\">Kurs:<\/td>\n<td width=\"10\"><img loading=\"lazy\" decoding=\"async\" src=\"http:\/\/customers.anpdm.com\/shared\/images\/pixel.gif\" width=\"10\" height=\"1\" \/><\/td>\n<td align=\"left\" width=\"268\">Koreanska nyb\u00f6rjare &#8211; A1 del 1<\/td>\n<\/tr>\n<\/tbody>\n<\/table>\n<table border=\"0\" width=\"100%\" cellspacing=\"0\" cellpadding=\"0\">\n<tbody>\n<tr>\n<td align=\"left\" width=\"110\">Arrangemangsnr:<\/td>\n<td width=\"10\"><img loading=\"lazy\" decoding=\"async\" src=\"http:\/\/customers.anpdm.com\/shared\/images\/pixel.gif\" width=\"10\" height=\"1\" \/><\/td>\n<td align=\"left\" width=\"268\">926458<\/td>\n<\/tr>\n<\/tbody>\n<\/table>\n<table border=\"0\" width=\"100%\" cellspacing=\"0\" cellpadding=\"0\">\n<tbody>\n<tr>\n<td align=\"left\" width=\"110\">Startdatum:<\/td>\n<td width=\"10\"><img loading=\"lazy\" decoding=\"async\" src=\"http:\/\/customers.anpdm.com\/shared\/images\/pixel.gif\" width=\"10\" height=\"1\" \/><\/td>\n<td align=\"left\" width=\"268\">2018-04-04<\/td>\n<\/tr>\n<\/tbody>\n<\/table>\n<table border=\"0\" width=\"100%\" cellspacing=\"0\" cellpadding=\"0\">\n<tbody>\n<tr>\n<td align=\"left\" width=\"110\">Veckodagar\/tider:<\/td>\n<td width=\"10\"><img loading=\"lazy\" decoding=\"async\" src=\"http:\/\/customers.anpdm.com\/shared\/images\/pixel.gif\" width=\"10\" height=\"1\" \/><\/td>\n<td align=\"left\" width=\"268\">On 18:00-20:15<\/td>\n<\/tr>\n<\/tbody>\n<\/table>\n<table border=\"0\" width=\"100%\" cellspacing=\"0\" cellpadding=\"0\">\n<tbody>\n<tr>\n<td align=\"left\" width=\"110\">Studietimmar:<\/td>\n<td width=\"10\"><img loading=\"lazy\" decoding=\"async\" src=\"http:\/\/customers.anpdm.com\/shared\/images\/pixel.gif\" width=\"10\" height=\"1\" \/><\/td>\n<td align=\"left\" width=\"268\">21,00<\/td>\n<\/tr>\n<\/tbody>\n<\/table>\n<table border=\"0\" width=\"100%\" cellspacing=\"0\" cellpadding=\"0\">\n<tbody>\n<tr>\n<td align=\"left\" width=\"110\">Antal veckor:<\/td>\n<td width=\"10\"><img loading=\"lazy\" decoding=\"async\" src=\"http:\/\/customers.anpdm.com\/shared\/images\/pixel.gif\" width=\"10\" height=\"1\" \/><\/td>\n<td align=\"left\" width=\"268\">7<\/td>\n<\/tr>\n<\/tbody>\n<\/table>\n<table border=\"0\" width=\"100%\" cellspacing=\"0\" cellpadding=\"0\">\n<tbody>\n<tr>\n<td align=\"left\" width=\"110\">Plats:<\/td>\n<td width=\"10\"><img loading=\"lazy\" decoding=\"async\" src=\"http:\/\/customers.anpdm.com\/shared\/images\/pixel.gif\" width=\"10\" height=\"1\" \/><\/td>\n<td align=\"left\" width=\"268\">Folkuniversitetet Stockholm Kungstensgatan 45 11359 STOCKHOLM<\/td>\n<\/tr>\n<\/tbody>\n<\/table>\n<table border=\"0\" width=\"100%\" cellspacing=\"0\" cellpadding=\"0\">\n<tbody>\n<tr>\n<td align=\"left\" width=\"110\">Rum:<\/td>\n<td width=\"10\"><img loading=\"lazy\" decoding=\"async\" src=\"http:\/\/customers.anpdm.com\/shared\/images\/pixel.gif\" width=\"10\" height=\"1\" \/><\/td>\n<td align=\"left\" width=\"268\">533<\/td>\n<\/tr>\n<\/tbody>\n<\/table>\n<table border=\"0\" width=\"100%\" cellspacing=\"0\" cellpadding=\"0\">\n<tbody>\n<tr>\n<td align=\"left\" width=\"110\">Portkod:<\/td>\n<td width=\"10\"><img loading=\"lazy\" decoding=\"async\" src=\"http:\/\/customers.anpdm.com\/shared\/images\/pixel.gif\" width=\"10\" height=\"1\" \/><\/td>\n<td align=\"left\" width=\"268\">Ingen<\/td>\n<\/tr>\n<\/tbody>\n<\/table>\n<table border=\"0\" width=\"100%\" cellspacing=\"0\" cellpadding=\"0\">\n<tbody>\n<tr>\n<td align=\"left\" width=\"110\">V\u00e4gbeskrivning:<\/td>\n<td width=\"10\"><img loading=\"lazy\" decoding=\"async\" src=\"http:\/\/customers.anpdm.com\/shared\/images\/pixel.gif\" width=\"10\" height=\"1\" \/><\/td>\n<td align=\"left\" width=\"268\">T-bana R\u00e5dmansgatan eller T-bana Odenplan.<\/td>\n<\/tr>\n<\/tbody>\n<\/table>\n<\/td>\n<\/tr>\n<\/tbody>\n<\/table>\n<table border=\"0\" width=\"388\" cellspacing=\"0\" cellpadding=\"0\" align=\"center\">\n<tbody>\n<tr>\n<td align=\"left\" valign=\"top\"><b>Deltagarmeddelande:<\/b><br \/>\nKursboken heter Koreanska 1 ( endast textboken ska k\u00f6pas) Boken finns att k\u00f6pa en vecka innan kusstart hos Ferdosi Studium Bookshop, Karlav 4, tfn nr 08-660 03 86. Vid uppvisande av kallelse f\u00e5r du 25% rabatt<\/td>\n<\/tr>\n<\/tbody>\n<\/table>\n","protected":false},"excerpt":{"rendered":"<p>Kursinformation Kurs: Koreanska nyb\u00f6rjare &#8211; A1 del 1 Arrangemangsnr: 926458 Startdatum: 2018-04-04 Veckodagar\/tider: On 18:00-20:15 Studietimmar: 21,00 Antal veckor: 7 Plats: Folkuniversitetet Stockholm Kungstensgatan 45 11359 STOCKHOLM Rum: 533 Portkod: Ingen V\u00e4gbeskrivning: T-bana R\u00e5dmansgatan eller T-bana Odenplan. Deltagarmeddelande: Kursboken heter Koreanska 1 ( endast textboken ska k\u00f6pas) Boken finns att k\u00f6pa en vecka innan kusstart &hellip; <a href=\"https:\/\/blogg.folkuniversitetet.nu\/hwanve\/a1-del-1-nyborjare\/\" class=\"more-link\">Continue reading <span class=\"screen-reader-text\">V\u00e5r A1 Del 1 &#8211; Nyb\u00f6rjare<\/span> <span class=\"meta-nav\">&rarr;<\/span><\/a><\/p>\n","protected":false},"author":581,"featured_media":0,"parent":0,"menu_order":0,"comment_status":"closed","ping_status":"closed","template":"","meta":{"footnotes":""},"class_list":["post-536","page","type-page","status-publish","hentry"],"_links":{"self":[{"href":"https:\/\/blogg.folkuniversitetet.nu\/hwanve\/wp-json\/wp\/v2\/pages\/536","targetHints":{"allow":["GET"]}}],"collection":[{"href":"https:\/\/blogg.folkuniversitetet.nu\/hwanve\/wp-json\/wp\/v2\/pages"}],"about":[{"href":"https:\/\/blogg.folkuniversitetet.nu\/hwanve\/wp-json\/wp\/v2\/types\/page"}],"author":[{"embeddable":true,"href":"https:\/\/blogg.folkuniversitetet.nu\/hwanve\/wp-json\/wp\/v2\/users\/581"}],"replies":[{"embeddable":true,"href":"https:\/\/blogg.folkuniversitetet.nu\/hwanve\/wp-json\/wp\/v2\/comments?post=536"}],"version-history":[{"count":2,"href":"https:\/\/blogg.folkuniversitetet.nu\/hwanve\/wp-json\/wp\/v2\/pages\/536\/revisions"}],"predecessor-version":[{"id":593,"href":"https:\/\/blogg.folkuniversitetet.nu\/hwanve\/wp-json\/wp\/v2\/pages\/536\/revisions\/593"}],"wp:attachment":[{"href":"https:\/\/blogg.folkuniversitetet.nu\/hwanve\/wp-json\/wp\/v2\/media?parent=536"}],"curies":[{"name":"wp","href":"https:\/\/api.w.org\/{rel}","templated":true}]}}