{"id":43,"date":"2016-03-02T01:52:16","date_gmt":"2016-03-02T01:52:16","guid":{"rendered":"http:\/\/blogg.folkuniversitetet.nu\/hwanve\/?page_id=43"},"modified":"2018-04-05T22:43:30","modified_gmt":"2018-04-05T22:43:30","slug":"courses","status":"publish","type":"page","link":"https:\/\/blogg.folkuniversitetet.nu\/hwanve\/courses\/","title":{"rendered":"Course Material"},"content":{"rendered":"<p><a href=\"http:\/\/blogg.folkuniversitetet.nu\/hwanve\/files\/2016\/03\/Korean-1A_Students-Book.jpg\" rel=\"attachment wp-att-46\"><img loading=\"lazy\" decoding=\"async\" class=\"wp-image-46 alignleft\" src=\"http:\/\/blogg.folkuniversitetet.nu\/hwanve\/files\/2016\/03\/Korean-1A_Students-Book-222x300.jpg\" alt=\"Korean 1A_Students Book\" width=\"196\" height=\"265\" srcset=\"https:\/\/blogg.folkuniversitetet.nu\/hwanve\/files\/2016\/03\/Korean-1A_Students-Book-222x300.jpg 222w, https:\/\/blogg.folkuniversitetet.nu\/hwanve\/files\/2016\/03\/Korean-1A_Students-Book.jpg 605w\" sizes=\"auto, (max-width: 196px) 100vw, 196px\" \/><\/a>(Sv) Boken heter Koreanska 1A. (Student&#8217;s Book) Boken finns att k\u00f6pa hos Ferdosi Studium Bookshop, Karlav 4, tfn nr 08-660 03 86. Var god ring g\u00e4rna innan du k\u00f6per boken. Vid uppvisande av kallelse f\u00e5r du 25% rabatt<\/p>\n<p>(En) The book is Koreanska 1A. You can buy it at the bookstore called Studium, Karlav\u00e4gen 4, tfn nr 08 660 03 86. Please check with them the inventory before you go.<\/p>\n<p>(Sv) Och jag anv\u00e4nder olika mediek\u00e4llor och material f\u00f6r mina kurser.<\/p>\n<p>(En) And I use various media sources and materials for my courses.<\/p>\n","protected":false},"excerpt":{"rendered":"<p>(Sv) Boken heter Koreanska 1A. (Student&#8217;s Book) Boken finns att k\u00f6pa hos Ferdosi Studium Bookshop, Karlav 4, tfn nr 08-660 03 86. Var god ring g\u00e4rna innan du k\u00f6per boken. Vid uppvisande av kallelse f\u00e5r du 25% rabatt (En) The book is Koreanska 1A. You can buy it at the bookstore called Studium, Karlav\u00e4gen 4, &hellip; <a href=\"https:\/\/blogg.folkuniversitetet.nu\/hwanve\/courses\/\" class=\"more-link\">Continue reading <span class=\"screen-reader-text\">Course Material<\/span> <span class=\"meta-nav\">&rarr;<\/span><\/a><\/p>\n","protected":false},"author":581,"featured_media":0,"parent":0,"menu_order":0,"comment_status":"closed","ping_status":"closed","template":"","meta":{"footnotes":""},"class_list":["post-43","page","type-page","status-publish","hentry"],"_links":{"self":[{"href":"https:\/\/blogg.folkuniversitetet.nu\/hwanve\/wp-json\/wp\/v2\/pages\/43","targetHints":{"allow":["GET"]}}],"collection":[{"href":"https:\/\/blogg.folkuniversitetet.nu\/hwanve\/wp-json\/wp\/v2\/pages"}],"about":[{"href":"https:\/\/blogg.folkuniversitetet.nu\/hwanve\/wp-json\/wp\/v2\/types\/page"}],"author":[{"embeddable":true,"href":"https:\/\/blogg.folkuniversitetet.nu\/hwanve\/wp-json\/wp\/v2\/users\/581"}],"replies":[{"embeddable":true,"href":"https:\/\/blogg.folkuniversitetet.nu\/hwanve\/wp-json\/wp\/v2\/comments?post=43"}],"version-history":[{"count":7,"href":"https:\/\/blogg.folkuniversitetet.nu\/hwanve\/wp-json\/wp\/v2\/pages\/43\/revisions"}],"predecessor-version":[{"id":542,"href":"https:\/\/blogg.folkuniversitetet.nu\/hwanve\/wp-json\/wp\/v2\/pages\/43\/revisions\/542"}],"wp:attachment":[{"href":"https:\/\/blogg.folkuniversitetet.nu\/hwanve\/wp-json\/wp\/v2\/media?parent=43"}],"curies":[{"name":"wp","href":"https:\/\/api.w.org\/{rel}","templated":true}]}}