{"id":221,"date":"2016-09-15T19:07:28","date_gmt":"2016-09-15T19:07:28","guid":{"rendered":"http:\/\/blogg.folkuniversitetet.nu\/hwanve\/?page_id=221"},"modified":"2016-09-15T19:52:16","modified_gmt":"2016-09-15T19:52:16","slug":"courses-2016-2","status":"publish","type":"page","link":"https:\/\/blogg.folkuniversitetet.nu\/hwanve\/courses-2016-2\/","title":{"rendered":"A1 Del3 8331"},"content":{"rendered":"<ul>\n<li>Kurs: Koreanska A1 del 3<\/li>\n<li>Arrangemangsnr: 8331<\/li>\n<li>Startdatum: 2016-09-13<\/li>\n<li>Veckodagar\/tider: Tis 18:00-19:30<\/li>\n<li>Studietimmar: 20,00<\/li>\n<li>Antal veckor: 10<\/li>\n<li>Plats: Viktor Rydbergs Gymnasium Jarlaplan Kungstensgatan 6 11425 STOCKHOLM<\/li>\n<li>Rum: 344<\/li>\n<li>V\u00e4gbeskrivning: T-bana R\u00e5dmansgatan eller Tekniska h\u00f6gskolan. Flera innerstadsbussar stannar n\u00e4ra, t ex buss 2.<\/li>\n<\/ul>\n","protected":false},"excerpt":{"rendered":"<p>Kurs: Koreanska A1 del 3 Arrangemangsnr: 8331 Startdatum: 2016-09-13 Veckodagar\/tider: Tis 18:00-19:30 Studietimmar: 20,00 Antal veckor: 10 Plats: Viktor Rydbergs Gymnasium Jarlaplan Kungstensgatan 6 11425 STOCKHOLM Rum: 344 V\u00e4gbeskrivning: T-bana R\u00e5dmansgatan eller Tekniska h\u00f6gskolan. Flera innerstadsbussar stannar n\u00e4ra, t ex buss 2.<\/p>\n","protected":false},"author":581,"featured_media":0,"parent":0,"menu_order":0,"comment_status":"closed","ping_status":"closed","template":"","meta":{"footnotes":""},"class_list":["post-221","page","type-page","status-publish","hentry"],"_links":{"self":[{"href":"https:\/\/blogg.folkuniversitetet.nu\/hwanve\/wp-json\/wp\/v2\/pages\/221","targetHints":{"allow":["GET"]}}],"collection":[{"href":"https:\/\/blogg.folkuniversitetet.nu\/hwanve\/wp-json\/wp\/v2\/pages"}],"about":[{"href":"https:\/\/blogg.folkuniversitetet.nu\/hwanve\/wp-json\/wp\/v2\/types\/page"}],"author":[{"embeddable":true,"href":"https:\/\/blogg.folkuniversitetet.nu\/hwanve\/wp-json\/wp\/v2\/users\/581"}],"replies":[{"embeddable":true,"href":"https:\/\/blogg.folkuniversitetet.nu\/hwanve\/wp-json\/wp\/v2\/comments?post=221"}],"version-history":[{"count":2,"href":"https:\/\/blogg.folkuniversitetet.nu\/hwanve\/wp-json\/wp\/v2\/pages\/221\/revisions"}],"predecessor-version":[{"id":229,"href":"https:\/\/blogg.folkuniversitetet.nu\/hwanve\/wp-json\/wp\/v2\/pages\/221\/revisions\/229"}],"wp:attachment":[{"href":"https:\/\/blogg.folkuniversitetet.nu\/hwanve\/wp-json\/wp\/v2\/media?parent=221"}],"curies":[{"name":"wp","href":"https:\/\/api.w.org\/{rel}","templated":true}]}}