{"id":188,"date":"2016-05-09T09:36:04","date_gmt":"2016-05-09T09:36:04","guid":{"rendered":"http:\/\/blogg.folkuniversitetet.nu\/hwanve\/?page_id=188"},"modified":"2019-11-27T16:59:32","modified_gmt":"2019-11-27T16:59:32","slug":"memories","status":"publish","type":"page","link":"https:\/\/blogg.folkuniversitetet.nu\/hwanve\/memories\/","title":{"rendered":"Memories"},"content":{"rendered":"<p>Avslutningsmiddagen p\u00e5 Nam Kang med elever, 25 nov 2019.<\/p>\n<p><a href=\"http:\/\/blogg.folkuniversitetet.nu\/hwanve\/files\/2019\/11\/IMG_9455-scaled.jpg\"><img loading=\"lazy\" decoding=\"async\" class=\"alignleft size-large wp-image-891\" src=\"http:\/\/blogg.folkuniversitetet.nu\/hwanve\/files\/2019\/11\/IMG_9455-1024x768.jpg\" alt=\"\" width=\"604\" height=\"453\" srcset=\"https:\/\/blogg.folkuniversitetet.nu\/hwanve\/files\/2019\/11\/IMG_9455-1024x768.jpg 1024w, https:\/\/blogg.folkuniversitetet.nu\/hwanve\/files\/2019\/11\/IMG_9455-300x225.jpg 300w, https:\/\/blogg.folkuniversitetet.nu\/hwanve\/files\/2019\/11\/IMG_9455-768x576.jpg 768w, https:\/\/blogg.folkuniversitetet.nu\/hwanve\/files\/2019\/11\/IMG_9455-1536x1152.jpg 1536w, https:\/\/blogg.folkuniversitetet.nu\/hwanve\/files\/2019\/11\/IMG_9455-2048x1536.jpg 2048w\" sizes=\"auto, (max-width: 604px) 100vw, 604px\" \/><\/a><\/p>\n<p>Avslutningsmiddagen p\u00e5 Nam Kang med elever fr\u00e5n koreanska A1 del2, den 10 maj 2019.<\/p>\n<p><a href=\"http:\/\/blogg.folkuniversitetet.nu\/hwanve\/files\/2019\/05\/62302D03-566E-4A9D-86AD-DEFA136D6EC9.jpeg\"><img loading=\"lazy\" decoding=\"async\" class=\"alignleft size-full wp-image-801\" src=\"http:\/\/blogg.folkuniversitetet.nu\/hwanve\/files\/2019\/05\/62302D03-566E-4A9D-86AD-DEFA136D6EC9.jpeg\" alt=\"\" width=\"3264\" height=\"2448\" srcset=\"https:\/\/blogg.folkuniversitetet.nu\/hwanve\/files\/2019\/05\/62302D03-566E-4A9D-86AD-DEFA136D6EC9.jpeg 3264w, https:\/\/blogg.folkuniversitetet.nu\/hwanve\/files\/2019\/05\/62302D03-566E-4A9D-86AD-DEFA136D6EC9-300x225.jpeg 300w, https:\/\/blogg.folkuniversitetet.nu\/hwanve\/files\/2019\/05\/62302D03-566E-4A9D-86AD-DEFA136D6EC9-768x576.jpeg 768w, https:\/\/blogg.folkuniversitetet.nu\/hwanve\/files\/2019\/05\/62302D03-566E-4A9D-86AD-DEFA136D6EC9-1024x768.jpeg 1024w\" sizes=\"auto, (max-width: 3264px) 100vw, 3264px\" \/><\/a><\/p>\n<p>&nbsp;<\/p>\n<p>&nbsp;<\/p>\n<p>&nbsp;<\/p>\n<p>Avslutningsmiddagen p\u00e5 MADAM med elever fr\u00e5n koreanska A1 del3, april 17 2019<\/p>\n<p><a href=\"http:\/\/blogg.folkuniversitetet.nu\/hwanve\/files\/2019\/04\/4840C80B-F5E0-4765-A786-C706F0D0B48E.jpeg\"><img loading=\"lazy\" decoding=\"async\" class=\"alignleft size-full wp-image-786\" src=\"http:\/\/blogg.folkuniversitetet.nu\/hwanve\/files\/2019\/04\/4840C80B-F5E0-4765-A786-C706F0D0B48E.jpeg\" alt=\"\" width=\"3264\" height=\"2448\" srcset=\"https:\/\/blogg.folkuniversitetet.nu\/hwanve\/files\/2019\/04\/4840C80B-F5E0-4765-A786-C706F0D0B48E.jpeg 3264w, https:\/\/blogg.folkuniversitetet.nu\/hwanve\/files\/2019\/04\/4840C80B-F5E0-4765-A786-C706F0D0B48E-300x225.jpeg 300w, https:\/\/blogg.folkuniversitetet.nu\/hwanve\/files\/2019\/04\/4840C80B-F5E0-4765-A786-C706F0D0B48E-768x576.jpeg 768w, https:\/\/blogg.folkuniversitetet.nu\/hwanve\/files\/2019\/04\/4840C80B-F5E0-4765-A786-C706F0D0B48E-1024x768.jpeg 1024w\" sizes=\"auto, (max-width: 3264px) 100vw, 3264px\" \/><\/a><\/p>\n<p>Gemensam lunch p\u00e5 Arirang med elever fr\u00e5n koreanska A1 del1 f\u00f6r ton\u00e5ringar, mar 1 2019.<\/p>\n<p><a href=\"http:\/\/blogg.folkuniversitetet.nu\/hwanve\/files\/2019\/03\/2306692B-1557-4B5F-B086-E5E5D938FA10.jpeg\"><img loading=\"lazy\" decoding=\"async\" class=\"alignleft size-full wp-image-730\" src=\"http:\/\/blogg.folkuniversitetet.nu\/hwanve\/files\/2019\/03\/2306692B-1557-4B5F-B086-E5E5D938FA10.jpeg\" alt=\"\" width=\"3264\" height=\"2448\" srcset=\"https:\/\/blogg.folkuniversitetet.nu\/hwanve\/files\/2019\/03\/2306692B-1557-4B5F-B086-E5E5D938FA10.jpeg 3264w, https:\/\/blogg.folkuniversitetet.nu\/hwanve\/files\/2019\/03\/2306692B-1557-4B5F-B086-E5E5D938FA10-300x225.jpeg 300w, https:\/\/blogg.folkuniversitetet.nu\/hwanve\/files\/2019\/03\/2306692B-1557-4B5F-B086-E5E5D938FA10-768x576.jpeg 768w, https:\/\/blogg.folkuniversitetet.nu\/hwanve\/files\/2019\/03\/2306692B-1557-4B5F-B086-E5E5D938FA10-1024x768.jpeg 1024w\" sizes=\"auto, (max-width: 3264px) 100vw, 3264px\" \/><\/a><\/p>\n<p>Gemensam middag med elever som avslutade Del 1 och Del 2 kurser i h\u00f6stterminen 2018, okt 31<\/p>\n<p><a href=\"http:\/\/blogg.folkuniversitetet.nu\/hwanve\/files\/2018\/10\/326AEBC4-F8B9-4607-8D57-D1CB2EF12721.jpeg\"><img loading=\"lazy\" decoding=\"async\" class=\"alignleft size-full wp-image-686\" src=\"http:\/\/blogg.folkuniversitetet.nu\/hwanve\/files\/2018\/10\/326AEBC4-F8B9-4607-8D57-D1CB2EF12721.jpeg\" alt=\"\" width=\"3264\" height=\"2448\" srcset=\"https:\/\/blogg.folkuniversitetet.nu\/hwanve\/files\/2018\/10\/326AEBC4-F8B9-4607-8D57-D1CB2EF12721.jpeg 3264w, https:\/\/blogg.folkuniversitetet.nu\/hwanve\/files\/2018\/10\/326AEBC4-F8B9-4607-8D57-D1CB2EF12721-300x225.jpeg 300w, https:\/\/blogg.folkuniversitetet.nu\/hwanve\/files\/2018\/10\/326AEBC4-F8B9-4607-8D57-D1CB2EF12721-768x576.jpeg 768w, https:\/\/blogg.folkuniversitetet.nu\/hwanve\/files\/2018\/10\/326AEBC4-F8B9-4607-8D57-D1CB2EF12721-1024x768.jpeg 1024w\" sizes=\"auto, (max-width: 3264px) 100vw, 3264px\" \/><\/a><\/p>\n<p>&nbsp;<\/p>\n<p>&nbsp;<\/p>\n<p>&nbsp;<\/p>\n<p>&nbsp;<\/p>\n<p>&nbsp;<\/p>\n<p>&nbsp;<\/p>\n<p>Avslutnings middag p\u00e5 Nam Kang med elever, koreanska nyb\u00f6rjarkurs, maj 30 2018<\/p>\n<p><a href=\"http:\/\/blogg.folkuniversitetet.nu\/hwanve\/files\/2018\/06\/avslutning-koreanska-del-1.jpg\"><img loading=\"lazy\" decoding=\"async\" class=\"alignleft size-full wp-image-589\" src=\"http:\/\/blogg.folkuniversitetet.nu\/hwanve\/files\/2018\/06\/avslutning-koreanska-del-1.jpg\" alt=\"\" width=\"960\" height=\"720\" srcset=\"https:\/\/blogg.folkuniversitetet.nu\/hwanve\/files\/2018\/06\/avslutning-koreanska-del-1.jpg 960w, https:\/\/blogg.folkuniversitetet.nu\/hwanve\/files\/2018\/06\/avslutning-koreanska-del-1-300x225.jpg 300w, https:\/\/blogg.folkuniversitetet.nu\/hwanve\/files\/2018\/06\/avslutning-koreanska-del-1-768x576.jpg 768w\" sizes=\"auto, (max-width: 960px) 100vw, 960px\" \/><\/a><\/p>\n<p>Koreanska julbord med elever Dec 2017<a href=\"http:\/\/blogg.folkuniversitetet.nu\/hwanve\/files\/2018\/04\/IMG_2193.jpg\"><img loading=\"lazy\" decoding=\"async\" class=\"alignleft size-full wp-image-543\" src=\"http:\/\/blogg.folkuniversitetet.nu\/hwanve\/files\/2018\/04\/IMG_2193.jpg\" alt=\"\" width=\"3264\" height=\"2448\" srcset=\"https:\/\/blogg.folkuniversitetet.nu\/hwanve\/files\/2018\/04\/IMG_2193.jpg 3264w, https:\/\/blogg.folkuniversitetet.nu\/hwanve\/files\/2018\/04\/IMG_2193-300x225.jpg 300w, https:\/\/blogg.folkuniversitetet.nu\/hwanve\/files\/2018\/04\/IMG_2193-768x576.jpg 768w, https:\/\/blogg.folkuniversitetet.nu\/hwanve\/files\/2018\/04\/IMG_2193-1024x768.jpg 1024w\" sizes=\"auto, (max-width: 3264px) 100vw, 3264px\" \/><\/a><\/p>\n<p>&nbsp;<\/p>\n<p>&nbsp;<\/p>\n<p>&nbsp;<\/p>\n<p>&nbsp;<\/p>\n<p>&nbsp;<\/p>\n<p>Avslutningsmiddag A1 Del1 Juni 2017<a href=\"http:\/\/blogg.folkuniversitetet.nu\/hwanve\/files\/2017\/06\/IMG_9817.jpg\"><img loading=\"lazy\" decoding=\"async\" class=\"alignleft size-full wp-image-411\" src=\"http:\/\/blogg.folkuniversitetet.nu\/hwanve\/files\/2017\/06\/IMG_9817.jpg\" alt=\"\" width=\"960\" height=\"720\" srcset=\"https:\/\/blogg.folkuniversitetet.nu\/hwanve\/files\/2017\/06\/IMG_9817.jpg 960w, https:\/\/blogg.folkuniversitetet.nu\/hwanve\/files\/2017\/06\/IMG_9817-300x225.jpg 300w, https:\/\/blogg.folkuniversitetet.nu\/hwanve\/files\/2017\/06\/IMG_9817-768x576.jpg 768w\" sizes=\"auto, (max-width: 960px) 100vw, 960px\" \/><\/a><\/p>\n<p style=\"text-align: left\">Avslutningsmiddag A1 Del4 April 2016<\/p>\n<p style=\"text-align: left\"><a href=\"http:\/\/blogg.folkuniversitetet.nu\/hwanve\/files\/2016\/05\/IMG_8825.jpg\"><img loading=\"lazy\" decoding=\"async\" class=\"alignleft size-full wp-image-376\" src=\"http:\/\/blogg.folkuniversitetet.nu\/hwanve\/files\/2016\/05\/IMG_8825.jpg\" alt=\"\" width=\"1280\" height=\"960\" srcset=\"https:\/\/blogg.folkuniversitetet.nu\/hwanve\/files\/2016\/05\/IMG_8825.jpg 1280w, https:\/\/blogg.folkuniversitetet.nu\/hwanve\/files\/2016\/05\/IMG_8825-300x225.jpg 300w, https:\/\/blogg.folkuniversitetet.nu\/hwanve\/files\/2016\/05\/IMG_8825-768x576.jpg 768w, https:\/\/blogg.folkuniversitetet.nu\/hwanve\/files\/2016\/05\/IMG_8825-1024x768.jpg 1024w\" sizes=\"auto, (max-width: 1280px) 100vw, 1280px\" \/><\/a><\/p>\n<p style=\"text-align: left\">Avslutningsmiddag A1 Del3 Nov 2016<a href=\"http:\/\/blogg.folkuniversitetet.nu\/hwanve\/files\/2016\/11\/IMG_7191.jpg\"><img loading=\"lazy\" decoding=\"async\" class=\"alignleft size-full wp-image-271\" src=\"http:\/\/blogg.folkuniversitetet.nu\/hwanve\/files\/2016\/11\/IMG_7191.jpg\" alt=\"img_7191\" width=\"3264\" height=\"2448\" srcset=\"https:\/\/blogg.folkuniversitetet.nu\/hwanve\/files\/2016\/11\/IMG_7191.jpg 3264w, https:\/\/blogg.folkuniversitetet.nu\/hwanve\/files\/2016\/11\/IMG_7191-300x225.jpg 300w, https:\/\/blogg.folkuniversitetet.nu\/hwanve\/files\/2016\/11\/IMG_7191-768x576.jpg 768w, https:\/\/blogg.folkuniversitetet.nu\/hwanve\/files\/2016\/11\/IMG_7191-1024x768.jpg 1024w\" sizes=\"auto, (max-width: 3264px) 100vw, 3264px\" \/><\/a><\/p>\n<p>Avslutningsmiddag av Koreanska A1 Del2, maj 2016<a href=\"http:\/\/blogg.folkuniversitetet.nu\/hwanve\/files\/2016\/09\/CkSX-1LW0AAp-MC.jpg\"><img loading=\"lazy\" decoding=\"async\" class=\"alignleft size-full wp-image-212\" src=\"http:\/\/blogg.folkuniversitetet.nu\/hwanve\/files\/2016\/09\/CkSX-1LW0AAp-MC.jpg\" alt=\"cksx-1lw0aap-mc\" width=\"1200\" height=\"900\" srcset=\"https:\/\/blogg.folkuniversitetet.nu\/hwanve\/files\/2016\/09\/CkSX-1LW0AAp-MC.jpg 1200w, https:\/\/blogg.folkuniversitetet.nu\/hwanve\/files\/2016\/09\/CkSX-1LW0AAp-MC-300x225.jpg 300w, https:\/\/blogg.folkuniversitetet.nu\/hwanve\/files\/2016\/09\/CkSX-1LW0AAp-MC-768x576.jpg 768w, https:\/\/blogg.folkuniversitetet.nu\/hwanve\/files\/2016\/09\/CkSX-1LW0AAp-MC-1024x768.jpg 1024w\" sizes=\"auto, (max-width: 1200px) 100vw, 1200px\" \/><\/a><a href=\"http:\/\/blogg.folkuniversitetet.nu\/hwanve\/files\/2016\/05\/image.jpeg\"><img loading=\"lazy\" decoding=\"async\" class=\"alignleft size-full wp-image-189\" src=\"http:\/\/blogg.folkuniversitetet.nu\/hwanve\/files\/2016\/05\/image.jpeg\" alt=\"image\" width=\"1280\" height=\"1280\" srcset=\"https:\/\/blogg.folkuniversitetet.nu\/hwanve\/files\/2016\/05\/image.jpeg 1280w, https:\/\/blogg.folkuniversitetet.nu\/hwanve\/files\/2016\/05\/image-150x150.jpeg 150w, https:\/\/blogg.folkuniversitetet.nu\/hwanve\/files\/2016\/05\/image-300x300.jpeg 300w, https:\/\/blogg.folkuniversitetet.nu\/hwanve\/files\/2016\/05\/image-768x768.jpeg 768w, https:\/\/blogg.folkuniversitetet.nu\/hwanve\/files\/2016\/05\/image-1024x1024.jpeg 1024w\" sizes=\"auto, (max-width: 1280px) 100vw, 1280px\" \/><\/a><\/p>\n<p><a href=\"http:\/\/blogg.folkuniversitetet.nu\/hwanve\/files\/2016\/05\/image-1.jpeg\"><img loading=\"lazy\" decoding=\"async\" class=\"alignleft size-full wp-image-190\" src=\"http:\/\/blogg.folkuniversitetet.nu\/hwanve\/files\/2016\/05\/image-1.jpeg\" alt=\"image\" width=\"768\" height=\"1024\" srcset=\"https:\/\/blogg.folkuniversitetet.nu\/hwanve\/files\/2016\/05\/image-1.jpeg 768w, https:\/\/blogg.folkuniversitetet.nu\/hwanve\/files\/2016\/05\/image-1-225x300.jpeg 225w\" sizes=\"auto, (max-width: 768px) 100vw, 768px\" \/><\/a><\/p>\n<p><a href=\"http:\/\/blogg.folkuniversitetet.nu\/hwanve\/files\/2016\/05\/image-2.jpeg\"><img loading=\"lazy\" decoding=\"async\" class=\"alignleft size-full wp-image-191\" src=\"http:\/\/blogg.folkuniversitetet.nu\/hwanve\/files\/2016\/05\/image-2.jpeg\" alt=\"image\" width=\"1024\" height=\"576\" srcset=\"https:\/\/blogg.folkuniversitetet.nu\/hwanve\/files\/2016\/05\/image-2.jpeg 1024w, https:\/\/blogg.folkuniversitetet.nu\/hwanve\/files\/2016\/05\/image-2-300x169.jpeg 300w, https:\/\/blogg.folkuniversitetet.nu\/hwanve\/files\/2016\/05\/image-2-768x432.jpeg 768w\" sizes=\"auto, (max-width: 1024px) 100vw, 1024px\" \/><\/a><a href=\"http:\/\/blogg.folkuniversitetet.nu\/hwanve\/files\/2016\/05\/image-3.jpeg\"><img loading=\"lazy\" decoding=\"async\" class=\"alignleft size-full wp-image-192\" src=\"http:\/\/blogg.folkuniversitetet.nu\/hwanve\/files\/2016\/05\/image-3.jpeg\" alt=\"2014\" width=\"960\" height=\"960\" srcset=\"https:\/\/blogg.folkuniversitetet.nu\/hwanve\/files\/2016\/05\/image-3.jpeg 960w, https:\/\/blogg.folkuniversitetet.nu\/hwanve\/files\/2016\/05\/image-3-150x150.jpeg 150w, https:\/\/blogg.folkuniversitetet.nu\/hwanve\/files\/2016\/05\/image-3-300x300.jpeg 300w, https:\/\/blogg.folkuniversitetet.nu\/hwanve\/files\/2016\/05\/image-3-768x768.jpeg 768w\" sizes=\"auto, (max-width: 960px) 100vw, 960px\" \/><\/a><\/p>\n","protected":false},"excerpt":{"rendered":"<p>Avslutningsmiddagen p\u00e5 Nam Kang med elever, 25 nov 2019. Avslutningsmiddagen p\u00e5 Nam Kang med elever fr\u00e5n koreanska A1 del2, den 10 maj 2019. &nbsp; &nbsp; &nbsp; Avslutningsmiddagen p\u00e5 MADAM med elever fr\u00e5n koreanska A1 del3, april 17 2019 Gemensam lunch p\u00e5 Arirang med elever fr\u00e5n koreanska A1 del1 f\u00f6r ton\u00e5ringar, mar 1 2019. Gemensam middag &hellip; <a href=\"https:\/\/blogg.folkuniversitetet.nu\/hwanve\/memories\/\" class=\"more-link\">Continue reading <span class=\"screen-reader-text\">Memories<\/span> <span class=\"meta-nav\">&rarr;<\/span><\/a><\/p>\n","protected":false},"author":581,"featured_media":0,"parent":0,"menu_order":0,"comment_status":"closed","ping_status":"closed","template":"","meta":{"footnotes":""},"class_list":["post-188","page","type-page","status-publish","hentry"],"_links":{"self":[{"href":"https:\/\/blogg.folkuniversitetet.nu\/hwanve\/wp-json\/wp\/v2\/pages\/188","targetHints":{"allow":["GET"]}}],"collection":[{"href":"https:\/\/blogg.folkuniversitetet.nu\/hwanve\/wp-json\/wp\/v2\/pages"}],"about":[{"href":"https:\/\/blogg.folkuniversitetet.nu\/hwanve\/wp-json\/wp\/v2\/types\/page"}],"author":[{"embeddable":true,"href":"https:\/\/blogg.folkuniversitetet.nu\/hwanve\/wp-json\/wp\/v2\/users\/581"}],"replies":[{"embeddable":true,"href":"https:\/\/blogg.folkuniversitetet.nu\/hwanve\/wp-json\/wp\/v2\/comments?post=188"}],"version-history":[{"count":18,"href":"https:\/\/blogg.folkuniversitetet.nu\/hwanve\/wp-json\/wp\/v2\/pages\/188\/revisions"}],"predecessor-version":[{"id":892,"href":"https:\/\/blogg.folkuniversitetet.nu\/hwanve\/wp-json\/wp\/v2\/pages\/188\/revisions\/892"}],"wp:attachment":[{"href":"https:\/\/blogg.folkuniversitetet.nu\/hwanve\/wp-json\/wp\/v2\/media?parent=188"}],"curies":[{"name":"wp","href":"https:\/\/api.w.org\/{rel}","templated":true}]}}