{"id":962,"date":"2014-09-09T14:58:33","date_gmt":"2014-09-09T14:58:33","guid":{"rendered":"http:\/\/blogg.folkuniversitetet.nu\/gunnas\/?page_id=962"},"modified":"2014-09-10T14:25:28","modified_gmt":"2014-09-10T14:25:28","slug":"mera-satir","status":"publish","type":"page","link":"https:\/\/blogg.folkuniversitetet.nu\/gunnas\/mera-satir\/","title":{"rendered":"Mera satir"},"content":{"rendered":"<p>Fr\u00e5n SVT\u00a0f\u00e5r vi mer information om <strong>politiken och valet<\/strong>, i form av <strong>satir<\/strong>, med hj\u00e4lp av komikern Henrik Dorsins <strong>imitationer<\/strong> av v\u00e5ra politiker.<\/p>\n<p><a href=\"http:\/\/www.svtplay.se\/video\/2294277\/folkets-framsta-foretradare\/valspecial\">Folkets fr\u00e4msta f\u00f6retr\u00e4dare<\/a><\/p>\n<p>Detta avsnitt \u00e4r <strong>cirka 7 minuter l\u00e5ngt<\/strong> och det finns m\u00e5nga fler att titta p\u00e5, vissa ganska korta (2 minuter). Alla g\u00e5r ocks\u00e5 att se <strong>med text.<\/strong><\/p>\n<p>&nbsp;<\/p>\n","protected":false},"excerpt":{"rendered":"<p>Fr\u00e5n SVT\u00a0f\u00e5r vi mer information om politiken och valet, i form av satir, med hj\u00e4lp av komikern Henrik Dorsins imitationer av v\u00e5ra politiker. <a href=\"http:\/\/www.svtplay.se\/video\/2294277\/folkets-framsta-foretradare\/valspecial\">Folkets fr\u00e4msta f\u00f6retr\u00e4dare<\/a> Detta avsnitt \u00e4r cirka 7 minuter l\u00e5ngt och det finns m\u00e5nga fler att titta p\u00e5, vissa ganska korta (2 minuter). Alla g\u00e5r ocks\u00e5 att se med text. &nbsp;<\/p>\n","protected":false},"author":158,"featured_media":0,"parent":0,"menu_order":0,"comment_status":"open","ping_status":"open","template":"","meta":{"footnotes":""},"class_list":["post-962","page","type-page","status-publish","hentry"],"_links":{"self":[{"href":"https:\/\/blogg.folkuniversitetet.nu\/gunnas\/wp-json\/wp\/v2\/pages\/962","targetHints":{"allow":["GET"]}}],"collection":[{"href":"https:\/\/blogg.folkuniversitetet.nu\/gunnas\/wp-json\/wp\/v2\/pages"}],"about":[{"href":"https:\/\/blogg.folkuniversitetet.nu\/gunnas\/wp-json\/wp\/v2\/types\/page"}],"author":[{"embeddable":true,"href":"https:\/\/blogg.folkuniversitetet.nu\/gunnas\/wp-json\/wp\/v2\/users\/158"}],"replies":[{"embeddable":true,"href":"https:\/\/blogg.folkuniversitetet.nu\/gunnas\/wp-json\/wp\/v2\/comments?post=962"}],"version-history":[{"count":4,"href":"https:\/\/blogg.folkuniversitetet.nu\/gunnas\/wp-json\/wp\/v2\/pages\/962\/revisions"}],"predecessor-version":[{"id":984,"href":"https:\/\/blogg.folkuniversitetet.nu\/gunnas\/wp-json\/wp\/v2\/pages\/962\/revisions\/984"}],"wp:attachment":[{"href":"https:\/\/blogg.folkuniversitetet.nu\/gunnas\/wp-json\/wp\/v2\/media?parent=962"}],"curies":[{"name":"wp","href":"https:\/\/api.w.org\/{rel}","templated":true}]}}