{"id":911,"date":"2014-09-03T13:23:57","date_gmt":"2014-09-03T13:23:57","guid":{"rendered":"http:\/\/blogg.folkuniversitetet.nu\/gunnas\/?page_id=911"},"modified":"2014-09-11T16:36:59","modified_gmt":"2014-09-11T16:36:59","slug":"valfeber","status":"publish","type":"page","link":"https:\/\/blogg.folkuniversitetet.nu\/gunnas\/valfeber\/","title":{"rendered":"Valfeber"},"content":{"rendered":"<p>En serie korta filmer om valet och politiken.<\/p>\n<p>Filmerna \u00e4r gjorda f\u00f6r ungdomar, \u00e4r textade och \u00e4r lite satiriska.<\/p>\n<p>del 1 <a href=\"http:\/\/www.svtplay.se\/video\/2279893\/valfeber\/avsnitt-1\">Valfeber<\/a><\/p>\n<p>del 2 <a href=\"http:\/\/www.svtplay.se\/video\/2279945\/valfeber\/avsnitt-2\">Valfeber<\/a><\/p>\n<p>del 3 <a href=\"http:\/\/www.svtplay.se\/video\/2279946\/valfeber\/avsnitt-3\">Valfeber<\/a><\/p>\n<p>del 5 <a href=\"http:\/\/www.svtplay.se\/video\/2279884\/valfeber\/avsnitt-4\">Valfeber<\/a><\/p>\n<p>del 6 <a href=\"http:\/\/www.svt.se\/valfeber\/se-program\/avsnitt-6-74?autostart=true\">Valfeber<\/a><\/p>\n<p>del 7 <a href=\"http:\/\/www.svt.se\/valfeber\/se-program\/avsnitt-7-53?autostart=true\">Valfeber<\/a><\/p>\n<p>del 8 <a href=\"http:\/\/www.svt.se\/valfeber\/se-program\/avsnitt-8-54?autostart=true\">Valfeber<\/a><\/p>\n","protected":false},"excerpt":{"rendered":"<p>En serie korta filmer om valet och politiken. Filmerna \u00e4r gjorda f\u00f6r ungdomar, \u00e4r textade och \u00e4r lite satiriska. del 1 <a href=\"http:\/\/www.svtplay.se\/video\/2279893\/valfeber\/avsnitt-1\">Valfeber<\/a> del 2 <a href=\"http:\/\/www.svtplay.se\/video\/2279945\/valfeber\/avsnitt-2\">Valfeber<\/a> del 3 <a href=\"http:\/\/www.svtplay.se\/video\/2279946\/valfeber\/avsnitt-3\">Valfeber<\/a> del 5 <a href=\"http:\/\/www.svtplay.se\/video\/2279884\/valfeber\/avsnitt-4\">Valfeber<\/a> del 6 <a href=\"http:\/\/www.svt.se\/valfeber\/se-program\/avsnitt-6-74?autostart=true\">Valfeber<\/a> del 7 <a href=\"http:\/\/www.svt.se\/valfeber\/se-program\/avsnitt-7-53?autostart=true\">Valfeber<\/a> del 8 <a href=\"http:\/\/www.svt.se\/valfeber\/se-program\/avsnitt-8-54?autostart=true\">Valfeber<\/a><\/p>\n","protected":false},"author":158,"featured_media":0,"parent":0,"menu_order":0,"comment_status":"open","ping_status":"open","template":"","meta":{"footnotes":""},"class_list":["post-911","page","type-page","status-publish","hentry"],"_links":{"self":[{"href":"https:\/\/blogg.folkuniversitetet.nu\/gunnas\/wp-json\/wp\/v2\/pages\/911","targetHints":{"allow":["GET"]}}],"collection":[{"href":"https:\/\/blogg.folkuniversitetet.nu\/gunnas\/wp-json\/wp\/v2\/pages"}],"about":[{"href":"https:\/\/blogg.folkuniversitetet.nu\/gunnas\/wp-json\/wp\/v2\/types\/page"}],"author":[{"embeddable":true,"href":"https:\/\/blogg.folkuniversitetet.nu\/gunnas\/wp-json\/wp\/v2\/users\/158"}],"replies":[{"embeddable":true,"href":"https:\/\/blogg.folkuniversitetet.nu\/gunnas\/wp-json\/wp\/v2\/comments?post=911"}],"version-history":[{"count":5,"href":"https:\/\/blogg.folkuniversitetet.nu\/gunnas\/wp-json\/wp\/v2\/pages\/911\/revisions"}],"predecessor-version":[{"id":1023,"href":"https:\/\/blogg.folkuniversitetet.nu\/gunnas\/wp-json\/wp\/v2\/pages\/911\/revisions\/1023"}],"wp:attachment":[{"href":"https:\/\/blogg.folkuniversitetet.nu\/gunnas\/wp-json\/wp\/v2\/media?parent=911"}],"curies":[{"name":"wp","href":"https:\/\/api.w.org\/{rel}","templated":true}]}}