{"id":836,"date":"2014-08-25T14:12:08","date_gmt":"2014-08-25T14:12:08","guid":{"rendered":"http:\/\/blogg.folkuniversitetet.nu\/gunnas\/?page_id=836"},"modified":"2014-08-25T14:12:08","modified_gmt":"2014-08-25T14:12:08","slug":"transitiva-och-intransitiva-verb","status":"publish","type":"page","link":"https:\/\/blogg.folkuniversitetet.nu\/gunnas\/transitiva-och-intransitiva-verb\/","title":{"rendered":"Transitiva och intransitiva verb"},"content":{"rendered":"<p>Genomg\u00e5ng av de<\/p>\n<p>verb som tar objekt = <strong>transitiva verb<\/strong><\/p>\n<p>och de verb som inte tar objekt = <strong>intransitiva verb<\/strong><\/p>\n<p>N.B. I genomg\u00e5ngen pratar hon om att <span style=\"text-decoration: underline\">ett verb tar eller inte tar ett objekt<\/span>.\u00a0\u00a0Det som menas d\u00e5 \u00e4r <span style=\"text-decoration: underline\">direkt objekt<\/span>,<span style=\"text-decoration: underline\"> allts\u00e5 inte objekt som m\u00e5ste ha en preposition f\u00f6re<\/span>!<\/p>\n<p><a href=\"https:\/\/www.youtube.com\/watch?v=ktBuoNWl3Xo\">Transitiva och intransitiva verb<\/a><\/p>\n<p>&nbsp;<\/p>\n","protected":false},"excerpt":{"rendered":"<p>Genomg\u00e5ng av de verb som tar objekt = transitiva verb och de verb som inte tar objekt = intransitiva verb N.B. I genomg\u00e5ngen pratar hon om att ett verb tar eller inte tar ett objekt.\u00a0\u00a0Det som menas d\u00e5 \u00e4r direkt objekt, allts\u00e5 inte objekt som m\u00e5ste ha en preposition f\u00f6re! <a href=\"https:\/\/www.youtube.com\/watch?v=ktBuoNWl3Xo\">Transitiva och intransitiva verb<\/a> [&#8230;]<\/p>\n","protected":false},"author":158,"featured_media":0,"parent":0,"menu_order":0,"comment_status":"open","ping_status":"open","template":"","meta":{"footnotes":""},"class_list":["post-836","page","type-page","status-publish","hentry"],"_links":{"self":[{"href":"https:\/\/blogg.folkuniversitetet.nu\/gunnas\/wp-json\/wp\/v2\/pages\/836","targetHints":{"allow":["GET"]}}],"collection":[{"href":"https:\/\/blogg.folkuniversitetet.nu\/gunnas\/wp-json\/wp\/v2\/pages"}],"about":[{"href":"https:\/\/blogg.folkuniversitetet.nu\/gunnas\/wp-json\/wp\/v2\/types\/page"}],"author":[{"embeddable":true,"href":"https:\/\/blogg.folkuniversitetet.nu\/gunnas\/wp-json\/wp\/v2\/users\/158"}],"replies":[{"embeddable":true,"href":"https:\/\/blogg.folkuniversitetet.nu\/gunnas\/wp-json\/wp\/v2\/comments?post=836"}],"version-history":[{"count":1,"href":"https:\/\/blogg.folkuniversitetet.nu\/gunnas\/wp-json\/wp\/v2\/pages\/836\/revisions"}],"predecessor-version":[{"id":837,"href":"https:\/\/blogg.folkuniversitetet.nu\/gunnas\/wp-json\/wp\/v2\/pages\/836\/revisions\/837"}],"wp:attachment":[{"href":"https:\/\/blogg.folkuniversitetet.nu\/gunnas\/wp-json\/wp\/v2\/media?parent=836"}],"curies":[{"name":"wp","href":"https:\/\/api.w.org\/{rel}","templated":true}]}}