{"id":819,"date":"2014-08-21T10:48:35","date_gmt":"2014-08-21T10:48:35","guid":{"rendered":"http:\/\/blogg.folkuniversitetet.nu\/gunnas\/?page_id=819"},"modified":"2014-09-23T16:47:48","modified_gmt":"2014-09-23T16:47:48","slug":"drama","status":"publish","type":"page","link":"https:\/\/blogg.folkuniversitetet.nu\/gunnas\/drama\/","title":{"rendered":"Drama"},"content":{"rendered":"<p>Jonas Gardells filmserie om den homosexuelle killen Rasmus och om hans pojkv\u00e4n Benjamin\u00a0som drabbas av sjukdomen AIDS.<\/p>\n<p>Det g\u00e5r att f\u00e5 text till filmen! Klicka p\u00e5 T!<\/p>\n<p><a href=\"http:\/\/www.svtplay.se\/video\/340066\/torka-aldrig-tarar-utan-handskar\/avsnitt-1\">Torka aldrig t\u00e5rar utan handskar<\/a><\/p>\n","protected":false},"excerpt":{"rendered":"<p>Jonas Gardells filmserie om den homosexuelle killen Rasmus och om hans pojkv\u00e4n Benjamin\u00a0som drabbas av sjukdomen AIDS. Det g\u00e5r att f\u00e5 text till filmen! Klicka p\u00e5 T! <a href=\"http:\/\/www.svtplay.se\/video\/340066\/torka-aldrig-tarar-utan-handskar\/avsnitt-1\">Torka aldrig t\u00e5rar utan handskar<\/a><\/p>\n","protected":false},"author":158,"featured_media":0,"parent":0,"menu_order":0,"comment_status":"open","ping_status":"open","template":"","meta":{"footnotes":""},"class_list":["post-819","page","type-page","status-publish","hentry"],"_links":{"self":[{"href":"https:\/\/blogg.folkuniversitetet.nu\/gunnas\/wp-json\/wp\/v2\/pages\/819","targetHints":{"allow":["GET"]}}],"collection":[{"href":"https:\/\/blogg.folkuniversitetet.nu\/gunnas\/wp-json\/wp\/v2\/pages"}],"about":[{"href":"https:\/\/blogg.folkuniversitetet.nu\/gunnas\/wp-json\/wp\/v2\/types\/page"}],"author":[{"embeddable":true,"href":"https:\/\/blogg.folkuniversitetet.nu\/gunnas\/wp-json\/wp\/v2\/users\/158"}],"replies":[{"embeddable":true,"href":"https:\/\/blogg.folkuniversitetet.nu\/gunnas\/wp-json\/wp\/v2\/comments?post=819"}],"version-history":[{"count":3,"href":"https:\/\/blogg.folkuniversitetet.nu\/gunnas\/wp-json\/wp\/v2\/pages\/819\/revisions"}],"predecessor-version":[{"id":1109,"href":"https:\/\/blogg.folkuniversitetet.nu\/gunnas\/wp-json\/wp\/v2\/pages\/819\/revisions\/1109"}],"wp:attachment":[{"href":"https:\/\/blogg.folkuniversitetet.nu\/gunnas\/wp-json\/wp\/v2\/media?parent=819"}],"curies":[{"name":"wp","href":"https:\/\/api.w.org\/{rel}","templated":true}]}}