{"id":802,"date":"2014-08-20T06:52:49","date_gmt":"2014-08-20T06:52:49","guid":{"rendered":"http:\/\/blogg.folkuniversitetet.nu\/gunnas\/?page_id=802"},"modified":"2015-03-24T15:22:50","modified_gmt":"2015-03-24T15:22:50","slug":"tidningar","status":"publish","type":"page","link":"https:\/\/blogg.folkuniversitetet.nu\/gunnas\/tidningar\/","title":{"rendered":"NYHETER"},"content":{"rendered":"<p><strong>L\u00e4s nyheter p\u00e5 l\u00e4tt svenska!<\/strong><\/p>\n<p><a href=\"https:\/\/drive.google.com\/file\/d\/0B9z6HFlXjXQOU2laazBjcmJ1dE0\/edit?usp=sharing\">8 Sidor vecka 34<\/a><\/p>\n<p><a href=\"https:\/\/drive.google.com\/file\/d\/0B9z6HFlXjXQONXZJZFVFVms5WXc\/edit?usp=sharing\">8 sidor vecka 35<\/a><\/p>\n<p><a href=\"https:\/\/drive.google.com\/file\/d\/0B9z6HFlXjXQOSFVtdE9OeWFGSDA\/edit?usp=sharing\">8 Sidor v.36<\/a><\/p>\n<p><a href=\"https:\/\/drive.google.com\/file\/d\/0B9z6HFlXjXQONGdvWVBMRmttODA\/view?usp=sharing\">8-sidor nr 46<\/a><\/p>\n<p>&nbsp;<\/p>\n<p><strong>Svenska nyheter &#8211; dagspress<\/strong><\/p>\n<p><a href=\"http:\/\/www.dn.se\/\">Dagens Nyheter<\/a>\u00a0 Rikst\u00e4ckande dagstidning<\/p>\n<p><a href=\"http:\/\/www.svd.se\/\">Svenska Dagbladet<\/a>\u00a0Rikst\u00e4ckande dagstidning<\/p>\n<p><a href=\"http:\/\/www.st.nu\/\">Sundsvalls Tidning<\/a>\u00a0Lokal dagstidning Medelpad<\/p>\n<p><a href=\"http:\/\/www.allehanda.se\/\">Tidningen \u00c5ngermanland<\/a>\u00a0Lokal dagstidning \u00c5ngermanland (H\u00e4rn\u00f6sand\/Kramfors\/Sollefte\u00e5\/\u00d6rnsk\u00f6ldsvik)<\/p>\n<p>&nbsp;<\/p>\n<p>&nbsp;<\/p>\n<p>&nbsp;<\/p>\n","protected":false},"excerpt":{"rendered":"<p>L\u00e4s nyheter p\u00e5 l\u00e4tt svenska! <a href=\"https:\/\/drive.google.com\/file\/d\/0B9z6HFlXjXQOU2laazBjcmJ1dE0\/edit?usp=sharing\">8 Sidor vecka 34<\/a> <a href=\"https:\/\/drive.google.com\/file\/d\/0B9z6HFlXjXQONXZJZFVFVms5WXc\/edit?usp=sharing\">8 sidor vecka 35<\/a> <a href=\"https:\/\/drive.google.com\/file\/d\/0B9z6HFlXjXQOSFVtdE9OeWFGSDA\/edit?usp=sharing\">8 Sidor v.36<\/a> <a href=\"https:\/\/drive.google.com\/file\/d\/0B9z6HFlXjXQONGdvWVBMRmttODA\/view?usp=sharing\">8-sidor nr 46<\/a> &nbsp; Svenska nyheter &#8211; dagspress <a href=\"http:\/\/www.dn.se\/\">Dagens Nyheter<\/a>\u00a0 Rikst\u00e4ckande dagstidning <a href=\"http:\/\/www.svd.se\/\">Svenska Dagbladet<\/a>\u00a0Rikst\u00e4ckande dagstidning <a href=\"http:\/\/www.st.nu\/\">Sundsvalls Tidning<\/a>\u00a0Lokal dagstidning Medelpad <a href=\"http:\/\/www.allehanda.se\/\">Tidningen \u00c5ngermanland<\/a>\u00a0Lokal dagstidning \u00c5ngermanland (H\u00e4rn\u00f6sand\/Kramfors\/Sollefte\u00e5\/\u00d6rnsk\u00f6ldsvik) &nbsp; &nbsp; &nbsp;<\/p>\n","protected":false},"author":158,"featured_media":0,"parent":0,"menu_order":0,"comment_status":"open","ping_status":"open","template":"","meta":{"footnotes":""},"class_list":["post-802","page","type-page","status-publish","hentry"],"_links":{"self":[{"href":"https:\/\/blogg.folkuniversitetet.nu\/gunnas\/wp-json\/wp\/v2\/pages\/802","targetHints":{"allow":["GET"]}}],"collection":[{"href":"https:\/\/blogg.folkuniversitetet.nu\/gunnas\/wp-json\/wp\/v2\/pages"}],"about":[{"href":"https:\/\/blogg.folkuniversitetet.nu\/gunnas\/wp-json\/wp\/v2\/types\/page"}],"author":[{"embeddable":true,"href":"https:\/\/blogg.folkuniversitetet.nu\/gunnas\/wp-json\/wp\/v2\/users\/158"}],"replies":[{"embeddable":true,"href":"https:\/\/blogg.folkuniversitetet.nu\/gunnas\/wp-json\/wp\/v2\/comments?post=802"}],"version-history":[{"count":11,"href":"https:\/\/blogg.folkuniversitetet.nu\/gunnas\/wp-json\/wp\/v2\/pages\/802\/revisions"}],"predecessor-version":[{"id":1528,"href":"https:\/\/blogg.folkuniversitetet.nu\/gunnas\/wp-json\/wp\/v2\/pages\/802\/revisions\/1528"}],"wp:attachment":[{"href":"https:\/\/blogg.folkuniversitetet.nu\/gunnas\/wp-json\/wp\/v2\/media?parent=802"}],"curies":[{"name":"wp","href":"https:\/\/api.w.org\/{rel}","templated":true}]}}