{"id":792,"date":"2014-08-19T15:48:21","date_gmt":"2014-08-19T15:48:21","guid":{"rendered":"http:\/\/blogg.folkuniversitetet.nu\/gunnas\/?page_id=792"},"modified":"2014-09-23T16:37:45","modified_gmt":"2014-09-23T16:37:45","slug":"morgan-och-ola-conny","status":"publish","type":"page","link":"https:\/\/blogg.folkuniversitetet.nu\/gunnas\/morgan-och-ola-conny\/","title":{"rendered":"Morgan och Ola-Conny niv\u00e5 B1B2"},"content":{"rendered":"<p><strong>Se\u00a0filmer om de tv\u00e5 kamraterna Morgan och Ola-Conny n\u00e4r de \u00e5ker till Norge.<\/strong><\/p>\n<p>Dialekten \u00e4r hall\u00e4ndska (v\u00e4stsvenska) och ska inte vara f\u00f6r sv\u00e5rt att f\u00f6rst\u00e5 \u00e4ven om det inte alls l\u00e5ter som den norrl\u00e4ndska dialekten som vi pratar h\u00e4r i H\u00e4rn\u00f6sand. (Det \u00e4r en bra h\u00e4rf\u00f6rst\u00e5else\u00f6vning att h\u00f6ra en annan slags svenska.)<\/p>\n<p>Titta p\u00e5 en del av avsnittet i taget (jag har delat upp fr\u00e5gorna efter varje del d\u00e4r filmen bryts f\u00f6r reklam) och svara sedan p\u00e5 fr\u00e5gorna!<\/p>\n<p>Det g\u00e5r att f\u00e5 text till filmen. Klicka p\u00e5 T!<\/p>\n<p><a href=\"http:\/\/www.kanal5play.se\/#!\/play\/program\/1194065247\/video\/1558922001\">En stark Norgeresa med Morgan och Ola-Conny<\/a><\/p>\n<p><strong>Fr\u00e5gor del 1, ca 12 minuter<\/strong><\/p>\n<ol>\n<li>Vad packar Ola-Conny och vad packar Morgan inf\u00f6r resan?<\/li>\n<li>Varf\u00f6r tar Morgan med s\u00e5 mycket snus?<\/li>\n<li>Vems \u00e4r bilen som de k\u00f6r med till Norge?<\/li>\n<li>Hur m\u00e5nga g\u00e5nger har de varit i Norge tidigare?<\/li>\n<li>Vad \u00e4r Lillehammar k\u00e4nt f\u00f6r?<\/li>\n<li>Varf\u00f6r g\u00e5r de den sista biten till hotellet?<\/li>\n<li>Vad betyder &#8221;att g\u00f6ra upp eld&#8221;?<\/li>\n<li>Varf\u00f6r t\u00e4nder Ola-Conny p\u00e5 en tidning?<\/li>\n<\/ol>\n<p><strong>Fr\u00e5gor del 2, ca 12 minuter<\/strong><\/p>\n<ol>\n<li>\u00a0Vad tar Morgan p\u00e5 f\u00f6tterna n\u00e4r de g\u00e5r ut?<\/li>\n<li>Vad anv\u00e4nder Morgan och Ola-Conny f\u00f6r att ta sig ner till frukost?<\/li>\n<li>Vad g\u00f6r Ola-Conny f\u00f6r fel n\u00e4r han f\u00f6rst provar curling?<\/li>\n<li>Vad g\u00f6r Morgan f\u00f6r fel n\u00e4r han provar curling?<\/li>\n<li>Vad k\u00f6per Morgan i sportaff\u00e4ren?<\/li>\n<li>Vad ska Ola-Conny g\u00f6ra?<\/li>\n<\/ol>\n<p><strong>Fr\u00e5gor del 3, ca 12 minuter<\/strong><\/p>\n<ol>\n<li>Vad h\u00e4nder d\u00e5 Morgan \u00e5ker l\u00e4ngdskidor?<\/li>\n<li>Vad g\u00f6r Ola-Conny medan Morgan v\u00e4ntar p\u00e5 honom?<\/li>\n<li>Vad f\u00e5r Morgan och Ola-Conny g\u00f6ra i skidbutiken?<\/li>\n<li>Vad \u00e4ter norrm\u00e4nnen till lunch?<\/li>\n<li>Vad brukar Ola-Conny \u00e4ta till lunch?<\/li>\n<\/ol>\n<p><strong>Fr\u00e5gor del 4, ca 12 minuter<\/strong><\/p>\n<ol>\n<li>Vad \u00e4ter Morgan och Ola-Conny till frukost?<\/li>\n<li>Vad tillverkas i fabriken som de bes\u00f6ker?<\/li>\n<li>Vad \u00e4r Morgan och Ola-Conny intresserade av i fabriken?<\/li>\n<li>N\u00e4r och varf\u00f6r byggdes hoppbacken?<\/li>\n<li>Vad \u00e4r flickorna utkl\u00e4dda till?<\/li>\n<li>Vad f\u00e5r Morgan g\u00f6ra efter bes\u00f6ket i hopptornet?<\/li>\n<li>Vad \u00e4r &#8221;stillongs&#8221;?<\/li>\n<li>Vad f\u00e5r Morgan och Ola-Conny i present?<\/li>\n<\/ol>\n<p><a href=\"https:\/\/drive.google.com\/file\/d\/0B9z6HFlXjXQONkIwUUxZcXhSYjA\/edit?usp=sharing\">FACIT<\/a><\/p>\n<p><strong>\u00a0ETT NYTT AVSNITT AV EN STARK NORGERESA<\/strong><\/p>\n<p>&#8221;Morgan och OlaConny firar 17e maj&#8221;<\/p>\n<p><a href=\"http:\/\/www.kanal5play.se\/#!\/play\/program\/1194065247\/video\/1887522246|\/program\/1194065247\/artikel\/2109472358\">Se avsnittet!<\/a><\/p>\n<p><strong>Fr\u00e5gor<\/strong>:<\/p>\n<p><strong>Del 1<\/strong><\/p>\n<ol>\n<li>Vad finns i Stavanger?<\/li>\n<li>Vad f\u00e5r de f\u00f6r problem med bilen f\u00f6rsta dagen?<\/li>\n<li>P\u00e5 vilken v\u00e5ning ligger sviten?<\/li>\n<li>Vart g\u00e5r deras f\u00f6rsta utflykt i Stavanger+<\/li>\n<li>Vad tar de p\u00e5 sig?<\/li>\n<li>Varf\u00f6r ser inte Morgan n\u00e5gon lax?<\/li>\n<li>Varf\u00f6r \u00e4r laxar glada?<\/li>\n<\/ol>\n<p><strong>Del 2<\/strong><\/p>\n<ol>\n<li>Vad f\u00e5r de f\u00f6r problem med bilen andra dagen?<\/li>\n<li>Varf\u00f6r tycker Morgan att den andra bilen \u00e4r b\u00e4ttre \u00e4n den f\u00f6rsta?<\/li>\n<li>Vad g\u00f6r Morgan och OlaConny p\u00e5 restaurangen?<\/li>\n<li>Vad tyckte OlaConny var sv\u00e5rast med att arbeta p\u00e5 restaurangen?<\/li>\n<li>OlaConny skojar och fr\u00e5gar vad norrm\u00e4nnen har f\u00f6r att h\u00e5lla upp byxorna. Vad \u00e4r svaret?<\/li>\n<li>Var ska Morgan och OlaConny jobba sedan?<\/li>\n<\/ol>\n<p><strong>Del 3<\/strong><\/p>\n<ol>\n<li>Vad \u00e4r det f\u00f6r st\u00e4lle de bes\u00f6ker?<\/li>\n<li>Hur mycket kostar en cigarr Grand Reserva?<\/li>\n<li>Hur mycket betalar Morgan f\u00f6r sitt snus?<\/li>\n<li>Tyckte OlaConny att det var roligt p\u00e5 cigarrklubben?<\/li>\n<li>Vad g\u00f6r de p\u00e5 Vikingafestivalen?<\/li>\n<li>Vad \u00e4r det i mitten p\u00e5 tavlan de skjuter p\u00e5?<\/li>\n<li>Vad g\u00f6r de efter pilkastningen?<\/li>\n<li>Vad kallas vapnet?<\/li>\n<li>Tycker Morgan om \u201dlajven\u201d ? Varf\u00f6r\/varf\u00f6r inte?<\/li>\n<\/ol>\n<p><strong>Del 4<\/strong><\/p>\n<ol>\n<li>Vad ska de fira?<\/li>\n<li>Vad tar de p\u00e5 sig?<\/li>\n<li>Vad kostar kl\u00e4derna?<\/li>\n<li>Vad \u00e4ter Morgan?<\/li>\n<li>Var \u00e4r kungen?<\/li>\n<li>Vad heter pojkarna?<\/li>\n<li>Har OlaConny tur p\u00e5 Tivoli?<\/li>\n<li>Varf\u00f6r vill OlaConny ljuga om sockervadden?<\/li>\n<li>Vad vill Morgan \u00e5ka sedan?<\/li>\n<\/ol>\n<p>&nbsp;<\/p>\n","protected":false},"excerpt":{"rendered":"<p>Se\u00a0filmer om de tv\u00e5 kamraterna Morgan och Ola-Conny n\u00e4r de \u00e5ker till Norge. Dialekten \u00e4r hall\u00e4ndska (v\u00e4stsvenska) och ska inte vara f\u00f6r sv\u00e5rt att f\u00f6rst\u00e5 \u00e4ven om det inte alls l\u00e5ter som den norrl\u00e4ndska dialekten som vi pratar h\u00e4r i H\u00e4rn\u00f6sand. (Det \u00e4r en bra h\u00e4rf\u00f6rst\u00e5else\u00f6vning att h\u00f6ra en annan slags svenska.) Titta p\u00e5 en [&#8230;]<\/p>\n","protected":false},"author":158,"featured_media":0,"parent":0,"menu_order":0,"comment_status":"open","ping_status":"open","template":"","meta":{"footnotes":""},"class_list":["post-792","page","type-page","status-publish","hentry"],"_links":{"self":[{"href":"https:\/\/blogg.folkuniversitetet.nu\/gunnas\/wp-json\/wp\/v2\/pages\/792","targetHints":{"allow":["GET"]}}],"collection":[{"href":"https:\/\/blogg.folkuniversitetet.nu\/gunnas\/wp-json\/wp\/v2\/pages"}],"about":[{"href":"https:\/\/blogg.folkuniversitetet.nu\/gunnas\/wp-json\/wp\/v2\/types\/page"}],"author":[{"embeddable":true,"href":"https:\/\/blogg.folkuniversitetet.nu\/gunnas\/wp-json\/wp\/v2\/users\/158"}],"replies":[{"embeddable":true,"href":"https:\/\/blogg.folkuniversitetet.nu\/gunnas\/wp-json\/wp\/v2\/comments?post=792"}],"version-history":[{"count":11,"href":"https:\/\/blogg.folkuniversitetet.nu\/gunnas\/wp-json\/wp\/v2\/pages\/792\/revisions"}],"predecessor-version":[{"id":1105,"href":"https:\/\/blogg.folkuniversitetet.nu\/gunnas\/wp-json\/wp\/v2\/pages\/792\/revisions\/1105"}],"wp:attachment":[{"href":"https:\/\/blogg.folkuniversitetet.nu\/gunnas\/wp-json\/wp\/v2\/media?parent=792"}],"curies":[{"name":"wp","href":"https:\/\/api.w.org\/{rel}","templated":true}]}}