{"id":77,"date":"2014-05-24T11:41:22","date_gmt":"2014-05-24T11:41:22","guid":{"rendered":"http:\/\/blogg.folkuniversitetet.nu\/gunnas\/?page_id=77"},"modified":"2014-05-24T11:41:22","modified_gmt":"2014-05-24T11:41:22","slug":"cv","status":"publish","type":"page","link":"https:\/\/blogg.folkuniversitetet.nu\/gunnas\/cv\/","title":{"rendered":"CV"},"content":{"rendered":"<p>N\u00e4r du ska skriva ett CV b\u00f6r du ha en viss ordning i texten. Ett r\u00f6rigt intryck kan g\u00f6ra skillnad i hur du uppfattas som arbetss\u00f6kande. \u00c4r du bara lite os\u00e4ker p\u00e5\u00a0hur det ska se ut s\u00e5 tycker jag att du ska anv\u00e4nda mall. Det finns flera att v\u00e4lja p\u00e5. G\u00e5 in p\u00e5 Word och v\u00e4lj en mall som du tycker passar dig. Mallarna hittar du h\u00e4r:<\/p>\n<p><a href=\"http:\/\/office.microsoft.com\/sv-se\/templates\/results.aspx?qu=CV&amp;ex=1&amp;av=zwd\">Word mall CV<\/a><\/p>\n","protected":false},"excerpt":{"rendered":"<p>N\u00e4r du ska skriva ett CV b\u00f6r du ha en viss ordning i texten. Ett r\u00f6rigt intryck kan g\u00f6ra skillnad i hur du uppfattas som arbetss\u00f6kande. \u00c4r du bara lite os\u00e4ker p\u00e5\u00a0hur det ska se ut s\u00e5 tycker jag att du ska anv\u00e4nda mall. Det finns flera att v\u00e4lja p\u00e5. G\u00e5 in p\u00e5 Word och [&#8230;]<\/p>\n","protected":false},"author":158,"featured_media":0,"parent":0,"menu_order":0,"comment_status":"open","ping_status":"open","template":"","meta":{"footnotes":""},"class_list":["post-77","page","type-page","status-publish","hentry"],"_links":{"self":[{"href":"https:\/\/blogg.folkuniversitetet.nu\/gunnas\/wp-json\/wp\/v2\/pages\/77","targetHints":{"allow":["GET"]}}],"collection":[{"href":"https:\/\/blogg.folkuniversitetet.nu\/gunnas\/wp-json\/wp\/v2\/pages"}],"about":[{"href":"https:\/\/blogg.folkuniversitetet.nu\/gunnas\/wp-json\/wp\/v2\/types\/page"}],"author":[{"embeddable":true,"href":"https:\/\/blogg.folkuniversitetet.nu\/gunnas\/wp-json\/wp\/v2\/users\/158"}],"replies":[{"embeddable":true,"href":"https:\/\/blogg.folkuniversitetet.nu\/gunnas\/wp-json\/wp\/v2\/comments?post=77"}],"version-history":[{"count":1,"href":"https:\/\/blogg.folkuniversitetet.nu\/gunnas\/wp-json\/wp\/v2\/pages\/77\/revisions"}],"predecessor-version":[{"id":78,"href":"https:\/\/blogg.folkuniversitetet.nu\/gunnas\/wp-json\/wp\/v2\/pages\/77\/revisions\/78"}],"wp:attachment":[{"href":"https:\/\/blogg.folkuniversitetet.nu\/gunnas\/wp-json\/wp\/v2\/media?parent=77"}],"curies":[{"name":"wp","href":"https:\/\/api.w.org\/{rel}","templated":true}]}}