{"id":733,"date":"2014-08-15T12:02:57","date_gmt":"2014-08-15T12:02:57","guid":{"rendered":"http:\/\/blogg.folkuniversitetet.nu\/gunnas\/?page_id=733"},"modified":"2014-08-15T12:07:26","modified_gmt":"2014-08-15T12:07:26","slug":"adjektiv-forklarade-pa-arabiska","status":"publish","type":"page","link":"https:\/\/blogg.folkuniversitetet.nu\/gunnas\/adjektiv-forklarade-pa-arabiska\/","title":{"rendered":"Adjektiv f\u00f6rklarade p\u00e5 arabiska"},"content":{"rendered":"<p>En film om hur man anv\u00e4nder svenska adjektiv f\u00f6rklarat p\u00e5 arabiska. (Ca. 10 minuter)<\/p>\n<p><iframe loading=\"lazy\" title=\"Adjektiv  \u0623\u0644\u0635\u0641\u0647  p\u00e5 svenska-arabiska\" width=\"500\" height=\"281\" src=\"https:\/\/www.youtube.com\/embed\/TAZRk0WbEQE?feature=oembed\" frameborder=\"0\" allow=\"accelerometer; autoplay; clipboard-write; encrypted-media; gyroscope; picture-in-picture; web-share\" referrerpolicy=\"strict-origin-when-cross-origin\" allowfullscreen><\/iframe><\/p>\n<p>&nbsp;<\/p>\n<p>&nbsp;<\/p>\n","protected":false},"excerpt":{"rendered":"<p>En film om hur man anv\u00e4nder svenska adjektiv f\u00f6rklarat p\u00e5 arabiska. (Ca. 10 minuter) &nbsp; &nbsp;<\/p>\n","protected":false},"author":158,"featured_media":0,"parent":0,"menu_order":0,"comment_status":"open","ping_status":"open","template":"","meta":{"footnotes":""},"class_list":["post-733","page","type-page","status-publish","hentry"],"_links":{"self":[{"href":"https:\/\/blogg.folkuniversitetet.nu\/gunnas\/wp-json\/wp\/v2\/pages\/733","targetHints":{"allow":["GET"]}}],"collection":[{"href":"https:\/\/blogg.folkuniversitetet.nu\/gunnas\/wp-json\/wp\/v2\/pages"}],"about":[{"href":"https:\/\/blogg.folkuniversitetet.nu\/gunnas\/wp-json\/wp\/v2\/types\/page"}],"author":[{"embeddable":true,"href":"https:\/\/blogg.folkuniversitetet.nu\/gunnas\/wp-json\/wp\/v2\/users\/158"}],"replies":[{"embeddable":true,"href":"https:\/\/blogg.folkuniversitetet.nu\/gunnas\/wp-json\/wp\/v2\/comments?post=733"}],"version-history":[{"count":2,"href":"https:\/\/blogg.folkuniversitetet.nu\/gunnas\/wp-json\/wp\/v2\/pages\/733\/revisions"}],"predecessor-version":[{"id":736,"href":"https:\/\/blogg.folkuniversitetet.nu\/gunnas\/wp-json\/wp\/v2\/pages\/733\/revisions\/736"}],"wp:attachment":[{"href":"https:\/\/blogg.folkuniversitetet.nu\/gunnas\/wp-json\/wp\/v2\/media?parent=733"}],"curies":[{"name":"wp","href":"https:\/\/api.w.org\/{rel}","templated":true}]}}