{"id":629,"date":"2014-08-04T15:47:53","date_gmt":"2014-08-04T15:47:53","guid":{"rendered":"http:\/\/blogg.folkuniversitetet.nu\/gunnas\/?page_id=629"},"modified":"2014-11-13T15:59:03","modified_gmt":"2014-11-13T15:59:03","slug":"familjen","status":"publish","type":"page","link":"https:\/\/blogg.folkuniversitetet.nu\/gunnas\/familjen\/","title":{"rendered":"Familjen"},"content":{"rendered":"<p>En dokument\u00e4r om hur olika familjer f\u00e5r vardagen att g\u00e5 ihop. Att hinna s\u00e5 mycket som m\u00f6jligt med jobb, fritidssyssels\u00e4ttningar och hush\u00e5llsarbete.<\/p>\n<p>Filmen \u00e4r textad och cirka 30 minuter l\u00e5ng.<\/p>\n<p><a href=\"http:\/\/urplay.se\/Produkter\/181827-Familjen-Tiden\">Familjen<\/a><\/p>\n<p><strong>Uppgift (niv\u00e5 B1\/B2) <\/strong><\/p>\n<p><strong>Diskussionsfr\u00e5gor:<\/strong><\/p>\n<ul>\n<li>Hur ordnar du din egen vardag?<\/li>\n<li>Planerar du eller g\u00f6r du saker spontant?<\/li>\n<li>M\u00e5ste barn och ungdomar ha aktiviteter p\u00e5 kv\u00e4llarna?<\/li>\n<li>Vad tycker du om att ha ett schema i familjen?<\/li>\n<li>Vad menar de med egentid? \u00c4r det viktigt tycker du?<\/li>\n<li>\u00c4r m\u00e4nniskor mer stressade idag? Varf\u00f6r i s\u00e5 fall?<\/li>\n<li>Finns det saker man m\u00e5ste g\u00f6ra och finns det saker som man kan strunta i?<\/li>\n<\/ul>\n<p>&nbsp;<\/p>\n<p>&nbsp;<\/p>\n<p><strong>Vokabul\u00e4r<\/strong><\/p>\n<p>Egentid<\/p>\n<p>Ekorrhjul<\/p>\n<p>ADHD\/ADD<\/p>\n<p>&#8221;Alla m\u00e5sten&#8221;<\/p>\n<p>Ta sin tid<\/p>\n<p>Tillbringa tiden<\/p>\n<p>&nbsp;<\/p>\n<p>&nbsp;<\/p>\n<p>&nbsp;<\/p>\n<p>&nbsp;<\/p>\n","protected":false},"excerpt":{"rendered":"<p>En dokument\u00e4r om hur olika familjer f\u00e5r vardagen att g\u00e5 ihop. Att hinna s\u00e5 mycket som m\u00f6jligt med jobb, fritidssyssels\u00e4ttningar och hush\u00e5llsarbete. Filmen \u00e4r textad och cirka 30 minuter l\u00e5ng. <a href=\"http:\/\/urplay.se\/Produkter\/181827-Familjen-Tiden\">Familjen<\/a> Uppgift (niv\u00e5 B1\/B2) Diskussionsfr\u00e5gor: Hur ordnar du din egen vardag? Planerar du eller g\u00f6r du saker spontant? M\u00e5ste barn och ungdomar ha aktiviteter [&#8230;]<\/p>\n","protected":false},"author":158,"featured_media":0,"parent":0,"menu_order":0,"comment_status":"open","ping_status":"open","template":"","meta":{"footnotes":""},"class_list":["post-629","page","type-page","status-publish","hentry"],"_links":{"self":[{"href":"https:\/\/blogg.folkuniversitetet.nu\/gunnas\/wp-json\/wp\/v2\/pages\/629","targetHints":{"allow":["GET"]}}],"collection":[{"href":"https:\/\/blogg.folkuniversitetet.nu\/gunnas\/wp-json\/wp\/v2\/pages"}],"about":[{"href":"https:\/\/blogg.folkuniversitetet.nu\/gunnas\/wp-json\/wp\/v2\/types\/page"}],"author":[{"embeddable":true,"href":"https:\/\/blogg.folkuniversitetet.nu\/gunnas\/wp-json\/wp\/v2\/users\/158"}],"replies":[{"embeddable":true,"href":"https:\/\/blogg.folkuniversitetet.nu\/gunnas\/wp-json\/wp\/v2\/comments?post=629"}],"version-history":[{"count":8,"href":"https:\/\/blogg.folkuniversitetet.nu\/gunnas\/wp-json\/wp\/v2\/pages\/629\/revisions"}],"predecessor-version":[{"id":1346,"href":"https:\/\/blogg.folkuniversitetet.nu\/gunnas\/wp-json\/wp\/v2\/pages\/629\/revisions\/1346"}],"wp:attachment":[{"href":"https:\/\/blogg.folkuniversitetet.nu\/gunnas\/wp-json\/wp\/v2\/media?parent=629"}],"curies":[{"name":"wp","href":"https:\/\/api.w.org\/{rel}","templated":true}]}}