{"id":608,"date":"2014-08-01T13:49:55","date_gmt":"2014-08-01T13:49:55","guid":{"rendered":"http:\/\/blogg.folkuniversitetet.nu\/gunnas\/?page_id=608"},"modified":"2014-08-04T15:00:03","modified_gmt":"2014-08-04T15:00:03","slug":"tokrolig-film-om-potatis","status":"publish","type":"page","link":"https:\/\/blogg.folkuniversitetet.nu\/gunnas\/tokrolig-film-om-potatis\/","title":{"rendered":"Tokrolig film om potatis"},"content":{"rendered":"<p>Titta p\u00e5 den h\u00e4r filmen som handlar om Lilla R\u00f6d som vill ha potatis!<\/p>\n<p>Filmen \u00e4r f\u00f6r barn, men bra att lyssna p\u00e5 och \u00f6va sin h\u00f6rf\u00f6rst\u00e5else om man \u00e4r nyb\u00f6rjare i svenska spr\u00e5ket. \ud83d\ude42<\/p>\n<p>Textad, ca 7 min<\/p>\n<p><a href=\"http:\/\/www.ur.se\/Produkter\/168520-Allti-Kartong-svenska-som-andrasprak-Potatis\">Allt i kartong fr\u00e5n UR<\/a><\/p>\n<p><a href=\"http:\/\/blogg.folkuniversitetet.nu\/gunnas\/files\/2014\/08\/om-potatis.png\"><img loading=\"lazy\" decoding=\"async\" class=\"aligncenter  wp-image-611\" src=\"http:\/\/blogg.folkuniversitetet.nu\/gunnas\/files\/2014\/08\/om-potatis-300x161.png\" alt=\"om potatis\" width=\"490\" height=\"263\" srcset=\"https:\/\/blogg.folkuniversitetet.nu\/gunnas\/files\/2014\/08\/om-potatis-300x161.png 300w, https:\/\/blogg.folkuniversitetet.nu\/gunnas\/files\/2014\/08\/om-potatis.png 955w\" sizes=\"auto, (max-width: 490px) 100vw, 490px\" \/><\/a><\/p>\n<p>&nbsp;<\/p>\n","protected":false},"excerpt":{"rendered":"<p>Titta p\u00e5 den h\u00e4r filmen som handlar om Lilla R\u00f6d som vill ha potatis! Filmen \u00e4r f\u00f6r barn, men bra att lyssna p\u00e5 och \u00f6va sin h\u00f6rf\u00f6rst\u00e5else om man \u00e4r nyb\u00f6rjare i svenska spr\u00e5ket. \ud83d\ude42 Textad, ca 7 min <a href=\"http:\/\/www.ur.se\/Produkter\/168520-Allti-Kartong-svenska-som-andrasprak-Potatis\">Allt i kartong fr\u00e5n UR<\/a> <a href=\"http:\/\/blogg.folkuniversitetet.nu\/gunnas\/files\/2014\/08\/om-potatis.png\"><\/a> &nbsp;<\/p>\n","protected":false},"author":158,"featured_media":0,"parent":0,"menu_order":0,"comment_status":"open","ping_status":"open","template":"","meta":{"footnotes":""},"class_list":["post-608","page","type-page","status-publish","hentry"],"_links":{"self":[{"href":"https:\/\/blogg.folkuniversitetet.nu\/gunnas\/wp-json\/wp\/v2\/pages\/608","targetHints":{"allow":["GET"]}}],"collection":[{"href":"https:\/\/blogg.folkuniversitetet.nu\/gunnas\/wp-json\/wp\/v2\/pages"}],"about":[{"href":"https:\/\/blogg.folkuniversitetet.nu\/gunnas\/wp-json\/wp\/v2\/types\/page"}],"author":[{"embeddable":true,"href":"https:\/\/blogg.folkuniversitetet.nu\/gunnas\/wp-json\/wp\/v2\/users\/158"}],"replies":[{"embeddable":true,"href":"https:\/\/blogg.folkuniversitetet.nu\/gunnas\/wp-json\/wp\/v2\/comments?post=608"}],"version-history":[{"count":3,"href":"https:\/\/blogg.folkuniversitetet.nu\/gunnas\/wp-json\/wp\/v2\/pages\/608\/revisions"}],"predecessor-version":[{"id":612,"href":"https:\/\/blogg.folkuniversitetet.nu\/gunnas\/wp-json\/wp\/v2\/pages\/608\/revisions\/612"}],"wp:attachment":[{"href":"https:\/\/blogg.folkuniversitetet.nu\/gunnas\/wp-json\/wp\/v2\/media?parent=608"}],"curies":[{"name":"wp","href":"https:\/\/api.w.org\/{rel}","templated":true}]}}