{"id":492,"date":"2014-07-24T15:34:33","date_gmt":"2014-07-24T15:34:33","guid":{"rendered":"http:\/\/blogg.folkuniversitetet.nu\/gunnas\/?page_id=492"},"modified":"2014-08-01T09:50:16","modified_gmt":"2014-08-01T09:50:16","slug":"varsta-spraket","status":"publish","type":"page","link":"https:\/\/blogg.folkuniversitetet.nu\/gunnas\/varsta-spraket\/","title":{"rendered":"V\u00e4rsta spr\u00e5ket"},"content":{"rendered":"<p>Titta p\u00e5 ett program om\u00a0svenska spr\u00e5ket,\u00a0hur det talas och varf\u00f6r man s\u00e4ger olika saker och hur det anv\u00e4nds i olika sammanhang.<\/p>\n<p>Det \u00e4r ett underh\u00e5llande och roligt program f\u00f6r dig som \u00e4r intresserad av orden och det talade spr\u00e5ket.<\/p>\n<p>https:\/\/www.youtube.com\/watch?v=VmKfMR5F74Y<\/p>\n<p>Det finns m\u00e5nga avsnitt att se p\u00e5 om du g\u00e5r in p\u00e5 <a href=\"http:\/\/www.oppetarkiv.se\/sok\/?q=V%C3%A4rsta+Spr%C3%A5ket\">\u00d6ppet Arkiv p\u00e5 svt play<\/a>\u00a0och det g\u00e5r att f\u00e5 text om du klickar p\u00e5 ett T som finns i f\u00e4ltet under bilden.<\/p>\n<p>&nbsp;<\/p>\n","protected":false},"excerpt":{"rendered":"<p>Titta p\u00e5 ett program om\u00a0svenska spr\u00e5ket,\u00a0hur det talas och varf\u00f6r man s\u00e4ger olika saker och hur det anv\u00e4nds i olika sammanhang. Det \u00e4r ett underh\u00e5llande och roligt program f\u00f6r dig som \u00e4r intresserad av orden och det talade spr\u00e5ket. https:\/\/www.youtube.com\/watch?v=VmKfMR5F74Y Det finns m\u00e5nga avsnitt att se p\u00e5 om du g\u00e5r in p\u00e5 <a href=\"http:\/\/www.oppetarkiv.se\/sok\/?q=V%C3%A4rsta+Spr%C3%A5ket\">\u00d6ppet Arkiv [&#8230;]<\/p>\n","protected":false},"author":158,"featured_media":0,"parent":0,"menu_order":0,"comment_status":"open","ping_status":"open","template":"","meta":{"footnotes":""},"class_list":["post-492","page","type-page","status-publish","hentry"],"_links":{"self":[{"href":"https:\/\/blogg.folkuniversitetet.nu\/gunnas\/wp-json\/wp\/v2\/pages\/492","targetHints":{"allow":["GET"]}}],"collection":[{"href":"https:\/\/blogg.folkuniversitetet.nu\/gunnas\/wp-json\/wp\/v2\/pages"}],"about":[{"href":"https:\/\/blogg.folkuniversitetet.nu\/gunnas\/wp-json\/wp\/v2\/types\/page"}],"author":[{"embeddable":true,"href":"https:\/\/blogg.folkuniversitetet.nu\/gunnas\/wp-json\/wp\/v2\/users\/158"}],"replies":[{"embeddable":true,"href":"https:\/\/blogg.folkuniversitetet.nu\/gunnas\/wp-json\/wp\/v2\/comments?post=492"}],"version-history":[{"count":4,"href":"https:\/\/blogg.folkuniversitetet.nu\/gunnas\/wp-json\/wp\/v2\/pages\/492\/revisions"}],"predecessor-version":[{"id":566,"href":"https:\/\/blogg.folkuniversitetet.nu\/gunnas\/wp-json\/wp\/v2\/pages\/492\/revisions\/566"}],"wp:attachment":[{"href":"https:\/\/blogg.folkuniversitetet.nu\/gunnas\/wp-json\/wp\/v2\/media?parent=492"}],"curies":[{"name":"wp","href":"https:\/\/api.w.org\/{rel}","templated":true}]}}