{"id":441,"date":"2014-07-19T16:29:28","date_gmt":"2014-07-19T16:29:28","guid":{"rendered":"http:\/\/blogg.folkuniversitetet.nu\/gunnas\/?page_id=441"},"modified":"2014-08-01T11:31:18","modified_gmt":"2014-08-01T11:31:18","slug":"uttalstraning-vokaler","status":"publish","type":"page","link":"https:\/\/blogg.folkuniversitetet.nu\/gunnas\/uttalstraning-vokaler\/","title":{"rendered":"Uttalstr\u00e4ning vokaler"},"content":{"rendered":"<p><a href=\"http:\/\/blogg.folkuniversitetet.nu\/gunnas\/files\/2014\/07\/vokaler.jpg\"><img loading=\"lazy\" decoding=\"async\" class=\"wp-image-442 aligncenter\" src=\"http:\/\/blogg.folkuniversitetet.nu\/gunnas\/files\/2014\/07\/vokaler-300x225.jpg\" alt=\"vokaler\" width=\"620\" height=\"465\" srcset=\"https:\/\/blogg.folkuniversitetet.nu\/gunnas\/files\/2014\/07\/vokaler-300x225.jpg 300w, https:\/\/blogg.folkuniversitetet.nu\/gunnas\/files\/2014\/07\/vokaler.jpg 500w\" sizes=\"auto, (max-width: 620px) 100vw, 620px\" \/><\/a><\/p>\n<p><strong>H\u00e4r finns en l\u00e4nk till en sida d\u00e4r du kan tr\u00e4na att uttala <a href=\"https:\/\/sfimedangelica.wordpress.com\/category\/vokaluttalstraning\/\">VOKALER.<\/a><\/strong><\/p>\n<p>T\u00e4nk s\u00e4rskilt p\u00e5 hur skillnaden l\u00e5ter mellan <strong>l\u00e5ng vokal och kort vokal<\/strong>.<\/p>\n<p>En l\u00e5ng vokal har endast en eller ingen konsonant efter sig och l\u00e5ter som vokalerna i alfabetet\u00a0och de korta vokalerna har (minst) tv\u00e5 konsonanter efter sig.<\/p>\n<p><strong>Exempel:<\/strong><\/p>\n<p>HAT och HATT<\/p>\n<p><strong>Anv\u00e4nd b\u00e5de ljudfilerna och de filer med orden som du kan ta fram och l\u00e4sa samtidigt som du lyssnar!<\/strong><\/p>\n<p><a href=\"http:\/\/blogg.folkuniversitetet.nu\/gunnas\/files\/2014\/07\/vokaler.jpg\">\u00a0<\/a><\/p>\n","protected":false},"excerpt":{"rendered":"<p><a href=\"http:\/\/blogg.folkuniversitetet.nu\/gunnas\/files\/2014\/07\/vokaler.jpg\"><\/a> H\u00e4r finns en l\u00e4nk till en sida d\u00e4r du kan tr\u00e4na att uttala <a href=\"https:\/\/sfimedangelica.wordpress.com\/category\/vokaluttalstraning\/\">VOKALER.<\/a> T\u00e4nk s\u00e4rskilt p\u00e5 hur skillnaden l\u00e5ter mellan l\u00e5ng vokal och kort vokal. En l\u00e5ng vokal har endast en eller ingen konsonant efter sig och l\u00e5ter som vokalerna i alfabetet\u00a0och de korta vokalerna har (minst) tv\u00e5 konsonanter efter sig. [&#8230;]<\/p>\n","protected":false},"author":158,"featured_media":0,"parent":0,"menu_order":0,"comment_status":"open","ping_status":"open","template":"","meta":{"footnotes":""},"class_list":["post-441","page","type-page","status-publish","hentry"],"_links":{"self":[{"href":"https:\/\/blogg.folkuniversitetet.nu\/gunnas\/wp-json\/wp\/v2\/pages\/441","targetHints":{"allow":["GET"]}}],"collection":[{"href":"https:\/\/blogg.folkuniversitetet.nu\/gunnas\/wp-json\/wp\/v2\/pages"}],"about":[{"href":"https:\/\/blogg.folkuniversitetet.nu\/gunnas\/wp-json\/wp\/v2\/types\/page"}],"author":[{"embeddable":true,"href":"https:\/\/blogg.folkuniversitetet.nu\/gunnas\/wp-json\/wp\/v2\/users\/158"}],"replies":[{"embeddable":true,"href":"https:\/\/blogg.folkuniversitetet.nu\/gunnas\/wp-json\/wp\/v2\/comments?post=441"}],"version-history":[{"count":6,"href":"https:\/\/blogg.folkuniversitetet.nu\/gunnas\/wp-json\/wp\/v2\/pages\/441\/revisions"}],"predecessor-version":[{"id":592,"href":"https:\/\/blogg.folkuniversitetet.nu\/gunnas\/wp-json\/wp\/v2\/pages\/441\/revisions\/592"}],"wp:attachment":[{"href":"https:\/\/blogg.folkuniversitetet.nu\/gunnas\/wp-json\/wp\/v2\/media?parent=441"}],"curies":[{"name":"wp","href":"https:\/\/api.w.org\/{rel}","templated":true}]}}