{"id":428,"date":"2014-07-19T15:49:31","date_gmt":"2014-07-19T15:49:31","guid":{"rendered":"http:\/\/blogg.folkuniversitetet.nu\/gunnas\/?page_id=428"},"modified":"2014-09-07T10:22:24","modified_gmt":"2014-09-07T10:22:24","slug":"verbets-former-perfekt-particip","status":"publish","type":"page","link":"https:\/\/blogg.folkuniversitetet.nu\/gunnas\/verbets-former-perfekt-particip\/","title":{"rendered":"Verbets former &#8211; Perfekt particip"},"content":{"rendered":"<p><strong>Perfekt particip<\/strong><\/p>\n<p>Ytterligare en form av verbet som ibland anv\u00e4nds som ett adjektiv och ibland kan anv\u00e4ndas\u00a0som ett subtantiv\u00a0\u00e4r perfekt particip.<\/p>\n<p>H\u00e4r beh\u00f6ver du komma ih\u00e5g verbets supinumform, allts\u00e5 den form som anv\u00e4nd i d\u00e5tid efter &#8221;har&#8221; eller &#8221;hade&#8221;.<\/p>\n<p><strong>Skillnaden<\/strong> mot <strong>presens particip<\/strong> \u00e4r dels att som adjektiv <strong>b\u00f6js perfekt particip<\/strong> efter substantivens nominativformer = <strong>en\/ett\/flera<\/strong>, dels att denna form uttrycker mera ett f\u00e4rdigt resultat d\u00e5 presens particip utrycker n\u00e5got som p\u00e5g\u00e5r.<\/p>\n<p>(T\u00e4nk s\u00e5 h\u00e4r s\u00e5 kanske det \u00e4r l\u00e4ttare att komma ih\u00e5g vilket som \u00e4r vilket:<strong> presens = p\u00e5g\u00e5ende\/ nu\u00a0 &#8211;\u00a0 perfekt = klart\/ full\u00e4ndat<\/strong>)<\/p>\n<p>https:\/\/www.youtube.com\/watch?v=u45NYOrWIFU<\/p>\n","protected":false},"excerpt":{"rendered":"<p>Perfekt particip Ytterligare en form av verbet som ibland anv\u00e4nds som ett adjektiv och ibland kan anv\u00e4ndas\u00a0som ett subtantiv\u00a0\u00e4r perfekt particip. H\u00e4r beh\u00f6ver du komma ih\u00e5g verbets supinumform, allts\u00e5 den form som anv\u00e4nd i d\u00e5tid efter &#8221;har&#8221; eller &#8221;hade&#8221;. Skillnaden mot presens particip \u00e4r dels att som adjektiv b\u00f6js perfekt particip efter substantivens nominativformer = [&#8230;]<\/p>\n","protected":false},"author":158,"featured_media":0,"parent":0,"menu_order":0,"comment_status":"open","ping_status":"open","template":"","meta":{"footnotes":""},"class_list":["post-428","page","type-page","status-publish","hentry"],"_links":{"self":[{"href":"https:\/\/blogg.folkuniversitetet.nu\/gunnas\/wp-json\/wp\/v2\/pages\/428","targetHints":{"allow":["GET"]}}],"collection":[{"href":"https:\/\/blogg.folkuniversitetet.nu\/gunnas\/wp-json\/wp\/v2\/pages"}],"about":[{"href":"https:\/\/blogg.folkuniversitetet.nu\/gunnas\/wp-json\/wp\/v2\/types\/page"}],"author":[{"embeddable":true,"href":"https:\/\/blogg.folkuniversitetet.nu\/gunnas\/wp-json\/wp\/v2\/users\/158"}],"replies":[{"embeddable":true,"href":"https:\/\/blogg.folkuniversitetet.nu\/gunnas\/wp-json\/wp\/v2\/comments?post=428"}],"version-history":[{"count":5,"href":"https:\/\/blogg.folkuniversitetet.nu\/gunnas\/wp-json\/wp\/v2\/pages\/428\/revisions"}],"predecessor-version":[{"id":935,"href":"https:\/\/blogg.folkuniversitetet.nu\/gunnas\/wp-json\/wp\/v2\/pages\/428\/revisions\/935"}],"wp:attachment":[{"href":"https:\/\/blogg.folkuniversitetet.nu\/gunnas\/wp-json\/wp\/v2\/media?parent=428"}],"curies":[{"name":"wp","href":"https:\/\/api.w.org\/{rel}","templated":true}]}}