{"id":422,"date":"2014-07-19T15:35:41","date_gmt":"2014-07-19T15:35:41","guid":{"rendered":"http:\/\/blogg.folkuniversitetet.nu\/gunnas\/?page_id=422"},"modified":"2014-08-01T11:27:02","modified_gmt":"2014-08-01T11:27:02","slug":"verbets-former-presens-particip","status":"publish","type":"page","link":"https:\/\/blogg.folkuniversitetet.nu\/gunnas\/verbets-former-presens-particip\/","title":{"rendered":"Verbets former &#8211; Presens particip"},"content":{"rendered":"<p><strong>Presens particip<\/strong><\/p>\n<p>H\u00e4r kan du lyssna p\u00e5 en liten\u00a0genomg\u00e5ng\u00a0av bildandet av <strong>presens particip<\/strong>. Den form som ofta anv\u00e4nds som ett adjektiv, men ocks\u00e5 som ett substantiv utan s\u00e4rskilda singular- eller pluralformer.<\/p>\n<p><strong>Exempel:<\/strong><\/p>\n<p>som adjektiv &#8211; En <strong>dansande flicka<\/strong> ute p\u00e5 g\u00e5rden. Dansande beskriver flickan.<\/p>\n<p>som substantiv &#8211; P\u00e5 festen var det <strong>m\u00e5nga<\/strong> <strong>dansande<\/strong>. Dansande blir ett substantiv.<\/p>\n<p><iframe loading=\"lazy\" title=\"Presens particip\" width=\"500\" height=\"375\" src=\"https:\/\/www.youtube.com\/embed\/wb2dNHbx-SQ?feature=oembed\" frameborder=\"0\" allow=\"accelerometer; autoplay; clipboard-write; encrypted-media; gyroscope; picture-in-picture; web-share\" referrerpolicy=\"strict-origin-when-cross-origin\" allowfullscreen><\/iframe><\/p>\n<p>&nbsp;<\/p>\n<p>&nbsp;<\/p>\n","protected":false},"excerpt":{"rendered":"<p>Presens particip H\u00e4r kan du lyssna p\u00e5 en liten\u00a0genomg\u00e5ng\u00a0av bildandet av presens particip. Den form som ofta anv\u00e4nds som ett adjektiv, men ocks\u00e5 som ett substantiv utan s\u00e4rskilda singular- eller pluralformer. Exempel: som adjektiv &#8211; En dansande flicka ute p\u00e5 g\u00e5rden. Dansande beskriver flickan. som substantiv &#8211; P\u00e5 festen var det m\u00e5nga dansande. Dansande blir [&#8230;]<\/p>\n","protected":false},"author":158,"featured_media":0,"parent":0,"menu_order":0,"comment_status":"open","ping_status":"open","template":"","meta":{"footnotes":""},"class_list":["post-422","page","type-page","status-publish","hentry"],"_links":{"self":[{"href":"https:\/\/blogg.folkuniversitetet.nu\/gunnas\/wp-json\/wp\/v2\/pages\/422","targetHints":{"allow":["GET"]}}],"collection":[{"href":"https:\/\/blogg.folkuniversitetet.nu\/gunnas\/wp-json\/wp\/v2\/pages"}],"about":[{"href":"https:\/\/blogg.folkuniversitetet.nu\/gunnas\/wp-json\/wp\/v2\/types\/page"}],"author":[{"embeddable":true,"href":"https:\/\/blogg.folkuniversitetet.nu\/gunnas\/wp-json\/wp\/v2\/users\/158"}],"replies":[{"embeddable":true,"href":"https:\/\/blogg.folkuniversitetet.nu\/gunnas\/wp-json\/wp\/v2\/comments?post=422"}],"version-history":[{"count":4,"href":"https:\/\/blogg.folkuniversitetet.nu\/gunnas\/wp-json\/wp\/v2\/pages\/422\/revisions"}],"predecessor-version":[{"id":587,"href":"https:\/\/blogg.folkuniversitetet.nu\/gunnas\/wp-json\/wp\/v2\/pages\/422\/revisions\/587"}],"wp:attachment":[{"href":"https:\/\/blogg.folkuniversitetet.nu\/gunnas\/wp-json\/wp\/v2\/media?parent=422"}],"curies":[{"name":"wp","href":"https:\/\/api.w.org\/{rel}","templated":true}]}}