{"id":408,"date":"2014-07-19T09:53:43","date_gmt":"2014-07-19T09:53:43","guid":{"rendered":"http:\/\/blogg.folkuniversitetet.nu\/gunnas\/?page_id=408"},"modified":"2014-08-01T09:34:12","modified_gmt":"2014-08-01T09:34:12","slug":"jalla-jalla","status":"publish","type":"page","link":"https:\/\/blogg.folkuniversitetet.nu\/gunnas\/jalla-jalla\/","title":{"rendered":"Jalla Jalla"},"content":{"rendered":"<p>Denna film \u00e4r en komedi av den libanesiske regiss\u00f6ren Josef Fares. Den \u00e4r inte textad och kanske mest l\u00e4mpad f\u00f6r dig som klarar lite snabbare spr\u00e5k. (I flera scener pratar de dock p\u00e5 arabiska ocks\u00e5.) Jag vill i alla fall tipsa om filmen d\u00e5 den \u00e4r en svensk filmsucc\u00e9.<\/p>\n<p>Niv\u00e5 B1\/B2<\/p>\n<p>ca. 1h30min<\/p>\n<p>PS: F\u00f6r en f\u00f6rf\u00f6rst\u00e5else och f\u00f6r att h\u00e4nga med i filmen kan du l\u00e4sa om handlingen p\u00e5\u00a0 <a href=\"http:\/\/sv.wikipedia.org\/wiki\/Jalla!_Jalla!\">Wikipeda<\/a>\u00a0 innan du tittar.<\/p>\n<p>https:\/\/www.youtube.com\/watch?v=EMSUjejWrhU<\/p>\n","protected":false},"excerpt":{"rendered":"<p>Denna film \u00e4r en komedi av den libanesiske regiss\u00f6ren Josef Fares. Den \u00e4r inte textad och kanske mest l\u00e4mpad f\u00f6r dig som klarar lite snabbare spr\u00e5k. (I flera scener pratar de dock p\u00e5 arabiska ocks\u00e5.) Jag vill i alla fall tipsa om filmen d\u00e5 den \u00e4r en svensk filmsucc\u00e9. Niv\u00e5 B1\/B2 ca. 1h30min PS: F\u00f6r [&#8230;]<\/p>\n","protected":false},"author":158,"featured_media":0,"parent":0,"menu_order":0,"comment_status":"open","ping_status":"open","template":"","meta":{"footnotes":""},"class_list":["post-408","page","type-page","status-publish","hentry"],"_links":{"self":[{"href":"https:\/\/blogg.folkuniversitetet.nu\/gunnas\/wp-json\/wp\/v2\/pages\/408","targetHints":{"allow":["GET"]}}],"collection":[{"href":"https:\/\/blogg.folkuniversitetet.nu\/gunnas\/wp-json\/wp\/v2\/pages"}],"about":[{"href":"https:\/\/blogg.folkuniversitetet.nu\/gunnas\/wp-json\/wp\/v2\/types\/page"}],"author":[{"embeddable":true,"href":"https:\/\/blogg.folkuniversitetet.nu\/gunnas\/wp-json\/wp\/v2\/users\/158"}],"replies":[{"embeddable":true,"href":"https:\/\/blogg.folkuniversitetet.nu\/gunnas\/wp-json\/wp\/v2\/comments?post=408"}],"version-history":[{"count":4,"href":"https:\/\/blogg.folkuniversitetet.nu\/gunnas\/wp-json\/wp\/v2\/pages\/408\/revisions"}],"predecessor-version":[{"id":557,"href":"https:\/\/blogg.folkuniversitetet.nu\/gunnas\/wp-json\/wp\/v2\/pages\/408\/revisions\/557"}],"wp:attachment":[{"href":"https:\/\/blogg.folkuniversitetet.nu\/gunnas\/wp-json\/wp\/v2\/media?parent=408"}],"curies":[{"name":"wp","href":"https:\/\/api.w.org\/{rel}","templated":true}]}}