{"id":367,"date":"2014-07-17T11:20:11","date_gmt":"2014-07-17T11:20:11","guid":{"rendered":"http:\/\/blogg.folkuniversitetet.nu\/gunnas\/?page_id=367"},"modified":"2016-02-07T12:59:06","modified_gmt":"2016-02-07T12:59:06","slug":"musik","status":"publish","type":"page","link":"https:\/\/blogg.folkuniversitetet.nu\/gunnas\/musik\/","title":{"rendered":"Musik"},"content":{"rendered":"<p>H\u00e4r finner du svenska s\u00e5nger som du kan lyssna p\u00e5 och samtidigt l\u00e4sa texten. Jag har valt bland de l\u00e5tar som jag sj\u00e4lv brukar lyssna p\u00e5, de \u00e4r alla mer eller mindre stillsamma och p\u00e5 s\u00e5 s\u00e4tt kanske det \u00e4r l\u00e4ttare att h\u00f6ra texten\u00a0och jag hoppas att ocks\u00e5 du tycker om dem!<\/p>\n<p>Vi b\u00f6rjar med en\u00a0mycket omtyckt l\u00e5tskrivare\u00a0som tyv\u00e4rr gick bort alltf\u00f6r tidigt, endast 41 \u00e5r gammal.<\/p>\n<p>Ted G\u00e4rdestad &#8211; Himlen \u00e4r oskyldig bl\u00e5<\/p>\n<p>https:\/\/www.youtube.com\/watch?v=qjcaUQSdTPA<\/p>\n<p>Ted G\u00e4rdestad &#8211; F\u00f6r k\u00e4rlekens skull<\/p>\n<p>https:\/\/www.youtube.com\/watch?v=n6Xvl_Y4Ipo<\/p>\n<p>Ted G\u00e4rdestad &#8211; Jag vill ha en egen m\u00e5ne<\/p>\n<p><iframe loading=\"lazy\" title=\"Jag vill ha en egen m\u00e5ne_Ted G\u00e4rdestad\" width=\"500\" height=\"281\" src=\"https:\/\/www.youtube.com\/embed\/Wsn6Ubmq_Z8?feature=oembed\" frameborder=\"0\" allow=\"accelerometer; autoplay; clipboard-write; encrypted-media; gyroscope; picture-in-picture; web-share\" referrerpolicy=\"strict-origin-when-cross-origin\" allowfullscreen><\/iframe><\/p>\n<p>Magnus Uggla &#8211; Jag och min far<\/p>\n<p><iframe loading=\"lazy\" title=\"Magnus Uggla - Jag och Min Far - Lyrics\" width=\"500\" height=\"375\" src=\"https:\/\/www.youtube.com\/embed\/yVVhzyQCs9k?feature=oembed\" frameborder=\"0\" allow=\"accelerometer; autoplay; clipboard-write; encrypted-media; gyroscope; picture-in-picture; web-share\" referrerpolicy=\"strict-origin-when-cross-origin\" allowfullscreen><\/iframe><\/p>\n<p>Ulf Lundell &#8211; Jag trivs b\u00e4st i \u00f6ppna landskap<\/p>\n<p><iframe loading=\"lazy\" title=\"Sweden&#039;s unofficial anthem (Lyrics and translation!)\" width=\"500\" height=\"281\" src=\"https:\/\/www.youtube.com\/embed\/cbVNgV5cz-k?feature=oembed\" frameborder=\"0\" allow=\"accelerometer; autoplay; clipboard-write; encrypted-media; gyroscope; picture-in-picture; web-share\" referrerpolicy=\"strict-origin-when-cross-origin\" allowfullscreen><\/iframe><\/p>\n<p>Carola H\u00e4ggqvist &#8211; N\u00e4r l\u00f6ven faller<\/p>\n<p><iframe loading=\"lazy\" title=\"Carola - N\u00e4r l\u00f6ven faller (Lyrics)\" width=\"500\" height=\"281\" src=\"https:\/\/www.youtube.com\/embed\/s8979rYQGRo?feature=oembed\" frameborder=\"0\" allow=\"accelerometer; autoplay; clipboard-write; encrypted-media; gyroscope; picture-in-picture; web-share\" referrerpolicy=\"strict-origin-when-cross-origin\" allowfullscreen><\/iframe><\/p>\n<p>Annefrid Lyngstad (ABBA-Frida) &#8211; Fernando<\/p>\n<p><iframe loading=\"lazy\" title=\"ABBA - Fernando - Swedish - Svenska\" width=\"500\" height=\"375\" src=\"https:\/\/www.youtube.com\/embed\/0azEiJ2S3z0?feature=oembed\" frameborder=\"0\" allow=\"accelerometer; autoplay; clipboard-write; encrypted-media; gyroscope; picture-in-picture; web-share\" referrerpolicy=\"strict-origin-when-cross-origin\" allowfullscreen><\/iframe><\/p>\n<p>Hootenanny Singers (ABBA-Bj\u00f6rn) &#8211;\u00a0Omkring tiggarn fr\u00e5n Luossa\u00a0(Gammaldags spr\u00e5k, men vacker text!)<\/p>\n<p>https:\/\/www.youtube.com\/watch?v=JI5Qgm9-PJM<\/p>\n<p>Mando Diao\u00a0&#8211;\u00a0Str\u00f6vt\u00e5g i hembygden\u00a0(Gammaldags spr\u00e5k, men vacker text!)<\/p>\n<p><iframe loading=\"lazy\" title=\"Mando Diao - Str\u00f6vt\u00e5g i Hembygden (English &amp; Swedish lyrics)\" width=\"500\" height=\"281\" src=\"https:\/\/www.youtube.com\/embed\/_YPqM-MTKCI?feature=oembed\" frameborder=\"0\" allow=\"accelerometer; autoplay; clipboard-write; encrypted-media; gyroscope; picture-in-picture; web-share\" referrerpolicy=\"strict-origin-when-cross-origin\" allowfullscreen><\/iframe><\/p>\n<p>Helen Sj\u00f6holm &#8211; Gabriellas s\u00e5ng<\/p>\n<p><iframe loading=\"lazy\" title=\"Gabriella\u00b4s song - Lyrics\" width=\"500\" height=\"281\" src=\"https:\/\/www.youtube.com\/embed\/FIRHaUYq_cg?feature=oembed\" frameborder=\"0\" allow=\"accelerometer; autoplay; clipboard-write; encrypted-media; gyroscope; picture-in-picture; web-share\" referrerpolicy=\"strict-origin-when-cross-origin\" allowfullscreen><\/iframe><\/p>\n<p>Cecilia Vennersten &#8211; Det vackraste<\/p>\n<p><iframe loading=\"lazy\" title=\"Cecilia Vennersten - Det Vackraste.mp4\" width=\"500\" height=\"375\" src=\"https:\/\/www.youtube.com\/embed\/b9BJvUOIH2g?feature=oembed\" frameborder=\"0\" allow=\"accelerometer; autoplay; clipboard-write; encrypted-media; gyroscope; picture-in-picture; web-share\" referrerpolicy=\"strict-origin-when-cross-origin\" allowfullscreen><\/iframe><\/p>\n<p>Bj\u00f6rn Afzelius -S\u00e5ng till friheten<\/p>\n<p><iframe loading=\"lazy\" title=\"Bj\u00f6rn Afzelius - S\u00e5ng Till Friheten Lyrics\" width=\"500\" height=\"375\" src=\"https:\/\/www.youtube.com\/embed\/t1Dgg7xY2NU?feature=oembed\" frameborder=\"0\" allow=\"accelerometer; autoplay; clipboard-write; encrypted-media; gyroscope; picture-in-picture; web-share\" referrerpolicy=\"strict-origin-when-cross-origin\" allowfullscreen><\/iframe><\/p>\n<p>Bj\u00f6rn Afzelius &#8211; Tusen bitar<\/p>\n<p><iframe loading=\"lazy\" title=\"Bj\u00f6rn Afzelius: Tusen Bitar -  Text &amp; Musik: Anne Linnet\" width=\"500\" height=\"375\" src=\"https:\/\/www.youtube.com\/embed\/dLImjV4gfK8?feature=oembed\" frameborder=\"0\" allow=\"accelerometer; autoplay; clipboard-write; encrypted-media; gyroscope; picture-in-picture; web-share\" referrerpolicy=\"strict-origin-when-cross-origin\" allowfullscreen><\/iframe><\/p>\n<p>Nicklas Str\u00f6mstedt &#8211; Sista morgonen<\/p>\n<p><iframe loading=\"lazy\" title=\"Niklas Str\u00f6mstedt - Sista Morgonen - Lyrics - Svenska\/Nederlands\" width=\"500\" height=\"375\" src=\"https:\/\/www.youtube.com\/embed\/HsKD8HMbnTg?feature=oembed\" frameborder=\"0\" allow=\"accelerometer; autoplay; clipboard-write; encrypted-media; gyroscope; picture-in-picture; web-share\" referrerpolicy=\"strict-origin-when-cross-origin\" allowfullscreen><\/iframe><\/p>\n<p>En till l\u00e5t med samma tema i denna kalla och regniga m\u00e5nad = depp!<br \/>\nOrup med Bara regn hos mig (dock utan text!)<\/p>\n<p><iframe loading=\"lazy\" title=\"Orup - Regn hos mej\" width=\"500\" height=\"375\" src=\"https:\/\/www.youtube.com\/embed\/ilJch7mXXEc?feature=oembed\" frameborder=\"0\" allow=\"accelerometer; autoplay; clipboard-write; encrypted-media; gyroscope; picture-in-picture; web-share\" referrerpolicy=\"strict-origin-when-cross-origin\" allowfullscreen><\/iframe><\/p>\n<p>Petra Marklund &#8211;\u00a0 H\u00e4nderna mot luften (Lite mera tempo p\u00e5 denna l\u00e5t)<\/p>\n<p><iframe loading=\"lazy\" title=\"Petra Marklund - H\u00e4nderna mot Himlen (lyrics)\" width=\"500\" height=\"375\" src=\"https:\/\/www.youtube.com\/embed\/rmfZQpB2-9M?feature=oembed\" frameborder=\"0\" allow=\"accelerometer; autoplay; clipboard-write; encrypted-media; gyroscope; picture-in-picture; web-share\" referrerpolicy=\"strict-origin-when-cross-origin\" allowfullscreen><\/iframe><\/p>\n<p>Och allra sist bjuder jag p\u00e5 en av de vackraste svenska l\u00e5tarna.<\/p>\n<p>Lill Lindfors &#8211; Du \u00e4r den ende (otextad)<\/p>\n<p><iframe loading=\"lazy\" title=\"Lill Lindfors  Du \u00e4r den ende\" width=\"500\" height=\"375\" src=\"https:\/\/www.youtube.com\/embed\/LZW_q6RMnOk?feature=oembed\" frameborder=\"0\" allow=\"accelerometer; autoplay; clipboard-write; encrypted-media; gyroscope; picture-in-picture; web-share\" referrerpolicy=\"strict-origin-when-cross-origin\" allowfullscreen><\/iframe><\/p>\n<p><strong>Du \u00e4r den ende (lyrics)<\/strong><\/p>\n<p>Du \u00e4r den ende,<br \/>\nsom hemligen ser mig,<br \/>\nfast ingen har talat,<br \/>\ndu vet vad jag ber dig.<br \/>\nMin l\u00e4ngtan \u00e4r bara du.<br \/>\nBlott du mig ger<br \/>\nett enda litet ord, \u00e4r jag din.<\/p>\n<p>Du \u00e4r den ende, jag aldrig kan gl\u00f6mma,<br \/>\ndin mun, dina \u00f6gon, din lugnande st\u00e4mma.<br \/>\nOch d\u00e4rf\u00f6r jag ber dig nu<br \/>\nBlott du mig ger ett enda litet ord, \u00e4r jag din.<\/p>\n<p>Ingen som du, fast du h\u00f6r till en annan,<br \/>\ndu sk\u00e4nker mig k\u00e4rlek, hos dig vill jag stanna!<br \/>\nMitt \u00f6de det \u00e4r att bli din i min fantasi,<br \/>\ndel av den v\u00e4rld som \u00e4r din.<\/p>\n<p>Du \u00e4r den ende, som f\u00e5r mig att dr\u00f6mma,<br \/>\nden ende som anar, vad t\u00e5rarna g\u00f6mma.<br \/>\nMin l\u00e4ngtan \u00e4r bara du.<br \/>\nOm blott du ger ett enda litet ord, \u00e4r jag din.<\/p>\n<p>Du \u00e4r den ende, jag aldrig kan gl\u00f6mma,<br \/>\ndin mun, dina \u00f6gon, din lugnande st\u00e4mma.<br \/>\nOch d\u00e4rf\u00f6r jag ber dig nu<br \/>\nBlott du mig ger ett enda litet ord, \u00e4r jag din.<\/p>\n<p>Ingen som du, fast du h\u00f6r till en annan,<br \/>\ndu sk\u00e4nker mig k\u00e4rlek, hos dig vill jag stanna!<br \/>\nMitt \u00f6de det \u00e4r att bli din i min fantasi,<br \/>\ndel av den v\u00e4rld som \u00e4r din.<\/p>\n<p>OCH jag h\u00f6ll n\u00e4stan p\u00e5 att gl\u00f6mma<strong> Darin med Astrologen<\/strong>!<\/p>\n<p><iframe loading=\"lazy\" title=\"Darin - Astrologen (Lyrics)\" width=\"500\" height=\"281\" src=\"https:\/\/www.youtube.com\/embed\/jiOM9AM1Rzc?feature=oembed\" frameborder=\"0\" allow=\"accelerometer; autoplay; clipboard-write; encrypted-media; gyroscope; picture-in-picture; web-share\" referrerpolicy=\"strict-origin-when-cross-origin\" allowfullscreen><\/iframe><\/p>\n<p>&nbsp;<\/p>\n<p>och hans senaste:<\/p>\n<p>&lt;iframe width=&#8221;560&#8243; height=&#8221;315&#8243; src=&#8221;https:\/\/www.youtube.com\/embed\/ValyuonQdZs&#8221; frameborder=&#8221;0&#8243; allowfullscreen&gt;&lt;\/iframe&gt;<\/p>\n","protected":false},"excerpt":{"rendered":"<p>H\u00e4r finner du svenska s\u00e5nger som du kan lyssna p\u00e5 och samtidigt l\u00e4sa texten. Jag har valt bland de l\u00e5tar som jag sj\u00e4lv brukar lyssna p\u00e5, de \u00e4r alla mer eller mindre stillsamma och p\u00e5 s\u00e5 s\u00e4tt kanske det \u00e4r l\u00e4ttare att h\u00f6ra texten\u00a0och jag hoppas att ocks\u00e5 du tycker om dem! Vi b\u00f6rjar med [&#8230;]<\/p>\n","protected":false},"author":158,"featured_media":0,"parent":0,"menu_order":0,"comment_status":"open","ping_status":"open","template":"","meta":{"footnotes":""},"class_list":["post-367","page","type-page","status-publish","hentry"],"_links":{"self":[{"href":"https:\/\/blogg.folkuniversitetet.nu\/gunnas\/wp-json\/wp\/v2\/pages\/367","targetHints":{"allow":["GET"]}}],"collection":[{"href":"https:\/\/blogg.folkuniversitetet.nu\/gunnas\/wp-json\/wp\/v2\/pages"}],"about":[{"href":"https:\/\/blogg.folkuniversitetet.nu\/gunnas\/wp-json\/wp\/v2\/types\/page"}],"author":[{"embeddable":true,"href":"https:\/\/blogg.folkuniversitetet.nu\/gunnas\/wp-json\/wp\/v2\/users\/158"}],"replies":[{"embeddable":true,"href":"https:\/\/blogg.folkuniversitetet.nu\/gunnas\/wp-json\/wp\/v2\/comments?post=367"}],"version-history":[{"count":27,"href":"https:\/\/blogg.folkuniversitetet.nu\/gunnas\/wp-json\/wp\/v2\/pages\/367\/revisions"}],"predecessor-version":[{"id":1688,"href":"https:\/\/blogg.folkuniversitetet.nu\/gunnas\/wp-json\/wp\/v2\/pages\/367\/revisions\/1688"}],"wp:attachment":[{"href":"https:\/\/blogg.folkuniversitetet.nu\/gunnas\/wp-json\/wp\/v2\/media?parent=367"}],"curies":[{"name":"wp","href":"https:\/\/api.w.org\/{rel}","templated":true}]}}